{"id":1929,"date":"2024-03-13T09:19:05","date_gmt":"2024-03-13T12:19:05","guid":{"rendered":"https:\/\/saude.ufpr.br\/nutricao\/?page_id=1929"},"modified":"2025-03-13T09:27:04","modified_gmt":"2025-03-13T12:27:04","slug":"informativos","status":"publish","type":"page","link":"https:\/\/saude.ufpr.br\/nutricao\/informativos\/","title":{"rendered":"Sele\u00e7\u00e3o de estudante para concess\u00e3o de bolsa tutoria"},"content":{"rendered":"<p>Segue link para acesso ao Edital de sele\u00e7\u00e3o de bolsa tutoria<\/p>\n<p><a href=\"https:\/\/saude.ufpr.br\/nutricao\/wp-content\/uploads\/sites\/15\/2025\/03\/EDITAL.pdf\">EDITAL<\/a><\/p>\n","protected":false},"excerpt":{"rendered":"<p>Segue link para acesso ao Edital de sele\u00e7\u00e3o de bolsa tutoria EDITAL<\/p>\n","protected":false},"author":1693,"featured_media":0,"parent":0,"menu_order":0,"comment_status":"closed","ping_status":"closed","template":"informativos.php","meta":{"_acf_changed":false,"_uag_custom_page_level_css":"","footnotes":""},"class_list":["post-1929","page","type-page","status-publish","hentry"],"acf":[],"featured_image_src":null,"uagb_featured_image_src":{"full":false,"thumbnail":false,"medium":false,"medium_large":false,"large":false,"1536x1536":false,"2048x2048":false,"noticias-thumb":false,"banners-thumb":false,"maisnoticias-thumb":false,"post-thumbnail":false},"uagb_author_info":{"display_name":"djavan","author_link":"https:\/\/saude.ufpr.br\/nutricao\/author\/djavan\/"},"uagb_comment_info":0,"uagb_excerpt":"Segue link para acesso ao Edital de sele\u00e7\u00e3o de bolsa tutoria EDITAL","publishpress_future_action":{"enabled":false,"date":"2026-04-30 07:19:09","action":"change-status","newStatus":"draft","terms":[],"taxonomy":"","extraData":[]},"publishpress_future_workflow_manual_trigger":{"enabledWorkflows":[]},"_links":{"self":[{"href":"https:\/\/saude.ufpr.br\/nutricao\/wp-json\/wp\/v2\/pages\/1929","targetHints":{"allow":["GET"]}}],"collection":[{"href":"https:\/\/saude.ufpr.br\/nutricao\/wp-json\/wp\/v2\/pages"}],"about":[{"href":"https:\/\/saude.ufpr.br\/nutricao\/wp-json\/wp\/v2\/types\/page"}],"author":[{"embeddable":true,"href":"https:\/\/saude.ufpr.br\/nutricao\/wp-json\/wp\/v2\/users\/1693"}],"replies":[{"embeddable":true,"href":"https:\/\/saude.ufpr.br\/nutricao\/wp-json\/wp\/v2\/comments?post=1929"}],"version-history":[{"count":4,"href":"https:\/\/saude.ufpr.br\/nutricao\/wp-json\/wp\/v2\/pages\/1929\/revisions"}],"predecessor-version":[{"id":2550,"href":"https:\/\/saude.ufpr.br\/nutricao\/wp-json\/wp\/v2\/pages\/1929\/revisions\/2550"}],"wp:attachment":[{"href":"https:\/\/saude.ufpr.br\/nutricao\/wp-json\/wp\/v2\/media?parent=1929"}],"curies":[{"name":"wp","href":"https:\/\/api.w.org\/{rel}","templated":true}]}}