{"id":57,"date":"2016-02-23T02:39:07","date_gmt":"2016-02-23T02:39:07","guid":{"rendered":"https:\/\/saude.ufpr.br\/nutricao\/?page_id=57"},"modified":"2024-01-25T09:23:08","modified_gmt":"2024-01-25T12:23:08","slug":"curso-de-nutricao","status":"publish","type":"page","link":"https:\/\/saude.ufpr.br\/nutricao\/curso-de-nutricao\/","title":{"rendered":"CURSO DE NUTRI\u00c7\u00c3O"},"content":{"rendered":"<p style=\"text-align: center\"><img fetchpriority=\"high\" decoding=\"async\" class=\"wp-image-60 aligncenter\" src=\"https:\/\/saude.ufpr.br\/nutricao\/wp-content\/uploads\/sites\/15\/2016\/02\/PERFIL_CURSO-300x117.jpg\" alt=\"PERFIL_CURSO\" width=\"874\" height=\"341\" srcset=\"https:\/\/saude.ufpr.br\/nutricao\/wp-content\/uploads\/sites\/15\/2016\/02\/PERFIL_CURSO-300x117.jpg 300w, https:\/\/saude.ufpr.br\/nutricao\/wp-content\/uploads\/sites\/15\/2016\/02\/PERFIL_CURSO-768x300.jpg 768w, https:\/\/saude.ufpr.br\/nutricao\/wp-content\/uploads\/sites\/15\/2016\/02\/PERFIL_CURSO.jpg 949w\" sizes=\"(max-width: 874px) 100vw, 874px\" \/><\/p>\n<p style=\"text-align: center\"><em>\u201cNutricionista \u00e9 o profissional da sa\u00fade, com forma\u00e7\u00e3o generalista, integrado e comprometido com a transforma\u00e7\u00e3o social, que tem por objeto de estudo a rela\u00e7\u00e3o homem-alimento e por objeto de trabalho a alimenta\u00e7\u00e3o do homem como princ\u00edpio de cidadania\u201d.<\/em><\/p>\n<h2><strong>O CURSO DE NUTRI\u00c7\u00c3O<\/strong><\/h2>\n<p>O Curso de Nutri\u00e7\u00e3o da Universidade Federal do Paran\u00e1 foi criado em 02 de julho de 1979, por meio da resolu\u00e7\u00e3o 06\/79, do Conselho Universit\u00e1rio, e reconhecido em 14 de julho de 1984. Portaria de Renova\u00e7\u00e3o de Reconhecimento &#8211; PORTARIA N\u00ba 111, DE 4 DE FEVEREIRO DE 2021 &#8211; Ap\u00f3s reformula\u00e7\u00e3o curricular realizada em 2020, a dura\u00e7\u00e3o do Curso passou a ser de 5 anos, dividido em 10 per\u00edodos. Conta com 56 unidades curriculares obrigat\u00f3rias, ofertadas por 13 departamentos vinculados a 5 setores da UFPR. A carga hor\u00e1ria total \u00e9 de 3840 horas.<\/p>\n<table style=\"height: 488px\" width=\"917\">\n<tbody>\n<tr>\n<td width=\"368\"><strong>\u00a0<\/strong><\/td>\n<td width=\"66\"><strong>\u00a0<\/strong><\/p>\n<p><strong>TOTAL<\/strong><\/td>\n<td width=\"105\"><strong>Extens\u00e3o (EXT)<\/strong><\/td>\n<\/tr>\n<tr>\n<td width=\"368\"><strong>N\u00facleo de Conte\u00fados Obrigat\u00f3rios<\/strong><\/td>\n<td width=\"66\">\n<p style=\"text-align: center\"><strong>3630<\/strong><\/p>\n<\/td>\n<td width=\"105\">\n<p style=\"text-align: center\"><strong>309<\/strong><\/p>\n<\/td>\n<\/tr>\n<tr>\n<td width=\"368\"><strong>N\u00facleo de Conte\u00fados Optativos<\/strong><\/td>\n<td width=\"66\">\n<p style=\"text-align: center\"><strong>45<\/strong><\/p>\n<\/td>\n<td width=\"105\">\n<p style=\"text-align: center\"><strong>00<\/strong><\/p>\n<\/td>\n<\/tr>\n<tr>\n<td width=\"368\"><strong>Atividades Formativas<\/strong><\/td>\n<td width=\"66\">\n<p style=\"text-align: center\"><strong>90<\/strong><\/p>\n<\/td>\n<td width=\"105\">\n<p style=\"text-align: center\"><strong>00<\/strong><\/p>\n<\/td>\n<\/tr>\n<tr>\n<td width=\"368\"><strong>Atividades de Extens\u00e3o (ACE III ou ACE IV ou ACE V)<\/strong><\/td>\n<td width=\"66\"><strong>\u00a0<\/strong><\/p>\n<p style=\"text-align: center\"><strong>75<\/strong><\/p>\n<\/td>\n<td width=\"105\"><strong>\u00a0<\/strong><\/p>\n<p style=\"text-align: center\"><strong>75<\/strong><\/p>\n<\/td>\n<\/tr>\n<tr>\n<td width=\"368\"><strong>Total<\/strong><\/td>\n<td width=\"66\">\n<p style=\"text-align: center\"><strong>3.840<\/strong><\/p>\n<\/td>\n<td width=\"105\">\n<p style=\"text-align: center\"><strong>384<\/strong><\/p>\n<\/td>\n<\/tr>\n<tr>\n<td width=\"368\"><strong>Porcentagem em EaD<\/strong><\/td>\n<td width=\"66\">\n<p style=\"text-align: center\"><strong>4,03%<\/strong><\/p>\n<\/td>\n<td width=\"105\"><strong>\u00a0<\/strong><\/td>\n<\/tr>\n<\/tbody>\n<\/table>\n<p>&nbsp;<\/p>\n<p>&nbsp;<\/p>\n<p>&nbsp;<\/p>\n<h2><strong>INFRAESTRUTURA DO CURSO<\/strong><\/h2>\n<p>As aulas do Curso de Nutri\u00e7\u00e3o acontecem principalmente nos seguintes locais:<\/p>\n<p><strong>Centro Polit\u00e9cnico\u00a0 \u00a0 \u00a0 \u00a0 \u00a0 \u00a0 \u00a0 \u00a0 \u00a0 \u00a0 \u00a0 \u00a0 \u00a0 \u00a0 \u00a0 \u00a0 \u00a0 \u00a0 \u00a0 \u00a0 \u00a0 \u00a0 \u00a0 \u00a0 \u00a0 \u00a0 Sede Bot\u00e2nico &#8211; Salas de Aulas<\/strong><\/p>\n<p><img decoding=\"async\" class=\"alignnone wp-image-514\" src=\"https:\/\/saude.ufpr.br\/nutricao\/wp-content\/uploads\/sites\/15\/2018\/09\/biologicas2.jpeg\" alt=\"\" width=\"304\" height=\"228\" \/>\u00a0 \u00a0 \u00a0 \u00a0 \u00a0 \u00a0 \u00a0\u00a0<img decoding=\"async\" class=\"alignnone wp-image-358\" src=\"https:\/\/saude.ufpr.br\/nutricao\/wp-content\/uploads\/sites\/15\/2018\/08\/SITE-23-Copy-300x199.jpg\" alt=\"\" width=\"335\" height=\"222\" srcset=\"https:\/\/saude.ufpr.br\/nutricao\/wp-content\/uploads\/sites\/15\/2018\/08\/SITE-23-Copy-300x199.jpg 300w, https:\/\/saude.ufpr.br\/nutricao\/wp-content\/uploads\/sites\/15\/2018\/08\/SITE-23-Copy-768x510.jpg 768w, https:\/\/saude.ufpr.br\/nutricao\/wp-content\/uploads\/sites\/15\/2018\/08\/SITE-23-Copy-1024x680.jpg 1024w, https:\/\/saude.ufpr.br\/nutricao\/wp-content\/uploads\/sites\/15\/2018\/08\/SITE-23-Copy.jpg 1998w\" sizes=\"(max-width: 335px) 100vw, 335px\" \/><\/p>\n<p><strong>Sede Bot\u00e2nico &#8211; Pr\u00e9dio da Nutri\u00e7\u00e3o\u00a0 \u00a0 \u00a0 \u00a0 \u00a0 \u00a0 \u00a0 \u00a0 \u00a0 \u00a0 \u00a0 Complexo Hospital de Cl\u00ednicas da UFPR<\/strong><\/p>\n<p><img loading=\"lazy\" decoding=\"async\" class=\"alignnone wp-image-356\" src=\"https:\/\/saude.ufpr.br\/nutricao\/wp-content\/uploads\/sites\/15\/2018\/08\/SITE-16-Copy-1-300x199.jpg\" alt=\"\" width=\"322\" height=\"213\" srcset=\"https:\/\/saude.ufpr.br\/nutricao\/wp-content\/uploads\/sites\/15\/2018\/08\/SITE-16-Copy-1-300x199.jpg 300w, https:\/\/saude.ufpr.br\/nutricao\/wp-content\/uploads\/sites\/15\/2018\/08\/SITE-16-Copy-1-768x510.jpg 768w, https:\/\/saude.ufpr.br\/nutricao\/wp-content\/uploads\/sites\/15\/2018\/08\/SITE-16-Copy-1-1024x680.jpg 1024w\" sizes=\"(max-width: 322px) 100vw, 322px\" \/>\u00a0 \u00a0 \u00a0 \u00a0 \u00a0\u00a0<img loading=\"lazy\" decoding=\"async\" class=\"alignnone wp-image-519\" src=\"https:\/\/saude.ufpr.br\/nutricao\/wp-content\/uploads\/sites\/15\/2018\/09\/hc3.jpeg\" alt=\"\" width=\"328\" height=\"218\" \/><\/p>\n<p><strong>Espa\u00e7os de apoio para estudo<\/strong><\/p>\n<p><img loading=\"lazy\" decoding=\"async\" class=\"alignnone size-medium wp-image-355\" src=\"https:\/\/saude.ufpr.br\/nutricao\/wp-content\/uploads\/sites\/15\/2018\/08\/SITE-11-Copy-300x199.jpg\" alt=\"\" width=\"300\" height=\"199\" srcset=\"https:\/\/saude.ufpr.br\/nutricao\/wp-content\/uploads\/sites\/15\/2018\/08\/SITE-11-Copy-300x199.jpg 300w, https:\/\/saude.ufpr.br\/nutricao\/wp-content\/uploads\/sites\/15\/2018\/08\/SITE-11-Copy-768x510.jpg 768w, https:\/\/saude.ufpr.br\/nutricao\/wp-content\/uploads\/sites\/15\/2018\/08\/SITE-11-Copy-1024x680.jpg 1024w\" sizes=\"(max-width: 300px) 100vw, 300px\" \/> <img loading=\"lazy\" decoding=\"async\" class=\"alignnone size-medium wp-image-354\" src=\"https:\/\/saude.ufpr.br\/nutricao\/wp-content\/uploads\/sites\/15\/2018\/08\/SITE-10-Copy-300x199.jpg\" alt=\"\" width=\"300\" height=\"199\" srcset=\"https:\/\/saude.ufpr.br\/nutricao\/wp-content\/uploads\/sites\/15\/2018\/08\/SITE-10-Copy-300x199.jpg 300w, https:\/\/saude.ufpr.br\/nutricao\/wp-content\/uploads\/sites\/15\/2018\/08\/SITE-10-Copy-768x510.jpg 768w, https:\/\/saude.ufpr.br\/nutricao\/wp-content\/uploads\/sites\/15\/2018\/08\/SITE-10-Copy.jpg 870w\" sizes=\"(max-width: 300px) 100vw, 300px\" \/> <img loading=\"lazy\" decoding=\"async\" class=\"alignnone size-medium wp-image-359\" src=\"https:\/\/saude.ufpr.br\/nutricao\/wp-content\/uploads\/sites\/15\/2018\/08\/SITE-210-Copy-300x199.jpg\" alt=\"\" width=\"300\" height=\"199\" srcset=\"https:\/\/saude.ufpr.br\/nutricao\/wp-content\/uploads\/sites\/15\/2018\/08\/SITE-210-Copy-300x199.jpg 300w, https:\/\/saude.ufpr.br\/nutricao\/wp-content\/uploads\/sites\/15\/2018\/08\/SITE-210-Copy-768x510.jpg 768w, https:\/\/saude.ufpr.br\/nutricao\/wp-content\/uploads\/sites\/15\/2018\/08\/SITE-210-Copy-1024x680.jpg 1024w\" sizes=\"(max-width: 300px) 100vw, 300px\" \/><\/p>\n<h2><strong>LABORAT\u00d3RIOS<\/strong><\/h2>\n<p><img loading=\"lazy\" decoding=\"async\" class=\"alignnone size-medium wp-image-472\" src=\"https:\/\/saude.ufpr.br\/nutricao\/wp-content\/uploads\/sites\/15\/2018\/09\/curso-300x199.jpg\" alt=\"\" width=\"300\" height=\"199\" srcset=\"https:\/\/saude.ufpr.br\/nutricao\/wp-content\/uploads\/sites\/15\/2018\/09\/curso-300x199.jpg 300w, https:\/\/saude.ufpr.br\/nutricao\/wp-content\/uploads\/sites\/15\/2018\/09\/curso-637x425.jpg 637w, https:\/\/saude.ufpr.br\/nutricao\/wp-content\/uploads\/sites\/15\/2018\/09\/curso.jpg 640w\" sizes=\"(max-width: 300px) 100vw, 300px\" \/>\u00a0<img loading=\"lazy\" decoding=\"async\" class=\"alignnone size-medium wp-image-522\" src=\"https:\/\/saude.ufpr.br\/nutricao\/wp-content\/uploads\/sites\/15\/2018\/09\/lab-300x200.jpeg\" alt=\"\" width=\"300\" height=\"200\" srcset=\"https:\/\/saude.ufpr.br\/nutricao\/wp-content\/uploads\/sites\/15\/2018\/09\/lab-300x200.jpeg 300w, https:\/\/saude.ufpr.br\/nutricao\/wp-content\/uploads\/sites\/15\/2018\/09\/lab.jpeg 400w\" sizes=\"(max-width: 300px) 100vw, 300px\" \/> \u00a0<img loading=\"lazy\" decoding=\"async\" class=\"alignnone size-medium wp-image-524\" src=\"https:\/\/saude.ufpr.br\/nutricao\/wp-content\/uploads\/sites\/15\/2018\/09\/lab3-300x200.jpeg\" alt=\"\" width=\"300\" height=\"200\" srcset=\"https:\/\/saude.ufpr.br\/nutricao\/wp-content\/uploads\/sites\/15\/2018\/09\/lab3-300x200.jpeg 300w, https:\/\/saude.ufpr.br\/nutricao\/wp-content\/uploads\/sites\/15\/2018\/09\/lab3.jpeg 400w\" sizes=\"(max-width: 300px) 100vw, 300px\" \/><\/p>\n<p><em>Os laborat\u00f3rios acad\u00eamicos de ensino, pesquisa e extens\u00e3o, de uso compartilhado, onde s\u00e3o desempenhadas parte das atividades did\u00e1ticas, de pesquisa e de extens\u00e3o universit\u00e1ria do Curso de Nutri\u00e7\u00e3o est\u00e3o dispostos em uma \u00e1rea f\u00edsica de aproximadamente 1.447,65m\u00b2,localizados no Departamento de Nutri\u00e7\u00e3o da UFPR, contando com equipamentos e materiais para funcionamento, bem como, insumos necess\u00e1rios para o desenvolvimento das\u00a0atividades de ensino, pesquisa e extens\u00e3o.<\/em><\/p>\n<p><strong>1) Laborat\u00f3rio de Tecnologia de Alimentos:<\/strong> realiza atividades de processamento de mat\u00e9rias-primas e produtos aliment\u00edcios, bem como desenvolvimento de novos produtos, formula\u00e7\u00f5es e ingredientes alimentares. Para execu\u00e7\u00e3o das atividades o laborat\u00f3rio conta com equipamentos e materiais de consumo espec\u00edficos.<\/p>\n<p><strong>2) Laborat\u00f3rio de An\u00e1lise Sensorial:<\/strong> realiza\u00e7\u00e3o de avalia\u00e7\u00f5es sensoriais de alimentos e bebidas.Para execu\u00e7\u00e3o das atividades o laborat\u00f3rio conta com equipamentos e materiais de consumo espec\u00edficos.<\/p>\n<p><strong>3) Laborat\u00f3rio de An\u00e1lise de Alimentos:<\/strong> realiza\u00e7\u00e3o das avalia\u00e7\u00f5es f\u00edsicoqu\u00edmicas e de controle de qualidade dos alimentos e mat\u00e9rias-primas alimentares. Para execu\u00e7\u00e3o das atividades o laborat\u00f3rio conta com equipamentos e materiais de consumo espec\u00edficos<\/p>\n<p><strong>4) Laborat\u00f3rio de Higiene de Alimentos:<\/strong> realiza as atividades de controle microbiol\u00f3gico de mat\u00e9rias primas-alimentares, avalia\u00e7\u00e3o de formula\u00e7\u00f5es desenvolvidas nos demais laborat\u00f3rios, avalia\u00e7\u00e3o microbiol\u00f3gica de dietas, entre outras atividades. Para execu\u00e7\u00e3o das atividades o laborat\u00f3rio conta com<br \/>\nequipamentos e materiais de consumo espec\u00edficos.<\/p>\n<p><strong>5) Laborat\u00f3rio de Nutri\u00e7\u00e3o Experimental:<\/strong> realiza atividades de experimenta\u00e7\u00e3o envolvendo animais respeitando as Normas \u00c9ticas estabelecidas por Comit\u00ea Espec\u00edfico. Para execu\u00e7\u00e3o das atividades o laborat\u00f3rio conta com equipamentos e materiais de consumo espec\u00edficos.<\/p>\n<p><strong>6) Laborat\u00f3rio de T\u00e9cnica Diet\u00e9tica:<\/strong> realiza confec\u00e7\u00e3o de prepara\u00e7\u00f5es aliment\u00edcias com o intuito de elabora\u00e7\u00e3o de fichas t\u00e9cnicas. Para execu\u00e7\u00e3o das atividades o laborat\u00f3rio conta com equipamentos e materiais de consumo espec\u00edficos.<\/p>\n<p><strong>7) Laborat\u00f3rio de Educa\u00e7\u00e3o Alimentar e Nutricional:<\/strong> realiza atividades de forma\u00e7\u00e3o acad\u00eamica na constru\u00e7\u00e3o de propostas cr\u00edtico-reflexivas de educa\u00e7\u00e3o alimentar e nutricional. Para execu\u00e7\u00e3o das atividades o laborat\u00f3rio conta com equipamentos e materiais de consumo espec\u00edficos.<\/p>\n<p><strong>8) Laborat\u00f3rio de Avalia\u00e7\u00e3o Nutricional:<\/strong> realiza\u00e7\u00e3o de trabalhos locais e pr\u00e1ticas de campo relacionados \u00e0 avalia\u00e7\u00e3o nutricional de indiv\u00edduos e coletividades. Para execu\u00e7\u00e3o das atividades o laborat\u00f3rio conta com equipamentos e materiais de consumo espec\u00edficos.<\/p>\n<p><strong>9) Unidade Metab\u00f3lica:<\/strong> realiza\u00e7\u00e3o de trabalhos relacionados \u00e0 avalia\u00e7\u00e3o da composi\u00e7\u00e3o corporal e gasto energ\u00e9tico de indiv\u00edduos. Para execu\u00e7\u00e3o das atividades o laborat\u00f3rio conta com equipamentos e materiais de consumo espec\u00edficos.<\/p>\n<p><em>O Setor de Ci\u00eancias Biol\u00f3gicas contribui com a infraestrutura por meio de cess\u00e3o de laborat\u00f3rios de ensino, pesquisa e extens\u00e3o, que contam com equipamentos e materiais para funcionamento, bem como, insumos necess\u00e1rios para o desenvolvimento das atividades para atender os diversos componentes curriculares ofertados pelos Departamentos acad\u00eamicos:<\/em><\/p>\n<p><strong>1. Laborat\u00f3rio de Microscopia:<\/strong> realiza\u00e7\u00e3o de atividades pr\u00e1ticas envolvendo an\u00e1lise de cortes histol\u00f3gicos e eletronmicrografias. Para execu\u00e7\u00e3o das atividades o laborat\u00f3rio conta com equipamentos e materiais espec\u00edficos.<\/p>\n<p><strong>2. Laborat\u00f3rio de Bioqu\u00edmica:<\/strong> realiza\u00e7\u00e3o de atividades pr\u00e1ticas envolvendo an\u00e1lises bioqu\u00edmicas de diferentes materiais biol\u00f3gicos. Para execu\u00e7\u00e3o das atividades o laborat\u00f3rio conta com equipamentos e materiais de consumo espec\u00edficos.<\/p>\n<p><strong>3. Laborat\u00f3rio de Anatomia:<\/strong> realiza\u00e7\u00e3o de atividades pr\u00e1ticas envolvendo an\u00e1lise de pe\u00e7as anat\u00f4micas. Para execu\u00e7\u00e3o das atividades o laborat\u00f3rio conta com materiais espec\u00edficos.<\/p>\n<p><strong>4. Laborat\u00f3rio de Microbiologia:<\/strong> realiza\u00e7\u00e3o de atividades pr\u00e1ticas envolvendo an\u00e1lise microbiol\u00f3gica de diferentes micro-organismos. Para execu\u00e7\u00e3o das atividades o laborat\u00f3rio conta com equipamentos e materiais de consumo espec\u00edficos.<\/p>\n<p><strong>5. Laborat\u00f3rio de Parasitologia:<\/strong> realiza\u00e7\u00e3o de atividades pr\u00e1ticas envolvendo o estudo do ciclo de vida de diferentes parasitas. Para execu\u00e7\u00e3o das atividades o laborat\u00f3rio conta com materiais de consumo e equipamentos espec\u00edficos.<\/p>\n<p><strong>6. Laborat\u00f3rio de Gen\u00e9tica:<\/strong> realiza\u00e7\u00e3o de aulas pr\u00e1ticas envolvendo t\u00e9cnicas b\u00e1sicas para an\u00e1lise de material gen\u00e9tico. Para execu\u00e7\u00e3o das 30 atividades o laborat\u00f3rio conta com materiais de consumo e equipamentos espec\u00edficos.<\/p>\n<h2><strong>OS DEPARTAMENTOS QUE COLABORAM COM O CURSO<\/strong><\/h2>\n<p><img loading=\"lazy\" decoding=\"async\" class=\"wp-image-482 aligncenter\" src=\"https:\/\/saude.ufpr.br\/nutricao\/wp-content\/uploads\/sites\/15\/2018\/09\/Setores-300x147.png\" alt=\"\" width=\"535\" height=\"262\" srcset=\"https:\/\/saude.ufpr.br\/nutricao\/wp-content\/uploads\/sites\/15\/2018\/09\/Setores-300x147.png 300w, https:\/\/saude.ufpr.br\/nutricao\/wp-content\/uploads\/sites\/15\/2018\/09\/Setores-768x375.png 768w, https:\/\/saude.ufpr.br\/nutricao\/wp-content\/uploads\/sites\/15\/2018\/09\/Setores.png 788w\" sizes=\"(max-width: 535px) 100vw, 535px\" \/><\/p>\n<p style=\"text-align: left\"><a href=\"http:\/\/www.bio.ufpr.br\"><strong>Setor de Ci\u00eancias Biol\u00f3gicas<\/strong><\/a><\/p>\n<p style=\"text-align: left\"><a href=\"http:\/\/www.bio.ufpr.br\/anatomia\/\">Departamento de Anatomia<\/a><\/p>\n<p style=\"text-align: left\"><a href=\"http:\/\/www.bio.ufpr.br\/departamentos\/\">Departamento de Biologia Celular<\/a><\/p>\n<p style=\"text-align: left\"><a href=\"http:\/\/www.bio.ufpr.br\/bioquimica\">Departamento de Bioqu\u00edmica<\/a><\/p>\n<p style=\"text-align: left\"><a href=\"http:\/\/www.bio.ufpr.br\/dfar\/\">Departamento de Farmacologia<\/a><\/p>\n<p style=\"text-align: left\"><a href=\"http:\/\/www.bio.ufpr.br\/fisiologia\/\">Departamento de Fisiologia<\/a><\/p>\n<p style=\"text-align: left\"><a href=\"http:\/\/www.bio.ufpr.br\/genetica\/\">Departamento de Gen\u00e9tica<\/a><\/p>\n<p style=\"text-align: left\"><a href=\"http:\/\/www.bio.ufpr.br\/patologiabasica\/\">Departamento de Patologia B\u00e1sica<\/a><\/p>\n<p style=\"text-align: left\"><a href=\"https:\/\/saude.ufpr.br\/\"><strong>Setor de Ci\u00eancias da Sa\u00fade<\/strong><\/a><\/p>\n<p style=\"text-align: left\">Departamento de Nutri\u00e7\u00e3o<\/p>\n<p style=\"text-align: left\"><a href=\"https:\/\/saude.ufpr.br\/saudecoletiva\/nutricao\/\">Departamento de Sa\u00fade Comunit\u00e1ria<\/a><\/p>\n<p style=\"text-align: left\"><a href=\"http:\/\/www.exatas.ufpr.br\/\"><strong>Setor de Ci\u00eancias Exatas<\/strong><\/a><\/p>\n<p style=\"text-align: left\"><a href=\"http:\/\/www.est.ufpr.br\/\">Departamento de Estat\u00edstica<\/a><\/p>\n<p style=\"text-align: left\"><a href=\"http:\/\/www.humanas.ufpr.br\/\"><strong>Setor de Ci\u00eancias Humanas, Letras e Artes<\/strong><\/a><\/p>\n<p style=\"text-align: left\"><a href=\"http:\/\/www.humanas.ufpr.br\/antropologia\/\">Departamento de Antropologia<\/a><\/p>\n<p style=\"text-align: left\"><a href=\"http:\/\/www.humanas.ufpr.br\/deciso\/departamento\">Departamento de Ci\u00eancias Sociais<\/a><\/p>\n<p style=\"text-align: left\"><a href=\"http:\/\/www.humanas.ufpr.br\/historia\/\">Departamento de Hist\u00f3ria<\/a><\/p>\n<p style=\"text-align: left\"><strong><a href=\"http:\/\/www.sociaisaplicadas.ufpr.br\/\">Setor de Ci\u00eancias Sociais Aplicadas<\/a><\/strong><\/p>\n<p style=\"text-align: left\"><a href=\"http:\/\/www.sociaisaplicadas.ufpr.br\/depecon\/\">Departamento de Economia<\/a><\/p>\n","protected":false},"excerpt":{"rendered":"<p>\u201cNutricionista \u00e9 o profissional da sa\u00fade, com forma\u00e7\u00e3o generalista, integrado e comprometido com a transforma\u00e7\u00e3o social, que tem por objeto de estudo a rela\u00e7\u00e3o homem-alimento e por objeto de trabalho a alimenta\u00e7\u00e3o do homem como princ\u00edpio de cidadania\u201d. O CURSO DE NUTRI\u00c7\u00c3O O Curso de Nutri\u00e7\u00e3o da Universidade Federal do Paran\u00e1 foi criado em 02<br \/> <a href=\"https:\/\/saude.ufpr.br\/nutricao\/curso-de-nutricao\/\" class=\"button success small readmore\">Leia mais<\/a><\/p>\n","protected":false},"author":15,"featured_media":0,"parent":0,"menu_order":0,"comment_status":"closed","ping_status":"closed","template":"","meta":{"_acf_changed":false,"_uag_custom_page_level_css":"","footnotes":""},"class_list":["post-57","page","type-page","status-publish","hentry"],"acf":[],"featured_image_src":null,"uagb_featured_image_src":{"full":false,"thumbnail":false,"medium":false,"medium_large":false,"large":false,"1536x1536":false,"2048x2048":false,"noticias-thumb":false,"banners-thumb":false,"maisnoticias-thumb":false,"post-thumbnail":false},"uagb_author_info":{"display_name":"Andrea Jankoski","author_link":"https:\/\/saude.ufpr.br\/nutricao\/author\/andrea\/"},"uagb_comment_info":0,"uagb_excerpt":"\u201cNutricionista \u00e9 o profissional da sa\u00fade, com forma\u00e7\u00e3o generalista, integrado e comprometido com a transforma\u00e7\u00e3o social, que tem por objeto de estudo a rela\u00e7\u00e3o homem-alimento e por objeto de trabalho a alimenta\u00e7\u00e3o do homem como princ\u00edpio de cidadania\u201d. O CURSO DE NUTRI\u00c7\u00c3O O Curso de Nutri\u00e7\u00e3o da Universidade Federal do Paran\u00e1 foi criado em 02&hellip;","publishpress_future_action":{"enabled":false,"date":"2026-04-25 09:56:28","action":"change-status","newStatus":"draft","terms":[],"taxonomy":"","extraData":[]},"publishpress_future_workflow_manual_trigger":{"enabledWorkflows":[]},"_links":{"self":[{"href":"https:\/\/saude.ufpr.br\/nutricao\/wp-json\/wp\/v2\/pages\/57","targetHints":{"allow":["GET"]}}],"collection":[{"href":"https:\/\/saude.ufpr.br\/nutricao\/wp-json\/wp\/v2\/pages"}],"about":[{"href":"https:\/\/saude.ufpr.br\/nutricao\/wp-json\/wp\/v2\/types\/page"}],"author":[{"embeddable":true,"href":"https:\/\/saude.ufpr.br\/nutricao\/wp-json\/wp\/v2\/users\/15"}],"replies":[{"embeddable":true,"href":"https:\/\/saude.ufpr.br\/nutricao\/wp-json\/wp\/v2\/comments?post=57"}],"version-history":[{"count":15,"href":"https:\/\/saude.ufpr.br\/nutricao\/wp-json\/wp\/v2\/pages\/57\/revisions"}],"predecessor-version":[{"id":2128,"href":"https:\/\/saude.ufpr.br\/nutricao\/wp-json\/wp\/v2\/pages\/57\/revisions\/2128"}],"wp:attachment":[{"href":"https:\/\/saude.ufpr.br\/nutricao\/wp-json\/wp\/v2\/media?parent=57"}],"curies":[{"name":"wp","href":"https:\/\/api.w.org\/{rel}","templated":true}]}}