{"id":766,"date":"2019-05-10T16:18:35","date_gmt":"2019-05-10T19:18:35","guid":{"rendered":"https:\/\/saude.ufpr.br\/nutricao\/?page_id=766"},"modified":"2019-05-20T10:49:38","modified_gmt":"2019-05-20T13:49:38","slug":"logo-40-anos","status":"publish","type":"page","link":"https:\/\/saude.ufpr.br\/nutricao\/logo-40-anos\/","title":{"rendered":""},"content":{"rendered":"<p>Bem vindo \u00e0 p\u00e1gina do concurso <strong>Logotipo Comemorativo dos 40 Anos do Curso de Nutri\u00e7\u00e3o da UFPR<\/strong>!<\/p>\n<p>Per\u00edodo de inscri\u00e7\u00f5es: <strong>20 de maio de 2019<\/strong> a <strong>12 de agosto de 2019<\/strong>.<\/p>\n<p>Acesse o\u00a0<strong>edital<\/strong> do concurso <a href=\"https:\/\/saude.ufpr.br\/nutricao\/wp-content\/uploads\/sites\/15\/2019\/05\/edital_concurso_logo.pdf\">aqui<\/a>.<\/p>\n<p>Acesse o\u00a0<strong>formul\u00e1rio de inscri\u00e7\u00e3o<\/strong> do concurso <a href=\"https:\/\/docs.google.com\/forms\/d\/e\/1FAIpQLSdUr3uNZlsfAyWKZ701hGroxetUKEsqPLI_tnyd678-VJ0A4g\/viewform\">aqui<\/a>.<\/p>\n<p>Agradecemos por sua participa\u00e7\u00e3o!<\/p>\n","protected":false},"excerpt":{"rendered":"<p>Bem vindo \u00e0 p\u00e1gina do concurso Logotipo Comemorativo dos 40 Anos do Curso de Nutri\u00e7\u00e3o da UFPR! Per\u00edodo de inscri\u00e7\u00f5es: 20 de maio de 2019 a 12 de agosto de 2019. Acesse o\u00a0edital do concurso aqui. Acesse o\u00a0formul\u00e1rio de inscri\u00e7\u00e3o do concurso aqui. Agradecemos por sua participa\u00e7\u00e3o!<\/p>\n","protected":false},"author":1633,"featured_media":0,"parent":0,"menu_order":0,"comment_status":"closed","ping_status":"closed","template":"","meta":{"_acf_changed":false,"_uag_custom_page_level_css":"","footnotes":""},"class_list":["post-766","page","type-page","status-publish","hentry"],"acf":[],"featured_image_src":null,"uagb_featured_image_src":{"full":false,"thumbnail":false,"medium":false,"medium_large":false,"large":false,"1536x1536":false,"2048x2048":false,"noticias-thumb":false,"banners-thumb":false,"maisnoticias-thumb":false,"post-thumbnail":false},"uagb_author_info":{"display_name":"reginalang","author_link":"https:\/\/saude.ufpr.br\/nutricao\/author\/reginalang\/"},"uagb_comment_info":0,"uagb_excerpt":"Bem vindo \u00e0 p\u00e1gina do concurso Logotipo Comemorativo dos 40 Anos do Curso de Nutri\u00e7\u00e3o da UFPR! Per\u00edodo de inscri\u00e7\u00f5es: 20 de maio de 2019 a 12 de agosto de 2019. Acesse o\u00a0edital do concurso aqui. Acesse o\u00a0formul\u00e1rio de inscri\u00e7\u00e3o do concurso aqui. Agradecemos por sua participa\u00e7\u00e3o!","publishpress_future_action":{"enabled":false,"date":"2026-05-02 18:57:08","action":"change-status","newStatus":"draft","terms":[],"taxonomy":"","extraData":[]},"publishpress_future_workflow_manual_trigger":{"enabledWorkflows":[]},"_links":{"self":[{"href":"https:\/\/saude.ufpr.br\/nutricao\/wp-json\/wp\/v2\/pages\/766","targetHints":{"allow":["GET"]}}],"collection":[{"href":"https:\/\/saude.ufpr.br\/nutricao\/wp-json\/wp\/v2\/pages"}],"about":[{"href":"https:\/\/saude.ufpr.br\/nutricao\/wp-json\/wp\/v2\/types\/page"}],"author":[{"embeddable":true,"href":"https:\/\/saude.ufpr.br\/nutricao\/wp-json\/wp\/v2\/users\/1633"}],"replies":[{"embeddable":true,"href":"https:\/\/saude.ufpr.br\/nutricao\/wp-json\/wp\/v2\/comments?post=766"}],"version-history":[{"count":13,"href":"https:\/\/saude.ufpr.br\/nutricao\/wp-json\/wp\/v2\/pages\/766\/revisions"}],"predecessor-version":[{"id":865,"href":"https:\/\/saude.ufpr.br\/nutricao\/wp-json\/wp\/v2\/pages\/766\/revisions\/865"}],"wp:attachment":[{"href":"https:\/\/saude.ufpr.br\/nutricao\/wp-json\/wp\/v2\/media?parent=766"}],"curies":[{"name":"wp","href":"https:\/\/api.w.org\/{rel}","templated":true}]}}