{"id":117,"date":"2015-10-29T22:32:38","date_gmt":"2015-10-29T22:32:38","guid":{"rendered":"https:\/\/saude.ufpr.br\/observatorio\/?page_id=117"},"modified":"2019-02-26T14:46:38","modified_gmt":"2019-02-26T17:46:38","slug":"sistemas-de-informacoes-de-saude","status":"publish","type":"page","link":"https:\/\/saude.ufpr.br\/observatorio\/sistemas-de-informacoes-de-saude\/","title":{"rendered":"Sistemas de Informa\u00e7\u00f5es de Sa\u00fade"},"content":{"rendered":"<h4><b>Sistema de Informa\u00e7\u00e3o de Agravos de Notifica\u00e7\u00e3o &#8211; SINAN (i<\/b>ntoxica\u00e7\u00f5es ex\u00f3genas)<\/h4>\n<p>Registro das ocorr\u00eancias de intoxica\u00e7\u00e3o aguda e cr\u00f4nica por agrot\u00f3xicos.<\/p>\n<p><a href=\"http:\/\/tabnet.datasus.gov.br\/cgi\/deftohtm.exe?sinannet\/cnv\/Intoxpr.def\" target=\"_blank\" rel=\"noopener\">http:\/\/tabnet.datasus.gov.br\/cgi\/deftohtm.exe?sinannet\/cnv\/Intoxpr.def<\/a><\/p>\n<hr \/>\n<h4><b>Sistema de Informa\u00e7\u00f5es sobre Mortalidade &#8211; SIM<\/b><\/h4>\n<p>Dados de mortalidade no Brasil<\/p>\n<p><a href=\"http:\/\/tabnet.datasus.gov.br\/cgi\/deftohtm.exe?sim\/cnv\/obt10uf.def\" target=\"_blank\" rel=\"noopener\">http:\/\/tabnet.datasus.gov.br\/cgi\/deftohtm.exe?sim\/cnv\/obt10uf.def<\/a><\/p>\n<hr \/>\n<h4><strong>Registro das mortes ocorridas no Paran\u00e1, a partir de 1979<\/strong><\/h4>\n<p>\u00c9 importante monitorar:\u00a0 neoplasias; malforma\u00e7\u00f5es cong\u00eanitas, deformidades e anomalias cromoss\u00f4micas; envenenamentos, intoxica\u00e7\u00e3o por ou exposi\u00e7\u00e3o a substancias nocivas; les\u00f5es autoprovocadas voluntariamente<\/p>\n<p><a href=\"http:\/\/www.tabnet.sesa.pr.gov.br\/tabnetsesa\/dh?sistema\/sim99diante\/obito\" target=\"_blank\" rel=\"noopener\">http:\/\/www.tabnet.sesa.pr.gov.br\/tabnetsesa\/dh?sistema\/sim99diante\/obito<\/a><\/p>\n<hr \/>\n<h4><strong>Informa\u00e7\u00e3o de casos confirmados de c\u00e2ncer nos hospitais que integram o Registro Hospitalar de C\u00e2ncer do Instituto Nacional do C\u00e2ncer INCA<\/strong><\/h4>\n<p><a href=\"https:\/\/irhc.inca.gov.br\/RHCNet\/visualizaTabNetExterno.action\" target=\"_blank\" rel=\"noopener\">https:\/\/irhc.inca.gov.br\/RHCNet\/visualizaTabNetExterno.action<\/a><\/p>\n<hr \/>\n<h4><strong>Registro das informa\u00e7\u00f5es das interna\u00e7\u00f5es hospitalares das unidades do SUS (p\u00fablicas e particulares conveniadas), por meio da Autoriza\u00e7\u00e3o de Interna\u00e7\u00e3o Hospitalar AIH<\/strong><\/h4>\n<p><a href=\"http:\/\/tabnet.datasus.gov.br\/cgi\/deftohtm.exe?sih\/cnv\/nrpr.def\" target=\"_blank\" rel=\"noopener\">http:\/\/tabnet.datasus.gov.br\/cgi\/deftohtm.exe?sih\/cnv\/nrpr.def<\/a><\/p>\n","protected":false},"excerpt":{"rendered":"<p>Sistema de Informa\u00e7\u00e3o de Agravos de Notifica\u00e7\u00e3o &#8211; SINAN (intoxica\u00e7\u00f5es ex\u00f3genas) Registro das ocorr\u00eancias de intoxica\u00e7\u00e3o aguda e cr\u00f4nica por agrot\u00f3xicos. http:\/\/tabnet.datasus.gov.br\/cgi\/deftohtm.exe?sinannet\/cnv\/Intoxpr.def Sistema de Informa\u00e7\u00f5es sobre Mortalidade &#8211; SIM Dados de mortalidade no Brasil http:\/\/tabnet.datasus.gov.br\/cgi\/deftohtm.exe?sim\/cnv\/obt10uf.def Registro das mortes ocorridas no Paran\u00e1, a partir de 1979 \u00c9 importante monitorar:\u00a0 neoplasias; malforma\u00e7\u00f5es cong\u00eanitas, deformidades e anomalias cromoss\u00f4micas;<br \/> <a href=\"https:\/\/saude.ufpr.br\/observatorio\/sistemas-de-informacoes-de-saude\/\" class=\"button success small readmore\">Leia mais<\/a><\/p>\n","protected":false},"author":15,"featured_media":0,"parent":0,"menu_order":0,"comment_status":"open","ping_status":"open","template":"","meta":{"_acf_changed":false,"_uag_custom_page_level_css":"","footnotes":""},"class_list":["post-117","page","type-page","status-publish","hentry"],"acf":[],"featured_image_src":null,"uagb_featured_image_src":{"full":false,"thumbnail":false,"medium":false,"medium_large":false,"large":false,"1536x1536":false,"2048x2048":false,"noticias-thumb":false,"banners-thumb":false,"maisnoticias-thumb":false,"post-thumbnail":false},"uagb_author_info":{"display_name":"Andrea Jankoski","author_link":"https:\/\/saude.ufpr.br\/observatorio\/author\/andrea\/"},"uagb_comment_info":0,"uagb_excerpt":"Sistema de Informa\u00e7\u00e3o de Agravos de Notifica\u00e7\u00e3o &#8211; SINAN (intoxica\u00e7\u00f5es ex\u00f3genas) Registro das ocorr\u00eancias de intoxica\u00e7\u00e3o aguda e cr\u00f4nica por agrot\u00f3xicos. http:\/\/tabnet.datasus.gov.br\/cgi\/deftohtm.exe?sinannet\/cnv\/Intoxpr.def Sistema de Informa\u00e7\u00f5es sobre Mortalidade &#8211; SIM Dados de mortalidade no Brasil http:\/\/tabnet.datasus.gov.br\/cgi\/deftohtm.exe?sim\/cnv\/obt10uf.def Registro das mortes ocorridas no Paran\u00e1, a partir de 1979 \u00c9 importante monitorar:\u00a0 neoplasias; malforma\u00e7\u00f5es cong\u00eanitas, deformidades e anomalias cromoss\u00f4micas;&hellip;","publishpress_future_action":{"enabled":false,"date":"2026-04-22 06:43:49","action":"change-status","newStatus":"draft","terms":[],"taxonomy":"","extraData":[]},"publishpress_future_workflow_manual_trigger":{"enabledWorkflows":[]},"_links":{"self":[{"href":"https:\/\/saude.ufpr.br\/observatorio\/wp-json\/wp\/v2\/pages\/117","targetHints":{"allow":["GET"]}}],"collection":[{"href":"https:\/\/saude.ufpr.br\/observatorio\/wp-json\/wp\/v2\/pages"}],"about":[{"href":"https:\/\/saude.ufpr.br\/observatorio\/wp-json\/wp\/v2\/types\/page"}],"author":[{"embeddable":true,"href":"https:\/\/saude.ufpr.br\/observatorio\/wp-json\/wp\/v2\/users\/15"}],"replies":[{"embeddable":true,"href":"https:\/\/saude.ufpr.br\/observatorio\/wp-json\/wp\/v2\/comments?post=117"}],"version-history":[{"count":8,"href":"https:\/\/saude.ufpr.br\/observatorio\/wp-json\/wp\/v2\/pages\/117\/revisions"}],"predecessor-version":[{"id":563,"href":"https:\/\/saude.ufpr.br\/observatorio\/wp-json\/wp\/v2\/pages\/117\/revisions\/563"}],"wp:attachment":[{"href":"https:\/\/saude.ufpr.br\/observatorio\/wp-json\/wp\/v2\/media?parent=117"}],"curies":[{"name":"wp","href":"https:\/\/api.w.org\/{rel}","templated":true}]}}