{"id":194,"date":"2015-12-02T10:56:10","date_gmt":"2015-12-02T10:56:10","guid":{"rendered":"https:\/\/saude.ufpr.br\/observatorio\/?page_id=194"},"modified":"2019-10-03T21:19:40","modified_gmt":"2019-10-04T00:19:40","slug":"construindo-o-mapa-da-pulverizacao-aerea","status":"publish","type":"page","link":"https:\/\/saude.ufpr.br\/observatorio\/construindo-o-mapa-da-pulverizacao-aerea\/","title":{"rendered":"Construindo o mapa da pulveriza\u00e7\u00e3o a\u00e9rea"},"content":{"rendered":"<div><b>PULVERIZA\u00c7\u00c3O A\u00c9REA DE AGROT\u00d3XICOS<\/b><\/div>\n<div><b>Participe da Constru\u00e7\u00e3o Coletiva do Mapa da Pulveriza\u00e7\u00e3o A\u00e9rea de Agrot\u00f3xicos no Paran\u00e1<\/b><\/div>\n<div>A pulveriza\u00e7\u00e3o a\u00e9rea de agrot\u00f3xicos exp\u00f5e de forma massiva as popula\u00e7\u00f5es e territ\u00f3rios, com consequ\u00eancias graves \u00e0 sa\u00fade humana e ambiental. No Paran\u00e1, h\u00e1 pouca informa\u00e7\u00f5es sobre esta atividade. Se no seu munic\u00edpio ocorre a pulveriza\u00e7\u00e3o a\u00e9rea de agrot\u00f3xicos.<\/div>\n<div><\/div>\n<div><\/div>\n<table style=\"height: 100px\" width=\"813\">\n<tbody>\n<tr>\n<td width=\"373\">\n<p style=\"text-align: center\">Pesquisa em Andamento<\/p>\n<\/td>\n<td width=\"373\">\n<p style=\"text-align: center\">Autor<\/p>\n<\/td>\n<\/tr>\n<tr>\n<td width=\"373\">\n<p style=\"text-align: center\">Proibi\u00e7\u00e3o da Pulveriza\u00e7\u00e3o A\u00e9rea<\/p>\n<\/td>\n<td width=\"373\">\n<p style=\"text-align: center\">Tadeu Veneri<\/p>\n<\/td>\n<\/tr>\n<\/tbody>\n<\/table>\n<div><\/div>\n<div><\/div>\n<div><\/div>\n","protected":false},"excerpt":{"rendered":"<p>PULVERIZA\u00c7\u00c3O A\u00c9REA DE AGROT\u00d3XICOS Participe da Constru\u00e7\u00e3o Coletiva do Mapa da Pulveriza\u00e7\u00e3o A\u00e9rea de Agrot\u00f3xicos no Paran\u00e1 A pulveriza\u00e7\u00e3o a\u00e9rea de agrot\u00f3xicos exp\u00f5e de forma massiva as popula\u00e7\u00f5es e territ\u00f3rios, com consequ\u00eancias graves \u00e0 sa\u00fade humana e ambiental. No Paran\u00e1, h\u00e1 pouca informa\u00e7\u00f5es sobre esta atividade. Se no seu munic\u00edpio ocorre a pulveriza\u00e7\u00e3o a\u00e9rea de<br \/> <a href=\"https:\/\/saude.ufpr.br\/observatorio\/construindo-o-mapa-da-pulverizacao-aerea\/\" class=\"button success small readmore\">Leia mais<\/a><\/p>\n","protected":false},"author":15,"featured_media":0,"parent":0,"menu_order":0,"comment_status":"open","ping_status":"open","template":"","meta":{"_acf_changed":false,"_uag_custom_page_level_css":"","footnotes":""},"class_list":["post-194","page","type-page","status-publish","hentry"],"acf":[],"featured_image_src":null,"uagb_featured_image_src":{"full":false,"thumbnail":false,"medium":false,"medium_large":false,"large":false,"1536x1536":false,"2048x2048":false,"noticias-thumb":false,"banners-thumb":false,"maisnoticias-thumb":false,"post-thumbnail":false},"uagb_author_info":{"display_name":"Andrea Jankoski","author_link":"https:\/\/saude.ufpr.br\/observatorio\/author\/andrea\/"},"uagb_comment_info":0,"uagb_excerpt":"PULVERIZA\u00c7\u00c3O A\u00c9REA DE AGROT\u00d3XICOS Participe da Constru\u00e7\u00e3o Coletiva do Mapa da Pulveriza\u00e7\u00e3o A\u00e9rea de Agrot\u00f3xicos no Paran\u00e1 A pulveriza\u00e7\u00e3o a\u00e9rea de agrot\u00f3xicos exp\u00f5e de forma massiva as popula\u00e7\u00f5es e territ\u00f3rios, com consequ\u00eancias graves \u00e0 sa\u00fade humana e ambiental. No Paran\u00e1, h\u00e1 pouca informa\u00e7\u00f5es sobre esta atividade. Se no seu munic\u00edpio ocorre a pulveriza\u00e7\u00e3o a\u00e9rea de&hellip;","publishpress_future_action":{"enabled":false,"date":"2026-04-21 23:16:06","action":"change-status","newStatus":"draft","terms":[],"taxonomy":"","extraData":[]},"publishpress_future_workflow_manual_trigger":{"enabledWorkflows":[]},"_links":{"self":[{"href":"https:\/\/saude.ufpr.br\/observatorio\/wp-json\/wp\/v2\/pages\/194","targetHints":{"allow":["GET"]}}],"collection":[{"href":"https:\/\/saude.ufpr.br\/observatorio\/wp-json\/wp\/v2\/pages"}],"about":[{"href":"https:\/\/saude.ufpr.br\/observatorio\/wp-json\/wp\/v2\/types\/page"}],"author":[{"embeddable":true,"href":"https:\/\/saude.ufpr.br\/observatorio\/wp-json\/wp\/v2\/users\/15"}],"replies":[{"embeddable":true,"href":"https:\/\/saude.ufpr.br\/observatorio\/wp-json\/wp\/v2\/comments?post=194"}],"version-history":[{"count":5,"href":"https:\/\/saude.ufpr.br\/observatorio\/wp-json\/wp\/v2\/pages\/194\/revisions"}],"predecessor-version":[{"id":1033,"href":"https:\/\/saude.ufpr.br\/observatorio\/wp-json\/wp\/v2\/pages\/194\/revisions\/1033"}],"wp:attachment":[{"href":"https:\/\/saude.ufpr.br\/observatorio\/wp-json\/wp\/v2\/media?parent=194"}],"curies":[{"name":"wp","href":"https:\/\/api.w.org\/{rel}","templated":true}]}}