{"id":39,"date":"2015-10-28T18:37:53","date_gmt":"2015-10-28T18:37:53","guid":{"rendered":"https:\/\/saude.ufpr.br\/observatorio\/?page_id=39"},"modified":"2015-12-11T11:13:00","modified_gmt":"2015-12-11T11:13:00","slug":"quem-somos","status":"publish","type":"page","link":"https:\/\/saude.ufpr.br\/observatorio\/quem-somos\/","title":{"rendered":"Quem somos"},"content":{"rendered":"<p>O Observat\u00f3rio \u00e9 uma parceria entre o N\u00facleo de Estudos em Sa\u00fade Coletiva \u2013 NESC, da Universidade Federal do Paran\u00e1, a Centro de Apoio Operacional das Promotorias de Justi\u00e7a de Prote\u00e7\u00e3o ao Meio Ambiente do Minist\u00e9rio P\u00fablico do Paran\u00e1 e o Minist\u00e9rio P\u00fablico do Trabalho no Paran\u00e1 \u2013 PRT 9\u00aa Regi\u00e3o.<\/p>\n<p>Sua operacionaliza\u00e7\u00e3o ocorrer\u00e1 atrav\u00e9s de programa de extens\u00e3o desenvolvido pela Universidade Federal do Paran\u00e1, envolvendo pesquisadores docentes e discentes de \u00e1reas como Agronomia, Biomedicina, Ci\u00eancias Biol\u00f3gicas, Enfermagem, Engenharia Ambiental, Engenharia Florestal, Engenharia Qu\u00edmica, Farm\u00e1cia, Geografia, Medicina, Medicina Veterin\u00e1ria, Nutri\u00e7\u00e3o e Odontologia.<\/p>\n","protected":false},"excerpt":{"rendered":"<p>O Observat\u00f3rio \u00e9 uma parceria entre o N\u00facleo de Estudos em Sa\u00fade Coletiva \u2013 NESC, da Universidade Federal do Paran\u00e1, a Centro de Apoio Operacional das Promotorias de Justi\u00e7a de Prote\u00e7\u00e3o ao Meio Ambiente do Minist\u00e9rio P\u00fablico do Paran\u00e1 e o Minist\u00e9rio P\u00fablico do Trabalho no Paran\u00e1 \u2013 PRT 9\u00aa Regi\u00e3o. Sua operacionaliza\u00e7\u00e3o ocorrer\u00e1 atrav\u00e9s<br \/> <a href=\"https:\/\/saude.ufpr.br\/observatorio\/quem-somos\/\" class=\"button success small readmore\">Leia mais<\/a><\/p>\n","protected":false},"author":15,"featured_media":0,"parent":0,"menu_order":0,"comment_status":"open","ping_status":"open","template":"","meta":{"_acf_changed":false,"_uag_custom_page_level_css":"","footnotes":""},"class_list":["post-39","page","type-page","status-publish","hentry"],"acf":[],"featured_image_src":null,"uagb_featured_image_src":{"full":false,"thumbnail":false,"medium":false,"medium_large":false,"large":false,"1536x1536":false,"2048x2048":false,"noticias-thumb":false,"banners-thumb":false,"maisnoticias-thumb":false,"post-thumbnail":false},"uagb_author_info":{"display_name":"Andrea Jankoski","author_link":"https:\/\/saude.ufpr.br\/observatorio\/author\/andrea\/"},"uagb_comment_info":0,"uagb_excerpt":"O Observat\u00f3rio \u00e9 uma parceria entre o N\u00facleo de Estudos em Sa\u00fade Coletiva \u2013 NESC, da Universidade Federal do Paran\u00e1, a Centro de Apoio Operacional das Promotorias de Justi\u00e7a de Prote\u00e7\u00e3o ao Meio Ambiente do Minist\u00e9rio P\u00fablico do Paran\u00e1 e o Minist\u00e9rio P\u00fablico do Trabalho no Paran\u00e1 \u2013 PRT 9\u00aa Regi\u00e3o. Sua operacionaliza\u00e7\u00e3o ocorrer\u00e1 atrav\u00e9s&hellip;","publishpress_future_action":{"enabled":false,"date":"2026-04-22 09:34:22","action":"change-status","newStatus":"draft","terms":[],"taxonomy":"","extraData":[]},"publishpress_future_workflow_manual_trigger":{"enabledWorkflows":[]},"_links":{"self":[{"href":"https:\/\/saude.ufpr.br\/observatorio\/wp-json\/wp\/v2\/pages\/39","targetHints":{"allow":["GET"]}}],"collection":[{"href":"https:\/\/saude.ufpr.br\/observatorio\/wp-json\/wp\/v2\/pages"}],"about":[{"href":"https:\/\/saude.ufpr.br\/observatorio\/wp-json\/wp\/v2\/types\/page"}],"author":[{"embeddable":true,"href":"https:\/\/saude.ufpr.br\/observatorio\/wp-json\/wp\/v2\/users\/15"}],"replies":[{"embeddable":true,"href":"https:\/\/saude.ufpr.br\/observatorio\/wp-json\/wp\/v2\/comments?post=39"}],"version-history":[{"count":3,"href":"https:\/\/saude.ufpr.br\/observatorio\/wp-json\/wp\/v2\/pages\/39\/revisions"}],"predecessor-version":[{"id":290,"href":"https:\/\/saude.ufpr.br\/observatorio\/wp-json\/wp\/v2\/pages\/39\/revisions\/290"}],"wp:attachment":[{"href":"https:\/\/saude.ufpr.br\/observatorio\/wp-json\/wp\/v2\/media?parent=39"}],"curies":[{"name":"wp","href":"https:\/\/api.w.org\/{rel}","templated":true}]}}