{"id":41,"date":"2015-10-28T18:38:07","date_gmt":"2015-10-28T18:38:07","guid":{"rendered":"https:\/\/saude.ufpr.br\/observatorio\/?page_id=41"},"modified":"2015-10-28T20:04:06","modified_gmt":"2015-10-28T20:04:06","slug":"objetivos","status":"publish","type":"page","link":"https:\/\/saude.ufpr.br\/observatorio\/objetivos\/","title":{"rendered":"Objetivos"},"content":{"rendered":"<ul>\n<li>Contribuir para o monitoramento do uso dos agrot\u00f3xicos e de suas consequ\u00eancias sobre a sa\u00fade humana e ambiental no Estado do Paran\u00e1.<\/li>\n<li>Reunir, e sistematizar os dados gerados pelas diferentes institui\u00e7\u00f5es relacionadas com o uso dos agrot\u00f3xicos e consequ\u00eancias sobre a sa\u00fade humana e ambiental no Estado do Paran\u00e1.<\/li>\n<li>Realizar pesquisas cient\u00edficas para a produ\u00e7\u00e3o de informa\u00e7\u00f5es a partir dos dados sistematizados.<\/li>\n<li>Criar espa\u00e7os de divulga\u00e7\u00e3o dos dados e informa\u00e7\u00f5es produzidas.<\/li>\n<li>Criar um canal de notifica\u00e7\u00e3o das contamina\u00e7\u00f5es por agrot\u00f3xicos no Estado para fomentar a Vigil\u00e2ncia Popular da Contamina\u00e7\u00e3o Humana e Ambiental por Agrot\u00f3xicos.<\/li>\n<li>Disponibilizar de forma livre e gratuita, por meio de site, publica\u00e7\u00f5es, eventos cient\u00edficos, informa\u00e7\u00f5es sobre o uso de agrot\u00f3xicos no Paran\u00e1, contamina\u00e7\u00f5es e impactos sobre a sa\u00fade humana e a natureza.<\/li>\n<\/ul>\n","protected":false},"excerpt":{"rendered":"<p>Contribuir para o monitoramento do uso dos agrot\u00f3xicos e de suas consequ\u00eancias sobre a sa\u00fade humana e ambiental no Estado do Paran\u00e1. Reunir, e sistematizar os dados gerados pelas diferentes institui\u00e7\u00f5es relacionadas com o uso dos agrot\u00f3xicos e consequ\u00eancias sobre a sa\u00fade humana e ambiental no Estado do Paran\u00e1. Realizar pesquisas cient\u00edficas para a produ\u00e7\u00e3o<br \/> <a href=\"https:\/\/saude.ufpr.br\/observatorio\/objetivos\/\" class=\"button success small readmore\">Leia mais<\/a><\/p>\n","protected":false},"author":15,"featured_media":0,"parent":0,"menu_order":0,"comment_status":"open","ping_status":"open","template":"","meta":{"_acf_changed":false,"_uag_custom_page_level_css":"","footnotes":""},"class_list":["post-41","page","type-page","status-publish","hentry"],"acf":[],"featured_image_src":null,"uagb_featured_image_src":{"full":false,"thumbnail":false,"medium":false,"medium_large":false,"large":false,"1536x1536":false,"2048x2048":false,"noticias-thumb":false,"banners-thumb":false,"maisnoticias-thumb":false,"post-thumbnail":false},"uagb_author_info":{"display_name":"Andrea Jankoski","author_link":"https:\/\/saude.ufpr.br\/observatorio\/author\/andrea\/"},"uagb_comment_info":0,"uagb_excerpt":"Contribuir para o monitoramento do uso dos agrot\u00f3xicos e de suas consequ\u00eancias sobre a sa\u00fade humana e ambiental no Estado do Paran\u00e1. Reunir, e sistematizar os dados gerados pelas diferentes institui\u00e7\u00f5es relacionadas com o uso dos agrot\u00f3xicos e consequ\u00eancias sobre a sa\u00fade humana e ambiental no Estado do Paran\u00e1. Realizar pesquisas cient\u00edficas para a produ\u00e7\u00e3o&hellip;","publishpress_future_action":{"enabled":false,"date":"2026-04-29 15:01:51","action":"change-status","newStatus":"draft","terms":[],"taxonomy":"","extraData":[]},"publishpress_future_workflow_manual_trigger":{"enabledWorkflows":[]},"_links":{"self":[{"href":"https:\/\/saude.ufpr.br\/observatorio\/wp-json\/wp\/v2\/pages\/41","targetHints":{"allow":["GET"]}}],"collection":[{"href":"https:\/\/saude.ufpr.br\/observatorio\/wp-json\/wp\/v2\/pages"}],"about":[{"href":"https:\/\/saude.ufpr.br\/observatorio\/wp-json\/wp\/v2\/types\/page"}],"author":[{"embeddable":true,"href":"https:\/\/saude.ufpr.br\/observatorio\/wp-json\/wp\/v2\/users\/15"}],"replies":[{"embeddable":true,"href":"https:\/\/saude.ufpr.br\/observatorio\/wp-json\/wp\/v2\/comments?post=41"}],"version-history":[{"count":2,"href":"https:\/\/saude.ufpr.br\/observatorio\/wp-json\/wp\/v2\/pages\/41\/revisions"}],"predecessor-version":[{"id":54,"href":"https:\/\/saude.ufpr.br\/observatorio\/wp-json\/wp\/v2\/pages\/41\/revisions\/54"}],"wp:attachment":[{"href":"https:\/\/saude.ufpr.br\/observatorio\/wp-json\/wp\/v2\/media?parent=41"}],"curies":[{"name":"wp","href":"https:\/\/api.w.org\/{rel}","templated":true}]}}