{"id":43,"date":"2015-10-28T18:38:20","date_gmt":"2015-10-28T18:38:20","guid":{"rendered":"https:\/\/saude.ufpr.br\/observatorio\/?page_id=43"},"modified":"2018-04-11T17:07:22","modified_gmt":"2018-04-11T17:07:22","slug":"videos","status":"publish","type":"page","link":"https:\/\/saude.ufpr.br\/observatorio\/videos\/","title":{"rendered":"V\u00eddeos"},"content":{"rendered":"<ul>\n<li><strong><span style=\"color: #800080;\">As Sementes<\/span><\/strong><\/li>\n<\/ul>\n<p>Dirigido pelo cineasta e economista Beto Novaes, da Universidade Federal do Rio de Janeiro, o document\u00e1rio \u00e9 um registro das trajet\u00f3rias de vida de mulheres agricultoras que participam ativamente dos movimentos agroecol\u00f3gicos no Brasil e que se tornaram refer\u00eancias e\/ou lideran\u00e7as sociais e pol\u00edticas em seus territ\u00f3rios. As Sementes \u00e9 inspirado no livro Mulheres e Agroecologia: transformando o campo, as florestas e as pessoas, que surgiu a partir da tese de doutorado de sua autora, Emma Silliprandi. Em sua filmografia, Beto Novaes costuma trabalhar a imagem numa perspectiva ideol\u00f3gica, retratando temas relacionados ao mundo do trabalho e resgatando a mem\u00f3ria das lutas das trabalhadoras e dos trabalhadores rurais (retirado de <a href=\"http:\/\/soscorpo.org\/documentario-as-sementes-ressalta-a-participacao-das-mulheres-na-agroecologia\/\" target=\"_blank\" rel=\"noopener\">http:\/\/soscorpo.org\/<wbr \/>documentario-as-sementes-<wbr \/>ressalta-a-participacao-das-<wbr \/>mulheres-na-agroecologia\/<\/a>)<br \/>\ndispon\u00edvel em <a href=\"https:\/\/www.youtube.com\/channel\/UCiUShB7aKjHRVipC2wrvZzg\/videos\" target=\"_blank\" rel=\"noopener\">https:\/\/www.youtube.com\/<wbr \/>channel\/<wbr \/>UCiUShB7aKjHRVipC2wrvZzg\/<wbr \/>videos<\/a><\/p>\n<ul>\n<li><span style=\"color: #800080;\"><strong>O Veneno Est\u00e1 na Mesa I <\/strong>(Brasil, 2011, 50 minutos).\u00a0<\/span><\/li>\n<\/ul>\n<p>Filme de um dos maiores documentaristas do Brasil, o premiad\u00edssimo Silvio Tendler, que mostra o cen\u00e1rio assustador que se encontra o pa\u00eds em rela\u00e7\u00e3o ao uso indiscriminado de agrot\u00f3xicos.<br \/>\nVoc\u00ea sabia que o Brasil \u00e9 o pa\u00eds que mais pulveriza agrot\u00f3xicos nos alimentos? Que \u00e9 o recordista em consumo desses qu\u00edmicos?<br \/>\nQue um brasileiro consome em m\u00e9dia 5,2 litros de agrot\u00f3xicos anuais?<br \/>\nQue os agrot\u00f3xicos provocam uma s\u00e9rie de problemas de sa\u00fade, desde lapso de mem\u00f3ria em crian\u00e7as at\u00e9 m\u00e1 forma\u00e7\u00e3o dos fetos?<br \/>\nQue apesar do Governo tentar proibir uso de muitos qu\u00edmicos, a justi\u00e7a concede liminares a favor das grandes corpora\u00e7\u00f5es qu\u00edmicas?<br \/>\nQue para conseguir cr\u00e9dito junto aos bancos o pequeno trabalhador \u00e9 obrigado a usar transg\u00eanicos e pesticidas? Que as doen\u00e7as provocadas por esses qu\u00edmicos nos trabalhadores do campo consomem 1,8% do PIB em tratamentos m\u00e9dicos?<\/p>\n<p>Se n\u00e3o sabia, talvez seja a hora de saber disso e muitas outras coisas mais. (retirado de http:\/\/docverdade.blogspot.com.br\/)<\/p>\n<p><a href=\"http:\/\/www.youtube.com\/watch?v=8RVAgD44AGg\" target=\"_blank\" rel=\"noopener\">www.youtube.com\/watch?v=8RVAgD44AGg<\/a><\/p>\n<ul>\n<li><span style=\"color: #800080;\"><strong>O Veneno Est\u00e1 na Mesa II (Brasil, 2014, 70 min)<\/strong><\/span><\/li>\n<\/ul>\n<p>Ap\u00f3s impactar o Brasil mostrando as perversas consequ\u00eancias do uso de agrot\u00f3xicos em O Veneno est\u00e1 na Mesa, o diretor S\u00edlvio Tendler apresenta no segundo filme uma nova perspectiva. O Veneno Est\u00e1 Na Mesa 2 atualiza e avan\u00e7a na abordagem do modelo agr\u00edcola nacional atual e de suas consequ\u00eancias para a sa\u00fade p\u00fablica. O filme apresenta experi\u00eancias agroecol\u00f3gicas empreendidas em todo o Brasil, mostrando a exist\u00eancia de alternativas vi\u00e1veis de produ\u00e7\u00e3o de alimentos saud\u00e1veis, que respeitam a natureza, os trabalhadores rurais e os consumidores.<\/p>\n<p>Com este document\u00e1rio, vem a certeza de que o pa\u00eds precisar tomar um posicionamento diante do dilema que se apresenta: Em qual mundo queremos viver? O mundo envenenado do agroneg\u00f3cio ou da liberdade e da diversidade agroecol\u00f3gica? (retirado de http:\/\/docverdade.blogspot.com.br\/)<\/p>\n<p><strong>\u00a0<\/strong><a href=\"http:\/\/www.youtube.com\/watch?v=fyvoKljtvG4\" target=\"_blank\" rel=\"noopener\">www.youtube.com\/watch?v=fyvoKljtvG4<\/a><\/p>\n<ul>\n<li><span style=\"color: #800080;\"><strong>Agrot\u00f3xico: uma agricultura da morte &#8211; 11 de junho de 2011<\/strong><\/span><\/li>\n<\/ul>\n<p>Este v\u00eddeo denuncia o uso abusivo de agrot\u00f3xicos na regi\u00e3o do Agreste da Para\u00edba e como seus efeitos marcaram profundamente a vida das fam\u00edlias agricultoras. O v\u00eddeo traz ainda o depoimento do professor Sebasti\u00e3o Pinheiro, que apresenta de forma sint\u00e9tica os malef\u00edcios das subst\u00e2ncias mais utilizadas na regi\u00e3o. Mas o v\u00eddeo tamb\u00e9m mostra as estrat\u00e9gias de resist\u00eancia dos agricultores e agricultoras, a partir do testemunho daqueles que encontraram outras sa\u00eddas e um jeito novo de produzir sem agredir a natureza. (retirado de http:\/\/aspta.org.br\/)<\/p>\n<p><a href=\"http:\/\/aspta.org.br\/2011\/06\/\" target=\"_blank\" rel=\"noopener\">aspta.org.br\/2011\/06\/<\/a><strong>agrotoxico<\/strong>-uma-agricultura-da-morte\/<\/p>\n<ul>\n<li><span style=\"color: #800080;\"><strong>O Mundo segundo a Monsanto (Fran\u00e7a, 2008, 108 min)<\/strong><\/span><\/li>\n<\/ul>\n<p>Document\u00e1rio que aborda a maneira como uma grande empresa consegue enganar a popula\u00e7\u00e3o mundial, atrav\u00e9s da m\u00eddia e da corrup\u00e7\u00e3o dos governos, inserindo seus produtos t\u00f3xicos no mercado aliment\u00edcio, colocando a sa\u00fade de milh\u00f5es de pessoas em risco, contaminando o meio-ambiente, provocando a migra\u00e7\u00e3o do campo para a cidade, concentrando muito poder na m\u00e3os de poucos.<\/p>\n<p>Hoje mais de 90% do mercado de sementes transg\u00eanicas pertence \u00e0 Monsanto.<br \/>\nV\u00e1rios produtos da empresa foram proibidos na Europa e Canad\u00e1.<br \/>\nDepois de assisti-lo, voc\u00ea nunca mais comer\u00e1 um transg\u00eanico da mesma forma. (retirado de <a href=\"http:\/\/docverdade.blogspot.com.br\/\" target=\"_blank\" rel=\"noopener\">http:\/\/docverdade.blogspot.com.br\/<\/a>)<\/p>\n<ul>\n<li><span style=\"color: #800080;\"><strong>Nuvens de Veneno<\/strong> (Brasil, 2013, 23 min)<\/span><\/li>\n<\/ul>\n<p>Agrot\u00f3xicos extremamente nocivos \u00e0 sa\u00fade humana, que cont\u00e9m organoclorados, proibidos nos EUA, Uni\u00e3o Europeia e Canad\u00e1 desde 1985 e agora tamb\u00e9m na China, ainda fazem parte do dia-a-dia do agroneg\u00f3cio do Brasil.<br \/>\nMesmo com a Anvisa determinando sua proibi\u00e7\u00e3o, corpora\u00e7\u00f5es conseguem manter esses produtos no mercado atrav\u00e9s de decis\u00f5es judiciais, contaminando len\u00e7\u00f3is fre\u00e1ticos, rios, terra e afetando a sa\u00fade das comunidades que vivem pr\u00f3ximas \u00e0s planta\u00e7\u00f5es.<br \/>\nH\u00e1 a necessidade de um controle social sobre as planta\u00e7\u00f5es no Brasil, sob o risco de muitos de n\u00f3s sofrermos terr\u00edveis doen\u00e7as. (retirado de <a href=\"http:\/\/docverdade.blogspot.com.br\/\" target=\"_blank\" rel=\"noopener\">http:\/\/docverdade.blogspot.com.br\/<\/a>)<\/p>\n<ul>\n<li><span style=\"color: #800080;\"><strong>O Veneno Nosso de Cada Dia<\/strong> (Fran\u00e7a, 2011, 113 min)<\/span><\/li>\n<\/ul>\n<p>Da mesma diretora de &#8220;O Mundo Segundo a Monsanto.<br \/>\nVoc\u00ea sabia que anualmente milh\u00f5es de pessoas tem intoxica\u00e7\u00f5es agudas e que mais de 200 mil pessoas morrem anualmente devido ao uso de agrot\u00f3xicos em nossos alimentos? Os produtos qu\u00edmicos est\u00e3o elencados como os principais causadores de doen\u00e7as como Parkinson e Alzheimer, v\u00e1rios tipos de c\u00e2ncer, assim como doen\u00e7as do sistema nervoso, imunol\u00f3gico e reprodutivo.<br \/>\nO pior de tudo \u00e9 que os estudos que definem quais os \u00edndices di\u00e1rios aceit\u00e1veis de agrot\u00f3xicos em nossa alimenta\u00e7\u00e3o est\u00e3o sob a influ\u00eancia de corpora\u00e7\u00f5es que fabricam os mesmos.<br \/>\nDa mesma forma, outros produtos qu\u00edmicos, como o aspartame e o glutamato monoss\u00f3dico, colocados em nossos alimentos s\u00e3o aprovados, pondo em risco a sa\u00fade humana em nome dos enormes lucros das corpora\u00e7\u00f5es, que possuem estreitas rela\u00e7\u00f5es financeiras com os agentes p\u00fablicos que deveria regul\u00e1-los. (retirado de <a href=\"http:\/\/docverdade.blogspot.com.br\/\" target=\"_blank\" rel=\"noopener\">http:\/\/docverdade.blogspot.com.br\/<\/a>)<\/p>\n<ul>\n<li><span style=\"color: #800080;\"><strong>Sementes da Liberdade <\/strong>((EUA, Gr\u00e3-Bretanh\u00e3, Argentina, \u00cdndia, Eti\u00f3pia, Brasil, Espanha, 30min. &#8211; Produ\u00e7\u00e3o: Gaia Foundation)<\/span><\/li>\n<\/ul>\n<p>Entenda porque as sementes transg\u00eanicas s\u00e3o uma amea\u00e7a \u00e0 sa\u00fade, \u00e0 sociedade, \u00e0 diversidade nutricional, ao meio-ambiente e \u00e0 soberania de um pa\u00eds. Entenda por que elas, a longo prazo, levam os pequenos agricultores a perderem suas terras. Veja tamb\u00e9m que modelo de domina\u00e7\u00e3o, as grandes corpora\u00e7\u00f5es das sementes tem na sua agenda. (docverdade).<\/p>\n<p>Brasil Org\u00e2nico (Brasil, 2013)<\/p>\n<ul>\n<li><span style=\"color: #800080;\"><strong>Transg\u00eanicos, Assalto \u00e0 Europa<\/strong> ( &#8230;)<\/span><\/li>\n<\/ul>\n<p>Voc\u00ea tem filho, se importa com a sa\u00fade deles? sabe dos riscos de eles virem a se tornar autistas ou desenvolverem c\u00e2ncer.<br \/>\nEnquanto muitos pa\u00edses da Europa est\u00e3o banindo os transg\u00eanicos para consumo humano, aqui no Brasil o Congresso, liderado por uma bancada ultra-conservadora, est\u00e1 tirando o direito de informa\u00e7\u00e3o dos brasileiros saberem quais os produtos s\u00e3o transg\u00eanicos. (retirado de <a href=\"http:\/\/docverdade.blogspot.com.br\/\" target=\"_blank\" rel=\"noopener\">http:\/\/docverdade.blogspot.com.br\/<\/a>)<\/p>\n<ul>\n<li><span style=\"color: #800080;\"><strong>Nossos Filhos Nos Acusar\u00e3o<\/strong> (Fran\u00e7a, 2008, 108 min)<\/span><\/li>\n<\/ul>\n<p>No Mundo inteiro os casos de c\u00e2ncer e outras doen\u00e7as advindas da alimenta\u00e7\u00e3o est\u00e3o crescendo em escala alarmante. E \u00e9 comprovado que quanto mais contato h\u00e1 com defensivos e adubos qu\u00edmicos, maior o risco.<\/p>\n<p>O document\u00e1rio &#8220;Nossos Filhos Nos Acusar\u00e3o&#8221; n\u00e3o s\u00f3 revela o drama de se ter uma crian\u00e7a sofrendo de c\u00e2ncer herdado dos agrot\u00f3xicos, mas tamb\u00e9m mostra todo o estrago que faz esse modo de produ\u00e7\u00e3o \u00a0onde se contamina as \u00e1guas subterr\u00e3neas e dos rios, onde se retira a vida do solo, onde se consome energia para transportar esses alimentos, onde se p\u00f5e a humanidade num caminho destinado \u00e0 morte.<\/p>\n<p>Diante de tudo isso, o prefeito de uma pequena cidade francesa, decide que a merenda escolar dever\u00e1 ser org\u00e2nica, enfrentando interesses de grandes corpora\u00e7\u00f5es e a cultura qu\u00edmica disseminada por ela, tra\u00e7ando uma trajet\u00f3ria de consci\u00eancia junto aos cidad\u00e3os e os agricultores locais.<\/p>\n<p>Quando falamos que produto agroindustrial \u00e9 mais barato que um org\u00e2nico, n\u00e3o estamos levando os custos externalizados, como a desertifica\u00e7\u00e3o dos solos, da contamina\u00e7\u00e3o da \u00e1gua e do ar, e principalmente da sa\u00fade das crian\u00e7as. (retirado de http:\/\/docverdade.blogspot.com.br\/)<\/p>\n<ul>\n<li><span style=\"color: #800080;\"><strong>La Voz<\/strong><strong> Del<\/strong><strong> Viento<\/strong> \u2013 Semillas de Transici\u00f3n (Espanha)<\/span><\/li>\n<\/ul>\n<p>Jean Luc Danneyrolles, agricultor\u00a0 e Carlos Pons, documentarista espanhol organizam uma viagem at\u00e9 Granada para o encontro de movimentos sociais alternativos, entre agroecologia e mudan\u00e7a de paradigma. Pegam uma c\u00e2mera e partem durante o inverno de fevereiro de 2012, levando com eles como moeda de troca uma grande cole\u00e7\u00e3o de sementes. O testemunho vivo de um movimento que cresce&#8230; Outro mundo se faz poss\u00edvel aqui e agora.<\/p>\n<ul>\n<li><span style=\"color: #800080;\"><strong>O Efeito Org\u00e2nico<\/strong><\/span><\/li>\n<\/ul>\n<p>O que acontece quando uma fam\u00edlia passa a comer somente org\u00e2nico? Quais s\u00e3o as diferen\u00e7as entre elementos contaminantes que s\u00e3o encontrados no seu corpo? Esse v\u00eddeo \u00e9 incrivelmente esclarecedor. (retirado de <a href=\"http:\/\/docverdade.blogspot.com.br\/\" target=\"_blank\" rel=\"noopener\">http:\/\/docverdade.blogspot.com.br\/<\/a>)<\/p>\n<ul>\n<li><span style=\"color: #800080;\"><strong>Oficinas de Agricultura Org\u00e2nica com Jairo Restrepo Rivera<\/strong> (Espanha, 2012)<\/span><\/li>\n<\/ul>\n<p>Uma das mais completas oficinas de agricultura org\u00e2nica, dada por <em>Jairo<\/em> Restrepo Rivera, hoje convidado pelas principais universidades na Am\u00e9rica do Sul e Europa. Fala em primeiro lugar do papel das multinacionais de agrot\u00f3xicos, da contamina\u00e7\u00e3o do meio-ambiente e no organismo humano, fala dos custos externalizados, como doen\u00e7as, contamina\u00e7\u00e3o da \u00e1gua. Sobre a resist\u00eancia das pragas aos agrot\u00f3xicos, que a cada dia s\u00e3o mais t\u00f3xicos.<br \/>\nFala do papel social da agricultura, nas tradi\u00e7\u00f5es e na soberania e liberdade de um povo.<\/p>\n<p>Acima de tudo, essa oficina abre os olhos \u00e0s possibilidades de se industrializar localmente a produ\u00e7\u00e3o; &#8220;o que d\u00e1 valor ao produto \u00e9 a transforma\u00e7\u00e3o&#8221; e com isso h\u00e1 menos perdas em transportes, manipula\u00e7\u00e3o e tempo. Mostra tamb\u00e9m que em uma pequena propriedade de 3 mil metros quadrados, \u00e9 poss\u00edvel se tirar quase todo alimento necess\u00e1rio para uma fam\u00edlia, que na maioria dos casos representa mais do que ganha um trabalhador na cidade. (retirado de <a href=\"http:\/\/docverdade.blogspot.com.br\/\" target=\"_blank\" rel=\"noopener\">http:\/\/docverdade.blogspot.com.br\/<\/a>)<\/p>\n<ul>\n<li><span style=\"color: #800080;\"><strong>Brasil Org\u00e2nico<\/strong> (Brasil, 2013, 58 min)<\/span><\/li>\n<\/ul>\n<p>O filme revela hist\u00f3rias de pessoas que t\u00eam na produ\u00e7\u00e3o org\u00e2nica uma forte convic\u00e7\u00e3o de vida. O roteiro percorre as regi\u00f5es brasileiras, a diversidade de ecossistemas, paisagens e culturas. Da fruticultura no interior de S\u00e3o Paulo \u00e0 pecu\u00e1ria no Pantanal, da agricultura familiar no norte de Minas Gerais e em Santa Catarina ao extrativismo na Floresta Amaz\u00f4nica. O associativismo, as feiras agroecol\u00f3gicas, o consumo consciente. Do campo \u00e0 cidade, a produ\u00e7\u00e3o de alimentos e a rela\u00e7\u00e3o do homem com a terra. (retirado de <a href=\"http:\/\/docverdade.blogspot.com.br\/\" target=\"_blank\" rel=\"noopener\">http:\/\/docverdade.blogspot.com.br\/<\/a>)<\/p>\n<ul>\n<li><span style=\"color: #800080;\"><strong>Dirt! The Movie<\/strong> (EUA, 2009 \u2013 86 min)<\/span><\/li>\n<\/ul>\n<p>O solo \u00e9 uma heran\u00e7a de bilh\u00f5es de anos que recebemos do Planeta. Na sua fina camada superior \u00e9 onde podemos plantar, onde est\u00e3o os microrganismos e elementos respons\u00e1veis pela forma\u00e7\u00e3o de toda vida, de todos os animais, inclusive n\u00f3s.<br \/>\nPovos crescem e desaparecem da face da Terra de acordo como tratam seu solo. Nos \u00faltimos 100 anos 1\/3 das terras f\u00e9rteis da terra desapareceram.<br \/>\nO modo de produ\u00e7\u00e3o chamado \u201cagroneg\u00f3cio\u201d est\u00e1 empobrecendo em r\u00e1pida velocidade a terra por onde passa. A Agricultura Extensiva, al\u00e9m de contaminar a terra, mata seus microrganismos transformando muitas fazendas em desertos por todo o mundo.<br \/>\nPopula\u00e7\u00f5es inteiras que transformaram suas terras em deserto est\u00e3o sofrendo com a fome numa luta desesperada por comida.<br \/>\nO document\u00e1rio nos oferece belas e inspiradoras solu\u00e7\u00f5es comunit\u00e1rias para a recupera\u00e7\u00e3o do solo e da biodiversidade.<br \/>\nParticipa\u00e7\u00f5es especiais de Sebasti\u00e3o Salgado e Vandana Chiva. (retirado de <a href=\"http:\/\/docverdade.blogspot.com.br\/\" target=\"_blank\" rel=\"noopener\">http:\/\/docverdade.blogspot.com.br\/<\/a>)<\/p>\n","protected":false},"excerpt":{"rendered":"<p>As Sementes Dirigido pelo cineasta e economista Beto Novaes, da Universidade Federal do Rio de Janeiro, o document\u00e1rio \u00e9 um registro das trajet\u00f3rias de vida de mulheres agricultoras que participam ativamente dos movimentos agroecol\u00f3gicos no Brasil e que se tornaram refer\u00eancias e\/ou lideran\u00e7as sociais e pol\u00edticas em seus territ\u00f3rios. As Sementes \u00e9 inspirado no livro<br \/> <a href=\"https:\/\/saude.ufpr.br\/observatorio\/videos\/\" class=\"button success small readmore\">Leia mais<\/a><\/p>\n","protected":false},"author":15,"featured_media":0,"parent":0,"menu_order":0,"comment_status":"open","ping_status":"open","template":"","meta":{"_acf_changed":false,"_uag_custom_page_level_css":"","footnotes":""},"class_list":["post-43","page","type-page","status-publish","hentry"],"acf":[],"featured_image_src":null,"uagb_featured_image_src":{"full":false,"thumbnail":false,"medium":false,"medium_large":false,"large":false,"1536x1536":false,"2048x2048":false,"noticias-thumb":false,"banners-thumb":false,"maisnoticias-thumb":false,"post-thumbnail":false},"uagb_author_info":{"display_name":"Andrea Jankoski","author_link":"https:\/\/saude.ufpr.br\/observatorio\/author\/andrea\/"},"uagb_comment_info":0,"uagb_excerpt":"As Sementes Dirigido pelo cineasta e economista Beto Novaes, da Universidade Federal do Rio de Janeiro, o document\u00e1rio \u00e9 um registro das trajet\u00f3rias de vida de mulheres agricultoras que participam ativamente dos movimentos agroecol\u00f3gicos no Brasil e que se tornaram refer\u00eancias e\/ou lideran\u00e7as sociais e pol\u00edticas em seus territ\u00f3rios. As Sementes \u00e9 inspirado no livro&hellip;","publishpress_future_action":{"enabled":false,"date":"2026-04-23 19:38:50","action":"change-status","newStatus":"draft","terms":[],"taxonomy":"","extraData":[]},"publishpress_future_workflow_manual_trigger":{"enabledWorkflows":[]},"_links":{"self":[{"href":"https:\/\/saude.ufpr.br\/observatorio\/wp-json\/wp\/v2\/pages\/43","targetHints":{"allow":["GET"]}}],"collection":[{"href":"https:\/\/saude.ufpr.br\/observatorio\/wp-json\/wp\/v2\/pages"}],"about":[{"href":"https:\/\/saude.ufpr.br\/observatorio\/wp-json\/wp\/v2\/types\/page"}],"author":[{"embeddable":true,"href":"https:\/\/saude.ufpr.br\/observatorio\/wp-json\/wp\/v2\/users\/15"}],"replies":[{"embeddable":true,"href":"https:\/\/saude.ufpr.br\/observatorio\/wp-json\/wp\/v2\/comments?post=43"}],"version-history":[{"count":6,"href":"https:\/\/saude.ufpr.br\/observatorio\/wp-json\/wp\/v2\/pages\/43\/revisions"}],"predecessor-version":[{"id":491,"href":"https:\/\/saude.ufpr.br\/observatorio\/wp-json\/wp\/v2\/pages\/43\/revisions\/491"}],"wp:attachment":[{"href":"https:\/\/saude.ufpr.br\/observatorio\/wp-json\/wp\/v2\/media?parent=43"}],"curies":[{"name":"wp","href":"https:\/\/api.w.org\/{rel}","templated":true}]}}