{"id":483,"date":"2018-04-11T16:53:10","date_gmt":"2018-04-11T16:53:10","guid":{"rendered":"https:\/\/saude.ufpr.br\/observatorio\/?page_id=483"},"modified":"2018-04-11T16:54:10","modified_gmt":"2018-04-11T16:54:10","slug":"estudos-pretendidos","status":"publish","type":"page","link":"https:\/\/saude.ufpr.br\/observatorio\/estudos-pretendidos\/","title":{"rendered":"Estudos pretendidos"},"content":{"rendered":"<ul>\n<li><strong>Acompanhamento anual do consumo de agrot\u00f3xicos (por princ\u00edpio ativo) nos 399 munic\u00edpios do Paran\u00e1, por hectare de estabelecimento agropecu\u00e1rio e per capita;<\/strong><\/li>\n<li><strong>Acompanhamento anual das intoxica\u00e7\u00f5es por agrot\u00f3xicos, incid\u00eancia de c\u00e2ncer, malforma\u00e7\u00e3o, aborto, insufici\u00eancia renal, entre outras enfermidades (potencialmente ligadas \u00e0 produ\u00e7\u00e3o consumo e utiliza\u00e7\u00e3o de agrot\u00f3xicos), nos 399 munic\u00edpios em paralelo ao consumo de agrot\u00f3xicos;<\/strong><\/li>\n<li><strong>Contamina\u00e7\u00f5es ambientais causadas pela produ\u00e7\u00e3o e utiliza\u00e7\u00e3o de agrot\u00f3xicos;<\/strong><\/li>\n<li><strong>Contamina\u00e7\u00f5es por agrot\u00f3xicos nos alimentos consumidos pela popula\u00e7\u00e3o;<\/strong><\/li>\n<li><strong>Levantamento das poss\u00edveis fontes de contamina\u00e7\u00e3o por agrot\u00f3xicos tais como: ind\u00fastrias, dep\u00f3sitos de agrot\u00f3xicos proibidos, \u00e1reas que sofrem pulveriza\u00e7\u00e3o a\u00e9rea e outros;<\/strong><\/li>\n<li><strong>Levantamento das bacias hidrogr\u00e1ficas pr\u00f3ximas a \u00e1reas de grande consumo de agrot\u00f3xicos;<\/strong><\/li>\n<li><strong>Rela\u00e7\u00e3o entre a contamina\u00e7\u00e3o de \u00e1gua e uso de agrot\u00f3xico por munic\u00edpio.<\/strong><\/li>\n<li><strong>Rela\u00e7\u00e3o entre enfermidades e uso de agrot\u00f3xicos na cidade de origem dos pacientes atendidos nos servi\u00e7os de sa\u00fade.<\/strong><\/li>\n<li><strong>Correla\u00e7\u00e3o entre o uso do glifosato e a presen\u00e7a no leite de vaca, no leite de soja, na \u00e1gua, no leite humano, nos sucos com soja.<\/strong><\/li>\n<\/ul>\n","protected":false},"excerpt":{"rendered":"<p>Acompanhamento anual do consumo de agrot\u00f3xicos (por princ\u00edpio ativo) nos 399 munic\u00edpios do Paran\u00e1, por hectare de estabelecimento agropecu\u00e1rio e per capita; Acompanhamento anual das intoxica\u00e7\u00f5es por agrot\u00f3xicos, incid\u00eancia de c\u00e2ncer, malforma\u00e7\u00e3o, aborto, insufici\u00eancia renal, entre outras enfermidades (potencialmente ligadas \u00e0 produ\u00e7\u00e3o consumo e utiliza\u00e7\u00e3o de agrot\u00f3xicos), nos 399 munic\u00edpios em paralelo ao consumo de<br \/> <a href=\"https:\/\/saude.ufpr.br\/observatorio\/estudos-pretendidos\/\" class=\"button success small readmore\">Leia mais<\/a><\/p>\n","protected":false},"author":15,"featured_media":0,"parent":0,"menu_order":0,"comment_status":"closed","ping_status":"closed","template":"","meta":{"_acf_changed":false,"_uag_custom_page_level_css":"","footnotes":""},"class_list":["post-483","page","type-page","status-publish","hentry"],"acf":[],"featured_image_src":null,"uagb_featured_image_src":{"full":false,"thumbnail":false,"medium":false,"medium_large":false,"large":false,"1536x1536":false,"2048x2048":false,"noticias-thumb":false,"banners-thumb":false,"maisnoticias-thumb":false,"post-thumbnail":false},"uagb_author_info":{"display_name":"Andrea Jankoski","author_link":"https:\/\/saude.ufpr.br\/observatorio\/author\/andrea\/"},"uagb_comment_info":0,"uagb_excerpt":"Acompanhamento anual do consumo de agrot\u00f3xicos (por princ\u00edpio ativo) nos 399 munic\u00edpios do Paran\u00e1, por hectare de estabelecimento agropecu\u00e1rio e per capita; Acompanhamento anual das intoxica\u00e7\u00f5es por agrot\u00f3xicos, incid\u00eancia de c\u00e2ncer, malforma\u00e7\u00e3o, aborto, insufici\u00eancia renal, entre outras enfermidades (potencialmente ligadas \u00e0 produ\u00e7\u00e3o consumo e utiliza\u00e7\u00e3o de agrot\u00f3xicos), nos 399 munic\u00edpios em paralelo ao consumo de&hellip;","publishpress_future_action":{"enabled":false,"date":"2026-04-22 09:13:08","action":"change-status","newStatus":"draft","terms":[],"taxonomy":"","extraData":[]},"publishpress_future_workflow_manual_trigger":{"enabledWorkflows":[]},"_links":{"self":[{"href":"https:\/\/saude.ufpr.br\/observatorio\/wp-json\/wp\/v2\/pages\/483","targetHints":{"allow":["GET"]}}],"collection":[{"href":"https:\/\/saude.ufpr.br\/observatorio\/wp-json\/wp\/v2\/pages"}],"about":[{"href":"https:\/\/saude.ufpr.br\/observatorio\/wp-json\/wp\/v2\/types\/page"}],"author":[{"embeddable":true,"href":"https:\/\/saude.ufpr.br\/observatorio\/wp-json\/wp\/v2\/users\/15"}],"replies":[{"embeddable":true,"href":"https:\/\/saude.ufpr.br\/observatorio\/wp-json\/wp\/v2\/comments?post=483"}],"version-history":[{"count":3,"href":"https:\/\/saude.ufpr.br\/observatorio\/wp-json\/wp\/v2\/pages\/483\/revisions"}],"predecessor-version":[{"id":487,"href":"https:\/\/saude.ufpr.br\/observatorio\/wp-json\/wp\/v2\/pages\/483\/revisions\/487"}],"wp:attachment":[{"href":"https:\/\/saude.ufpr.br\/observatorio\/wp-json\/wp\/v2\/media?parent=483"}],"curies":[{"name":"wp","href":"https:\/\/api.w.org\/{rel}","templated":true}]}}