{"id":6,"date":"2015-08-04T16:59:33","date_gmt":"2015-08-04T16:59:33","guid":{"rendered":"https:\/\/saude.ufpr.br\/observatorio\/?page_id=6"},"modified":"2020-08-21T16:50:48","modified_gmt":"2020-08-21T19:50:48","slug":"contato","status":"publish","type":"page","link":"https:\/\/saude.ufpr.br\/observatorio\/contato\/","title":{"rendered":"Contato"},"content":{"rendered":"<p>N\u00facleo de Estudos em Sa\u00fade Coletiva da UFPR<\/p>\n<p>Rua Padre Camargo, 280, Alto da Gl\u00f3ria<\/p>\n<p>Telefone (41) 3360 7237<\/p>\n<p>Email:\u00a0observatorioufpr.agrotoxicos@gmail.com<\/p>\n<p>Instagram: @observatorio_usoagrotoxicos<\/p>\n<p>Facebook: Observatorio Do Agrotoxico<\/p>\n","protected":false},"excerpt":{"rendered":"<p>N\u00facleo de Estudos em Sa\u00fade Coletiva da UFPR Rua Padre Camargo, 280, Alto da Gl\u00f3ria Telefone (41) 3360 7237 Email:\u00a0observatorioufpr.agrotoxicos@gmail.com Instagram: @observatorio_usoagrotoxicos Facebook: Observatorio Do Agrotoxico<\/p>\n","protected":false},"author":15,"featured_media":0,"parent":0,"menu_order":0,"comment_status":"open","ping_status":"open","template":"","meta":{"_acf_changed":false,"_uag_custom_page_level_css":"","footnotes":""},"class_list":["post-6","page","type-page","status-publish","hentry"],"acf":[],"featured_image_src":null,"uagb_featured_image_src":{"full":false,"thumbnail":false,"medium":false,"medium_large":false,"large":false,"1536x1536":false,"2048x2048":false,"noticias-thumb":false,"banners-thumb":false,"maisnoticias-thumb":false,"post-thumbnail":false},"uagb_author_info":{"display_name":"Andrea Jankoski","author_link":"https:\/\/saude.ufpr.br\/observatorio\/author\/andrea\/"},"uagb_comment_info":0,"uagb_excerpt":"N\u00facleo de Estudos em Sa\u00fade Coletiva da UFPR Rua Padre Camargo, 280, Alto da Gl\u00f3ria Telefone (41) 3360 7237 Email:\u00a0observatorioufpr.agrotoxicos@gmail.com Instagram: @observatorio_usoagrotoxicos Facebook: Observatorio Do Agrotoxico","publishpress_future_action":{"enabled":false,"date":"2026-04-25 09:56:29","action":"change-status","newStatus":"draft","terms":[],"taxonomy":"","extraData":[]},"publishpress_future_workflow_manual_trigger":{"enabledWorkflows":[]},"_links":{"self":[{"href":"https:\/\/saude.ufpr.br\/observatorio\/wp-json\/wp\/v2\/pages\/6","targetHints":{"allow":["GET"]}}],"collection":[{"href":"https:\/\/saude.ufpr.br\/observatorio\/wp-json\/wp\/v2\/pages"}],"about":[{"href":"https:\/\/saude.ufpr.br\/observatorio\/wp-json\/wp\/v2\/types\/page"}],"author":[{"embeddable":true,"href":"https:\/\/saude.ufpr.br\/observatorio\/wp-json\/wp\/v2\/users\/15"}],"replies":[{"embeddable":true,"href":"https:\/\/saude.ufpr.br\/observatorio\/wp-json\/wp\/v2\/comments?post=6"}],"version-history":[{"count":6,"href":"https:\/\/saude.ufpr.br\/observatorio\/wp-json\/wp\/v2\/pages\/6\/revisions"}],"predecessor-version":[{"id":1297,"href":"https:\/\/saude.ufpr.br\/observatorio\/wp-json\/wp\/v2\/pages\/6\/revisions\/1297"}],"wp:attachment":[{"href":"https:\/\/saude.ufpr.br\/observatorio\/wp-json\/wp\/v2\/media?parent=6"}],"curies":[{"name":"wp","href":"https:\/\/api.w.org\/{rel}","templated":true}]}}