{"id":80,"date":"2015-10-29T16:08:09","date_gmt":"2015-10-29T16:08:09","guid":{"rendered":"https:\/\/saude.ufpr.br\/observatorio\/?page_id=80"},"modified":"2015-11-30T12:27:01","modified_gmt":"2015-11-30T12:27:01","slug":"agrofit","status":"publish","type":"page","link":"https:\/\/saude.ufpr.br\/observatorio\/agrofit\/","title":{"rendered":"Venda de Agrot\u00f3xicos no Brasil"},"content":{"rendered":"<p>Os dados do AGROFIT foram disponibilizados pelo Minist\u00e9rio da Agricultura, Pecu\u00e1ria e Abastecimento, a partir de solicita\u00e7\u00e3o pelo e-SIC &#8211;\u00a0 Sistema Eletr\u00f4nico do Servi\u00e7o de Informa\u00e7\u00e3o ao Cidad\u00e3o &#8211;\u00a0 <a href=\"http:\/\/www.acessoainformacao.gov.br\/sistema\/site\/acesso_info.html\" target=\"_blank\" rel=\"nofollow\">www.acessoainformacao.gov.br\/<wbr \/>sistema\/site\/acesso_info.html<\/a>, em junho de 2015.<\/p>\n<ol>\n<li><a href=\"https:\/\/saude.ufpr.br\/observatorio\/wp-content\/uploads\/sites\/12\/2015\/10\/Vendas-2011-2012-Principais-culturas-USmilhoes.pdf\" target=\"_blank\">Vendas 2011-2012-Principais culturas-US$ milh\u00f5es<\/a><\/li>\n<li><a href=\"https:\/\/saude.ufpr.br\/observatorio\/wp-content\/uploads\/sites\/12\/2015\/10\/Vendas-Culturas-2012-2014-abril-2015.pdf\">Vendas Culturas 2012-2014-abril 2015<\/a><\/li>\n<li><a href=\"https:\/\/saude.ufpr.br\/observatorio\/wp-content\/uploads\/sites\/12\/2015\/10\/Vendas-Estados-classes-2012-2014_marco2015.pdf\">Vendas Estados-classes- 2012-2014 &#8211; mar\u00e7o 2015<\/a><\/li>\n<li><a href=\"https:\/\/saude.ufpr.br\/observatorio\/wp-content\/uploads\/sites\/12\/2015\/10\/Agrofit_PR.pdf\" target=\"_blank\">Vendas de Agrot\u00f3xicos no Paran\u00e1 2008-2012. (Fonte AGROFIT)<\/a><\/li>\n<\/ol>\n","protected":false},"excerpt":{"rendered":"<p>Os dados do AGROFIT foram disponibilizados pelo Minist\u00e9rio da Agricultura, Pecu\u00e1ria e Abastecimento, a partir de solicita\u00e7\u00e3o pelo e-SIC &#8211;\u00a0 Sistema Eletr\u00f4nico do Servi\u00e7o de Informa\u00e7\u00e3o ao Cidad\u00e3o &#8211;\u00a0 www.acessoainformacao.gov.br\/sistema\/site\/acesso_info.html, em junho de 2015. Vendas 2011-2012-Principais culturas-US$ milh\u00f5es Vendas Culturas 2012-2014-abril 2015 Vendas Estados-classes- 2012-2014 &#8211; mar\u00e7o 2015 Vendas de Agrot\u00f3xicos no Paran\u00e1 2008-2012. (Fonte<br \/> <a href=\"https:\/\/saude.ufpr.br\/observatorio\/agrofit\/\" class=\"button success small readmore\">Leia mais<\/a><\/p>\n","protected":false},"author":15,"featured_media":0,"parent":0,"menu_order":0,"comment_status":"open","ping_status":"open","template":"","meta":{"_acf_changed":false,"_uag_custom_page_level_css":"","footnotes":""},"class_list":["post-80","page","type-page","status-publish","hentry"],"acf":[],"featured_image_src":null,"uagb_featured_image_src":{"full":false,"thumbnail":false,"medium":false,"medium_large":false,"large":false,"1536x1536":false,"2048x2048":false,"noticias-thumb":false,"banners-thumb":false,"maisnoticias-thumb":false,"post-thumbnail":false},"uagb_author_info":{"display_name":"Andrea Jankoski","author_link":"https:\/\/saude.ufpr.br\/observatorio\/author\/andrea\/"},"uagb_comment_info":0,"uagb_excerpt":"Os dados do AGROFIT foram disponibilizados pelo Minist\u00e9rio da Agricultura, Pecu\u00e1ria e Abastecimento, a partir de solicita\u00e7\u00e3o pelo e-SIC &#8211;\u00a0 Sistema Eletr\u00f4nico do Servi\u00e7o de Informa\u00e7\u00e3o ao Cidad\u00e3o &#8211;\u00a0 www.acessoainformacao.gov.br\/sistema\/site\/acesso_info.html, em junho de 2015. Vendas 2011-2012-Principais culturas-US$ milh\u00f5es Vendas Culturas 2012-2014-abril 2015 Vendas Estados-classes- 2012-2014 &#8211; mar\u00e7o 2015 Vendas de Agrot\u00f3xicos no Paran\u00e1 2008-2012. (Fonte&hellip;","publishpress_future_action":{"enabled":false,"date":"2026-04-22 06:07:51","action":"change-status","newStatus":"draft","terms":[],"taxonomy":"","extraData":[]},"publishpress_future_workflow_manual_trigger":{"enabledWorkflows":[]},"_links":{"self":[{"href":"https:\/\/saude.ufpr.br\/observatorio\/wp-json\/wp\/v2\/pages\/80","targetHints":{"allow":["GET"]}}],"collection":[{"href":"https:\/\/saude.ufpr.br\/observatorio\/wp-json\/wp\/v2\/pages"}],"about":[{"href":"https:\/\/saude.ufpr.br\/observatorio\/wp-json\/wp\/v2\/types\/page"}],"author":[{"embeddable":true,"href":"https:\/\/saude.ufpr.br\/observatorio\/wp-json\/wp\/v2\/users\/15"}],"replies":[{"embeddable":true,"href":"https:\/\/saude.ufpr.br\/observatorio\/wp-json\/wp\/v2\/comments?post=80"}],"version-history":[{"count":12,"href":"https:\/\/saude.ufpr.br\/observatorio\/wp-json\/wp\/v2\/pages\/80\/revisions"}],"predecessor-version":[{"id":181,"href":"https:\/\/saude.ufpr.br\/observatorio\/wp-json\/wp\/v2\/pages\/80\/revisions\/181"}],"wp:attachment":[{"href":"https:\/\/saude.ufpr.br\/observatorio\/wp-json\/wp\/v2\/media?parent=80"}],"curies":[{"name":"wp","href":"https:\/\/api.w.org\/{rel}","templated":true}]}}