{"id":1174,"date":"2018-07-23T16:03:20","date_gmt":"2018-07-23T19:03:20","guid":{"rendered":"https:\/\/saude.ufpr.br\/odontologia\/?page_id=1174"},"modified":"2023-03-23T16:44:51","modified_gmt":"2023-03-23T19:44:51","slug":"validacao-das-atividades-formativas","status":"publish","type":"page","link":"https:\/\/saude.ufpr.br\/odontologia\/validacao-das-atividades-formativas\/","title":{"rendered":"Normas Gerais"},"content":{"rendered":"<p>As atividades formativas s\u00e3o complementares em rela\u00e7\u00e3o ao eixo fundamental do curr\u00edculo, objetivando sua flexibiliza\u00e7\u00e3o (Art. 1 Resolu\u00e7\u00e3o 70\/04 &#8211; CEPE). O colegiado do curso de Odontologia entende que as atividades formativas s\u00e3o elementos enriquecedores na forma\u00e7\u00e3o profissional dos graduandos e fazem parte do projeto pedag\u00f3gico do curso.<\/p>\n<p><span style=\"color: #993300\"><strong>\u00a0<a href=\"https:\/\/saude.ufpr.br\/odontologia\/wp-content\/uploads\/sites\/13\/2023\/03\/ATIVIDADES-FORMATIVAS-ago2021.docx.pdf\" target=\"_blank\" rel=\"noopener\">Normas &#8211; atualiza\u00e7\u00e3o: agosto de 2021 (ingressantes a partir de 2019)<\/a>.<\/strong><\/span><\/p>\n<p>A carga hor\u00e1ria total das atividades formativas prevista para o curso de Odontologia da UFPR \u00e9 90 horas, a qual dever\u00e1 ser cumprida de acordo com o proposto nas Normativas das Atividades Formativas (link abaixo), e completada at\u00e9 o <strong>\u00faltimo m\u00eas do 8\u00ba per\u00edodo<\/strong> do curso. O acad\u00eamico de Odontologia dever\u00e1 obter sua pontua\u00e7\u00e3o total participando em pelo menos dois grupos de atividades. S\u00e3o consideradas no curr\u00edculo do curso de Odontologia as seguintes atividades:<\/p>\n\n<table id=\"tablepress-51\" class=\"tablepress tablepress-id-51\">\n<tbody class=\"row-striping row-hover\">\n<tr class=\"row-1\">\n\t<td class=\"column-1\"><b> Grupo I <\/b><\/td><td class=\"column-2\">Atividades de Monitoria (PIM) e (PID)<br \/>\nPrograma de Voluntariado Acad\u00eamico (PVA)<\/td>\n<\/tr>\n<tr class=\"row-2\">\n\t<td class=\"column-1\"><b> Grupo II <\/b><\/td><td class=\"column-2\">Inicia\u00e7\u00e3o Cient\u00edfica<br \/>\nProjetos de Extens\u00e3o<br \/>\nProgramas Educacionais (PET)<\/td>\n<\/tr>\n<tr class=\"row-3\">\n\t<td class=\"column-1\"><b> Grupo III <\/b><\/td><td class=\"column-2\">Atividades Complementares<\/td>\n<\/tr>\n<\/tbody>\n<\/table>\n<!-- #tablepress-51 from cache -->\n","protected":false},"excerpt":{"rendered":"<p>As atividades formativas s\u00e3o complementares em rela\u00e7\u00e3o ao eixo fundamental do curr\u00edculo, objetivando sua flexibiliza\u00e7\u00e3o (Art. 1 Resolu\u00e7\u00e3o 70\/04 &#8211; CEPE). O colegiado do curso de Odontologia entende que as atividades formativas s\u00e3o elementos enriquecedores na forma\u00e7\u00e3o profissional dos graduandos [&hellip;]<\/p>\n","protected":false},"author":1608,"featured_media":0,"parent":0,"menu_order":0,"comment_status":"closed","ping_status":"closed","template":"","meta":{"_acf_changed":false,"_uag_custom_page_level_css":"","footnotes":""},"class_list":["post-1174","page","type-page","status-publish","hentry"],"acf":[],"featured_image_src":null,"uagb_featured_image_src":{"full":false,"thumbnail":false,"medium":false,"medium_large":false,"large":false,"1536x1536":false,"2048x2048":false},"uagb_author_info":{"display_name":"angelafernandes","author_link":"https:\/\/saude.ufpr.br\/odontologia\/author\/angelafernandes\/"},"uagb_comment_info":0,"uagb_excerpt":"As atividades formativas s\u00e3o complementares em rela\u00e7\u00e3o ao eixo fundamental do curr\u00edculo, objetivando sua flexibiliza\u00e7\u00e3o (Art. 1 Resolu\u00e7\u00e3o 70\/04 &#8211; CEPE). O colegiado do curso de Odontologia entende que as atividades formativas s\u00e3o elementos enriquecedores na forma\u00e7\u00e3o profissional dos graduandos [&hellip;]","publishpress_future_action":{"enabled":false,"date":"2026-04-12 11:46:35","action":"change-status","newStatus":"draft","terms":[],"taxonomy":"","extraData":[]},"publishpress_future_workflow_manual_trigger":{"enabledWorkflows":[]},"_links":{"self":[{"href":"https:\/\/saude.ufpr.br\/odontologia\/wp-json\/wp\/v2\/pages\/1174","targetHints":{"allow":["GET"]}}],"collection":[{"href":"https:\/\/saude.ufpr.br\/odontologia\/wp-json\/wp\/v2\/pages"}],"about":[{"href":"https:\/\/saude.ufpr.br\/odontologia\/wp-json\/wp\/v2\/types\/page"}],"author":[{"embeddable":true,"href":"https:\/\/saude.ufpr.br\/odontologia\/wp-json\/wp\/v2\/users\/1608"}],"replies":[{"embeddable":true,"href":"https:\/\/saude.ufpr.br\/odontologia\/wp-json\/wp\/v2\/comments?post=1174"}],"version-history":[{"count":28,"href":"https:\/\/saude.ufpr.br\/odontologia\/wp-json\/wp\/v2\/pages\/1174\/revisions"}],"predecessor-version":[{"id":3384,"href":"https:\/\/saude.ufpr.br\/odontologia\/wp-json\/wp\/v2\/pages\/1174\/revisions\/3384"}],"wp:attachment":[{"href":"https:\/\/saude.ufpr.br\/odontologia\/wp-json\/wp\/v2\/media?parent=1174"}],"curies":[{"name":"wp","href":"https:\/\/api.w.org\/{rel}","templated":true}]}}