{"id":1527,"date":"2018-08-10T22:56:28","date_gmt":"2018-08-11T01:56:28","guid":{"rendered":"https:\/\/saude.ufpr.br\/odontologia\/?page_id=1527"},"modified":"2019-07-17T17:39:55","modified_gmt":"2019-07-17T20:39:55","slug":"centro-cirurgico","status":"publish","type":"page","link":"https:\/\/saude.ufpr.br\/odontologia\/centro-cirurgico\/","title":{"rendered":"Centro Cir\u00fargico"},"content":{"rendered":"<p><strong>Objetivo:<\/strong> Estrutura dispon\u00edvel aos alunos de gradua\u00e7\u00e3o e p\u00f3s-gradua\u00e7\u00e3o para executarem procedimentos cir\u00fargicos odontol\u00f3gicos sob anestesia local<\/p>\n<p><strong>Miss\u00e3o:<\/strong> proporcionar treinamento pr\u00e1tico em cirurgias odontol\u00f3gicas<\/p>\n<p><strong>Localiza\u00e7\u00e3o:<\/strong> O Centro Cir\u00fargico est\u00e1 localizado nas depend\u00eancias do pr\u00e9dio do Curso de Odontologia \/UFPR no Campus III &#8211; Jardim Bot\u00e2nico desde 1996. \u00c9 destinado \u00e0 pr\u00e1tica dos alunos da gradua\u00e7\u00e3o, p\u00f3s-gradua\u00e7\u00e3o e Resid\u00eancia em Cirurgia e Traumatologia Buco Maxilo Faciais<\/p>\n<p><strong>Estrutura:<\/strong> 6 equipos completos na \u00e1rea cir\u00fargica, 04 equipos completos na \u00e1rea de exames cl\u00ednicos e proserva\u00e7\u00e3o, central de esteriliza\u00e7\u00e3o pr\u00f3pria, ambiente de expurgo, laborat\u00f3rio de pr\u00f3tese para realiza\u00e7\u00f5es de cirurgias de modelos e guias cir\u00fargicos.<\/p>\n<p>\u00c1rea de recupera\u00e7\u00e3o p\u00f3s-cir\u00fargico, com ox\u00edmetro e PA n\u00e3o invasiva, cilindro de oxig\u00eanio, aparelhos digitais para aferi\u00e7\u00e3o da press\u00e3o arterial<\/p>\n<p><em><strong>Hor\u00e1rio de funcionamento:<\/strong><\/em> de segunda a quinta-feira \u00e0 tarde e segundas e quintas feiras pela manh\u00e3<\/p>\n<p>No Centro Cir\u00fargico realiza-se somente cirurgias sob anestesia local.<\/p>\n<p>Atuam no CENTRO CIR\u00daRGICO os professores:<\/p>\n\n<table id=\"tablepress-50\" class=\"tablepress tablepress-id-50\">\n<tbody class=\"row-striping row-hover\">\n<tr class=\"row-1\">\n\t<td class=\"column-1\">Prof. Dr. Nelson Luiz Barbosa Rebellato<\/td><td class=\"column-2\">Gradua\u00e7\u00e3o, Resid\u00eancia, Mestrado e Doutorado<\/td>\n<\/tr>\n<tr class=\"row-2\">\n\t<td class=\"column-1\">Prof. Dr. Delson Jo\u00e3o Costa<\/td><td class=\"column-2\">Gradua\u00e7\u00e3o, Resid\u00eancia, Mestrado e Doutorado<\/td>\n<\/tr>\n<tr class=\"row-3\">\n\t<td class=\"column-1\">Profa. Dra. Rafaela Scariot de Moraes<\/td><td class=\"column-2\">Gradua\u00e7\u00e3o, Resid\u00eancia, Mestrado e Doutorado<\/td>\n<\/tr>\n<tr class=\"row-4\">\n\t<td class=\"column-1\">Profa. Dra. Aline Monise Sebastiani<\/td><td class=\"column-2\">Gradua\u00e7\u00e3o e Resid\u00eancia<\/td>\n<\/tr>\n<\/tbody>\n<\/table>\n<!-- #tablepress-50 from cache -->\n","protected":false},"excerpt":{"rendered":"<p>Objetivo: Estrutura dispon\u00edvel aos alunos de gradua\u00e7\u00e3o e p\u00f3s-gradua\u00e7\u00e3o para executarem procedimentos cir\u00fargicos odontol\u00f3gicos sob anestesia local Miss\u00e3o: proporcionar treinamento pr\u00e1tico em cirurgias odontol\u00f3gicas Localiza\u00e7\u00e3o: O Centro Cir\u00fargico est\u00e1 localizado nas depend\u00eancias do pr\u00e9dio do Curso de Odontologia \/UFPR no [&hellip;]<\/p>\n","protected":false},"author":1608,"featured_media":0,"parent":0,"menu_order":0,"comment_status":"closed","ping_status":"closed","template":"","meta":{"_acf_changed":false,"_uag_custom_page_level_css":"","footnotes":""},"class_list":["post-1527","page","type-page","status-publish","hentry"],"acf":[],"featured_image_src":null,"uagb_featured_image_src":{"full":false,"thumbnail":false,"medium":false,"medium_large":false,"large":false,"1536x1536":false,"2048x2048":false},"uagb_author_info":{"display_name":"angelafernandes","author_link":"https:\/\/saude.ufpr.br\/odontologia\/author\/angelafernandes\/"},"uagb_comment_info":0,"uagb_excerpt":"Objetivo: Estrutura dispon\u00edvel aos alunos de gradua\u00e7\u00e3o e p\u00f3s-gradua\u00e7\u00e3o para executarem procedimentos cir\u00fargicos odontol\u00f3gicos sob anestesia local Miss\u00e3o: proporcionar treinamento pr\u00e1tico em cirurgias odontol\u00f3gicas Localiza\u00e7\u00e3o: O Centro Cir\u00fargico est\u00e1 localizado nas depend\u00eancias do pr\u00e9dio do Curso de Odontologia \/UFPR no [&hellip;]","publishpress_future_action":{"enabled":false,"date":"2026-04-29 18:28:11","action":"change-status","newStatus":"draft","terms":[],"taxonomy":"","extraData":[]},"publishpress_future_workflow_manual_trigger":{"enabledWorkflows":[]},"_links":{"self":[{"href":"https:\/\/saude.ufpr.br\/odontologia\/wp-json\/wp\/v2\/pages\/1527","targetHints":{"allow":["GET"]}}],"collection":[{"href":"https:\/\/saude.ufpr.br\/odontologia\/wp-json\/wp\/v2\/pages"}],"about":[{"href":"https:\/\/saude.ufpr.br\/odontologia\/wp-json\/wp\/v2\/types\/page"}],"author":[{"embeddable":true,"href":"https:\/\/saude.ufpr.br\/odontologia\/wp-json\/wp\/v2\/users\/1608"}],"replies":[{"embeddable":true,"href":"https:\/\/saude.ufpr.br\/odontologia\/wp-json\/wp\/v2\/comments?post=1527"}],"version-history":[{"count":4,"href":"https:\/\/saude.ufpr.br\/odontologia\/wp-json\/wp\/v2\/pages\/1527\/revisions"}],"predecessor-version":[{"id":2161,"href":"https:\/\/saude.ufpr.br\/odontologia\/wp-json\/wp\/v2\/pages\/1527\/revisions\/2161"}],"wp:attachment":[{"href":"https:\/\/saude.ufpr.br\/odontologia\/wp-json\/wp\/v2\/media?parent=1527"}],"curies":[{"name":"wp","href":"https:\/\/api.w.org\/{rel}","templated":true}]}}