{"id":2050,"date":"2019-07-16T13:49:49","date_gmt":"2019-07-16T16:49:49","guid":{"rendered":"https:\/\/saude.ufpr.br\/odontologia\/?page_id=2050"},"modified":"2019-07-17T16:46:10","modified_gmt":"2019-07-17T19:46:10","slug":"auxilio-estudantil","status":"publish","type":"page","link":"https:\/\/saude.ufpr.br\/odontologia\/auxilio-estudantil\/","title":{"rendered":"Apoio Estudantil"},"content":{"rendered":"\n<table id=\"tablepress-49\" class=\"tablepress tablepress-id-49\">\n<tbody class=\"row-striping\">\n<tr class=\"row-1\">\n\t<td class=\"column-1\"><b>Apoio Pedag\u00f3gico<\/b><\/td><td class=\"column-2\">Quest\u00f5es pedag\u00f3gicas e vida acad\u00eamica do estudante, situa\u00e7\u00f5es familiares e rela\u00e7\u00f5es pessoais do trato acad\u00eamico que possam interferir nos resultados educacionais como estudantes que moram sozinhos ; estudantes acostumados com a metodologia de estudo do ensino m\u00e9dio; acompanhamento de alunos bolsitas.<\/td><td class=\"column-3\"><b>Telefone:<\/b> 3888-7774<br \/>\n<br \/>\n<b>E-mail:<\/b> pedagogicoprae@gmail.com<\/td>\n<\/tr>\n<tr class=\"row-2\">\n\t<td class=\"column-1\"><b>Apoio Psicol\u00f3gico<\/b><\/td><td class=\"column-2\">Trata-se de um atendimento pontual, sem a necessidade de agendamento anterior ou fixa\u00e7\u00e3o de rotinas posteriores. Todo tipo de demanda \u00e9 acolhida e, com o estudante, s\u00e3o discutidas estrat\u00e9gias de supera\u00e7\u00e3o e enfrentamento das situa\u00e7\u00f5es vivenciadas, assim discutidas possibilidades e necessidades de encaminhamentos a outras a\u00e7\u00f5es ofertadas<\/td><td class=\"column-3\"><b>Telefone:<\/b> 3888-7776<br \/>\n<br \/>\n<b>E-mail:<\/b><br \/>\npsicoprae@ufpr.br<\/td>\n<\/tr>\n<tr class=\"row-3\">\n\t<td class=\"column-1\"><b>PROBEM<\/b><br \/>\n<br \/>\n(Programa de Benef\u00edcios Econ\u00f4micos para Manuten\u00e7\u00e3o dos Estudantes)<\/td><td class=\"column-2\">Estudantes com fragilidade socioecon\u00f4mica que precisam de aux\u00edlio financeiro para se manter no curso. Constitu\u00eddo pelos seguintes benef\u00edcios, isolados ou em composi\u00e7\u00e3o: Aux\u00edlio Perman\u00eancia, Aux\u00edlio Refei\u00e7\u00e3o, Aux\u00edlio Moradia, Aux\u00edlio Material Did\u00e1tico e Aux\u00edlio Creche.<\/td><td class=\"column-3\"><b>Telefones:<\/b> 3888-7770 \/ 3888-7777<br \/>\n<br \/>\nE-mail: <br \/>\nprae@ufpr.br<br \/>\n<br \/>\n<a href=\"http:\/\/www.prae.ufpr.br\">PRAE UFPR<\/a><br \/>\n<br \/>\n<b>Endere\u00e7o:<\/b><br \/>\nRua Dr. Faivre, 405 \u2013 Ed. D. Pedro ll \u2013 1\u00b0 Andar \u2013 Centro<\/td>\n<\/tr>\n<tr class=\"row-4\">\n\t<td class=\"column-1\"><b>CASA 3<\/b><br \/>\n<br \/>\n(Centro de Aten\u00e7\u00e3o \u00e0 Sa\u00fade)<\/td><td class=\"column-2\">Atendimento m\u00e9dico e psiqui\u00e1trico para alunos e servidores<\/td><td class=\"column-3\"><b>Hor\u00e1rio de Atendimento:<\/b> Segunda-feira \u00e0 Sexta-feira das 07h00 \u00e0s 19h00.<br \/>\n<br \/>\n<b>Telefones:<\/b> 3361-3066 \/ 3361-3643<br \/>\n<br \/>\n<b>Endere\u00e7o:<\/b> Rua Coronel Francisco H. dos Santos s\/n\u00ba \u2013 Jardim das Am\u00e9ricas \u2013 Campus Centro Polit\u00e9cnico.<\/td>\n<\/tr>\n<tr class=\"row-5\">\n\t<td class=\"column-1\"><b>CASA 4<\/b><br \/>\n<br \/>\n(Centro de Aten\u00e7\u00e3o \u00e0 Sa\u00fade)<\/td><td class=\"column-2\">Atendimento m\u00e9dico e psiqui\u00e1trico para alunos e servidores.<\/td><td class=\"column-3\"><b>Hor\u00e1rio de Atendimento:<\/b> Segunda-feira \u00e0 Sexta-feira das 07h00 \u00e0s 19h00.<br \/>\n<br \/>\n<b>Telefones:<\/b> 3350-5776 \/ 3350-5777<br \/>\n<br \/>\n<b>Endere\u00e7o:<\/b> Rua dos Funcion\u00e1rios, 1540 \u2013 Cabral \u2013 Setor de Ci\u00eancias Agr\u00e1rias.<\/td>\n<\/tr>\n<tr class=\"row-6\">\n\t<td class=\"column-1\"><b>NUEI<\/b><br \/>\n<br \/>\n(N\u00facleo Universit\u00e1rio de Educa\u00e7\u00e3o Ind\u00edgena)<\/td><td class=\"column-2\">O NUEI tem como miss\u00e3o ampliar o reconhecimento da sociodiversidade ind\u00edgena que integra o componente discente da UFPR promovendo e divulgando a\u00e7\u00f5es voltadas \u00e0 afirma\u00e7\u00e3o dos valores e conhecimentos ind\u00edgenas na Universidade.<\/td><td class=\"column-3\"><b>Telefones:<\/b>  3310-2659 \/ 3310-2698<br \/>\n<br \/>\n<b>E-mail: <\/b>nuei.ufpr@yahoo.com.br<br \/>\n<br \/>\n<b> Endere\u00e7o: <\/b> Pra\u00e7a Santos Andrade, n\u00ba 50 \u2013 Centro \u2013 Curitiba, PR<\/td>\n<\/tr>\n<tr class=\"row-7\">\n\t<td class=\"column-1\"><b>NAPNE<\/b><br \/>\n<br \/>\n(N\u00facleo de Apoio \u00e0 pessoas com necessidades especiais)<\/td><td class=\"column-2\">O NAPNE oferece alternativas de inclus\u00e3o \u00e0s pessoas com defici\u00eancia f\u00edsico-motora, cegos ou com vis\u00e3o subnormal, surdos ou com res\u00edduos auditivos, dificuldades de aprendizado, condutas t\u00edpicas, s\u00edndromes e altas habilidades\/superdota\u00e7\u00e3o e destinam-se a alunos, professores e servidores da UFPR.<\/td><td class=\"column-3\"><b>Telefones: <\/b> 3310-2659 \/ 3310-2698<br \/>\n<br \/>\n<b>E-mail:<\/b> napne@ufpr.br<br \/>\n<br \/>\n<b>Endere\u00e7o:<\/b> Pra\u00e7a Santos Andrade, n\u00ba 50 \u2013 Centro \u2013 Curitiba, PR<\/td>\n<\/tr>\n<\/tbody>\n<\/table>\n<!-- #tablepress-49 from cache -->\n","protected":false},"excerpt":{"rendered":"","protected":false},"author":1608,"featured_media":0,"parent":0,"menu_order":0,"comment_status":"closed","ping_status":"closed","template":"","meta":{"_acf_changed":false,"_uag_custom_page_level_css":"","footnotes":""},"class_list":["post-2050","page","type-page","status-publish","hentry"],"acf":[],"featured_image_src":null,"uagb_featured_image_src":{"full":false,"thumbnail":false,"medium":false,"medium_large":false,"large":false,"1536x1536":false,"2048x2048":false},"uagb_author_info":{"display_name":"angelafernandes","author_link":"https:\/\/saude.ufpr.br\/odontologia\/author\/angelafernandes\/"},"uagb_comment_info":0,"uagb_excerpt":null,"publishpress_future_action":{"enabled":false,"date":"2026-05-01 17:34:19","action":"change-status","newStatus":"draft","terms":[],"taxonomy":"","extraData":[]},"publishpress_future_workflow_manual_trigger":{"enabledWorkflows":[]},"_links":{"self":[{"href":"https:\/\/saude.ufpr.br\/odontologia\/wp-json\/wp\/v2\/pages\/2050","targetHints":{"allow":["GET"]}}],"collection":[{"href":"https:\/\/saude.ufpr.br\/odontologia\/wp-json\/wp\/v2\/pages"}],"about":[{"href":"https:\/\/saude.ufpr.br\/odontologia\/wp-json\/wp\/v2\/types\/page"}],"author":[{"embeddable":true,"href":"https:\/\/saude.ufpr.br\/odontologia\/wp-json\/wp\/v2\/users\/1608"}],"replies":[{"embeddable":true,"href":"https:\/\/saude.ufpr.br\/odontologia\/wp-json\/wp\/v2\/comments?post=2050"}],"version-history":[{"count":3,"href":"https:\/\/saude.ufpr.br\/odontologia\/wp-json\/wp\/v2\/pages\/2050\/revisions"}],"predecessor-version":[{"id":2152,"href":"https:\/\/saude.ufpr.br\/odontologia\/wp-json\/wp\/v2\/pages\/2050\/revisions\/2152"}],"wp:attachment":[{"href":"https:\/\/saude.ufpr.br\/odontologia\/wp-json\/wp\/v2\/media?parent=2050"}],"curies":[{"name":"wp","href":"https:\/\/api.w.org\/{rel}","templated":true}]}}