{"id":23,"date":"2015-11-30T11:31:08","date_gmt":"2015-11-30T11:31:08","guid":{"rendered":"https:\/\/saude.ufpr.br\/odontologia\/?page_id=23"},"modified":"2024-05-17T11:24:13","modified_gmt":"2024-05-17T14:24:13","slug":"formularios","status":"publish","type":"page","link":"https:\/\/saude.ufpr.br\/odontologia\/formularios\/","title":{"rendered":"Documentos"},"content":{"rendered":"\n<table id=\"tablepress-52\" class=\"tablepress tablepress-id-52\">\n<tbody class=\"row-striping row-hover\">\n<tr class=\"row-1\">\n\t<td class=\"column-1\"><strong>Cancelamento de Disciplina<\/strong><br \/>\n<br \/>\n<a href=\"http:\/\/saude.ufpr.br\/odontologia\/wp-content\/uploads\/sites\/13\/2019\/07\/6-Cancelamento-de-Disciplina.pdf\">Formul\u00e1rio<\/a><\/td><td class=\"column-2\">Preencher o requerimento e apresentar na Coordena\u00e7\u00e3o do Curso. Aten\u00e7\u00e3o ao prazo do calend\u00e1rio acad\u00eamico vigente.<\/td>\n<\/tr>\n<tr class=\"row-2\">\n\t<td class=\"column-1\"><strong>Disciplina Eletiva <\/strong><br \/>\n<br \/>\n<a href=\"http:\/\/saude.ufpr.br\/odontologia\/wp-content\/uploads\/sites\/13\/2019\/07\/3-Disciplina-Eletiva.pdf\">Formul\u00e1rio<\/a><\/td><td class=\"column-2\">Para alunos da UFPR. No requerimento deve constar carimbo e assinatura do chefe de Departamento, bem como do Coordenador de Curso, ap\u00f3s entregar no NAA. Solicita\u00e7\u00e3o m\u00e1xima de tr\u00eas disciplinas. (Res. n\u00ba 37\/97 \u2013 CEPE, arts. 55 a 59). Aten\u00e7\u00e3o ao prazo no calend\u00e1rio acad\u00eamico vigente.<\/td>\n<\/tr>\n<tr class=\"row-3\">\n\t<td class=\"column-1\"><strong> Disciplina Isolada <\/strong><br \/>\n<br \/>\n<a href=\"http:\/\/saude.ufpr.br\/odontologia\/wp-content\/uploads\/sites\/13\/2019\/07\/4-Disciplina-Isolada.pdf\">Formul\u00e1rio<\/a><\/td><td class=\"column-2\">Pessoas n\u00e3o integrantes do corpo discente regular da UFPR, com Ensino M\u00e9dio conclu\u00eddo. Preencher o requerimento constando carimbo de assinatura do Chefe do Departamento, ap\u00f3s entregar no NAA com c\u00f3pia do RG, CPF e comprovante de conclus\u00e3o do ensino m\u00e9dio. Solicita\u00e7\u00e3o m\u00e1xima de tr\u00eas disciplinas. Aten\u00e7\u00e3o ao prazo no calend\u00e1rio acad\u00eamico vigente.<\/td>\n<\/tr>\n<tr class=\"row-4\">\n\t<td class=\"column-1\"><strong>Equival\u00eancia de Disciplina<\/strong><br \/>\n<br \/>\n<a href=\"http:\/\/saude.ufpr.br\/odontologia\/wp-content\/uploads\/sites\/13\/2019\/07\/7-Equival\u00eancia-de-Disciplina1.pdf\">Formul\u00e1rio<\/a><\/td><td class=\"column-2\">Para uso no ingresso do aluno \u00e0 UFPR ou para cr\u00e9ditos obtidos por meio de conv\u00eanio.  Preencher o requerimento e entregar na Coordena\u00e7\u00e3o do Curso, aten\u00e7\u00e3o \u00e0 documenta\u00e7\u00e3o solicitada.<\/td>\n<\/tr>\n<tr class=\"row-5\">\n\t<td class=\"column-1\"><strong>Aproveitamento de Conhecimento<\/strong><br \/>\n<br \/>\n<a href=\"http:\/\/saude.ufpr.br\/odontologia\/wp-content\/uploads\/sites\/13\/2019\/07\/10-Aproveitamento-de-Conhecimento.pdf\">Formul\u00e1rio<\/a><\/td><td class=\"column-2\">Para alunos que reprovaram na disciplina por nota e obtiveram frequ\u00eancia igual ou superior a 75%. Permitido solicitar o exame uma \u00fanica vez na mesma disciplina. Aluno poder\u00e1 solicitar no m\u00e1ximo dois exames por per\u00edodo acad\u00eamico (semestre\/ano). Entregar na Coordena\u00e7\u00e3o do Curso. (Res. n\u00ba 92\/13 \u2013 CEPE e IN n\u00ba 01\/14 \u2013 PROGRAD). Aten\u00e7\u00e3o ao prazo no calend\u00e1rio acad\u00eamico vigente.<\/td>\n<\/tr>\n<tr class=\"row-6\">\n\t<td class=\"column-1\"><strong>Adiantamento de Conhecimento<\/strong><br \/>\n<br \/>\n<a href=\"http:\/\/saude.ufpr.br\/odontologia\/wp-content\/uploads\/sites\/13\/2019\/07\/11-Adiantamento-de-Conhecimento.pdf\">Formul\u00e1rio<\/a><\/td><td class=\"column-2\">Para alunos que n\u00e3o cursaram a disciplina, mas aleguem possuir dom\u00ednio de conhecimento do conte\u00fado. O requerimento deve acompanhar documentos comprobat\u00f3rios e ser entregue na Coordena\u00e7\u00e3o do Curso. (Res. n\u00ba 92\/13 \u2013 CEPE e IN n\u00ba 01\/14 \u2013 PROGRAD). Aten\u00e7\u00e3o ao prazo no calend\u00e1rio acad\u00eamico vigente.<\/td>\n<\/tr>\n<tr class=\"row-7\">\n\t<td class=\"column-1\"><strong>Trancamento de Curso<\/strong><br \/>\n<br \/>\n<a href=\"https:\/\/saude.ufpr.br\/odontologia\/wp-content\/uploads\/sites\/13\/2015\/12\/Trancamento_de_curso.pdf\">Formul\u00e1rio<\/a><\/td><td class=\"column-2\"><\/td>\n<\/tr>\n<\/tbody>\n<\/table>\n<!-- #tablepress-52 from cache -->\n<h4 class=\"entry-headline\"><\/h4>\n<p>&nbsp;<\/p>\n<h4 class=\"entry-headline\"><\/h4>\n","protected":false},"excerpt":{"rendered":"<p>&nbsp;<\/p>\n","protected":false},"author":14,"featured_media":0,"parent":0,"menu_order":0,"comment_status":"open","ping_status":"open","template":"","meta":{"_acf_changed":false,"_uag_custom_page_level_css":"","footnotes":""},"class_list":["post-23","page","type-page","status-publish","hentry"],"acf":[],"featured_image_src":null,"uagb_featured_image_src":{"full":false,"thumbnail":false,"medium":false,"medium_large":false,"large":false,"1536x1536":false,"2048x2048":false},"uagb_author_info":{"display_name":"ullisses","author_link":"https:\/\/saude.ufpr.br\/odontologia\/author\/ullisses\/"},"uagb_comment_info":0,"uagb_excerpt":"&nbsp;","publishpress_future_action":{"enabled":false,"date":"2026-04-29 18:28:12","action":"change-status","newStatus":"draft","terms":[],"taxonomy":"","extraData":[]},"publishpress_future_workflow_manual_trigger":{"enabledWorkflows":[]},"_links":{"self":[{"href":"https:\/\/saude.ufpr.br\/odontologia\/wp-json\/wp\/v2\/pages\/23","targetHints":{"allow":["GET"]}}],"collection":[{"href":"https:\/\/saude.ufpr.br\/odontologia\/wp-json\/wp\/v2\/pages"}],"about":[{"href":"https:\/\/saude.ufpr.br\/odontologia\/wp-json\/wp\/v2\/types\/page"}],"author":[{"embeddable":true,"href":"https:\/\/saude.ufpr.br\/odontologia\/wp-json\/wp\/v2\/users\/14"}],"replies":[{"embeddable":true,"href":"https:\/\/saude.ufpr.br\/odontologia\/wp-json\/wp\/v2\/comments?post=23"}],"version-history":[{"count":38,"href":"https:\/\/saude.ufpr.br\/odontologia\/wp-json\/wp\/v2\/pages\/23\/revisions"}],"predecessor-version":[{"id":3553,"href":"https:\/\/saude.ufpr.br\/odontologia\/wp-json\/wp\/v2\/pages\/23\/revisions\/3553"}],"wp:attachment":[{"href":"https:\/\/saude.ufpr.br\/odontologia\/wp-json\/wp\/v2\/media?parent=23"}],"curies":[{"name":"wp","href":"https:\/\/api.w.org\/{rel}","templated":true}]}}