{"id":2828,"date":"2020-08-31T16:10:03","date_gmt":"2020-08-31T19:10:03","guid":{"rendered":"https:\/\/saude.ufpr.br\/odontologia\/?page_id=2828"},"modified":"2024-03-25T14:02:53","modified_gmt":"2024-03-25T17:02:53","slug":"planejamento-estrategico","status":"publish","type":"page","link":"https:\/\/saude.ufpr.br\/odontologia\/planejamento-estrategico\/","title":{"rendered":"Planejamento Estrat\u00e9gico"},"content":{"rendered":"<h1>PLANEJAMENTO ESTRAT\u00c9GICO DO CURSO DE ODONTOLOGIA \u2013 2024\/2026<\/h1>\n<h2>Apresenta\u00e7\u00e3o<\/h2>\n<p>O curso de Odontologia foi criado no dia 19 de dezembro de 1912, junto com a funda\u00e7\u00e3o da Universidade Federal do Paran\u00e1. Em 1914, dois anos ap\u00f3s o in\u00edcio das aulas, 10 estudantes da primeira turma formaram-se cirurgi\u00f5es-dentistas. Desde ent\u00e3o, num per\u00edodo de 107 anos, j\u00e1 foram formadas mais de 151 turmas.<\/p>\n<p>O curso de Odontologia est\u00e1 inserido no Setor de Ci\u00eancias da Sa\u00fade. Doze departamentos ofertam disciplinas ao curso, a saber: departamento de Anatomia, de Fisiologia, de Biologia Celular, de Farmacologia, de Gen\u00e9tica, de Patologia B\u00e1sica, de Bioqu\u00edmica e Biologia Molecular, de Psicologia, de Medicina Forense e Psiquiatria, de Sa\u00fade Coletiva, de Estomatologia e de Odontologia Restauradora.<\/p>\n<p>Desde 1997 o curso funciona na sub-sede do Setor de Ci\u00eancias da Sa\u00fade, no campus universit\u00e1rio III da UFPR, na Avenida Prefeito Loth\u00e1rio Meissner, n. 632, bairro Jardim Bot\u00e2nico, em Curitiba,no estado do Paran\u00e1. Neste endere\u00e7o, em pr\u00e9dio pr\u00f3prio, est\u00e3o localizadas tr\u00eas cl\u00ednicas odontol\u00f3gicas, o centro cirurgico, o pronto-atendimento, os laborat\u00f3rios odontol\u00f3gicos, o banco de dentes, a central de esteriliza\u00e7\u00e3o, as salas dos professores e os arm\u00e1rios dos estudantes. As aulas presenciais e as atividades administrativas s\u00e3o desenvolvidas no bloco did\u00e1tico I, onde est\u00e3o localizadas as salas de aula, o centro acad\u00eamico, a biblioteca, dois grandes audit\u00f3rios, o laborat\u00f3rio de inform\u00e1tica, as secretarias da coordena\u00e7\u00e3o da gradua\u00e7\u00e3o, da p\u00f3s-gradua\u00e7\u00e3o e dos departamentos de Estomatologia e Odontologia Restauradora.<\/p>\n<p>Nos primeiros semestres do curso a maioria das aulas \u00e9 ministrada nos audit\u00f3rios e laborat\u00f3rios no campus universit\u00e1rio Centro polit\u00e9cnico, no Setor de Ci\u00eancias Biol\u00f3gicas.<\/p>\n<h2>Miss\u00e3o do curso de Odontologia (o que se prop\u00f5e a fazer)<\/h2>\n<p>Formar cirurgi\u00f5es-dentistas generalistas, com perfil humanista, \u00e9tico, cr\u00edtico e reflexivo para atuar na pr\u00e1tica odontol\u00f3gica em todos os n\u00edveis de aten\u00e7\u00e3o \u00e0 sa\u00fade, com base no saber t\u00e9cnico e cient\u00edfico contempor\u00e2neo e proativo na busca cont\u00ednua do seu conhecimento. Ainda, formar profissionais capazes de atuar nas necessidades e agravos da sa\u00fade bucal da popula\u00e7\u00e3o de forma inter e transdisciplinar, em equipe e ou individualmente, respeitando os preceitos legais, dirigindo sua atua\u00e7\u00e3o com lideran\u00e7a e empreendedorismo para a transforma\u00e7\u00e3o da sua realidade local em benef\u00edcio da sociedade.<\/p>\n<h2>Vis\u00e3o do curso de Odontologia (o que se pretende no futuro)<\/h2>\n<p>Ser reconhecido nacionalmente como um curso de excel\u00eancia no ensino odontol\u00f3gico, com conceito m\u00e1ximo nas avalia\u00e7\u00f5es do Enade.<\/p>\n<h2>Objetivos do curso de Odontologia<\/h2>\n<ol>\n<li>Ter um Projeto Pedag\u00f3gico moderno, bem estruturado e que atenda \u00e0s Diretrizes Curriculares Nacionais para cursos de gradua\u00e7\u00e3o em Odontologia;<\/li>\n<li>Formar profissionais generalistas, com habilidades t\u00e9cnicas fortemente desenvolvidas para uma pr\u00e1tica cl\u00ednica de qualidade, com saber cient\u00edfico que o incentive ao aprimoramento constante.<\/li>\n<li>Formar profissionais imbu\u00eddos de valores \u00e9ticos e de sensibilidade human\u00edstica, que norteiem seu relacionamento com o outro e que possam promover mudan\u00e7as para o aperfei\u00e7oamento da vida em sociedade.<\/li>\n<li>Incentivar os estudantes a conhecer\u00a0a realidade do meio em que vivem, despertando-os para an\u00e1lise cr\u00edtica das circunst\u00e2ncias que levam \u00e0 preval\u00eancia de doen\u00e7as bucais, o que dever\u00e1 resultar na consci\u00eancia social requerida do profissional da \u00e1rea de sa\u00fade.<\/li>\n<li>Despertar nos estudantes a percep\u00e7\u00e3o da Odontologia como pr\u00e1tica de promo\u00e7\u00e3o de sa\u00fade em detrimento da vis\u00e3o de uma profiss\u00e3o que vise, exclusivamente, a repara\u00e7\u00e3o de danos causados pela doen\u00e7a;<\/li>\n<li>Contribuir para a compreens\u00e3o, interpreta\u00e7\u00e3o e preserva\u00e7\u00e3o das culturas nacionais e regionais em um contexto de pluralismo e diversidade cultural;<\/li>\n<li>Estimular o interesse dos estudantes pela investiga\u00e7\u00e3o cient\u00edfica.<\/li>\n<\/ol>\n<h2>Metas a curto prazo:<\/h2>\n<ol>\n<li>Realizar a\u00a0implanta\u00e7\u00e3o do novo curr\u00edculo do curso de Odontologia;<\/li>\n<li>\u00a0Introduzir a curriculariza\u00e7\u00e3o da extens\u00e3o no curso de Odontologia;<\/li>\n<li>\u00a0Adequar ao Curso \u00e0s novas normas da Comiss\u00e3o de Orienta\u00e7\u00e3o Acad\u00eamica, segundo as normas gerais da Universidade;<\/li>\n<li>\u00a0Estimular docentes e discentes a utilizarem o acervo bibliogr\u00e1fico digital na plataforma Minha Biblioteca;<\/li>\n<li>Estimular a integra\u00e7\u00e3o entre gradua\u00e7\u00e3o e p\u00f3s-gradua\u00e7\u00e3o;<\/li>\n<li>Contribuir na capta\u00e7\u00e3o de recursos para melhoria do ensino odontol\u00f3gico, por meio da apresenta\u00e7\u00e3o de projetos aos \u00f3rg\u00e3os de fomento e editais internos da UFPR.<\/li>\n<li>Contribuir na capta\u00e7\u00e3o de recursos para adequa\u00e7\u00e3o da infraestrutura f\u00edsica, manuten\u00e7\u00e3o de equipamentos existentes e aquisi\u00e7\u00e3o de novos equipamentos, por meio da apresenta\u00e7\u00e3o de projetos aos \u00f3rg\u00e3os de fomento e editais internos da UFPR.<\/li>\n<li>Contribuir para a realiza\u00e7\u00e3o da Semana Acad\u00eamica no Curso da Odontologia.<\/li>\n<li>Manter di\u00e1logo com o Centro Acad\u00eamico de Odontologia.<\/li>\n<\/ol>\n<h2>Metas a m\u00e9dio prazo:<\/h2>\n<ol>\n<li>Estimular a atualiza\u00e7\u00e3o do acervo bibliogr\u00e1fico f\u00edsico;<\/li>\n<li>Auxiliar na capta\u00e7\u00e3o de recursos para aquisi\u00e7\u00e3o de simuladores para o ensino odontol\u00f3gico;<\/li>\n<li>Estimular a integra\u00e7\u00e3o entre gradua\u00e7\u00e3o e p\u00f3s-gradua\u00e7\u00e3o;<\/li>\n<li>Apoiar o desenvolvimento de projetos para a readequa\u00e7\u00e3o e constru\u00e7\u00e3o, caso seja necess\u00e1rio, de vesti\u00e1rios, lavanderia, salas para instala\u00e7\u00e3o de simuladores odontol\u00f3gicos, novas cl\u00ednicas odontol\u00f3gicas, novos laborat\u00f3rios e salas de aula adaptadas para o uso de metodologias ativas;<\/li>\n<li>Ampliar os conv\u00eanios com os munic\u00edpios e os servi\u00e7os de sa\u00fade vinculados ao Sistema \u00danico de Sa\u00fade (SUS), nos diferentes pontos e n\u00edveis de aten\u00e7\u00e3o \u00e0 sa\u00fade bucal;<\/li>\n<li>Apoiar os departamentos na capta\u00e7\u00e3o de recursos para adequa\u00e7\u00e3o da infraestrutura f\u00edsica, aquisi\u00e7\u00e3o, instala\u00e7\u00e3o e manuten\u00e7\u00e3o de equipamentos por meio de editais de \u00f3rg\u00e3os de fomento.<\/li>\n<\/ol>\n<h2>Metas a longo prazo:<\/h2>\n<ol>\n<li>Estimular a integra\u00e7\u00e3o entre gradua\u00e7\u00e3o e p\u00f3s-gradua\u00e7\u00e3o;<\/li>\n<li>Contribuir na capta\u00e7\u00e3o de recursos para amplia\u00e7\u00e3o da infraestrutura f\u00edsica, por meio da apresenta\u00e7\u00e3o de projetos aos \u00f3rg\u00e3os de fomento e editais internos da UFPR;<\/li>\n<li>Incentivar a mobilidade acad\u00eamica nacional e\/ou internacional (interc\u00e2mbios);<\/li>\n<li>Ampliar os conv\u00eanios com os munic\u00edpios e os servi\u00e7os de sa\u00fade vinculados ao Sistema \u00danico de Sa\u00fade (SUS), nos diferentes pontos e n\u00edveis de aten\u00e7\u00e3o \u00e0 sa\u00fade bucal;<\/li>\n<li>Estimular o ensino odontol\u00f3gico inovador, com uso tecnologias como o uso de simuladores de realidade virtual e uso de softwares no curso de Odontologia.<\/li>\n<\/ol>\n<h2>Comiss\u00e3o de Planejamento Estrat\u00e9gico: Profa Dra Maria Isabel Anastacio Faria De Fran\u00e7a e Profa. Dra. Andressa Carla Obici.<\/h2>\n","protected":false},"excerpt":{"rendered":"<p>PLANEJAMENTO ESTRAT\u00c9GICO DO CURSO DE ODONTOLOGIA \u2013 2024\/2026 Apresenta\u00e7\u00e3o O curso de Odontologia foi criado no dia 19 de dezembro de 1912, junto com a funda\u00e7\u00e3o da Universidade Federal do Paran\u00e1. Em 1914, dois anos ap\u00f3s o in\u00edcio das aulas, [&hellip;]<\/p>\n","protected":false},"author":1608,"featured_media":0,"parent":0,"menu_order":0,"comment_status":"closed","ping_status":"closed","template":"","meta":{"_acf_changed":false,"_uag_custom_page_level_css":"","footnotes":""},"class_list":["post-2828","page","type-page","status-publish","hentry"],"acf":[],"featured_image_src":null,"uagb_featured_image_src":{"full":false,"thumbnail":false,"medium":false,"medium_large":false,"large":false,"1536x1536":false,"2048x2048":false},"uagb_author_info":{"display_name":"angelafernandes","author_link":"https:\/\/saude.ufpr.br\/odontologia\/author\/angelafernandes\/"},"uagb_comment_info":0,"uagb_excerpt":"PLANEJAMENTO ESTRAT\u00c9GICO DO CURSO DE ODONTOLOGIA \u2013 2024\/2026 Apresenta\u00e7\u00e3o O curso de Odontologia foi criado no dia 19 de dezembro de 1912, junto com a funda\u00e7\u00e3o da Universidade Federal do Paran\u00e1. Em 1914, dois anos ap\u00f3s o in\u00edcio das aulas, [&hellip;]","publishpress_future_action":{"enabled":false,"date":"2026-04-25 11:34:12","action":"change-status","newStatus":"draft","terms":[],"taxonomy":"","extraData":[]},"publishpress_future_workflow_manual_trigger":{"enabledWorkflows":[]},"_links":{"self":[{"href":"https:\/\/saude.ufpr.br\/odontologia\/wp-json\/wp\/v2\/pages\/2828","targetHints":{"allow":["GET"]}}],"collection":[{"href":"https:\/\/saude.ufpr.br\/odontologia\/wp-json\/wp\/v2\/pages"}],"about":[{"href":"https:\/\/saude.ufpr.br\/odontologia\/wp-json\/wp\/v2\/types\/page"}],"author":[{"embeddable":true,"href":"https:\/\/saude.ufpr.br\/odontologia\/wp-json\/wp\/v2\/users\/1608"}],"replies":[{"embeddable":true,"href":"https:\/\/saude.ufpr.br\/odontologia\/wp-json\/wp\/v2\/comments?post=2828"}],"version-history":[{"count":12,"href":"https:\/\/saude.ufpr.br\/odontologia\/wp-json\/wp\/v2\/pages\/2828\/revisions"}],"predecessor-version":[{"id":3491,"href":"https:\/\/saude.ufpr.br\/odontologia\/wp-json\/wp\/v2\/pages\/2828\/revisions\/3491"}],"wp:attachment":[{"href":"https:\/\/saude.ufpr.br\/odontologia\/wp-json\/wp\/v2\/media?parent=2828"}],"curies":[{"name":"wp","href":"https:\/\/api.w.org\/{rel}","templated":true}]}}