{"id":3546,"date":"2024-05-17T11:16:09","date_gmt":"2024-05-17T14:16:09","guid":{"rendered":"https:\/\/saude.ufpr.br\/odontologia\/?page_id=3546"},"modified":"2025-07-22T10:45:13","modified_gmt":"2025-07-22T13:45:13","slug":"calendario-academico-2","status":"publish","type":"page","link":"https:\/\/saude.ufpr.br\/odontologia\/calendario-academico-2\/","title":{"rendered":"Calend\u00e1rio Acad\u00eamico"},"content":{"rendered":"<h5>Todas as datas est\u00e3o dispon\u00edveis em: <a href=\"https:\/\/saude.ufpr.br\/odontologia\/wp-content\/uploads\/sites\/13\/2025\/07\/Calendario-2025-15-a-18-semanas-RESOLUCAO-No-19-24-CEPE.pdf\">Calenda\u0301rio 2025 &#8211; 15 a 18 semanas RESOLUCAO-No-19-24-CEPE<\/a><\/h5>\n<p><a href=\"https:\/\/saude.ufpr.br\/odontologia\/wp-content\/uploads\/sites\/13\/2025\/07\/datas1.jpg\"><img fetchpriority=\"high\" decoding=\"async\" class=\"alignnone wp-image-3697 size-large\" src=\"https:\/\/saude.ufpr.br\/odontologia\/wp-content\/uploads\/sites\/13\/2025\/07\/datas1-1024x1024.jpg\" alt=\"\" width=\"1024\" height=\"1024\" srcset=\"https:\/\/saude.ufpr.br\/odontologia\/wp-content\/uploads\/sites\/13\/2025\/07\/datas1-1024x1024.jpg 1024w, https:\/\/saude.ufpr.br\/odontologia\/wp-content\/uploads\/sites\/13\/2025\/07\/datas1-300x300.jpg 300w, https:\/\/saude.ufpr.br\/odontologia\/wp-content\/uploads\/sites\/13\/2025\/07\/datas1-150x150.jpg 150w, https:\/\/saude.ufpr.br\/odontologia\/wp-content\/uploads\/sites\/13\/2025\/07\/datas1-768x768.jpg 768w, https:\/\/saude.ufpr.br\/odontologia\/wp-content\/uploads\/sites\/13\/2025\/07\/datas1.jpg 1080w\" sizes=\"(max-width: 1024px) 100vw, 1024px\" \/><\/a><a href=\"https:\/\/saude.ufpr.br\/odontologia\/wp-content\/uploads\/sites\/13\/2025\/07\/datas2.jpg\"><img decoding=\"async\" class=\"alignnone wp-image-3699 size-large\" src=\"https:\/\/saude.ufpr.br\/odontologia\/wp-content\/uploads\/sites\/13\/2025\/07\/datas2-1024x1024.jpg\" alt=\"\" width=\"1024\" height=\"1024\" srcset=\"https:\/\/saude.ufpr.br\/odontologia\/wp-content\/uploads\/sites\/13\/2025\/07\/datas2-1024x1024.jpg 1024w, https:\/\/saude.ufpr.br\/odontologia\/wp-content\/uploads\/sites\/13\/2025\/07\/datas2-300x300.jpg 300w, https:\/\/saude.ufpr.br\/odontologia\/wp-content\/uploads\/sites\/13\/2025\/07\/datas2-150x150.jpg 150w, https:\/\/saude.ufpr.br\/odontologia\/wp-content\/uploads\/sites\/13\/2025\/07\/datas2-768x768.jpg 768w, https:\/\/saude.ufpr.br\/odontologia\/wp-content\/uploads\/sites\/13\/2025\/07\/datas2.jpg 1080w\" sizes=\"(max-width: 1024px) 100vw, 1024px\" \/><\/a><a href=\"https:\/\/saude.ufpr.br\/odontologia\/wp-content\/uploads\/sites\/13\/2025\/07\/datas3.jpg\"><img decoding=\"async\" class=\"alignnone wp-image-3698 size-large\" src=\"https:\/\/saude.ufpr.br\/odontologia\/wp-content\/uploads\/sites\/13\/2025\/07\/datas3-1024x1024.jpg\" alt=\"\" width=\"1024\" height=\"1024\" srcset=\"https:\/\/saude.ufpr.br\/odontologia\/wp-content\/uploads\/sites\/13\/2025\/07\/datas3-1024x1024.jpg 1024w, https:\/\/saude.ufpr.br\/odontologia\/wp-content\/uploads\/sites\/13\/2025\/07\/datas3-300x300.jpg 300w, https:\/\/saude.ufpr.br\/odontologia\/wp-content\/uploads\/sites\/13\/2025\/07\/datas3-150x150.jpg 150w, https:\/\/saude.ufpr.br\/odontologia\/wp-content\/uploads\/sites\/13\/2025\/07\/datas3-768x768.jpg 768w, https:\/\/saude.ufpr.br\/odontologia\/wp-content\/uploads\/sites\/13\/2025\/07\/datas3.jpg 1080w\" sizes=\"(max-width: 1024px) 100vw, 1024px\" \/><\/a><\/p>\n<p>&nbsp;<\/p>\n","protected":false},"excerpt":{"rendered":"<p>Todas as datas est\u00e3o dispon\u00edveis em: Calenda\u0301rio 2025 &#8211; 15 a 18 semanas RESOLUCAO-No-19-24-CEPE &nbsp;<\/p>\n","protected":false},"author":1724,"featured_media":0,"parent":0,"menu_order":0,"comment_status":"closed","ping_status":"closed","template":"","meta":{"_acf_changed":false,"_uag_custom_page_level_css":"","footnotes":""},"class_list":["post-3546","page","type-page","status-publish","hentry"],"acf":[],"featured_image_src":null,"uagb_featured_image_src":{"full":false,"thumbnail":false,"medium":false,"medium_large":false,"large":false,"1536x1536":false,"2048x2048":false},"uagb_author_info":{"display_name":"Juliana Geronazzo","author_link":"https:\/\/saude.ufpr.br\/odontologia\/author\/juliana-geronazzo\/"},"uagb_comment_info":0,"uagb_excerpt":"Todas as datas est\u00e3o dispon\u00edveis em: Calenda\u0301rio 2025 &#8211; 15 a 18 semanas RESOLUCAO-No-19-24-CEPE &nbsp;","publishpress_future_action":{"enabled":false,"date":"2026-04-30 05:47:47","action":"change-status","newStatus":"draft","terms":[],"taxonomy":"","extraData":[]},"publishpress_future_workflow_manual_trigger":{"enabledWorkflows":[]},"_links":{"self":[{"href":"https:\/\/saude.ufpr.br\/odontologia\/wp-json\/wp\/v2\/pages\/3546","targetHints":{"allow":["GET"]}}],"collection":[{"href":"https:\/\/saude.ufpr.br\/odontologia\/wp-json\/wp\/v2\/pages"}],"about":[{"href":"https:\/\/saude.ufpr.br\/odontologia\/wp-json\/wp\/v2\/types\/page"}],"author":[{"embeddable":true,"href":"https:\/\/saude.ufpr.br\/odontologia\/wp-json\/wp\/v2\/users\/1724"}],"replies":[{"embeddable":true,"href":"https:\/\/saude.ufpr.br\/odontologia\/wp-json\/wp\/v2\/comments?post=3546"}],"version-history":[{"count":8,"href":"https:\/\/saude.ufpr.br\/odontologia\/wp-json\/wp\/v2\/pages\/3546\/revisions"}],"predecessor-version":[{"id":3605,"href":"https:\/\/saude.ufpr.br\/odontologia\/wp-json\/wp\/v2\/pages\/3546\/revisions\/3605"}],"wp:attachment":[{"href":"https:\/\/saude.ufpr.br\/odontologia\/wp-json\/wp\/v2\/media?parent=3546"}],"curies":[{"name":"wp","href":"https:\/\/api.w.org\/{rel}","templated":true}]}}