{"id":741,"date":"2018-05-09T00:04:50","date_gmt":"2018-05-09T03:04:50","guid":{"rendered":"https:\/\/saude.ufpr.br\/odontologia\/?page_id=741"},"modified":"2018-07-26T22:53:34","modified_gmt":"2018-07-27T01:53:34","slug":"clinicas","status":"publish","type":"page","link":"https:\/\/saude.ufpr.br\/odontologia\/clinicas\/","title":{"rendered":"Cl\u00ednicas e Laborat\u00f3rios"},"content":{"rendered":"<h5>Cl\u00ednicas<\/h5>\n<p>O curso de Odontologia da Universidade Federal do Paran\u00e1 disp\u00f5e de tr\u00eas cl\u00ednicas odontol\u00f3gicas e cada uma delas conta com 48 equipos, que s\u00e3o utilizados por alunos de gradua\u00e7\u00e3o e p\u00f3s gradua\u00e7\u00e3o para o atendimento de pacientes cadastrados e desempenho de atividades acad\u00eamicas supervisionadas pelo corpo docente.<\/p>\n<p>&nbsp;<\/p>\n<h5>Laborat\u00f3rios<\/h5>\n<p>As atividades pr\u00e9-cl\u00ednica, vitais para o processo de aprendizado, s\u00e3o desenvolvidas nos tr\u00eas laborat\u00f3rios dispon\u00edveis no pr\u00e9dio de Odontologia, sendo eles o Laborat\u00f3rio de Materiais Dent\u00e1rios, o de Dent\u00edstica \/ Endodontia e o de Pr\u00f3tese. Os laborat\u00f3rios tamb\u00e9m s\u00e3o utilizados para a realiza\u00e7\u00e3o dos cursos de extens\u00e3o ofertados durante o semestre.<\/p>\n<p>&nbsp;<\/p>\n\n<table id=\"tablepress-35\" class=\"tablepress tablepress-id-35\">\n<tbody class=\"row-striping row-hover\">\n<tr class=\"row-1\">\n\t<td class=\"column-1\"><a href=\"http:\/\/saude.ufpr.br\/odontologia\/wp-content\/uploads\/sites\/13\/2018\/07\/DSC_0603.jpg\"><img fetchpriority=\"high\" decoding=\"async\" src=\"http:\/\/saude.ufpr.br\/odontologia\/wp-content\/uploads\/sites\/13\/2018\/07\/DSC_0603-300x199.jpg\" alt=\"\" width=\"300\" height=\"199\" class=\"alignnone size-medium wp-image-1301\" srcset=\"https:\/\/saude.ufpr.br\/odontologia\/wp-content\/uploads\/sites\/13\/2018\/07\/DSC_0603-300x199.jpg 300w, https:\/\/saude.ufpr.br\/odontologia\/wp-content\/uploads\/sites\/13\/2018\/07\/DSC_0603-768x511.jpg 768w, https:\/\/saude.ufpr.br\/odontologia\/wp-content\/uploads\/sites\/13\/2018\/07\/DSC_0603-1024x681.jpg 1024w\" sizes=\"(max-width: 300px) 100vw, 300px\" \/><\/a><br \/>\nUm dos m\u00f3dulos da cl\u00ednica.<\/td><td class=\"column-2\"><a href=\"http:\/\/saude.ufpr.br\/odontologia\/wp-content\/uploads\/sites\/13\/2018\/07\/DSC_0607.jpg\"><img decoding=\"async\" src=\"http:\/\/saude.ufpr.br\/odontologia\/wp-content\/uploads\/sites\/13\/2018\/07\/DSC_0607-300x199.jpg\" alt=\"\" width=\"300\" height=\"199\" class=\"alignnone size-medium wp-image-1308\" srcset=\"https:\/\/saude.ufpr.br\/odontologia\/wp-content\/uploads\/sites\/13\/2018\/07\/DSC_0607-300x199.jpg 300w, https:\/\/saude.ufpr.br\/odontologia\/wp-content\/uploads\/sites\/13\/2018\/07\/DSC_0607-768x511.jpg 768w, https:\/\/saude.ufpr.br\/odontologia\/wp-content\/uploads\/sites\/13\/2018\/07\/DSC_0607-1024x681.jpg 1024w\" sizes=\"(max-width: 300px) 100vw, 300px\" \/><\/a><br \/>\n<br \/>\nEquipo odontol\u00f3gico.<\/td>\n<\/tr>\n<tr class=\"row-2\">\n\t<td class=\"column-1\"><a href=\"http:\/\/saude.ufpr.br\/odontologia\/wp-content\/uploads\/sites\/13\/2018\/07\/DSC_0619-1.jpg\"><img decoding=\"async\" src=\"http:\/\/saude.ufpr.br\/odontologia\/wp-content\/uploads\/sites\/13\/2018\/07\/DSC_0619-1-300x199.jpg\" alt=\"\" width=\"300\" height=\"199\" class=\"alignnone size-medium wp-image-1304\" srcset=\"https:\/\/saude.ufpr.br\/odontologia\/wp-content\/uploads\/sites\/13\/2018\/07\/DSC_0619-1-300x199.jpg 300w, https:\/\/saude.ufpr.br\/odontologia\/wp-content\/uploads\/sites\/13\/2018\/07\/DSC_0619-1-768x511.jpg 768w, https:\/\/saude.ufpr.br\/odontologia\/wp-content\/uploads\/sites\/13\/2018\/07\/DSC_0619-1-1024x681.jpg 1024w\" sizes=\"(max-width: 300px) 100vw, 300px\" \/><\/a><br \/>\n<br \/>\nAtendimento odontol\u00f3gico.<\/td><td class=\"column-2\"><a href=\"http:\/\/saude.ufpr.br\/odontologia\/wp-content\/uploads\/sites\/13\/2018\/07\/DSC_0626.jpg\"><img loading=\"lazy\" decoding=\"async\" src=\"http:\/\/saude.ufpr.br\/odontologia\/wp-content\/uploads\/sites\/13\/2018\/07\/DSC_0626-300x199.jpg\" alt=\"\" width=\"300\" height=\"199\" class=\"alignnone size-medium wp-image-1306\" srcset=\"https:\/\/saude.ufpr.br\/odontologia\/wp-content\/uploads\/sites\/13\/2018\/07\/DSC_0626-300x199.jpg 300w, https:\/\/saude.ufpr.br\/odontologia\/wp-content\/uploads\/sites\/13\/2018\/07\/DSC_0626-768x511.jpg 768w, https:\/\/saude.ufpr.br\/odontologia\/wp-content\/uploads\/sites\/13\/2018\/07\/DSC_0626-1024x681.jpg 1024w\" sizes=\"(max-width: 300px) 100vw, 300px\" \/><\/a><br \/>\n<br \/>\nLaborat\u00f3rio para atividades pr\u00e1ticas.<\/td>\n<\/tr>\n<tr class=\"row-3\">\n\t<td class=\"column-1\"><a href=\"http:\/\/saude.ufpr.br\/odontologia\/wp-content\/uploads\/sites\/13\/2018\/07\/DSC_0632.jpg\"><img loading=\"lazy\" decoding=\"async\" src=\"http:\/\/saude.ufpr.br\/odontologia\/wp-content\/uploads\/sites\/13\/2018\/07\/DSC_0632-300x199.jpg\" alt=\"\" width=\"300\" height=\"199\" class=\"alignnone size-medium wp-image-1305\" srcset=\"https:\/\/saude.ufpr.br\/odontologia\/wp-content\/uploads\/sites\/13\/2018\/07\/DSC_0632-300x199.jpg 300w, https:\/\/saude.ufpr.br\/odontologia\/wp-content\/uploads\/sites\/13\/2018\/07\/DSC_0632-768x511.jpg 768w, https:\/\/saude.ufpr.br\/odontologia\/wp-content\/uploads\/sites\/13\/2018\/07\/DSC_0632-1024x681.jpg 1024w\" sizes=\"(max-width: 300px) 100vw, 300px\" \/><\/a><br \/>\n<br \/>\nLaborat\u00f3rio.<\/td><td class=\"column-2\"><a href=\"http:\/\/saude.ufpr.br\/odontologia\/wp-content\/uploads\/sites\/13\/2018\/07\/DSC_0634.jpg\"><img loading=\"lazy\" decoding=\"async\" src=\"http:\/\/saude.ufpr.br\/odontologia\/wp-content\/uploads\/sites\/13\/2018\/07\/DSC_0634-300x199.jpg\" alt=\"\" width=\"300\" height=\"199\" class=\"alignnone size-medium wp-image-1307\" srcset=\"https:\/\/saude.ufpr.br\/odontologia\/wp-content\/uploads\/sites\/13\/2018\/07\/DSC_0634-300x199.jpg 300w, https:\/\/saude.ufpr.br\/odontologia\/wp-content\/uploads\/sites\/13\/2018\/07\/DSC_0634-768x511.jpg 768w, https:\/\/saude.ufpr.br\/odontologia\/wp-content\/uploads\/sites\/13\/2018\/07\/DSC_0634-1024x681.jpg 1024w\" sizes=\"(max-width: 300px) 100vw, 300px\" \/><\/a><br \/>\n<br \/>\nLaborat\u00f3rio.<\/td>\n<\/tr>\n<\/tbody>\n<\/table>\n<!-- #tablepress-35 from cache -->\n","protected":false},"excerpt":{"rendered":"<p>Cl\u00ednicas O curso de Odontologia da Universidade Federal do Paran\u00e1 disp\u00f5e de tr\u00eas cl\u00ednicas odontol\u00f3gicas e cada uma delas conta com 48 equipos, que s\u00e3o utilizados por alunos de gradua\u00e7\u00e3o e p\u00f3s gradua\u00e7\u00e3o para o atendimento de pacientes cadastrados e [&hellip;]<\/p>\n","protected":false},"author":1608,"featured_media":0,"parent":0,"menu_order":0,"comment_status":"closed","ping_status":"closed","template":"","meta":{"_acf_changed":false,"_uag_custom_page_level_css":"","footnotes":""},"class_list":["post-741","page","type-page","status-publish","hentry"],"acf":[],"featured_image_src":null,"uagb_featured_image_src":{"full":false,"thumbnail":false,"medium":false,"medium_large":false,"large":false,"1536x1536":false,"2048x2048":false},"uagb_author_info":{"display_name":"angelafernandes","author_link":"https:\/\/saude.ufpr.br\/odontologia\/author\/angelafernandes\/"},"uagb_comment_info":0,"uagb_excerpt":"Cl\u00ednicas O curso de Odontologia da Universidade Federal do Paran\u00e1 disp\u00f5e de tr\u00eas cl\u00ednicas odontol\u00f3gicas e cada uma delas conta com 48 equipos, que s\u00e3o utilizados por alunos de gradua\u00e7\u00e3o e p\u00f3s gradua\u00e7\u00e3o para o atendimento de pacientes cadastrados e [&hellip;]","publishpress_future_action":{"enabled":false,"date":"2026-04-22 06:44:35","action":"change-status","newStatus":"draft","terms":[],"taxonomy":"","extraData":[]},"publishpress_future_workflow_manual_trigger":{"enabledWorkflows":[]},"_links":{"self":[{"href":"https:\/\/saude.ufpr.br\/odontologia\/wp-json\/wp\/v2\/pages\/741","targetHints":{"allow":["GET"]}}],"collection":[{"href":"https:\/\/saude.ufpr.br\/odontologia\/wp-json\/wp\/v2\/pages"}],"about":[{"href":"https:\/\/saude.ufpr.br\/odontologia\/wp-json\/wp\/v2\/types\/page"}],"author":[{"embeddable":true,"href":"https:\/\/saude.ufpr.br\/odontologia\/wp-json\/wp\/v2\/users\/1608"}],"replies":[{"embeddable":true,"href":"https:\/\/saude.ufpr.br\/odontologia\/wp-json\/wp\/v2\/comments?post=741"}],"version-history":[{"count":10,"href":"https:\/\/saude.ufpr.br\/odontologia\/wp-json\/wp\/v2\/pages\/741\/revisions"}],"predecessor-version":[{"id":1465,"href":"https:\/\/saude.ufpr.br\/odontologia\/wp-json\/wp\/v2\/pages\/741\/revisions\/1465"}],"wp:attachment":[{"href":"https:\/\/saude.ufpr.br\/odontologia\/wp-json\/wp\/v2\/media?parent=741"}],"curies":[{"name":"wp","href":"https:\/\/api.w.org\/{rel}","templated":true}]}}