{"id":744,"date":"2018-05-09T00:04:51","date_gmt":"2018-05-09T03:04:51","guid":{"rendered":"https:\/\/saude.ufpr.br\/odontologia\/?page_id=744"},"modified":"2020-12-16T16:34:16","modified_gmt":"2020-12-16T19:34:16","slug":"banco-de-dentes-humanos","status":"publish","type":"page","link":"https:\/\/saude.ufpr.br\/odontologia\/banco-de-dentes-humanos\/","title":{"rendered":"Biobanco de Dentes"},"content":{"rendered":"<p>O Biobanco de Dentes Humanos vinculado ao curso de Odontologia da Universidade Federal do Paran\u00e1 (UFPR) &#8211; inaugurado no dia 22 de junho de 2010 &#8211; \u00e9 o laborat\u00f3rio respons\u00e1vel pela coleta, processamento e armazenamento dos \u00f3rg\u00e3os dent\u00e1rios voluntariamente cedidos por pacientes submetidos \u00e0 exodontias cl\u00ednicas, mediante a assinatura de um Termo de Consentimento Livre e Esclarecido. Estes \u00f3rg\u00e3os s\u00e3o submetidos aos procedimentos padr\u00e3o de desinfec\u00e7\u00e3o, esteriliza\u00e7\u00e3o, limpeza e remo\u00e7\u00e3o de c\u00e1ries, c\u00e1lculos e restaura\u00e7\u00f5es, sendo ent\u00e3o estocados em sistemas de armazenamento rastre\u00e1vel, submersos em solu\u00e7\u00e3o de cloramina T \u00a0e refrigerados \u00e0 4 \u00b0C, ou conservados secos, em temperatura ambiente em sistema n\u00e3o rastre\u00e1vel, ap\u00f3s uma triagem com crit\u00e9rios estabelecidos. A finalidade do laborat\u00f3rio \u00e9 manter estes \u00f3rg\u00e3os e materiais biol\u00f3gicos humanos sob uma cust\u00f3dia normatizada de acordo com a legisla\u00e7\u00e3o atual, de modo a oferecer substrato para pesquisas, treinamentos e atividades did\u00e1ticas relacionadas aos cursos de odontologia ou demais finalidades acad\u00eamicas que necessitem de aval pelo comit\u00ea de \u00e9tica em pesquisa e do registro na Plataforma Brasil.<\/p>\n<p>Desde a cria\u00e7\u00e3o dos Biobancos de Dentes e de sua respectiva divulga\u00e7\u00e3o, a vis\u00e3o de um dente como um \u00f3rg\u00e3o cresceu, aumentando o n\u00famero de doa\u00e7\u00f5es e, consequentemente, o n\u00famero de atividades realizadas com estes. O prop\u00f3sito principal de um Banco de Dentes \u00e9 suprir as necessidades acad\u00eamicas, fornecer dentes humanos para pesquisa ou para treinamento laboratorial pr\u00e9-cl\u00ednico dos alunos, eliminando o com\u00e9rcio ilegal de dentes que ainda existe nas Universidades (GOMES et al., 2013). No entanto, um estudo demonstrou que mais de 80% dos entrevistados n\u00e3o sabiam sequer da exist\u00eancia de um Banco de Dentes (LEITE et al., 2017).<\/p>\n<p>P\u00e1gina: <a href=\"https:\/\/saude.ufpr.br\/bdh\/\" target=\"_blank\" rel=\"noopener\"><strong>Biobanco de Dentes Humanos<\/strong><\/a><\/p>\n","protected":false},"excerpt":{"rendered":"<p>O Biobanco de Dentes Humanos vinculado ao curso de Odontologia da Universidade Federal do Paran\u00e1 (UFPR) &#8211; inaugurado no dia 22 de junho de 2010 &#8211; \u00e9 o laborat\u00f3rio respons\u00e1vel pela coleta, processamento e armazenamento dos \u00f3rg\u00e3os dent\u00e1rios voluntariamente cedidos [&hellip;]<\/p>\n","protected":false},"author":1608,"featured_media":0,"parent":0,"menu_order":0,"comment_status":"closed","ping_status":"closed","template":"","meta":{"_acf_changed":false,"_uag_custom_page_level_css":"","footnotes":""},"class_list":["post-744","page","type-page","status-publish","hentry"],"acf":[],"featured_image_src":null,"uagb_featured_image_src":{"full":false,"thumbnail":false,"medium":false,"medium_large":false,"large":false,"1536x1536":false,"2048x2048":false},"uagb_author_info":{"display_name":"angelafernandes","author_link":"https:\/\/saude.ufpr.br\/odontologia\/author\/angelafernandes\/"},"uagb_comment_info":0,"uagb_excerpt":"O Biobanco de Dentes Humanos vinculado ao curso de Odontologia da Universidade Federal do Paran\u00e1 (UFPR) &#8211; inaugurado no dia 22 de junho de 2010 &#8211; \u00e9 o laborat\u00f3rio respons\u00e1vel pela coleta, processamento e armazenamento dos \u00f3rg\u00e3os dent\u00e1rios voluntariamente cedidos [&hellip;]","publishpress_future_action":{"enabled":false,"date":"2026-04-30 07:19:08","action":"change-status","newStatus":"draft","terms":[],"taxonomy":"","extraData":[]},"publishpress_future_workflow_manual_trigger":{"enabledWorkflows":[]},"_links":{"self":[{"href":"https:\/\/saude.ufpr.br\/odontologia\/wp-json\/wp\/v2\/pages\/744","targetHints":{"allow":["GET"]}}],"collection":[{"href":"https:\/\/saude.ufpr.br\/odontologia\/wp-json\/wp\/v2\/pages"}],"about":[{"href":"https:\/\/saude.ufpr.br\/odontologia\/wp-json\/wp\/v2\/types\/page"}],"author":[{"embeddable":true,"href":"https:\/\/saude.ufpr.br\/odontologia\/wp-json\/wp\/v2\/users\/1608"}],"replies":[{"embeddable":true,"href":"https:\/\/saude.ufpr.br\/odontologia\/wp-json\/wp\/v2\/comments?post=744"}],"version-history":[{"count":6,"href":"https:\/\/saude.ufpr.br\/odontologia\/wp-json\/wp\/v2\/pages\/744\/revisions"}],"predecessor-version":[{"id":2875,"href":"https:\/\/saude.ufpr.br\/odontologia\/wp-json\/wp\/v2\/pages\/744\/revisions\/2875"}],"wp:attachment":[{"href":"https:\/\/saude.ufpr.br\/odontologia\/wp-json\/wp\/v2\/media?parent=744"}],"curies":[{"name":"wp","href":"https:\/\/api.w.org\/{rel}","templated":true}]}}