{"id":790,"date":"2018-05-09T00:49:43","date_gmt":"2018-05-09T03:49:43","guid":{"rendered":"https:\/\/saude.ufpr.br\/odontologia\/?page_id=790"},"modified":"2019-07-18T17:13:58","modified_gmt":"2019-07-18T20:13:58","slug":"perguntas-frequentes","status":"publish","type":"page","link":"https:\/\/saude.ufpr.br\/odontologia\/perguntas-frequentes\/","title":{"rendered":"Pronto Atendimento"},"content":{"rendered":"<p>O Pronto Atendimento do curso de Odontologia da UFPR, auxilia e prepara os alunos para enfrentarem as mais diversas situa\u00e7\u00f5es que venham a acontecer em suas atividades como futuros profissionais.<\/p>\n<p>O Pronto Atendimento, tem como objetivo atender casos de urg\u00eancia. A caracter\u00edstica que o difere de atendimentos pr\u00e9 agendados s\u00e3o os atendimentos por demanda espont\u00e2nea populacional, com capacidade de at\u00e9 06 pacientes em cada per\u00edodo . O PA \u00e9 gerenciado por alunos do \u00faltimo ano da gradua\u00e7\u00e3o juntamente com um professor supervisor.<\/p>\n<p>Os pacientes que forem atendidos no Pronto Atendimento, n\u00e3o ter\u00e3o a conclus\u00e3o dos tratamentos necess\u00e1rios l\u00e1. Ap\u00f3s o manejo da situa\u00e7\u00e3o emerg\u00eancial o paciente ser\u00e1 encaminhado a uma fila de espera para ser atendido nas disciplinas incumbidas para o t\u00e9rmino de seu tratamento.<\/p>\n<p>Hor\u00e1rio de atendimento:<\/p>\n<p>Manh\u00e3: 8h &#8211; 11h<\/p>\n<p>Tarde: 13h &#8211; 17h<\/p>\n","protected":false},"excerpt":{"rendered":"<p>O Pronto Atendimento do curso de Odontologia da UFPR, auxilia e prepara os alunos para enfrentarem as mais diversas situa\u00e7\u00f5es que venham a acontecer em suas atividades como futuros profissionais. O Pronto Atendimento, tem como objetivo atender casos de urg\u00eancia. [&hellip;]<\/p>\n","protected":false},"author":1608,"featured_media":0,"parent":0,"menu_order":0,"comment_status":"closed","ping_status":"closed","template":"","meta":{"_acf_changed":false,"_uag_custom_page_level_css":"","footnotes":""},"class_list":["post-790","page","type-page","status-publish","hentry"],"acf":[],"featured_image_src":null,"uagb_featured_image_src":{"full":false,"thumbnail":false,"medium":false,"medium_large":false,"large":false,"1536x1536":false,"2048x2048":false},"uagb_author_info":{"display_name":"angelafernandes","author_link":"https:\/\/saude.ufpr.br\/odontologia\/author\/angelafernandes\/"},"uagb_comment_info":0,"uagb_excerpt":"O Pronto Atendimento do curso de Odontologia da UFPR, auxilia e prepara os alunos para enfrentarem as mais diversas situa\u00e7\u00f5es que venham a acontecer em suas atividades como futuros profissionais. O Pronto Atendimento, tem como objetivo atender casos de urg\u00eancia. [&hellip;]","publishpress_future_action":{"enabled":false,"date":"2026-04-30 07:19:10","action":"change-status","newStatus":"draft","terms":[],"taxonomy":"","extraData":[]},"publishpress_future_workflow_manual_trigger":{"enabledWorkflows":[]},"_links":{"self":[{"href":"https:\/\/saude.ufpr.br\/odontologia\/wp-json\/wp\/v2\/pages\/790","targetHints":{"allow":["GET"]}}],"collection":[{"href":"https:\/\/saude.ufpr.br\/odontologia\/wp-json\/wp\/v2\/pages"}],"about":[{"href":"https:\/\/saude.ufpr.br\/odontologia\/wp-json\/wp\/v2\/types\/page"}],"author":[{"embeddable":true,"href":"https:\/\/saude.ufpr.br\/odontologia\/wp-json\/wp\/v2\/users\/1608"}],"replies":[{"embeddable":true,"href":"https:\/\/saude.ufpr.br\/odontologia\/wp-json\/wp\/v2\/comments?post=790"}],"version-history":[{"count":10,"href":"https:\/\/saude.ufpr.br\/odontologia\/wp-json\/wp\/v2\/pages\/790\/revisions"}],"predecessor-version":[{"id":2506,"href":"https:\/\/saude.ufpr.br\/odontologia\/wp-json\/wp\/v2\/pages\/790\/revisions\/2506"}],"wp:attachment":[{"href":"https:\/\/saude.ufpr.br\/odontologia\/wp-json\/wp\/v2\/media?parent=790"}],"curies":[{"name":"wp","href":"https:\/\/api.w.org\/{rel}","templated":true}]}}