{"id":800,"date":"2018-05-09T01:00:28","date_gmt":"2018-05-09T04:00:28","guid":{"rendered":"https:\/\/saude.ufpr.br\/odontologia\/?page_id=800"},"modified":"2024-05-14T17:02:46","modified_gmt":"2024-05-14T20:02:46","slug":"contato","status":"publish","type":"page","link":"https:\/\/saude.ufpr.br\/odontologia\/contato\/","title":{"rendered":"Contato"},"content":{"rendered":"<p><strong>SERVI\u00c7O DE TRIAGEM ODONTOL\u00d3GICA<\/strong><\/p>\n\n<table id=\"tablepress-18\" class=\"tablepress tablepress-id-18\">\n<tbody class=\"row-striping row-hover\">\n<tr class=\"row-1\">\n\t<td class=\"column-1\">Informa\u00e7\u00f5es sobre atendimento odontol\u00f3gico exclusivamente nos seguintes n\u00fameros (LIGA\u00c7\u00c3O ou WHATSAPP):<\/td>\n<\/tr>\n<tr class=\"row-2\">\n\t<td class=\"column-1\">(41) 3360-4030<\/td>\n<\/tr>\n<tr class=\"row-3\">\n\t<td class=\"column-1\">(41) 3360-4059<\/td>\n<\/tr>\n<tr class=\"row-4\">\n\t<td class=\"column-1\">Endere\u00e7o: Av. Prefeito Loth\u00e1rio Meissner, 632 - Jardim Bot\u00e2nico, Curitiba - PR, CEP: 80210-170<\/td>\n<\/tr>\n<\/tbody>\n<\/table>\n<!-- #tablepress-18 from cache -->\n<hr \/>\n<p><strong>COORDENA\u00c7\u00c3O DO CURSO DE ODONTOLOGIA<\/strong><\/p>\n\n<table id=\"tablepress-17\" class=\"tablepress tablepress-id-17\">\n<tbody class=\"row-striping row-hover\">\n<tr class=\"row-1\">\n\t<td class=\"column-1\">Whatsapp: (41) 98408-1696<\/td>\n<\/tr>\n<tr class=\"row-2\">\n\t<td class=\"column-1\">E-mail: coord.odontologia@ufpr.br<br \/>\n<\/td>\n<\/tr>\n<tr class=\"row-3\">\n\t<td class=\"column-1\">Endere\u00e7o: Av. Prefeito Loth\u00e1rio Meissner, 632 - Jardim Bot\u00e2nico, Curitiba - PR, CEP: 80210-170<\/td>\n<\/tr>\n<\/tbody>\n<\/table>\n<!-- #tablepress-17 from cache -->\n<hr \/>\n<p><strong>DEPARTAMENTO DE ODONTOLOGIA RESTAURADORA<\/strong><\/p>\n\n<table id=\"tablepress-19\" class=\"tablepress tablepress-id-19\">\n<tbody class=\"row-striping row-hover\">\n<tr class=\"row-1\">\n\t<td class=\"column-1\">Chefe: Prof. Dr. Ricardo C\u00e9sar Moresca<br \/>\n<\/td>\n<\/tr>\n<tr class=\"row-2\">\n\t<td class=\"column-1\">Suplente: Profa. Dra. Gisele Maria Correr Nolasco<\/td>\n<\/tr>\n<tr class=\"row-3\">\n\t<td class=\"column-1\">E-mail: odontorestauradora@ufpr.br<\/td>\n<\/tr>\n<tr class=\"row-4\">\n\t<td class=\"column-1\">Telefone: (41) 3360-4052<\/td>\n<\/tr>\n<tr class=\"row-5\">\n\t<td class=\"column-1\">Endere\u00e7o: Av. Prefeito Loth\u00e1rio Meissner, 632 - Jardim Bot\u00e2nico, Curitiba - PR, CEP: 80210-170<\/td>\n<\/tr>\n<\/tbody>\n<\/table>\n<!-- #tablepress-19 from cache -->\n<hr \/>\n<p><strong>DEPARTAMENTO DE ESTOMATOLOGIA<\/strong><\/p>\n\n<table id=\"tablepress-20\" class=\"tablepress tablepress-id-20\">\n<tbody class=\"row-striping row-hover\">\n<tr class=\"row-1\">\n\t<td class=\"column-1\">Decano: Prof. Dr. Roberto Eluard da Veiga Cavali<\/td>\n<\/tr>\n<tr class=\"row-2\">\n\t<td class=\"column-1\">Suplente: Prof. Dr. Jos\u00e9 Vinicius Bolognesi Maciel<\/td>\n<\/tr>\n<tr class=\"row-3\">\n\t<td class=\"column-1\">E-mail: estomato@ufpr.br<\/td>\n<\/tr>\n<tr class=\"row-4\">\n\t<td class=\"column-1\">Telefone: (41) 3360-4050<\/td>\n<\/tr>\n<tr class=\"row-5\">\n\t<td class=\"column-1\">Endere\u00e7o: Av. Prefeito Loth\u00e1rio Meissner, 632 - Jardim Bot\u00e2nico, Curitiba - PR, CEP: 80210-170<\/td>\n<\/tr>\n<tr class=\"row-6\">\n\t<td class=\"column-1\">P\u00e1gina: <a href=\"https:\/\/saude.ufpr.br\/departamentoestomatologia\/\" rel=\"noopener noreferrer\" target=\"_blank\">Departamento de Estomatologia<\/a><\/td>\n<\/tr>\n<\/tbody>\n<\/table>\n<!-- #tablepress-20 from cache -->\n<hr \/>\n<p><strong>DEPARTAMENTO DE SA\u00daDE COLETIVA<\/strong><\/p>\n\n<table id=\"tablepress-21\" class=\"tablepress tablepress-id-21\">\n<tbody class=\"row-striping row-hover\">\n<tr class=\"row-1\">\n\t<td class=\"column-1\">Chefe: Prof. Dra. Solena Ziemer Kusma FIidalski<\/td>\n<\/tr>\n<tr class=\"row-2\">\n\t<td class=\"column-1\">E-mail: saudecom@ufpr.br<\/td>\n<\/tr>\n<tr class=\"row-3\">\n\t<td class=\"column-1\">Telefone: (41) 3360-7241<\/td>\n<\/tr>\n<\/tbody>\n<\/table>\n<!-- #tablepress-21 from cache -->\n<hr \/>\n<p><strong>OUVIDORIA GERAL DA UFPR<\/strong><\/p>\n\n<table id=\"tablepress-23\" class=\"tablepress tablepress-id-23\">\n<tbody class=\"row-striping row-hover\">\n<tr class=\"row-1\">\n\t<td class=\"column-1\">Telefone: (41) 3310-2836<\/td>\n<\/tr>\n<tr class=\"row-2\">\n\t<td class=\"column-1\">E-mail: ouvidoriageral@ufpr.br<\/td>\n<\/tr>\n<tr class=\"row-3\">\n\t<td class=\"column-1\">P\u00e1gina: <a href=\"http:\/\/www.ouvidoriageral.ufpr.br\" rel=\"noopener\" target=\"_blank\">Ouvidoria Geral<\/a><\/td>\n<\/tr>\n<tr class=\"row-4\">\n\t<td class=\"column-1\">Endere\u00e7o: Pra\u00e7a Santos Andrade, 50 \u2013 T\u00e9rreo, Centro, Curitiba - PR, CEP: 80020-300<\/td>\n<\/tr>\n<\/tbody>\n<\/table>\n<!-- #tablepress-23 from cache -->\n<hr \/>\n<p><strong>RAMAIS<\/strong><\/p>\n<p><a href=\"https:\/\/saude.ufpr.br\/odontologia\/wp-content\/uploads\/sites\/13\/2020\/02\/RAMAIS-DE-SERVIDORES-E-DOCENTES.pdf.pdf\">https:\/\/saude.ufpr.br\/odontologia\/wp-content\/uploads\/sites\/13\/2020\/02\/RAMAIS-DE-SERVIDORES-E-DOCENTES.pdf.pdf<\/a><\/p>\n","protected":false},"excerpt":{"rendered":"<p>SERVI\u00c7O DE TRIAGEM ODONTOL\u00d3GICA COORDENA\u00c7\u00c3O DO CURSO DE ODONTOLOGIA DEPARTAMENTO DE ODONTOLOGIA RESTAURADORA DEPARTAMENTO DE ESTOMATOLOGIA DEPARTAMENTO DE SA\u00daDE COLETIVA OUVIDORIA GERAL DA UFPR RAMAIS https:\/\/saude.ufpr.br\/odontologia\/wp-content\/uploads\/sites\/13\/2020\/02\/RAMAIS-DE-SERVIDORES-E-DOCENTES.pdf.pdf<\/p>\n","protected":false},"author":1608,"featured_media":0,"parent":0,"menu_order":0,"comment_status":"closed","ping_status":"closed","template":"","meta":{"_acf_changed":false,"_uag_custom_page_level_css":"","footnotes":""},"class_list":["post-800","page","type-page","status-publish","hentry"],"acf":[],"featured_image_src":null,"uagb_featured_image_src":{"full":false,"thumbnail":false,"medium":false,"medium_large":false,"large":false,"1536x1536":false,"2048x2048":false},"uagb_author_info":{"display_name":"angelafernandes","author_link":"https:\/\/saude.ufpr.br\/odontologia\/author\/angelafernandes\/"},"uagb_comment_info":0,"uagb_excerpt":"SERVI\u00c7O DE TRIAGEM ODONTOL\u00d3GICA COORDENA\u00c7\u00c3O DO CURSO DE ODONTOLOGIA DEPARTAMENTO DE ODONTOLOGIA RESTAURADORA DEPARTAMENTO DE ESTOMATOLOGIA DEPARTAMENTO DE SA\u00daDE COLETIVA OUVIDORIA GERAL DA UFPR RAMAIS https:\/\/saude.ufpr.br\/odontologia\/wp-content\/uploads\/sites\/13\/2020\/02\/RAMAIS-DE-SERVIDORES-E-DOCENTES.pdf.pdf","publishpress_future_action":{"enabled":false,"date":"2026-04-29 18:28:11","action":"change-status","newStatus":"draft","terms":[],"taxonomy":"","extraData":[]},"publishpress_future_workflow_manual_trigger":{"enabledWorkflows":[]},"_links":{"self":[{"href":"https:\/\/saude.ufpr.br\/odontologia\/wp-json\/wp\/v2\/pages\/800","targetHints":{"allow":["GET"]}}],"collection":[{"href":"https:\/\/saude.ufpr.br\/odontologia\/wp-json\/wp\/v2\/pages"}],"about":[{"href":"https:\/\/saude.ufpr.br\/odontologia\/wp-json\/wp\/v2\/types\/page"}],"author":[{"embeddable":true,"href":"https:\/\/saude.ufpr.br\/odontologia\/wp-json\/wp\/v2\/users\/1608"}],"replies":[{"embeddable":true,"href":"https:\/\/saude.ufpr.br\/odontologia\/wp-json\/wp\/v2\/comments?post=800"}],"version-history":[{"count":25,"href":"https:\/\/saude.ufpr.br\/odontologia\/wp-json\/wp\/v2\/pages\/800\/revisions"}],"predecessor-version":[{"id":3525,"href":"https:\/\/saude.ufpr.br\/odontologia\/wp-json\/wp\/v2\/pages\/800\/revisions\/3525"}],"wp:attachment":[{"href":"https:\/\/saude.ufpr.br\/odontologia\/wp-json\/wp\/v2\/media?parent=800"}],"curies":[{"name":"wp","href":"https:\/\/api.w.org\/{rel}","templated":true}]}}