{"id":828,"date":"2018-05-09T01:39:58","date_gmt":"2018-05-09T04:39:58","guid":{"rendered":"https:\/\/saude.ufpr.br\/odontologia\/?page_id=828"},"modified":"2018-07-26T16:10:19","modified_gmt":"2018-07-26T19:10:19","slug":"central-de-esterilizacao","status":"publish","type":"page","link":"https:\/\/saude.ufpr.br\/odontologia\/central-de-esterilizacao\/","title":{"rendered":"Central de Esteriliza\u00e7\u00e3o"},"content":{"rendered":"<p>A esteriliza\u00e7\u00e3o dos materiais tem um papel fundamental nos procedimentos cir\u00fargicos e cl\u00ednicos odontol\u00f3gicos garantindo a efic\u00e1cia de um atendimento livre de microrganismos.<\/p>\n<p>A Central de Esteriliza\u00e7\u00e3o est\u00e1 localizada nas depend\u00eancias do pr\u00e9dio do Curso de Odontologia da Universidade Federal do Paran\u00e1 (UFPR) no Campus III &#8211; Jardim Bot\u00e2nico desde 1996 e \u00e9 destinada \u00e0 esteriliza\u00e7\u00e3o e estocagem de materiais esterilizados dos alunos da gradua\u00e7\u00e3o e p\u00f3s-gradua\u00e7\u00e3o.<\/p>\n<p style=\"text-align: left\">Possui tr\u00eas \u00e1reas distintas sendo: \u00e1rea de embalagem e entrega de material para esterilizar, \u00e1rea de esteriliza\u00e7\u00e3o de material contendo 4 autoclaves com capacidade m\u00e9dia de 250 litros e, \u00e1rea de estocagem e entrega de material esterilizado.<\/p>\n<p style=\"text-align: left\">De acesso restrito, atende com funcion\u00e1rios exclusivos e sistema de hor\u00e1rio espec\u00edfico para entrega e recebimento de materiais:<\/p>\n<p style=\"text-align: left\">\n<table id=\"tablepress-32\" class=\"tablepress tablepress-id-32\">\n<tbody class=\"row-hover\">\n<tr class=\"row-1\">\n\t<td class=\"column-1\">07h45min \u00e0s 10h00min<\/td><td class=\"column-2\">Entrega de material esterilizado<\/td>\n<\/tr>\n<tr class=\"row-2\">\n\t<td class=\"column-1\">07h45min \u00e0s 12h30min<\/td><td class=\"column-2\">Recebimento do material a ser esterilizado para o dia seguinte<\/td>\n<\/tr>\n<tr class=\"row-3\">\n\t<td class=\"column-1\">13h30min \u00e0s 15h30min<\/td><td class=\"column-2\">Entrega de material esterilizado<\/td>\n<\/tr>\n<tr class=\"row-4\">\n\t<td class=\"column-1\">16h00min \u00e0s 16h45min<\/td><td class=\"column-2\">Recebimento do material a ser esterilizado para o dia seguinte pela manh\u00e3<\/td>\n<\/tr>\n<tr class=\"row-5\">\n\t<td class=\"column-1\">16h45min \u00e0s 18h00min<\/td><td class=\"column-2\">Recebimento do material a ser esterilizado para o dia seguinte \u00e0 tarde<\/td>\n<\/tr>\n<\/tbody>\n<\/table>\n<!-- #tablepress-32 from cache --><\/p>\n<p style=\"text-align: left\">Os volumes esterilizados s\u00e3o registrados diariamente tendo uma produtividade m\u00e9dia mensal de 9.000 unidades.<\/p>\n<p style=\"text-align: left\">O gerenciamento da qualidade do processo de esteriliza\u00e7\u00e3o \u00e9 monitorado por meio de testes biol\u00f3gicos (semanais), testes qu\u00edmicos (diariamente a cada ciclo) e monitora\u00e7\u00e3o f\u00edsica (di\u00e1rio).<\/p>\n<p>Clique abaixo para ver a planta f\u00edsica da central de esteriliza\u00e7\u00e3o:<\/p>\n<p><a href=\"https:\/\/saude.ufpr.br\/odontologia\/wp-content\/uploads\/sites\/13\/2018\/07\/Central-de-Esteriliza\u00e7\u00e3o-1.pdf\">Central de Esteriliza\u00e7\u00e3o<\/a><\/p>\n<p>&nbsp;<\/p>\n","protected":false},"excerpt":{"rendered":"<p>A esteriliza\u00e7\u00e3o dos materiais tem um papel fundamental nos procedimentos cir\u00fargicos e cl\u00ednicos odontol\u00f3gicos garantindo a efic\u00e1cia de um atendimento livre de microrganismos. A Central de Esteriliza\u00e7\u00e3o est\u00e1 localizada nas depend\u00eancias do pr\u00e9dio do Curso de Odontologia da Universidade Federal [&hellip;]<\/p>\n","protected":false},"author":1608,"featured_media":0,"parent":0,"menu_order":0,"comment_status":"closed","ping_status":"closed","template":"","meta":{"_acf_changed":false,"_uag_custom_page_level_css":"","footnotes":""},"class_list":["post-828","page","type-page","status-publish","hentry"],"acf":[],"featured_image_src":null,"uagb_featured_image_src":{"full":false,"thumbnail":false,"medium":false,"medium_large":false,"large":false,"1536x1536":false,"2048x2048":false},"uagb_author_info":{"display_name":"angelafernandes","author_link":"https:\/\/saude.ufpr.br\/odontologia\/author\/angelafernandes\/"},"uagb_comment_info":0,"uagb_excerpt":"A esteriliza\u00e7\u00e3o dos materiais tem um papel fundamental nos procedimentos cir\u00fargicos e cl\u00ednicos odontol\u00f3gicos garantindo a efic\u00e1cia de um atendimento livre de microrganismos. A Central de Esteriliza\u00e7\u00e3o est\u00e1 localizada nas depend\u00eancias do pr\u00e9dio do Curso de Odontologia da Universidade Federal [&hellip;]","publishpress_future_action":{"enabled":false,"date":"2026-04-29 18:28:11","action":"change-status","newStatus":"draft","terms":[],"taxonomy":"","extraData":[]},"publishpress_future_workflow_manual_trigger":{"enabledWorkflows":[]},"_links":{"self":[{"href":"https:\/\/saude.ufpr.br\/odontologia\/wp-json\/wp\/v2\/pages\/828","targetHints":{"allow":["GET"]}}],"collection":[{"href":"https:\/\/saude.ufpr.br\/odontologia\/wp-json\/wp\/v2\/pages"}],"about":[{"href":"https:\/\/saude.ufpr.br\/odontologia\/wp-json\/wp\/v2\/types\/page"}],"author":[{"embeddable":true,"href":"https:\/\/saude.ufpr.br\/odontologia\/wp-json\/wp\/v2\/users\/1608"}],"replies":[{"embeddable":true,"href":"https:\/\/saude.ufpr.br\/odontologia\/wp-json\/wp\/v2\/comments?post=828"}],"version-history":[{"count":8,"href":"https:\/\/saude.ufpr.br\/odontologia\/wp-json\/wp\/v2\/pages\/828\/revisions"}],"predecessor-version":[{"id":1351,"href":"https:\/\/saude.ufpr.br\/odontologia\/wp-json\/wp\/v2\/pages\/828\/revisions\/1351"}],"wp:attachment":[{"href":"https:\/\/saude.ufpr.br\/odontologia\/wp-json\/wp\/v2\/media?parent=828"}],"curies":[{"name":"wp","href":"https:\/\/api.w.org\/{rel}","templated":true}]}}