{"id":857,"date":"2018-05-09T12:52:04","date_gmt":"2018-05-09T15:52:04","guid":{"rendered":"https:\/\/saude.ufpr.br\/odontologia\/?page_id=857"},"modified":"2019-08-07T05:02:45","modified_gmt":"2019-08-07T08:02:45","slug":"a-universidade","status":"publish","type":"page","link":"https:\/\/saude.ufpr.br\/odontologia\/a-universidade\/","title":{"rendered":"A Universidade"},"content":{"rendered":"<div id=\"attachment_879\" style=\"width: 310px\" class=\"wp-caption alignleft\"><a href=\"https:\/\/saude.ufpr.br\/odontologia\/wp-content\/uploads\/sites\/13\/2018\/05\/WhatsApp-Image-2018-05-06-at-22.45.34-2.jpeg\"><img fetchpriority=\"high\" decoding=\"async\" aria-describedby=\"caption-attachment-879\" class=\"wp-image-879 size-medium\" src=\"https:\/\/saude.ufpr.br\/odontologia\/wp-content\/uploads\/sites\/13\/2018\/05\/WhatsApp-Image-2018-05-06-at-22.45.34-2-300x200.jpeg\" alt=\"\" width=\"300\" height=\"200\" srcset=\"https:\/\/saude.ufpr.br\/odontologia\/wp-content\/uploads\/sites\/13\/2018\/05\/WhatsApp-Image-2018-05-06-at-22.45.34-2-300x200.jpeg 300w, https:\/\/saude.ufpr.br\/odontologia\/wp-content\/uploads\/sites\/13\/2018\/05\/WhatsApp-Image-2018-05-06-at-22.45.34-2-768x512.jpeg 768w, https:\/\/saude.ufpr.br\/odontologia\/wp-content\/uploads\/sites\/13\/2018\/05\/WhatsApp-Image-2018-05-06-at-22.45.34-2-1024x682.jpeg 1024w, https:\/\/saude.ufpr.br\/odontologia\/wp-content\/uploads\/sites\/13\/2018\/05\/WhatsApp-Image-2018-05-06-at-22.45.34-2.jpeg 1280w\" sizes=\"(max-width: 300px) 100vw, 300px\" \/><\/a><p id=\"caption-attachment-879\" class=\"wp-caption-text\">Fachada do Pr\u00e9dio Hist\u00f3rico da UFPR<\/p><\/div>\n<p>A Universidade Federal do Paran\u00e1 \u00e9 a mais antiga universidade do Brasil e s\u00edmbolo de Curitiba. Envolta em uma hist\u00f3ria de lutas e conquistas desde 1912, a UFPR \u00e9 refer\u00eancia no ensino superior para o Estado e para o Brasil.<\/p>\n<p>S\u00edmbolo maior da intelectualidade paranaense, a Universidade demonstra sua import\u00e2ncia e excel\u00eancia atrav\u00e9s dos cursos de gradua\u00e7\u00e3o, especializa\u00e7\u00e3o, mestrado e doutorado, que s\u00e3o norteados pelo princ\u00edpio da indissociabilidade entre Ensino, Pesquisa e Extens\u00e3o. A fun\u00e7\u00e3o social da universidade \u00e9 valorizada justamente atrav\u00e9s desse trip\u00e9, pois todo ensino, pesquisa e atividade de extens\u00e3o deve devolver a esta comunidade, em forma de conhecimento, tecnologia e cultura, os recursos p\u00fablicos que a permitem existir enquanto Institui\u00e7\u00e3o Federal de Ensino Superior.<\/p>\n<p>Al\u00e9m dos campi em Curitiba, a UFPR est\u00e1 presente no interior e no litoral do estado, tendo papel ativo no desenvolvimento s\u00f3cio-econ\u00f4mico e na qualidade de vida do paranaense, por meio do acesso \u00e0 educa\u00e7\u00e3o superior e das atividades desempenhadas pela comunidade acad\u00eamica em prol da sociedade do Paran\u00e1 e do Brasil.<\/p>\n<p><a href=\"https:\/\/saude.ufpr.br\/odontologia\/wp-content\/uploads\/sites\/13\/2019\/08\/PDI_UFPR.pdf\">Plano de Desenvolvimento Institucional 2017 &#8211; 2021 <\/a><\/p>\n","protected":false},"excerpt":{"rendered":"<p>A Universidade Federal do Paran\u00e1 \u00e9 a mais antiga universidade do Brasil e s\u00edmbolo de Curitiba. Envolta em uma hist\u00f3ria de lutas e conquistas desde 1912, a UFPR \u00e9 refer\u00eancia no ensino superior para o Estado e para o Brasil. [&hellip;]<\/p>\n","protected":false},"author":1608,"featured_media":0,"parent":0,"menu_order":0,"comment_status":"closed","ping_status":"closed","template":"","meta":{"_acf_changed":false,"_uag_custom_page_level_css":"","footnotes":""},"class_list":["post-857","page","type-page","status-publish","hentry"],"acf":[],"featured_image_src":null,"uagb_featured_image_src":{"full":false,"thumbnail":false,"medium":false,"medium_large":false,"large":false,"1536x1536":false,"2048x2048":false},"uagb_author_info":{"display_name":"angelafernandes","author_link":"https:\/\/saude.ufpr.br\/odontologia\/author\/angelafernandes\/"},"uagb_comment_info":0,"uagb_excerpt":"A Universidade Federal do Paran\u00e1 \u00e9 a mais antiga universidade do Brasil e s\u00edmbolo de Curitiba. Envolta em uma hist\u00f3ria de lutas e conquistas desde 1912, a UFPR \u00e9 refer\u00eancia no ensino superior para o Estado e para o Brasil. [&hellip;]","publishpress_future_action":{"enabled":false,"date":"2026-04-29 18:28:12","action":"change-status","newStatus":"draft","terms":[],"taxonomy":"","extraData":[]},"publishpress_future_workflow_manual_trigger":{"enabledWorkflows":[]},"_links":{"self":[{"href":"https:\/\/saude.ufpr.br\/odontologia\/wp-json\/wp\/v2\/pages\/857","targetHints":{"allow":["GET"]}}],"collection":[{"href":"https:\/\/saude.ufpr.br\/odontologia\/wp-json\/wp\/v2\/pages"}],"about":[{"href":"https:\/\/saude.ufpr.br\/odontologia\/wp-json\/wp\/v2\/types\/page"}],"author":[{"embeddable":true,"href":"https:\/\/saude.ufpr.br\/odontologia\/wp-json\/wp\/v2\/users\/1608"}],"replies":[{"embeddable":true,"href":"https:\/\/saude.ufpr.br\/odontologia\/wp-json\/wp\/v2\/comments?post=857"}],"version-history":[{"count":6,"href":"https:\/\/saude.ufpr.br\/odontologia\/wp-json\/wp\/v2\/pages\/857\/revisions"}],"predecessor-version":[{"id":2611,"href":"https:\/\/saude.ufpr.br\/odontologia\/wp-json\/wp\/v2\/pages\/857\/revisions\/2611"}],"wp:attachment":[{"href":"https:\/\/saude.ufpr.br\/odontologia\/wp-json\/wp\/v2\/media?parent=857"}],"curies":[{"name":"wp","href":"https:\/\/api.w.org\/{rel}","templated":true}]}}