{"id":860,"date":"2018-05-09T12:52:04","date_gmt":"2018-05-09T15:52:04","guid":{"rendered":"https:\/\/saude.ufpr.br\/odontologia\/?page_id=860"},"modified":"2020-01-08T00:42:12","modified_gmt":"2020-01-08T02:42:12","slug":"listas-de-materiais","status":"publish","type":"page","link":"https:\/\/saude.ufpr.br\/odontologia\/listas-de-materiais\/","title":{"rendered":"Listas de Materiais"},"content":{"rendered":"<p>Aviso<\/p>\n<p>As listas de materiais abaixo foram elaboradas pelos professores das disciplinas em quest\u00e3o e podem sofrer altera\u00e7\u00f5es de acordo com o planejamento das atividades previstas para cada semestre. Sempre consulte o professor antes de realizar a compra, especialmente se n\u00e3o houver possibilidade de troca. A lista oferecida pelas dentais <strong>n\u00e3o \u00e9 oficial<\/strong> e pode conter v\u00e1rios itens n\u00e3o solicitados pelas disciplinas.<\/p>\n\n<table id=\"tablepress-31\" class=\"tablepress tablepress-id-31\">\n<tbody class=\"row-striping row-hover\">\n<tr class=\"row-1\">\n\t<td class=\"column-1\">1\u00ba Per\u00edodo<\/td><td class=\"column-2\"><a href=\"https:\/\/saude.ufpr.br\/odontologia\/wp-content\/uploads\/sites\/13\/2018\/07\/Anatomia-Odontol\u00f3gica-I-1.pdf\">Anatomia Odontol\u00f3gica I<\/a><br \/>\n<a href=\"https:\/\/saude.ufpr.br\/odontologia\/wp-content\/uploads\/sites\/13\/2018\/07\/Biosseguran\u00e7a-em-Odontologia-1.pdf\">Biosseguran\u00e7a em Odontologia<\/a><\/td>\n<\/tr>\n<tr class=\"row-2\">\n\t<td class=\"column-1\">2\u00ba Per\u00edodo<\/td><td class=\"column-2\"><a href=\"https:\/\/saude.ufpr.br\/odontologia\/wp-content\/uploads\/sites\/13\/2018\/07\/Odontologia-em-Sa\u00fade-Coletiva-I-1.pdf\">Odontologia em Sa\u00fade Coletiva I<\/a><\/td>\n<\/tr>\n<tr class=\"row-3\">\n\t<td class=\"column-1\">3\u00ba Per\u00edodo<\/td><td class=\"column-2\"><a href=\"https:\/\/saude.ufpr.br\/odontologia\/wp-content\/uploads\/sites\/13\/2018\/07\/Materiais-Odontol\u00f3gicos-I-1.pdf\">Materiais Odontol\u00f3gicos I<\/a><br \/>\n<a href=\"https:\/\/saude.ufpr.br\/odontologia\/wp-content\/uploads\/sites\/13\/2018\/07\/Radiologia-Odontol\u00f3gica-e-Imaginologia-I-1.pdf\">Radiologia Odontol\u00f3gica e Imaginologia I<\/a><\/td>\n<\/tr>\n<tr class=\"row-4\">\n\t<td class=\"column-1\">4\u00ba Per\u00edodo<\/td><td class=\"column-2\"><a href=\"https:\/\/saude.ufpr.br\/odontologia\/wp-content\/uploads\/sites\/13\/2018\/07\/Dent\u00edstica-Operat\u00f3ria-1.pdf\">Dent\u00edstica Operat\u00f3ria<\/a><br \/>\n<a href=\"https:\/\/saude.ufpr.br\/odontologia\/wp-content\/uploads\/sites\/13\/2018\/07\/Materiais-Odontol\u00f3gicos-II-1.pdf\">Materiais Odontol\u00f3gicos II<\/a><br \/>\n<a href=\"https:\/\/saude.ufpr.br\/odontologia\/wp-content\/uploads\/sites\/13\/2018\/07\/Oclus\u00e3o-Dent\u00e1ria-1.pdf\">Oclus\u00e3o Dent\u00e1ria<\/a><br \/>\n<a href=\"https:\/\/saude.ufpr.br\/odontologia\/wp-content\/uploads\/sites\/13\/2022\/08\/Lista-de-materiais-semiologia-2022.pdf\">Semiologia Aplicada<\/a><\/td>\n<\/tr>\n<tr class=\"row-5\">\n\t<td class=\"column-1\">5\u00ba Per\u00edodo<\/td><td class=\"column-2\"><a href=\"https:\/\/saude.ufpr.br\/odontologia\/wp-content\/uploads\/sites\/13\/2018\/07\/Dent\u00edstica-Restauradora-I-1.pdf\">Dent\u00edstica Restauradora I<\/a><br \/>\n<a href=\"https:\/\/saude.ufpr.br\/odontologia\/wp-content\/uploads\/sites\/13\/2018\/07\/Disfun\u00e7\u00e3o-Temporomandibular-e-Dor-orofacial-1.pdf\">Disfun\u00e7\u00e3o Temporomandibular e Dor-orofacial<\/a><br \/>\n<a href=\"https:\/\/saude.ufpr.br\/odontologia\/wp-content\/uploads\/sites\/13\/2018\/07\/Endodontia-I-1.pdf\">Endodontia I<\/a><br \/>\n<a href=\"https:\/\/saude.ufpr.br\/odontologia\/wp-content\/uploads\/sites\/13\/2018\/07\/Periodontia.pdf\">Periodontia<\/a><br \/>\n<a href=\"https:\/\/saude.ufpr.br\/odontologia\/wp-content\/uploads\/sites\/13\/2018\/07\/Pr\u00f3tese-Total-1.pdf\">Pr\u00f3tese Total<\/a><\/td>\n<\/tr>\n<tr class=\"row-6\">\n\t<td class=\"column-1\">6\u00ba Per\u00edodo<\/td><td class=\"column-2\"><a href=\"https:\/\/saude.ufpr.br\/odontologia\/wp-content\/uploads\/sites\/13\/2018\/07\/Cirurgia-e-Traumatologia-Buco-Maxilo-Faciais-I-1.pdf\">Cirurgia e Traumatologia Buco-Maxilo-Faciais I<\/a><br \/>\n<a href=\"https:\/\/saude.ufpr.br\/odontologia\/wp-content\/uploads\/sites\/13\/2018\/07\/Endodontia-II-1.pdf\">Endodontia II<\/a><br \/>\n<a href=\"https:\/\/saude.ufpr.br\/odontologia\/wp-content\/uploads\/sites\/13\/2018\/07\/Estomatologia-1.pdf\">Estomatologia<\/a><br \/>\n<a href=\"https:\/\/saude.ufpr.br\/odontologia\/wp-content\/uploads\/sites\/13\/2018\/07\/Pr\u00f3tese-Fixa-I-1.pdf\">Pr\u00f3tese Fixa I<\/a><br \/>\n<a href=\"https:\/\/saude.ufpr.br\/odontologia\/wp-content\/uploads\/sites\/13\/2018\/07\/Pr\u00f3tese-Parcial-Remov\u00edvel-1.pdf\">Pr\u00f3tese Parcial Remov\u00edvel<\/a><\/td>\n<\/tr>\n<tr class=\"row-7\">\n\t<td class=\"column-1\">7\u00ba Per\u00edodo<\/td><td class=\"column-2\"><a href=\"https:\/\/saude.ufpr.br\/odontologia\/wp-content\/uploads\/sites\/13\/2018\/07\/Cirurgia-e-Traumatologia-Buco-Maxilo-Faciais-II-1.pdf\">Cirurgia e Traumatologia Buco-Maxilo-Faciais II<\/a><br \/>\n<a href=\"https:\/\/saude.ufpr.br\/odontologia\/wp-content\/uploads\/sites\/13\/2018\/07\/Dent\u00edstica-Restauradora-II.pdf\">Dent\u00edstica Restauradora II<\/a><br \/>\n<a href=\"https:\/\/saude.ufpr.br\/odontologia\/wp-content\/uploads\/sites\/13\/2018\/07\/Endodontia-III-1.pdf\">Endodontia III<\/a><br \/>\n<a href=\"https:\/\/saude.ufpr.br\/odontologia\/wp-content\/uploads\/sites\/13\/2018\/07\/Odontopediatria-II-1.pdf\">Odontopediatria II<\/a><br \/>\n<a href=\"https:\/\/saude.ufpr.br\/odontologia\/wp-content\/uploads\/sites\/13\/2018\/07\/Ortodontia-Preventiva-2.pdf\">Ortodontia Preventiva<\/a><br \/>\n<a href=\"https:\/\/saude.ufpr.br\/odontologia\/wp-content\/uploads\/sites\/13\/2018\/07\/Periodontia-II-1.pdf\">Periodontia II<\/a><br \/>\n<a href=\"https:\/\/saude.ufpr.br\/odontologia\/wp-content\/uploads\/sites\/13\/2018\/07\/7-periodo-protese-fixa-II.pdf\">Pr\u00f3tese Fixa II<\/a><br \/>\n<\/td>\n<\/tr>\n<\/tbody>\n<\/table>\n<!-- #tablepress-31 from cache -->\n","protected":false},"excerpt":{"rendered":"<p>Aviso As listas de materiais abaixo foram elaboradas pelos professores das disciplinas em quest\u00e3o e podem sofrer altera\u00e7\u00f5es de acordo com o planejamento das atividades previstas para cada semestre. Sempre consulte o professor antes de realizar a compra, especialmente se [&hellip;]<\/p>\n","protected":false},"author":1608,"featured_media":0,"parent":0,"menu_order":0,"comment_status":"closed","ping_status":"closed","template":"","meta":{"_acf_changed":false,"_uag_custom_page_level_css":"","footnotes":""},"class_list":["post-860","page","type-page","status-publish","hentry"],"acf":[],"featured_image_src":null,"uagb_featured_image_src":{"full":false,"thumbnail":false,"medium":false,"medium_large":false,"large":false,"1536x1536":false,"2048x2048":false},"uagb_author_info":{"display_name":"angelafernandes","author_link":"https:\/\/saude.ufpr.br\/odontologia\/author\/angelafernandes\/"},"uagb_comment_info":0,"uagb_excerpt":"Aviso As listas de materiais abaixo foram elaboradas pelos professores das disciplinas em quest\u00e3o e podem sofrer altera\u00e7\u00f5es de acordo com o planejamento das atividades previstas para cada semestre. Sempre consulte o professor antes de realizar a compra, especialmente se [&hellip;]","publishpress_future_action":{"enabled":false,"date":"2026-05-02 13:59:04","action":"change-status","newStatus":"draft","terms":[],"taxonomy":"","extraData":[]},"publishpress_future_workflow_manual_trigger":{"enabledWorkflows":[]},"_links":{"self":[{"href":"https:\/\/saude.ufpr.br\/odontologia\/wp-json\/wp\/v2\/pages\/860","targetHints":{"allow":["GET"]}}],"collection":[{"href":"https:\/\/saude.ufpr.br\/odontologia\/wp-json\/wp\/v2\/pages"}],"about":[{"href":"https:\/\/saude.ufpr.br\/odontologia\/wp-json\/wp\/v2\/types\/page"}],"author":[{"embeddable":true,"href":"https:\/\/saude.ufpr.br\/odontologia\/wp-json\/wp\/v2\/users\/1608"}],"replies":[{"embeddable":true,"href":"https:\/\/saude.ufpr.br\/odontologia\/wp-json\/wp\/v2\/comments?post=860"}],"version-history":[{"count":4,"href":"https:\/\/saude.ufpr.br\/odontologia\/wp-json\/wp\/v2\/pages\/860\/revisions"}],"predecessor-version":[{"id":2712,"href":"https:\/\/saude.ufpr.br\/odontologia\/wp-json\/wp\/v2\/pages\/860\/revisions\/2712"}],"wp:attachment":[{"href":"https:\/\/saude.ufpr.br\/odontologia\/wp-json\/wp\/v2\/media?parent=860"}],"curies":[{"name":"wp","href":"https:\/\/api.w.org\/{rel}","templated":true}]}}