{"id":1161,"date":"2018-07-26T18:32:05","date_gmt":"2018-07-26T18:32:05","guid":{"rendered":"https:\/\/saude.ufpr.br\/orcamento\/?page_id=1161"},"modified":"2026-01-05T10:33:10","modified_gmt":"2026-01-05T10:33:10","slug":"pedido-agua","status":"publish","type":"page","link":"https:\/\/saude.ufpr.br\/orcamento\/pedido-agua\/","title":{"rendered":"Formul\u00e1rio Pedido de \u00c1gua"},"content":{"rendered":"\n<div class=\"wpcf7 no-js\" id=\"wpcf7-f1067-o1\" lang=\"pt-BR\" dir=\"ltr\" data-wpcf7-id=\"1067\">\n<div class=\"screen-reader-response\"><p role=\"status\" aria-live=\"polite\" aria-atomic=\"true\"><\/p> <ul><\/ul><\/div>\n<form action=\"\/orcamento\/wp-json\/wp\/v2\/pages\/1161#wpcf7-f1067-o1\" method=\"post\" class=\"wpcf7-form init\" aria-label=\"Formul\u00e1rios de contato\" novalidate=\"novalidate\" data-status=\"init\">\n<fieldset class=\"hidden-fields-container\"><input type=\"hidden\" name=\"_wpcf7\" value=\"1067\" \/><input type=\"hidden\" name=\"_wpcf7_version\" value=\"6.1.5\" \/><input type=\"hidden\" name=\"_wpcf7_locale\" value=\"pt_BR\" \/><input type=\"hidden\" name=\"_wpcf7_unit_tag\" value=\"wpcf7-f1067-o1\" \/><input type=\"hidden\" name=\"_wpcf7_container_post\" value=\"0\" \/><input type=\"hidden\" name=\"_wpcf7_posted_data_hash\" value=\"\" \/>\n<\/fieldset>\n<p><b> Favor preencher todos os itens do formul\u00e1rio. O contato com o fornecedor de \u00e1gua ser\u00e1 realizado pela Se\u00e7\u00e3o de Or\u00e7amento. <\/b>\n<\/p>\n<p><label class=\"small-12 medium-6 large-6 columns\"> Respons\u00e1vel<br \/>\n<span class=\"wpcf7-form-control-wrap\" data-name=\"nome\"><input size=\"40\" maxlength=\"400\" class=\"wpcf7-form-control wpcf7-text wpcf7-validates-as-required\" aria-required=\"true\" aria-invalid=\"false\" value=\"\" type=\"text\" name=\"nome\" \/><\/span> <\/label>\n<\/p>\n<p><label class=\"small-12 medium-6 large-6 columns\"> Matr\u00edcula SIAPE\/UFPR<br \/>\n<span class=\"wpcf7-form-control-wrap\" data-name=\"matricula\"><input size=\"40\" maxlength=\"400\" class=\"wpcf7-form-control wpcf7-text wpcf7-validates-as-required\" aria-required=\"true\" aria-invalid=\"false\" value=\"\" type=\"text\" name=\"matricula\" \/><\/span> <\/label>\n<\/p>\n<p><label class=\"small-12 medium-6 large-6 columns\"> E-mail<br \/>\n<span class=\"wpcf7-form-control-wrap\" data-name=\"email\"><input size=\"40\" maxlength=\"400\" class=\"wpcf7-form-control wpcf7-email wpcf7-validates-as-required wpcf7-text wpcf7-validates-as-email\" aria-required=\"true\" aria-invalid=\"false\" value=\"\" type=\"email\" name=\"email\" \/><\/span><\/label>\n<\/p>\n<p><label class=\"small-12 medium-6 large-6 columns\"> Ramal<br \/>\n<span class=\"wpcf7-form-control-wrap\" data-name=\"ramal\"><input size=\"40\" maxlength=\"400\" class=\"wpcf7-form-control wpcf7-text wpcf7-validates-as-required\" aria-required=\"true\" aria-invalid=\"false\" value=\"\" type=\"text\" name=\"ramal\" \/><\/span><\/label>\n<\/p>\n<p><label class=\"small-12 medium-6 large-6 columns\"> Departamento<br \/>\n<span class=\"wpcf7-form-control-wrap\" data-name=\"departamento\"><input size=\"40\" maxlength=\"400\" class=\"wpcf7-form-control wpcf7-text wpcf7-validates-as-required\" aria-required=\"true\" aria-invalid=\"false\" value=\"\" type=\"text\" name=\"departamento\" \/><\/span><\/label>\n<\/p>\n<p><label class=\"small-12 medium-6 large-6 columns\"> Quantidade de Gal\u00f5es<br \/>\n<span class=\"wpcf7-form-control-wrap\" data-name=\"quantidade\"><input class=\"wpcf7-form-control wpcf7-number wpcf7-validates-as-required wpcf7-validates-as-number\" aria-required=\"true\" aria-invalid=\"false\" value=\"1\" type=\"number\" name=\"quantidade\" \/><\/span><\/label>\n<\/p>\n<p><b> Necessidade de comodato? <span class=\"wpcf7-form-control-wrap\" data-name=\"radio-674\"><span class=\"wpcf7-form-control wpcf7-radio\"><span class=\"wpcf7-list-item first\"><label><input type=\"radio\" name=\"radio-674\" value=\"SIM\" \/><span class=\"wpcf7-list-item-label\">SIM<\/span><\/label><\/span><span class=\"wpcf7-list-item last\"><label><input type=\"radio\" name=\"radio-674\" value=\"N\u00c3O\" \/><span class=\"wpcf7-list-item-label\">N\u00c3O<\/span><\/label><\/span><\/span><\/span><\/b>\n<\/p>\n<p><label class=\"small-12 medium-12 large-12 columns\"> Endere\u00e7o de Entrega<br \/>\n<span class=\"wpcf7-form-control-wrap\" data-name=\"endereco\"><input size=\"40\" maxlength=\"400\" class=\"wpcf7-form-control wpcf7-text wpcf7-validates-as-required\" aria-required=\"true\" aria-invalid=\"false\" value=\"\" type=\"text\" name=\"endereco\" \/><\/span><\/label>\n<\/p>\n<p><label class=\"small-12 medium-12 large-12 columns\"> Hor\u00e1rio dispon\u00edvel para recebimento do pedido<br \/>\n<span class=\"wpcf7-form-control-wrap\" data-name=\"horario\"><input size=\"40\" maxlength=\"400\" class=\"wpcf7-form-control wpcf7-text wpcf7-validates-as-required\" aria-required=\"true\" aria-invalid=\"false\" value=\"\" type=\"text\" name=\"horario\" \/><\/span><\/label>\n<\/p>\n<p><input class=\"wpcf7-form-control wpcf7-submit has-spinner\" type=\"submit\" value=\"Enviar\" \/><br \/>\nAp\u00f3s o recebimento, enviar a nota fiscal no e-mail: orcamentario.saudeufpr@gmail.com o mais breve poss\u00edvel.\n<\/p><div class=\"wpcf7-response-output\" aria-hidden=\"true\"><\/div>\n<\/form>\n<\/div>\n\n<p>&nbsp;<\/p>\n","protected":false},"excerpt":{"rendered":"<p>&nbsp;<\/p>\n","protected":false},"author":1615,"featured_media":0,"parent":0,"menu_order":0,"comment_status":"closed","ping_status":"closed","template":"","meta":{"_acf_changed":false,"_uag_custom_page_level_css":"","footnotes":""},"class_list":["post-1161","page","type-page","status-publish","hentry"],"acf":[],"featured_image_src":null,"uagb_featured_image_src":{"full":false,"thumbnail":false,"medium":false,"medium_large":false,"large":false,"1536x1536":false,"2048x2048":false,"noticias-thumb":false,"banners-thumb":false,"maisnoticias-thumb":false,"post-thumbnail":false},"uagb_author_info":{"display_name":"Guilherme","author_link":"https:\/\/saude.ufpr.br\/orcamento\/author\/guilhermematos\/"},"uagb_comment_info":0,"uagb_excerpt":"&nbsp;","publishpress_future_action":{"enabled":false,"date":"2026-04-30 08:46:49","action":"change-status","newStatus":"draft","terms":[],"taxonomy":"","extraData":[]},"publishpress_future_workflow_manual_trigger":{"enabledWorkflows":[]},"_links":{"self":[{"href":"https:\/\/saude.ufpr.br\/orcamento\/wp-json\/wp\/v2\/pages\/1161","targetHints":{"allow":["GET"]}}],"collection":[{"href":"https:\/\/saude.ufpr.br\/orcamento\/wp-json\/wp\/v2\/pages"}],"about":[{"href":"https:\/\/saude.ufpr.br\/orcamento\/wp-json\/wp\/v2\/types\/page"}],"author":[{"embeddable":true,"href":"https:\/\/saude.ufpr.br\/orcamento\/wp-json\/wp\/v2\/users\/1615"}],"replies":[{"embeddable":true,"href":"https:\/\/saude.ufpr.br\/orcamento\/wp-json\/wp\/v2\/comments?post=1161"}],"version-history":[{"count":48,"href":"https:\/\/saude.ufpr.br\/orcamento\/wp-json\/wp\/v2\/pages\/1161\/revisions"}],"predecessor-version":[{"id":1628,"href":"https:\/\/saude.ufpr.br\/orcamento\/wp-json\/wp\/v2\/pages\/1161\/revisions\/1628"}],"wp:attachment":[{"href":"https:\/\/saude.ufpr.br\/orcamento\/wp-json\/wp\/v2\/media?parent=1161"}],"curies":[{"name":"wp","href":"https:\/\/api.w.org\/{rel}","templated":true}]}}