{"id":16,"date":"2016-06-07T13:33:05","date_gmt":"2016-06-07T13:33:05","guid":{"rendered":"https:\/\/saude.ufpr.br\/ortodontia\/?page_id=16"},"modified":"2019-07-26T14:00:25","modified_gmt":"2019-07-26T14:00:25","slug":"graduacao","status":"publish","type":"page","link":"https:\/\/saude.ufpr.br\/ortodontia\/graduacao\/","title":{"rendered":"Disciplina de Ortodontia"},"content":{"rendered":"<h4 style=\"text-align: left\"><span style=\"color: #000000\">\u00a0<\/span><\/h4>\n<p style=\"text-align: left\"><span style=\"color: #000000\">\u00a0 \u00a0 \u00a0 \u00a0 \u00a0 \u00a0 \u00a0 A Disciplina de Ortodontia est\u00e1 presente no curr\u00edculo do Curso de Odontologia no s\u00e9timo per\u00edodo e conta com aulas te\u00f3ricas, pr\u00e1ticas em laborat\u00f3rio e semin\u00e1rios.<br \/>\n<\/span><\/p>\n<p style=\"text-align: left\"><span style=\"color: #000000\"><strong>\u00a0 \u00a0 \u00a0 \u00a0 \u00a0 \u00a0 \u00a0Ementa:<\/strong> A Disciplina de Ortodontia destina-se a preparar o aluno para\u00a0identificar, diagnosticar e classificar as m\u00e1s-oclus\u00f5es. Atrav\u00e9s de aulas te\u00f3ricas, pr\u00e1ticas e semin\u00e1rios o aluno recebe capacita\u00e7\u00e3o para fabricar diversos aparelhos ortod\u00f4nticos remov\u00edveis. A morfoestrutura e a funcionalidade do aparelho estomatogn\u00e1tico s\u00e3o comparados nos aspectos normais e quando as m\u00e1s-oclus\u00f5es est\u00e3o presentes. Da mesma forma, o aluno recebe informa\u00e7\u00f5es sobre aspectos contempor\u00e2neos do tratamento ortod\u00f4ntico nas diferentes faixas et\u00e1rias.<\/span><\/p>\n<p style=\"text-align: center\"><span style=\"color: #000000\">\u00a0<strong> Objetivos<\/strong><\/span><\/p>\n<div>\n<ul>\n<li style=\"text-align: left\"><span style=\"color: #000000\">Fornecer informa\u00e7\u00f5es b\u00e1sicas sobre o reconhecimento,\u00a0 o diagn\u00f3stico e a classifica\u00e7\u00e3o das m\u00e1s-oclus\u00f5es.<\/span><\/li>\n<li style=\"text-align: left\"><span style=\"color: #000000\">Familiarizar os alunos com o instrumental e materiais relacionados \u00e0 procedimentos em Ortodontia Preventiva e Interceptadora.<\/span><\/li>\n<li style=\"text-align: left\"><span style=\"color: #000000\">Confeccionar aparelhos utilizados na preven\u00e7\u00e3o e na intercepta\u00e7\u00e3o das m\u00e1s-oclus\u00f5es.<\/span><\/li>\n<\/ul>\n<\/div>\n","protected":false},"excerpt":{"rendered":"<p>\u00a0 \u00a0 \u00a0 \u00a0 \u00a0 \u00a0 \u00a0 \u00a0 A Disciplina de Ortodontia est\u00e1 presente no curr\u00edculo do Curso de Odontologia no s\u00e9timo per\u00edodo e conta com aulas te\u00f3ricas, pr\u00e1ticas em laborat\u00f3rio e semin\u00e1rios. \u00a0 \u00a0 \u00a0 \u00a0 \u00a0 \u00a0 \u00a0Ementa: A Disciplina de Ortodontia destina-se a preparar o aluno para\u00a0identificar, diagnosticar e classificar as m\u00e1s-oclus\u00f5es.<br \/> <a href=\"https:\/\/saude.ufpr.br\/ortodontia\/graduacao\/\" class=\"button success small readmore\">Leia mais<\/a><\/p>\n","protected":false},"author":14,"featured_media":0,"parent":0,"menu_order":0,"comment_status":"closed","ping_status":"closed","template":"","meta":{"_acf_changed":false,"_uag_custom_page_level_css":"","footnotes":""},"class_list":["post-16","page","type-page","status-publish","hentry"],"acf":[],"featured_image_src":null,"uagb_featured_image_src":{"full":false,"thumbnail":false,"medium":false,"medium_large":false,"large":false,"1536x1536":false,"2048x2048":false,"noticias-thumb":false,"banners-thumb":false,"maisnoticias-thumb":false,"post-thumbnail":false},"uagb_author_info":{"display_name":"ullisses","author_link":"https:\/\/saude.ufpr.br\/ortodontia\/author\/ullisses\/"},"uagb_comment_info":0,"uagb_excerpt":"\u00a0 \u00a0 \u00a0 \u00a0 \u00a0 \u00a0 \u00a0 \u00a0 A Disciplina de Ortodontia est\u00e1 presente no curr\u00edculo do Curso de Odontologia no s\u00e9timo per\u00edodo e conta com aulas te\u00f3ricas, pr\u00e1ticas em laborat\u00f3rio e semin\u00e1rios. \u00a0 \u00a0 \u00a0 \u00a0 \u00a0 \u00a0 \u00a0Ementa: A Disciplina de Ortodontia destina-se a preparar o aluno para\u00a0identificar, diagnosticar e classificar as m\u00e1s-oclus\u00f5es.&hellip;","publishpress_future_action":{"enabled":false,"date":"2026-04-10 18:29:33","action":"change-status","newStatus":"draft","terms":[],"taxonomy":"","extraData":[]},"publishpress_future_workflow_manual_trigger":{"enabledWorkflows":[]},"_links":{"self":[{"href":"https:\/\/saude.ufpr.br\/ortodontia\/wp-json\/wp\/v2\/pages\/16","targetHints":{"allow":["GET"]}}],"collection":[{"href":"https:\/\/saude.ufpr.br\/ortodontia\/wp-json\/wp\/v2\/pages"}],"about":[{"href":"https:\/\/saude.ufpr.br\/ortodontia\/wp-json\/wp\/v2\/types\/page"}],"author":[{"embeddable":true,"href":"https:\/\/saude.ufpr.br\/ortodontia\/wp-json\/wp\/v2\/users\/14"}],"replies":[{"embeddable":true,"href":"https:\/\/saude.ufpr.br\/ortodontia\/wp-json\/wp\/v2\/comments?post=16"}],"version-history":[{"count":24,"href":"https:\/\/saude.ufpr.br\/ortodontia\/wp-json\/wp\/v2\/pages\/16\/revisions"}],"predecessor-version":[{"id":379,"href":"https:\/\/saude.ufpr.br\/ortodontia\/wp-json\/wp\/v2\/pages\/16\/revisions\/379"}],"wp:attachment":[{"href":"https:\/\/saude.ufpr.br\/ortodontia\/wp-json\/wp\/v2\/media?parent=16"}],"curies":[{"name":"wp","href":"https:\/\/api.w.org\/{rel}","templated":true}]}}