{"id":36,"date":"2016-06-24T13:47:24","date_gmt":"2016-06-24T13:47:24","guid":{"rendered":"https:\/\/saude.ufpr.br\/ortodontia\/?page_id=36"},"modified":"2019-07-05T14:56:51","modified_gmt":"2019-07-05T14:56:51","slug":"conteudo-programatico","status":"publish","type":"page","link":"https:\/\/saude.ufpr.br\/ortodontia\/conteudo-programatico\/","title":{"rendered":"Conte\u00fado Program\u00e1tico"},"content":{"rendered":"<p style=\"text-align: center\"><span style=\"color: #000000\"><strong>Parte te\u00f3rica<\/strong><\/span><\/p>\n<p><span style=\"color: #000000\">1- N\u00edveis de Preven\u00e7\u00e3o. Ortodontia preventiva, interceptora, corretiva e\u00a0<\/span><span style=\"color: #000000\">reabilitadora.<\/span><\/p>\n<p><span style=\"color: #000000\">2- Hist\u00f3ria da Ortodontia<\/span><\/p>\n<p><span style=\"color: #000000\">3 \u2013 Classifica\u00e7\u00e3o das m\u00e1s-oclus\u00f5es<\/span><\/p>\n<p><span style=\"color: #000000\">4 \u2013 Etiologia das m\u00e1s-oclus\u00f5es<\/span><\/p>\n<p><span style=\"color: #000000\">5 \u2013 Crescimento craniofacial<\/span><\/p>\n<p><span style=\"color: #000000\">6 \u2013 Desenvolvimento da oclus\u00e3o<\/span><\/p>\n<p><span style=\"color: #000000\">7 \u2013 Mordidas cruzadas<\/span><\/p>\n<p><span style=\"color: #000000\">8 \u2013 Diagn\u00f3stico em Ortodontia<\/span><\/p>\n<p><span style=\"color: #000000\">9 \u2013 Cefalometria<\/span><\/p>\n<p><span style=\"color: #000000\">10 \u2013 An\u00e1lise da Denti\u00e7\u00e3o Mista<\/span><\/p>\n<p><span style=\"color: #000000\">11 \u2013 Extra\u00e7\u00f5es seriadas<\/span><\/p>\n<p><span style=\"color: #000000\">12 \u2013 Movimenta\u00e7\u00e3o Dent\u00e1ria e Rea\u00e7\u00f5es Teciduais<\/span><\/p>\n<p><span style=\"color: #000000\">13 \u2013 Informa\u00e7\u00f5es sobre Ortodontia Contempor\u00e2nea<\/span><\/p>\n<p>&nbsp;<\/p>\n<p style=\"text-align: center\"><span style=\"color: #000000\"><strong>Parte pr\u00e1tica<\/strong><\/span><\/p>\n<p><span style=\"color: #000000\">1 \u2013 Manipula\u00e7\u00e3o e dobradura de fios ortod\u00f4nticos<\/span><\/p>\n<p><span style=\"color: #000000\">2 \u2013 Grampos de reten\u00e7\u00e3o<\/span><\/p>\n<p><span style=\"color: #000000\">3 \u2013 Placa de Hawley<\/span><\/p>\n<p><span style=\"color: #000000\">4 \u2013 Molas digitais<\/span><\/p>\n<p><span style=\"color: #000000\">5 \u2013 Mantedores de espa\u00e7o<\/span><\/p>\n<p><span style=\"color: #000000\">6 \u2013 Recuperadores de espa\u00e7o<\/span><\/p>\n<p><span style=\"color: #000000\">7 \u2013 Aparelhos para h\u00e1bitos viciosos bucais<\/span><\/p>\n","protected":false},"excerpt":{"rendered":"<p>Parte te\u00f3rica 1- N\u00edveis de Preven\u00e7\u00e3o. Ortodontia preventiva, interceptora, corretiva e\u00a0reabilitadora. 2- Hist\u00f3ria da Ortodontia 3 \u2013 Classifica\u00e7\u00e3o das m\u00e1s-oclus\u00f5es 4 \u2013 Etiologia das m\u00e1s-oclus\u00f5es 5 \u2013 Crescimento craniofacial 6 \u2013 Desenvolvimento da oclus\u00e3o 7 \u2013 Mordidas cruzadas 8 \u2013 Diagn\u00f3stico em Ortodontia 9 \u2013 Cefalometria 10 \u2013 An\u00e1lise da Denti\u00e7\u00e3o Mista 11 \u2013 Extra\u00e7\u00f5es<br \/> <a href=\"https:\/\/saude.ufpr.br\/ortodontia\/conteudo-programatico\/\" class=\"button success small readmore\">Leia mais<\/a><\/p>\n","protected":false},"author":1587,"featured_media":0,"parent":0,"menu_order":0,"comment_status":"closed","ping_status":"closed","template":"","meta":{"_acf_changed":false,"_uag_custom_page_level_css":"","footnotes":""},"class_list":["post-36","page","type-page","status-publish","hentry"],"acf":[],"featured_image_src":null,"uagb_featured_image_src":{"full":false,"thumbnail":false,"medium":false,"medium_large":false,"large":false,"1536x1536":false,"2048x2048":false,"noticias-thumb":false,"banners-thumb":false,"maisnoticias-thumb":false,"post-thumbnail":false},"uagb_author_info":{"display_name":"","author_link":"https:\/\/saude.ufpr.br\/ortodontia\/author\/"},"uagb_comment_info":0,"uagb_excerpt":"Parte te\u00f3rica 1- N\u00edveis de Preven\u00e7\u00e3o. Ortodontia preventiva, interceptora, corretiva e\u00a0reabilitadora. 2- Hist\u00f3ria da Ortodontia 3 \u2013 Classifica\u00e7\u00e3o das m\u00e1s-oclus\u00f5es 4 \u2013 Etiologia das m\u00e1s-oclus\u00f5es 5 \u2013 Crescimento craniofacial 6 \u2013 Desenvolvimento da oclus\u00e3o 7 \u2013 Mordidas cruzadas 8 \u2013 Diagn\u00f3stico em Ortodontia 9 \u2013 Cefalometria 10 \u2013 An\u00e1lise da Denti\u00e7\u00e3o Mista 11 \u2013 Extra\u00e7\u00f5es&hellip;","publishpress_future_action":{"enabled":false,"date":"2026-04-10 21:44:44","action":"change-status","newStatus":"draft","terms":[],"taxonomy":"","extraData":[]},"publishpress_future_workflow_manual_trigger":{"enabledWorkflows":[]},"_links":{"self":[{"href":"https:\/\/saude.ufpr.br\/ortodontia\/wp-json\/wp\/v2\/pages\/36","targetHints":{"allow":["GET"]}}],"collection":[{"href":"https:\/\/saude.ufpr.br\/ortodontia\/wp-json\/wp\/v2\/pages"}],"about":[{"href":"https:\/\/saude.ufpr.br\/ortodontia\/wp-json\/wp\/v2\/types\/page"}],"author":[{"embeddable":true,"href":"https:\/\/saude.ufpr.br\/ortodontia\/wp-json\/wp\/v2\/users\/1587"}],"replies":[{"embeddable":true,"href":"https:\/\/saude.ufpr.br\/ortodontia\/wp-json\/wp\/v2\/comments?post=36"}],"version-history":[{"count":9,"href":"https:\/\/saude.ufpr.br\/ortodontia\/wp-json\/wp\/v2\/pages\/36\/revisions"}],"predecessor-version":[{"id":349,"href":"https:\/\/saude.ufpr.br\/ortodontia\/wp-json\/wp\/v2\/pages\/36\/revisions\/349"}],"wp:attachment":[{"href":"https:\/\/saude.ufpr.br\/ortodontia\/wp-json\/wp\/v2\/media?parent=36"}],"curies":[{"name":"wp","href":"https:\/\/api.w.org\/{rel}","templated":true}]}}