{"id":41,"date":"2016-06-24T13:49:33","date_gmt":"2016-06-24T13:49:33","guid":{"rendered":"https:\/\/saude.ufpr.br\/ortodontia\/?page_id=41"},"modified":"2019-07-26T14:06:16","modified_gmt":"2019-07-26T14:06:16","slug":"clinica-integrada","status":"publish","type":"page","link":"https:\/\/saude.ufpr.br\/ortodontia\/clinica-integrada\/","title":{"rendered":"Cl\u00ednica Integrada"},"content":{"rendered":"<p><span style=\"color: #000000\">\u00a0 \u00a0 \u00a0 \u00a0 \u00a0A Disciplina de Ortodontia participa ativamente da Cl\u00ednica Integrada no oitavo e nono per\u00edodos do Curso de Gradua\u00e7\u00e3o em Odontologia.<\/span><\/p>\n<p><span style=\"color: #000000\">\u00a0<\/span><br \/>\n<span style=\"color: #000000\">\u00a0 \u00a0 \u00a0 \u00a0Os principais objetivos s\u00e3o:<\/span><\/p>\n<ul>\n<li><span style=\"color: #000000\">Oferecer ao aluno a possibilidade de empregar, na pr\u00e1tica cl\u00ednica, os conhecimentos adquiridos na Disciplina de Ortodontia, atrav\u00e9s do tratamento de\u00a0m\u00e1s-oclus\u00f5es\u00a0durante o per\u00edodo da denti\u00e7\u00e3o mista.<\/span><\/li>\n<li><span style=\"color: #000000\">Possibilitar ao aluno a movimenta\u00e7\u00e3o de elementos dent\u00e1rios como parte da terapia interdisciplinar.<\/span><\/li>\n<\/ul>\n","protected":false},"excerpt":{"rendered":"<p>\u00a0 \u00a0 \u00a0 \u00a0 \u00a0A Disciplina de Ortodontia participa ativamente da Cl\u00ednica Integrada no oitavo e nono per\u00edodos do Curso de Gradua\u00e7\u00e3o em Odontologia. \u00a0 \u00a0 \u00a0 \u00a0 \u00a0Os principais objetivos s\u00e3o: Oferecer ao aluno a possibilidade de empregar, na pr\u00e1tica cl\u00ednica, os conhecimentos adquiridos na Disciplina de Ortodontia, atrav\u00e9s do tratamento de\u00a0m\u00e1s-oclus\u00f5es\u00a0durante o per\u00edodo<br \/> <a href=\"https:\/\/saude.ufpr.br\/ortodontia\/clinica-integrada\/\" class=\"button success small readmore\">Leia mais<\/a><\/p>\n","protected":false},"author":1587,"featured_media":0,"parent":0,"menu_order":0,"comment_status":"closed","ping_status":"closed","template":"","meta":{"_acf_changed":false,"_uag_custom_page_level_css":"","footnotes":""},"class_list":["post-41","page","type-page","status-publish","hentry"],"acf":[],"featured_image_src":null,"uagb_featured_image_src":{"full":false,"thumbnail":false,"medium":false,"medium_large":false,"large":false,"1536x1536":false,"2048x2048":false,"noticias-thumb":false,"banners-thumb":false,"maisnoticias-thumb":false,"post-thumbnail":false},"uagb_author_info":{"display_name":"","author_link":"https:\/\/saude.ufpr.br\/ortodontia\/author\/"},"uagb_comment_info":0,"uagb_excerpt":"\u00a0 \u00a0 \u00a0 \u00a0 \u00a0A Disciplina de Ortodontia participa ativamente da Cl\u00ednica Integrada no oitavo e nono per\u00edodos do Curso de Gradua\u00e7\u00e3o em Odontologia. \u00a0 \u00a0 \u00a0 \u00a0 \u00a0Os principais objetivos s\u00e3o: Oferecer ao aluno a possibilidade de empregar, na pr\u00e1tica cl\u00ednica, os conhecimentos adquiridos na Disciplina de Ortodontia, atrav\u00e9s do tratamento de\u00a0m\u00e1s-oclus\u00f5es\u00a0durante o per\u00edodo&hellip;","publishpress_future_action":{"enabled":false,"date":"2026-04-10 20:32:04","action":"change-status","newStatus":"draft","terms":[],"taxonomy":"","extraData":[]},"publishpress_future_workflow_manual_trigger":{"enabledWorkflows":[]},"_links":{"self":[{"href":"https:\/\/saude.ufpr.br\/ortodontia\/wp-json\/wp\/v2\/pages\/41","targetHints":{"allow":["GET"]}}],"collection":[{"href":"https:\/\/saude.ufpr.br\/ortodontia\/wp-json\/wp\/v2\/pages"}],"about":[{"href":"https:\/\/saude.ufpr.br\/ortodontia\/wp-json\/wp\/v2\/types\/page"}],"author":[{"embeddable":true,"href":"https:\/\/saude.ufpr.br\/ortodontia\/wp-json\/wp\/v2\/users\/1587"}],"replies":[{"embeddable":true,"href":"https:\/\/saude.ufpr.br\/ortodontia\/wp-json\/wp\/v2\/comments?post=41"}],"version-history":[{"count":18,"href":"https:\/\/saude.ufpr.br\/ortodontia\/wp-json\/wp\/v2\/pages\/41\/revisions"}],"predecessor-version":[{"id":385,"href":"https:\/\/saude.ufpr.br\/ortodontia\/wp-json\/wp\/v2\/pages\/41\/revisions\/385"}],"wp:attachment":[{"href":"https:\/\/saude.ufpr.br\/ortodontia\/wp-json\/wp\/v2\/media?parent=41"}],"curies":[{"name":"wp","href":"https:\/\/api.w.org\/{rel}","templated":true}]}}