{"id":44,"date":"2016-06-24T13:50:15","date_gmt":"2016-06-24T13:50:15","guid":{"rendered":"https:\/\/saude.ufpr.br\/ortodontia\/?page_id=44"},"modified":"2019-07-26T14:07:36","modified_gmt":"2019-07-26T14:07:36","slug":"projetoscursosextensao","status":"publish","type":"page","link":"https:\/\/saude.ufpr.br\/ortodontia\/projetoscursosextensao\/","title":{"rendered":"Extens\u00e3o, Monitoria e PVA"},"content":{"rendered":"<p style=\"text-align: center\"><span style=\"color: #000000\"><strong>MONITORIA E EXTENS\u00c3O E PVA<\/strong><\/span><\/p>\n<p><span style=\"color: #000000\"><strong>DISCIPLINA:<\/strong> ORTODONTIA<\/span><\/p>\n<p><span style=\"color: #000000\">REQUISITOS:<\/span><\/p>\n<ol>\n<li><span style=\"color: #000000\">Ter cursado a Disciplina de Ortodontia<\/span><\/li>\n<li><span style=\"color: #000000\">Ter disponibilidade no hor\u00e1rio da Disciplina\u00a0<\/span><\/li>\n<\/ol>\n<p><span style=\"color: #000000\">As vagas de extens\u00e3o s\u00e3o destinadas \u00e0 Cirurgi\u00f5es-Dentistas graduados com interesse em participar das atividades da Disciplina.<\/span><\/p>\n<p>&nbsp;<\/p>\n<p>&nbsp;<\/p>\n","protected":false},"excerpt":{"rendered":"<p>MONITORIA E EXTENS\u00c3O E PVA DISCIPLINA: ORTODONTIA REQUISITOS: Ter cursado a Disciplina de Ortodontia Ter disponibilidade no hor\u00e1rio da Disciplina\u00a0 As vagas de extens\u00e3o s\u00e3o destinadas \u00e0 Cirurgi\u00f5es-Dentistas graduados com interesse em participar das atividades da Disciplina. &nbsp; &nbsp;<\/p>\n","protected":false},"author":1587,"featured_media":0,"parent":0,"menu_order":0,"comment_status":"closed","ping_status":"closed","template":"","meta":{"_acf_changed":false,"_uag_custom_page_level_css":"","footnotes":""},"class_list":["post-44","page","type-page","status-publish","hentry"],"acf":[],"featured_image_src":null,"uagb_featured_image_src":{"full":false,"thumbnail":false,"medium":false,"medium_large":false,"large":false,"1536x1536":false,"2048x2048":false,"noticias-thumb":false,"banners-thumb":false,"maisnoticias-thumb":false,"post-thumbnail":false},"uagb_author_info":{"display_name":"","author_link":"https:\/\/saude.ufpr.br\/ortodontia\/author\/"},"uagb_comment_info":0,"uagb_excerpt":"MONITORIA E EXTENS\u00c3O E PVA DISCIPLINA: ORTODONTIA REQUISITOS: Ter cursado a Disciplina de Ortodontia Ter disponibilidade no hor\u00e1rio da Disciplina\u00a0 As vagas de extens\u00e3o s\u00e3o destinadas \u00e0 Cirurgi\u00f5es-Dentistas graduados com interesse em participar das atividades da Disciplina. &nbsp; &nbsp;","publishpress_future_action":{"enabled":false,"date":"2026-05-02 20:44:10","action":"change-status","newStatus":"draft","terms":[],"taxonomy":"","extraData":[]},"publishpress_future_workflow_manual_trigger":{"enabledWorkflows":[]},"_links":{"self":[{"href":"https:\/\/saude.ufpr.br\/ortodontia\/wp-json\/wp\/v2\/pages\/44","targetHints":{"allow":["GET"]}}],"collection":[{"href":"https:\/\/saude.ufpr.br\/ortodontia\/wp-json\/wp\/v2\/pages"}],"about":[{"href":"https:\/\/saude.ufpr.br\/ortodontia\/wp-json\/wp\/v2\/types\/page"}],"author":[{"embeddable":true,"href":"https:\/\/saude.ufpr.br\/ortodontia\/wp-json\/wp\/v2\/users\/1587"}],"replies":[{"embeddable":true,"href":"https:\/\/saude.ufpr.br\/ortodontia\/wp-json\/wp\/v2\/comments?post=44"}],"version-history":[{"count":10,"href":"https:\/\/saude.ufpr.br\/ortodontia\/wp-json\/wp\/v2\/pages\/44\/revisions"}],"predecessor-version":[{"id":388,"href":"https:\/\/saude.ufpr.br\/ortodontia\/wp-json\/wp\/v2\/pages\/44\/revisions\/388"}],"wp:attachment":[{"href":"https:\/\/saude.ufpr.br\/ortodontia\/wp-json\/wp\/v2\/media?parent=44"}],"curies":[{"name":"wp","href":"https:\/\/api.w.org\/{rel}","templated":true}]}}