{"id":521,"date":"2024-09-23T17:09:01","date_gmt":"2024-09-23T17:09:01","guid":{"rendered":"https:\/\/saude.ufpr.br\/ortodontia\/?page_id=521"},"modified":"2024-09-29T22:43:42","modified_gmt":"2024-09-29T22:43:42","slug":"triagem-de-pacientes","status":"publish","type":"page","link":"https:\/\/saude.ufpr.br\/ortodontia\/triagem-de-pacientes\/","title":{"rendered":"Triagem de Pacientes"},"content":{"rendered":"<p>INSCRI\u00c7\u00c3O DE PACIENTES PARA TRIAGEM PARA TRATAMENTO ORTOD\u00d4NTICO (APARELHOS DENT\u00c1RIOS) NO CURSO DE ESPECIALIZA\u00c7\u00c3O EM ORTODONTIA NA UFPR<\/p>\n<div><b>Antes de preencher o formul\u00e1rio abaixo \u00e9 importante que voc\u00ea esteja ciente que:<\/b><\/div>\n<ol>\n<li>A presente inscri\u00e7\u00e3o\u00a0<b><u>n\u00e3o garante<\/u><\/b>\u00a0a vaga no tratamento ortod\u00f4ntico no Curso de Especializa\u00e7\u00e3o em Ortodontia da UFPR. \u00c9 apenas uma solicita\u00e7\u00e3o de avalia\u00e7\u00e3o para triagem.<\/li>\n<li>Os pacientes inscritos ser\u00e3o chamados para avalia\u00e7\u00e3o conforme a necessidade de novos pacientes.\u00a0N\u00e3o \u00e9 poss\u00edvel determinar o tempo de espera para o paciente ser chamado para avalia\u00e7\u00e3o.<\/li>\n<li>Se o seu caso for selecionado para o tratamento, os atendimentos ser\u00e3o realizados exclusivamente nas sextas-feriras a tarde no Curso de Odontologia da UFPR\u00a0pelos cirurgi\u00f5es-dentistas alunos do Curso de Especializa\u00e7\u00e3o em Ortodontia.<\/li>\n<li>O tratamento\u00a0ortod\u00f4ntico no\u00a0Curso de Especializa\u00e7\u00e3o em Ortodontia da UFPR\u00a0\u00e9 totalmente gratuito.<\/li>\n<li>Para iniciar o tratamento, os pacientes selecionados dever\u00e3o realizar exames (fotografias, radiografias e modelos das arcadas dent\u00e1rias) para diagn\u00f3stico e elabora\u00e7\u00e3o do plano de tratamento em laborat\u00f3rio a ser indicado no momento da avalia\u00e7\u00e3o. Estes exames s\u00e3o pagos diretamente ao laborat\u00f3rio.<\/li>\n<li>Os dados pessoais fornecidos ser\u00e3o usados exclusivamente para a triagem de pacientes para o Curso de Especializa\u00e7\u00e3o em Ortodontia da UFPR, de acordo com a Lei Geral de Prote\u00e7\u00e3o de Dados (Lei no. 13.709).<\/li>\n<li>Responda as perguntas abaixo com os dados do pacientes que precisa do tratamento ortod\u00f4ntico.<\/li>\n<\/ol>\n<p><a href=\"https:\/\/forms.office.com\/pages\/responsepage.aspx?id=ozd7w-Lp-UK8Z0ubc44d8POi-3875LREmuYgnYpn30xUMUoxTENFWTJSUzFQNzQ2V0NaT1lZMlQ1Ni4u&amp;route=shorturl\"><strong><span style=\"color: #ff0000\">Clique aqui para preencher o formul\u00e1rio<\/span><\/strong><\/a><\/p>\n","protected":false},"excerpt":{"rendered":"<p>INSCRI\u00c7\u00c3O DE PACIENTES PARA TRIAGEM PARA TRATAMENTO ORTOD\u00d4NTICO (APARELHOS DENT\u00c1RIOS) NO CURSO DE ESPECIALIZA\u00c7\u00c3O EM ORTODONTIA NA UFPR Antes de preencher o formul\u00e1rio abaixo \u00e9 importante que voc\u00ea esteja ciente que: A presente inscri\u00e7\u00e3o\u00a0n\u00e3o garante\u00a0a vaga no tratamento ortod\u00f4ntico no Curso de Especializa\u00e7\u00e3o em Ortodontia da UFPR. \u00c9 apenas uma solicita\u00e7\u00e3o de avalia\u00e7\u00e3o para triagem.<br \/> <a href=\"https:\/\/saude.ufpr.br\/ortodontia\/triagem-de-pacientes\/\" class=\"button success small readmore\">Leia mais<\/a><\/p>\n","protected":false},"author":15,"featured_media":0,"parent":0,"menu_order":0,"comment_status":"closed","ping_status":"closed","template":"","meta":{"_acf_changed":false,"_uag_custom_page_level_css":"","footnotes":""},"class_list":["post-521","page","type-page","status-publish","hentry"],"acf":[],"featured_image_src":null,"uagb_featured_image_src":{"full":false,"thumbnail":false,"medium":false,"medium_large":false,"large":false,"1536x1536":false,"2048x2048":false,"noticias-thumb":false,"banners-thumb":false,"maisnoticias-thumb":false,"post-thumbnail":false},"uagb_author_info":{"display_name":"Andrea Jankoski","author_link":"https:\/\/saude.ufpr.br\/ortodontia\/author\/andrea\/"},"uagb_comment_info":0,"uagb_excerpt":"INSCRI\u00c7\u00c3O DE PACIENTES PARA TRIAGEM PARA TRATAMENTO ORTOD\u00d4NTICO (APARELHOS DENT\u00c1RIOS) NO CURSO DE ESPECIALIZA\u00c7\u00c3O EM ORTODONTIA NA UFPR Antes de preencher o formul\u00e1rio abaixo \u00e9 importante que voc\u00ea esteja ciente que: A presente inscri\u00e7\u00e3o\u00a0n\u00e3o garante\u00a0a vaga no tratamento ortod\u00f4ntico no Curso de Especializa\u00e7\u00e3o em Ortodontia da UFPR. \u00c9 apenas uma solicita\u00e7\u00e3o de avalia\u00e7\u00e3o para triagem.&hellip;","publishpress_future_action":{"enabled":false,"date":"2026-05-02 16:59:07","action":"change-status","newStatus":"draft","terms":[],"taxonomy":"","extraData":[]},"publishpress_future_workflow_manual_trigger":{"enabledWorkflows":[]},"_links":{"self":[{"href":"https:\/\/saude.ufpr.br\/ortodontia\/wp-json\/wp\/v2\/pages\/521","targetHints":{"allow":["GET"]}}],"collection":[{"href":"https:\/\/saude.ufpr.br\/ortodontia\/wp-json\/wp\/v2\/pages"}],"about":[{"href":"https:\/\/saude.ufpr.br\/ortodontia\/wp-json\/wp\/v2\/types\/page"}],"author":[{"embeddable":true,"href":"https:\/\/saude.ufpr.br\/ortodontia\/wp-json\/wp\/v2\/users\/15"}],"replies":[{"embeddable":true,"href":"https:\/\/saude.ufpr.br\/ortodontia\/wp-json\/wp\/v2\/comments?post=521"}],"version-history":[{"count":7,"href":"https:\/\/saude.ufpr.br\/ortodontia\/wp-json\/wp\/v2\/pages\/521\/revisions"}],"predecessor-version":[{"id":530,"href":"https:\/\/saude.ufpr.br\/ortodontia\/wp-json\/wp\/v2\/pages\/521\/revisions\/530"}],"wp:attachment":[{"href":"https:\/\/saude.ufpr.br\/ortodontia\/wp-json\/wp\/v2\/media?parent=521"}],"curies":[{"name":"wp","href":"https:\/\/api.w.org\/{rel}","templated":true}]}}