{"id":71,"date":"2016-06-24T14:00:36","date_gmt":"2016-06-24T14:00:36","guid":{"rendered":"https:\/\/saude.ufpr.br\/ortodontia\/?page_id=71"},"modified":"2024-07-29T11:35:49","modified_gmt":"2024-07-29T11:35:49","slug":"turmas-anteriores","status":"publish","type":"page","link":"https:\/\/saude.ufpr.br\/ortodontia\/turmas-anteriores\/","title":{"rendered":"Turmas anteriores"},"content":{"rendered":"<p style=\"text-align: center\"><span style=\"color: #000000\"><strong>ALUNOS DO CURSO DE P\u00d3S-GRADUA\u00c7\u00c3O EM ORTODONTIA<\/strong><\/span><\/p>\n<p>&nbsp;<\/p>\n<p style=\"text-align: center\"><span style=\"color: #000000\"><strong>\u00a01<sup>a<\/sup>TURMA- 1985-1987<\/strong><\/span><\/p>\n<table class=\" aligncenter\" width=\"316\">\n<tbody>\n<tr>\n<td width=\"316\"><span style=\"color: #000000\">Dr. Alaor Jason Brenner J\u00fanior<\/span><\/td>\n<\/tr>\n<tr>\n<td width=\"316\"><span style=\"color: #000000\">Dr. Ediberto Schwartz<\/span><\/td>\n<\/tr>\n<tr>\n<td width=\"316\"><span style=\"color: #000000\">Dr. Gerson Irandir K\u00f6hler<\/span><\/td>\n<\/tr>\n<tr>\n<td width=\"316\"><span style=\"color: #000000\">Dr. Miguel Francisco Ferreira<\/span><\/td>\n<\/tr>\n<tr>\n<td width=\"316\"><span style=\"color: #000000\">Dr. Mauri Marcos Sens<\/span><\/td>\n<\/tr>\n<tr>\n<td width=\"316\"><span style=\"color: #000000\">Dr. Naudy Brodbeck May<\/span><\/td>\n<\/tr>\n<tr>\n<td width=\"316\"><span style=\"color: #000000\">Dr. Roberto Kenzi Nakama<\/span><\/td>\n<\/tr>\n<tr>\n<td width=\"316\"><span style=\"color: #000000\">Dra. Sachiko Tanaka Nakano<\/span><\/td>\n<\/tr>\n<tr>\n<td width=\"316\"><span style=\"color: #000000\">Dr. Vilson Retcheski<\/span><\/td>\n<\/tr>\n<tr>\n<td width=\"316\"><span style=\"color: #000000\">Dr. Wilson Damas da Silva<\/span><\/td>\n<\/tr>\n<tr>\n<td width=\"316\"><span style=\"color: #000000\">Dra. X\u00eania Lucia Peres Uribe<\/span><\/td>\n<\/tr>\n<tr>\n<td width=\"316\"><span style=\"color: #000000\">Dr. Wilfredo Silva<\/span><\/td>\n<\/tr>\n<\/tbody>\n<\/table>\n<p>&nbsp;<\/p>\n<p style=\"text-align: center\"><span style=\"color: #000000\"><strong>\u00a02<sup>a<\/sup>TURMA- 1988-1990<\/strong><\/span><\/p>\n<table class=\" aligncenter\" width=\"307\">\n<tbody>\n<tr>\n<td width=\"307\"><span style=\"color: #000000\">Dr. Aldemiro Nunes Martins<\/span><\/td>\n<\/tr>\n<tr>\n<td width=\"307\"><span style=\"color: #000000\">Dr. Carlos Alberto Moresca<\/span><\/td>\n<\/tr>\n<tr>\n<td width=\"307\"><span style=\"color: #000000\">Dra. Cibele Meler Fatuch<\/span><\/td>\n<\/tr>\n<tr>\n<td width=\"307\"><span style=\"color: #000000\">Dr. F\u00e1bio de Souza Telles<\/span><\/td>\n<\/tr>\n<tr>\n<td width=\"307\"><span style=\"color: #000000\">Dra. Gilce Sibonei Czlusniak<\/span><\/td>\n<\/tr>\n<tr>\n<td width=\"307\"><span style=\"color: #000000\">Dra. Ilka Cec\u00edlia R. Barahona<\/span><\/td>\n<\/tr>\n<tr>\n<td width=\"307\"><span style=\"color: #000000\">Dr. Jo\u00e3o Batista Souza Junior<\/span><\/td>\n<\/tr>\n<tr>\n<td width=\"307\"><span style=\"color: #000000\">Dra. Maria In\u00eas Sthengel Salom\u00e3o Cambi<\/span><\/td>\n<\/tr>\n<tr>\n<td width=\"307\"><span style=\"color: #000000\">Dra. Maria Tereza Beron Soto<\/span><\/td>\n<\/tr>\n<tr>\n<td width=\"307\"><span style=\"color: #000000\">Dra. Marin\u00eas Quintino Portella<\/span><\/td>\n<\/tr>\n<tr>\n<td width=\"307\"><span style=\"color: #000000\">Dr. S\u00e9rgio D. Cafruni<\/span><\/td>\n<\/tr>\n<\/tbody>\n<\/table>\n<p>&nbsp;<\/p>\n<p style=\"text-align: center\"><span style=\"color: #000000\"><strong>3<sup>a<\/sup>TURMA- 1991-1993<\/strong><\/span><\/p>\n<table class=\" aligncenter\" width=\"307\">\n<tbody>\n<tr>\n<td width=\"307\"><span style=\"color: #000000\">Dra. Carla Adriana Pedroso Baretta<\/span><\/td>\n<\/tr>\n<tr>\n<td width=\"307\"><span style=\"color: #000000\">Dra. Cristiane Sydney Brenk Bechara<\/span><\/td>\n<\/tr>\n<tr>\n<td width=\"307\"><span style=\"color: #000000\">Dra. Ediana Schwartz<\/span><\/td>\n<\/tr>\n<tr>\n<td width=\"307\"><span style=\"color: #000000\">Dr. Francisco Miguel Stroparo Filho<\/span><\/td>\n<\/tr>\n<tr>\n<td width=\"307\"><span style=\"color: #000000\">Dr. Geraldo Queiroz Junior<\/span><\/td>\n<\/tr>\n<tr>\n<td width=\"307\"><span style=\"color: #000000\">Dr. Marco Ant\u00f4nio Calegari<\/span><\/td>\n<\/tr>\n<tr>\n<td width=\"307\"><span style=\"color: #000000\">Dr. Marco Ant\u00f4nio Sato<\/span><\/td>\n<\/tr>\n<tr>\n<td width=\"307\"><span style=\"color: #000000\">Dr. Renato Luiz Marini Filho<\/span><\/td>\n<\/tr>\n<tr>\n<td width=\"307\"><span style=\"color: #000000\">Dr. Roberto Koubik<\/span><\/td>\n<\/tr>\n<tr>\n<td width=\"307\"><span style=\"color: #000000\">Dra. Rosane Stefanie Kolberg<\/span><\/td>\n<\/tr>\n<tr>\n<td width=\"307\"><span style=\"color: #000000\">Dra. Simone Mahfuz Boustany<\/span><\/td>\n<\/tr>\n<tr>\n<td width=\"307\"><span style=\"color: #000000\">Dra. Soraya Regina da Silva<\/span><\/td>\n<\/tr>\n<\/tbody>\n<\/table>\n<p>&nbsp;<\/p>\n<p style=\"text-align: center\"><span style=\"color: #000000\"><strong>\u00a04<sup>a<\/sup>TURMA- 1994-1996<\/strong><\/span><\/p>\n<table class=\" aligncenter\" width=\"312\">\n<tbody>\n<tr>\n<td width=\"307\"><span style=\"color: #000000\">Dr. Adaulfo Leon Ibarra Rojano<\/span><\/td>\n<\/tr>\n<tr>\n<td width=\"307\"><span style=\"color: #000000\">Dr. Aguinaldo Coelho de Farias<\/span><\/td>\n<\/tr>\n<tr>\n<td width=\"307\"><span style=\"color: #000000\">Dr. \u00c1lvaro Antonio de Freitas Arteche<\/span><\/td>\n<\/tr>\n<tr>\n<td width=\"307\"><span style=\"color: #000000\">Dra. Ana Paula Pissette<\/span><\/td>\n<\/tr>\n<tr>\n<td width=\"307\"><span style=\"color: #000000\">Dr. Celso Antonio Haag<\/span><\/td>\n<\/tr>\n<tr>\n<td width=\"307\"><span style=\"color: #000000\">Dr. Jo\u00e3o Rodrigues Teixeira Jr.<\/span><\/td>\n<\/tr>\n<tr>\n<td width=\"307\"><span style=\"color: #000000\">Dr. Juarez Fortes Waltrick K\u00f6hler<\/span><\/td>\n<\/tr>\n<tr>\n<td width=\"307\"><span style=\"color: #000000\">Dra. Karin Freund<\/span><\/td>\n<\/tr>\n<tr>\n<td width=\"307\"><span style=\"color: #000000\">Dr. Maur\u00edcio Adriano de Oliv\u00e9rio Accorsi<\/span><\/td>\n<\/tr>\n<tr>\n<td width=\"307\"><span style=\"color: #000000\">Dr. Ricardo Moresca<\/span><\/td>\n<\/tr>\n<tr>\n<td width=\"307\"><span style=\"color: #000000\">Dr. Stefan Cardon<\/span><\/td>\n<\/tr>\n<tr>\n<td width=\"307\"><span style=\"color: #000000\">Dr. Wilson Massad Buffara<\/span><\/td>\n<\/tr>\n<\/tbody>\n<\/table>\n<p>&nbsp;<\/p>\n<p style=\"text-align: center\"><span style=\"color: #000000\"><strong>5<sup>a<\/sup>TURMA- 1996-1998<\/strong><\/span><\/p>\n<table class=\" aligncenter\" width=\"307\">\n<tbody>\n<tr>\n<td width=\"307\"><span style=\"color: #000000\">Dr<sup>a<\/sup>\u00a0Adriana Agibert Rohnelt<\/span><\/td>\n<\/tr>\n<tr>\n<td width=\"307\"><span style=\"color: #000000\">Dr<sup>a<\/sup>\u00a0Andr\u00e9a Arraes dos Santos Jacintho<\/span><\/td>\n<\/tr>\n<tr>\n<td width=\"307\"><span style=\"color: #000000\">Dr<sup>a<\/sup>\u00a0Beatriz Gualberto Barroso<\/span><\/td>\n<\/tr>\n<tr>\n<td width=\"307\"><span style=\"color: #000000\">Dr. Carlos Eduardo Vieira de Souza<\/span><\/td>\n<\/tr>\n<tr>\n<td width=\"307\"><span style=\"color: #000000\">Dr. Eduardo Sakae Yaedu<\/span><\/td>\n<\/tr>\n<tr>\n<td width=\"307\"><span style=\"color: #000000\">Dr. Felipe Weissheimer<\/span><\/td>\n<\/tr>\n<tr>\n<td width=\"307\"><span style=\"color: #000000\">Dr<sup>a<\/sup>\u00a0Liliana Vargas Ribas<\/span><\/td>\n<\/tr>\n<tr>\n<td width=\"307\"><span style=\"color: #000000\">Dr. Luciano Theodoro<\/span><\/td>\n<\/tr>\n<tr>\n<td width=\"307\"><span style=\"color: #000000\">Dr. Marco Ant\u00f4nio Mendes<\/span><\/td>\n<\/tr>\n<tr>\n<td width=\"307\"><span style=\"color: #000000\">Dr<sup>a<\/sup>\u00a0Renata Naigeboren Benzecry<\/span><\/td>\n<\/tr>\n<tr>\n<td width=\"307\"><span style=\"color: #000000\">Dr. R\u00e9gis Bachmann Guimar\u00e3es<\/span><\/td>\n<\/tr>\n<\/tbody>\n<\/table>\n<p>&nbsp;<\/p>\n<p style=\"text-align: center\"><span style=\"color: #000000\"><strong>6\u00aa. TURMA-1999-2001<\/strong><\/span><\/p>\n<table class=\" aligncenter\" width=\"307\">\n<tbody>\n<tr>\n<td width=\"307\"><span style=\"color: #000000\">Dr. Alberto Lu\u00eds Lintzmaier Branco<\/span><\/td>\n<\/tr>\n<tr>\n<td width=\"307\"><span style=\"color: #000000\">Dra. \u00c2ngela Graciela Deliga<\/span><\/td>\n<\/tr>\n<tr>\n<td width=\"307\"><span style=\"color: #000000\">Dr. Alexandre Joseph L\u00f3pez Valle<\/span><\/td>\n<\/tr>\n<tr>\n<td width=\"307\"><span style=\"color: #000000\">Dra. Anna Paula Morgenstern Campagnoli<\/span><\/td>\n<\/tr>\n<tr>\n<td width=\"307\"><span style=\"color: #000000\">Dra. Fl\u00e1via F\u00e1vero Xavier Laydner<\/span><\/td>\n<\/tr>\n<tr>\n<td width=\"307\"><span style=\"color: #000000\">Dra. Giovana Carla\u00a0 Dalsasso Theodoro<\/span><\/td>\n<\/tr>\n<tr>\n<td width=\"307\"><span style=\"color: #000000\">Dra. Heloisa Saad Pinho<\/span><\/td>\n<\/tr>\n<tr>\n<td width=\"307\"><span style=\"color: #000000\">Dra. M\u00e1rcia Brand\u00e3o<\/span><\/td>\n<\/tr>\n<tr>\n<td width=\"307\"><span style=\"color: #000000\">Dr. M\u00e1rcio Roberto de \u00c1vila<\/span><\/td>\n<\/tr>\n<tr>\n<td width=\"307\"><span style=\"color: #000000\">Dra. Svetlana Sabatke<\/span><\/td>\n<\/tr>\n<tr>\n<td width=\"307\"><span style=\"color: #000000\">Dr. Wagner de Albuquerque Felix<\/span><\/td>\n<\/tr>\n<\/tbody>\n<\/table>\n<p>&nbsp;<\/p>\n<p style=\"text-align: center\"><span style=\"color: #000000\"><strong>\u00a07\u00aa. TURMA-2002-2004<\/strong><\/span><\/p>\n<table class=\" aligncenter\" width=\"307\">\n<tbody>\n<tr>\n<td width=\"307\"><span style=\"color: #000000\">Dra. Anne Hanako<\/span><\/td>\n<\/tr>\n<tr>\n<td width=\"307\"><span style=\"color: #000000\">Dra. Cristiane Saievicz Andraus<\/span><\/td>\n<\/tr>\n<tr>\n<td width=\"307\"><span style=\"color: #000000\">Dra. Eliane Vit\u00f3ria Lanzarini<\/span><\/td>\n<\/tr>\n<tr>\n<td width=\"307\"><span style=\"color: #000000\">Dra. Gabriela Faffe Pellegrini<\/span><\/td>\n<\/tr>\n<tr>\n<td width=\"307\"><span style=\"color: #000000\">Dra. Giovana T. Andrade Fernandes<\/span><\/td>\n<\/tr>\n<tr>\n<td width=\"307\"><span style=\"color: #000000\">Dr. Henrique Arns de Oliveira<\/span><\/td>\n<\/tr>\n<tr>\n<td width=\"307\"><span style=\"color: #000000\">Dra. Karime Schumacher Amorim<\/span><\/td>\n<\/tr>\n<tr>\n<td width=\"307\"><span style=\"color: #000000\">Dra. Lis Andr\u00e9a Eckert<\/span><\/td>\n<\/tr>\n<tr>\n<td width=\"307\"><span style=\"color: #000000\">Dr. Marcelo Frederico Pazotto<\/span><\/td>\n<\/tr>\n<tr>\n<td width=\"307\"><span style=\"color: #000000\">Dr. Paulo Henrique M. de Albuquerque<\/span><\/td>\n<\/tr>\n<tr>\n<td width=\"307\"><span style=\"color: #000000\">Dra. Roseli Aparecida Pereira de Paiva<\/span><\/td>\n<\/tr>\n<tr>\n<td width=\"307\"><span style=\"color: #000000\">Dra. Yasmini Pofahl Rabelo<\/span><\/td>\n<\/tr>\n<\/tbody>\n<\/table>\n<p>&nbsp;<\/p>\n<p style=\"text-align: center\"><span style=\"color: #000000\"><strong>8\u00aa. TURMA-2005-2007<\/strong><\/span><\/p>\n<table class=\" aligncenter\" width=\"321\">\n<tbody>\n<tr>\n<td width=\"321\"><span style=\"color: #000000\">Dra. Ana Karina Ferreira Franco<\/span><\/td>\n<\/tr>\n<tr>\n<td width=\"321\"><span style=\"color: #000000\">Dra. Andr\u00e9a Cristine de Souza Netto<\/span><\/td>\n<\/tr>\n<tr>\n<td width=\"321\"><span style=\"color: #000000\">Dra. Cristianne Parolin Ceccatto<\/span><\/td>\n<\/tr>\n<tr>\n<td width=\"321\"><span style=\"color: #000000\">Dra. Imara de Almeida Castro<\/span><\/td>\n<\/tr>\n<tr>\n<td width=\"321\"><span style=\"color: #000000\">Dra. Keila Rodrigues Correia<\/span><\/td>\n<\/tr>\n<tr>\n<td width=\"321\"><span style=\"color: #000000\">Dra. Monalisa Exter Koslovski<\/span><\/td>\n<\/tr>\n<tr>\n<td width=\"321\"><span style=\"color: #000000\">Dra. Ana Paula Lazzari Marques<\/span><\/td>\n<\/tr>\n<tr>\n<td width=\"321\"><span style=\"color: #000000\">Dra. Claudia Beleski Carneiro<\/span><\/td>\n<\/tr>\n<tr>\n<td width=\"321\"><span style=\"color: #000000\">Dr. Glaucio Roberto Passos Dias<\/span><\/td>\n<\/tr>\n<tr>\n<td width=\"321\"><span style=\"color: #000000\">Dra. Karen Petrelli<\/span><\/td>\n<\/tr>\n<tr>\n<td width=\"321\"><span style=\"color: #000000\">Dra. Ludmila M. Tsuda<\/span><\/td>\n<\/tr>\n<tr>\n<td width=\"321\"><span style=\"color: #000000\">Dra. Vanessa Cuman de Castro<\/span><\/td>\n<\/tr>\n<\/tbody>\n<\/table>\n<p>&nbsp;<\/p>\n<p style=\"text-align: center\"><span style=\"color: #000000\"><strong>9\u00aa. TURMA-2008-2011<\/strong><\/span><\/p>\n<table class=\" aligncenter\" width=\"321\">\n<tbody>\n<tr>\n<td width=\"321\"><span style=\"color: #000000\">Dra. Camilla Fiedler Fon\u00e7atti<\/span><\/td>\n<\/tr>\n<tr>\n<td width=\"321\"><span style=\"color: #000000\">Dra. Carla Tatiany Bisinella Chiquita<\/span><\/td>\n<\/tr>\n<tr>\n<td width=\"321\"><span style=\"color: #000000\">Dra. Deborah Let\u00edcia de Souza Pereira<\/span><\/td>\n<\/tr>\n<tr>\n<td width=\"321\"><span style=\"color: #000000\">Dr. Eduardo Girard Siqueira<\/span><\/td>\n<\/tr>\n<tr>\n<td width=\"321\"><span style=\"color: #000000\">Dra. Francielle Topolski<\/span><\/td>\n<\/tr>\n<tr>\n<td width=\"321\"><span style=\"color: #000000\">Dra. Karen Schuber<\/span><\/td>\n<\/tr>\n<tr>\n<td width=\"321\"><span style=\"color: #000000\">Dra. Sidia Coser<\/span><\/td>\n<\/tr>\n<tr>\n<td width=\"321\"><span style=\"color: #000000\">Dra. Vanessa da Silva Fardin<\/span><\/td>\n<\/tr>\n<tr>\n<td width=\"321\"><span style=\"color: #000000\">Dra. V\u00e2nia Suely Maria<\/span><\/td>\n<\/tr>\n<tr>\n<td width=\"321\"><span style=\"color: #000000\">Dra. Viviane da Silva Kagy<\/span><\/td>\n<\/tr>\n<\/tbody>\n<\/table>\n<p style=\"text-align: center\"><span style=\"color: #000000\"><strong><br \/>\n10\u00aa. TURMA-2011-2014<\/strong><\/span><\/p>\n<table class=\" aligncenter\" width=\"321\">\n<tbody>\n<tr>\n<td width=\"321\"><span style=\"color: #000000\">Dra.\u00a0Ana Let\u00edcia De Bona Nunes<\/span><\/td>\n<\/tr>\n<tr>\n<td width=\"321\"><span style=\"color: #000000\">Dra.\u00a0Andressa Marenda Czaban<\/span><\/td>\n<\/tr>\n<tr>\n<td width=\"321\"><span style=\"color: #000000\">Dr. Eduardo Rossetti<\/span><\/td>\n<\/tr>\n<tr>\n<td width=\"321\"><span style=\"color: #000000\">Dr. Eduardo Terumi Blatt Ohira<\/span><\/td>\n<\/tr>\n<tr>\n<td width=\"321\"><span style=\"color: #000000\">Dra. Fernanda Moreira do Amaral Fontenelle<\/span><\/td>\n<\/tr>\n<tr>\n<td width=\"321\"><span style=\"color: #000000\">Dra.\u00a0Francieli Assis Camargo<\/span><\/td>\n<\/tr>\n<tr>\n<td width=\"321\"><span style=\"color: #000000\">Dr. Guilherme Chodelli Salum<\/span><\/td>\n<\/tr>\n<tr>\n<td width=\"321\"><span style=\"color: #000000\">Dra. Karina Cestari Don\u00e1<\/span><\/td>\n<\/tr>\n<tr>\n<td width=\"321\"><span style=\"color: #000000\">Dr. Rodrigo Moro<\/span><\/td>\n<\/tr>\n<tr>\n<td width=\"321\"><span style=\"color: #000000\">Dra. Wagner Leandro de Oliveira<\/span><\/td>\n<\/tr>\n<\/tbody>\n<\/table>\n<p>&nbsp;<\/p>\n<p style=\"text-align: center\"><span style=\"color: #000000\"><strong>11\u00aa. TURMA-2014-2017<\/strong><\/span><\/p>\n<table class=\" aligncenter\" style=\"height: 272px\" width=\"316\">\n<tbody>\n<tr>\n<td width=\"321\"><span style=\"color: #000000\">Dr. Adriano\u00a0Kuczynski<\/span><\/td>\n<\/tr>\n<tr>\n<td width=\"321\"><span style=\"color: #000000\">Dr. Alex Restel Trennepohl<\/span><\/td>\n<\/tr>\n<tr>\n<td width=\"321\"><span style=\"color: #000000\">Dra. Aline Preisler<\/span><\/td>\n<\/tr>\n<tr>\n<td width=\"321\"><span style=\"color: #000000\">Dra. Claudin\u00e9ia Ramos<\/span><\/td>\n<\/tr>\n<tr>\n<td width=\"321\"><span style=\"color: #000000\">Dra.\u00a0Josiane Aparecida da Silva Padilha<\/span><\/td>\n<\/tr>\n<tr>\n<td width=\"321\"><span style=\"color: #000000\">Dra. Larissa Dias da Silva Landeia Peixoto<\/span><\/td>\n<\/tr>\n<tr>\n<td width=\"321\"><span style=\"color: #000000\">Dra. Luciane dos Santos<\/span><\/td>\n<\/tr>\n<tr>\n<td width=\"321\"><span style=\"color: #000000\">Dra. Maria Augusta Andrigo Perin<\/span><\/td>\n<\/tr>\n<tr>\n<td width=\"321\"><span style=\"color: #000000\">Dra.\u00a0Paula Guerra Bubadra<\/span><\/td>\n<\/tr>\n<tr>\n<td width=\"321\"><\/td>\n<\/tr>\n<\/tbody>\n<\/table>\n<p>&nbsp;<\/p>\n<p style=\"text-align: center\"><span style=\"color: #000000\"><strong>12\u00aa. TURMA-2017-2020<\/strong><\/span><\/p>\n<table class=\" aligncenter\" style=\"height: 152px\" width=\"312\">\n<tbody>\n<tr>\n<td width=\"321\">Dra. Fernanda Torterolli Tecchio<\/td>\n<\/tr>\n<tr>\n<td width=\"321\">Dra. Juliana Cherubim Belasque<\/td>\n<\/tr>\n<tr>\n<td width=\"321\">Dra. Let\u00edcia Cruz Lopes<\/td>\n<\/tr>\n<tr>\n<td width=\"321\">Dr. Ot\u00e1vio Luiz do Nascimento<\/td>\n<\/tr>\n<tr>\n<td width=\"321\">Dra. Verediana Stange Nichel<\/td>\n<\/tr>\n<\/tbody>\n<\/table>\n<p>&nbsp;<\/p>\n<p style=\"text-align: center\"><span style=\"color: #000000\"><strong>13\u00aa. TURMA-2020-2024<\/strong><\/span><\/p>\n<table class=\" aligncenter\" style=\"height: 152px\" width=\"312\">\n<tbody>\n<tr>\n<td width=\"321\">Dra. Isabella Eloy de Souza Barbaresco Damiani<\/td>\n<\/tr>\n<tr>\n<td width=\"321\">Dra. Jordana Senff<\/td>\n<\/tr>\n<tr>\n<td width=\"321\">Dr. Sergio Chaves de Cordova Junior<\/td>\n<\/tr>\n<tr>\n<td width=\"321\">Dra. Stephanie Marie Kohler Chaves<\/td>\n<\/tr>\n<tr>\n<td width=\"321\"><\/td>\n<\/tr>\n<\/tbody>\n<\/table>\n","protected":false},"excerpt":{"rendered":"<p>ALUNOS DO CURSO DE P\u00d3S-GRADUA\u00c7\u00c3O EM ORTODONTIA &nbsp; \u00a01aTURMA- 1985-1987 Dr. Alaor Jason Brenner J\u00fanior Dr. Ediberto Schwartz Dr. Gerson Irandir K\u00f6hler Dr. Miguel Francisco Ferreira Dr. Mauri Marcos Sens Dr. Naudy Brodbeck May Dr. Roberto Kenzi Nakama Dra. Sachiko Tanaka Nakano Dr. Vilson Retcheski Dr. Wilson Damas da Silva Dra. X\u00eania Lucia Peres Uribe<br \/> <a href=\"https:\/\/saude.ufpr.br\/ortodontia\/turmas-anteriores\/\" class=\"button success small readmore\">Leia mais<\/a><\/p>\n","protected":false},"author":1615,"featured_media":0,"parent":0,"menu_order":0,"comment_status":"closed","ping_status":"closed","template":"","meta":{"_acf_changed":false,"_uag_custom_page_level_css":"","footnotes":""},"class_list":["post-71","page","type-page","status-publish","hentry"],"acf":[],"featured_image_src":null,"uagb_featured_image_src":{"full":false,"thumbnail":false,"medium":false,"medium_large":false,"large":false,"1536x1536":false,"2048x2048":false,"noticias-thumb":false,"banners-thumb":false,"maisnoticias-thumb":false,"post-thumbnail":false},"uagb_author_info":{"display_name":"Guilherme","author_link":"https:\/\/saude.ufpr.br\/ortodontia\/author\/guilhermematos\/"},"uagb_comment_info":0,"uagb_excerpt":"ALUNOS DO CURSO DE P\u00d3S-GRADUA\u00c7\u00c3O EM ORTODONTIA &nbsp; \u00a01aTURMA- 1985-1987 Dr. Alaor Jason Brenner J\u00fanior Dr. Ediberto Schwartz Dr. Gerson Irandir K\u00f6hler Dr. Miguel Francisco Ferreira Dr. Mauri Marcos Sens Dr. Naudy Brodbeck May Dr. Roberto Kenzi Nakama Dra. Sachiko Tanaka Nakano Dr. Vilson Retcheski Dr. Wilson Damas da Silva Dra. X\u00eania Lucia Peres Uribe&hellip;","publishpress_future_action":{"enabled":false,"date":"2026-04-10 19:22:00","action":"change-status","newStatus":"draft","terms":[],"taxonomy":"","extraData":[]},"publishpress_future_workflow_manual_trigger":{"enabledWorkflows":[]},"_links":{"self":[{"href":"https:\/\/saude.ufpr.br\/ortodontia\/wp-json\/wp\/v2\/pages\/71","targetHints":{"allow":["GET"]}}],"collection":[{"href":"https:\/\/saude.ufpr.br\/ortodontia\/wp-json\/wp\/v2\/pages"}],"about":[{"href":"https:\/\/saude.ufpr.br\/ortodontia\/wp-json\/wp\/v2\/types\/page"}],"author":[{"embeddable":true,"href":"https:\/\/saude.ufpr.br\/ortodontia\/wp-json\/wp\/v2\/users\/1615"}],"replies":[{"embeddable":true,"href":"https:\/\/saude.ufpr.br\/ortodontia\/wp-json\/wp\/v2\/comments?post=71"}],"version-history":[{"count":11,"href":"https:\/\/saude.ufpr.br\/ortodontia\/wp-json\/wp\/v2\/pages\/71\/revisions"}],"predecessor-version":[{"id":466,"href":"https:\/\/saude.ufpr.br\/ortodontia\/wp-json\/wp\/v2\/pages\/71\/revisions\/466"}],"wp:attachment":[{"href":"https:\/\/saude.ufpr.br\/ortodontia\/wp-json\/wp\/v2\/media?parent=71"}],"curies":[{"name":"wp","href":"https:\/\/api.w.org\/{rel}","templated":true}]}}