{"id":81,"date":"2016-06-24T14:04:38","date_gmt":"2016-06-24T14:04:38","guid":{"rendered":"https:\/\/saude.ufpr.br\/ortodontia\/?page_id=81"},"modified":"2024-07-29T11:37:23","modified_gmt":"2024-07-29T11:37:23","slug":"professores","status":"publish","type":"page","link":"https:\/\/saude.ufpr.br\/ortodontia\/professores\/","title":{"rendered":"Professores"},"content":{"rendered":"<p><strong>PROFESSORES DA GRADUA\u00c7\u00c3O E ESPECIALIZA\u00c7\u00c3O EM ORTODONTIA<\/strong><\/p>\n<p><strong><b>Ricardo Moresca<br \/>\n<\/b><\/strong>Doutor em Ortodontia \u2013 FO USP<br \/>\nMestre em Ortodontia \u2013 UMESP<br \/>\nEspecialista em Ortodontia \u2013 UFPR<br \/>\nProfessor Titular da UFPR<br \/>\nDiplomado pelo Board Brasileiro de Ortodontia &#8211; BBO<br \/>\nVice-presidente da Associa\u00e7\u00e3o Brasileira de Ortodontia \u2013 ABOR<\/p>\n<p><strong><b>Alexandre Moro<br \/>\n<\/b><\/strong>Doutor em Ortodontia \u2013 FOB USP<br \/>\nMestre em Ortodontia \u2013 UMESP<br \/>\nProfessor Titular da UFPR<br \/>\nProfessor Titular da UP<br \/>\nPresidente da Associa\u00e7\u00e3o Brasileira de Ortodontia Sec\u00e7\u00e3o Paran\u00e1 \u2013 ABOR-PR<br \/>\nEditor Cient\u00edfico da Revista Ortho Science<\/p>\n<p><strong><b>Aguinaldo Farias<br \/>\n<\/b><\/strong>Doutor em Ortodontia \u2013 UNESP Ara\u00e7atuba<br \/>\nMestre em Ortodontia \u2013 UNESP Ara\u00e7atuba<br \/>\nEspecialista em Ortodontia \u2013 UFPR<br \/>\nEspecialista em DTM e DOF \u2013 CFO<br \/>\nProfessor Associado da UFPR<br \/>\nPresidente do CRO-PR<\/p>\n<p>&nbsp;<\/p>\n<p><strong>PROFESSORES DA ESPECIALIZA\u00c7\u00c3O EM ORTODONTIA<\/strong><\/p>\n<p><strong><b>Imara Castro Morosini<br \/>\n<\/b><\/strong>Graduada em Odontologia \u2013 UFPR<br \/>\nEspecialista em Ortodontia \u2013 UFPR<br \/>\nMestre em Odontologia \u2013 UFPR<br \/>\nProfessora do Curso de Especializa\u00e7\u00e3o em Ortodontia \u2013 UP<br \/>\nVice-presidente da Associa\u00e7\u00e3o Brasileira de Ortodontia Sec\u00e7\u00e3o Paran\u00e1 \u2013 ABOR-PR<\/p>\n<p><strong><b>Ana Paula Marques Peron<br \/>\n<\/b><\/strong>Graduada em Odontologia \u2013 UFPR<br \/>\nEspecialista em Ortodontia \u2013 UFPR<br \/>\nMestre em Ortodontia \u2013 PUC-PR<br \/>\nDoutoranda em Odontologia \u2013 UP<br \/>\nProfessora do Curso de Especializa\u00e7\u00e3o em Ortodontia \u2013 UP<\/p>\n<p><strong><b>Patr\u00edcia Tsukada Polak<br \/>\n<\/b><\/strong>Graduada em Odontologia \u2013 UFPR<br \/>\nEspecialista em Ortodontia \u2013 UP<br \/>\nProfessora do Curso de Alinhadores Ortod\u00f4nticos \u2013 UP<br \/>\nProfessora do Curso de Especializa\u00e7\u00e3o em Ortodontia \u2013 UP<\/p>\n<p><strong><b>Jo\u00e3o Maria Baptista<br \/>\n<\/b><\/strong>Especialista em Ortodontia e Ortopedia Facial \u2013 CFO<br \/>\nOrthodontic Residence Program \u2013 University of Michigan, USA<br \/>\nAutor de livros na \u00e1rea de Ortodontia<br \/>\nMembro efetivo da Academia Paranaense de Odontologia<br \/>\nEx-presidente da Associa\u00e7\u00e3o Brasileira de Ortodontia Sec\u00e7\u00e3o Paran\u00e1 \u2013 ABOR-PR<\/p>\n","protected":false},"excerpt":{"rendered":"<p>PROFESSORES DA GRADUA\u00c7\u00c3O E ESPECIALIZA\u00c7\u00c3O EM ORTODONTIA Ricardo Moresca Doutor em Ortodontia \u2013 FO USP Mestre em Ortodontia \u2013 UMESP Especialista em Ortodontia \u2013 UFPR Professor Titular da UFPR Diplomado pelo Board Brasileiro de Ortodontia &#8211; BBO Vice-presidente da Associa\u00e7\u00e3o Brasileira de Ortodontia \u2013 ABOR Alexandre Moro Doutor em Ortodontia \u2013 FOB USP Mestre em<br \/> <a href=\"https:\/\/saude.ufpr.br\/ortodontia\/professores\/\" class=\"button success small readmore\">Leia mais<\/a><\/p>\n","protected":false},"author":1615,"featured_media":0,"parent":0,"menu_order":0,"comment_status":"closed","ping_status":"closed","template":"","meta":{"_acf_changed":false,"_uag_custom_page_level_css":"","footnotes":""},"class_list":["post-81","page","type-page","status-publish","hentry"],"acf":[],"featured_image_src":null,"uagb_featured_image_src":{"full":false,"thumbnail":false,"medium":false,"medium_large":false,"large":false,"1536x1536":false,"2048x2048":false,"noticias-thumb":false,"banners-thumb":false,"maisnoticias-thumb":false,"post-thumbnail":false},"uagb_author_info":{"display_name":"Guilherme","author_link":"https:\/\/saude.ufpr.br\/ortodontia\/author\/guilhermematos\/"},"uagb_comment_info":0,"uagb_excerpt":"PROFESSORES DA GRADUA\u00c7\u00c3O E ESPECIALIZA\u00c7\u00c3O EM ORTODONTIA Ricardo Moresca Doutor em Ortodontia \u2013 FO USP Mestre em Ortodontia \u2013 UMESP Especialista em Ortodontia \u2013 UFPR Professor Titular da UFPR Diplomado pelo Board Brasileiro de Ortodontia &#8211; BBO Vice-presidente da Associa\u00e7\u00e3o Brasileira de Ortodontia \u2013 ABOR Alexandre Moro Doutor em Ortodontia \u2013 FOB USP Mestre em&hellip;","publishpress_future_action":{"enabled":false,"date":"2026-04-10 21:47:06","action":"change-status","newStatus":"draft","terms":[],"taxonomy":"","extraData":[]},"publishpress_future_workflow_manual_trigger":{"enabledWorkflows":[]},"_links":{"self":[{"href":"https:\/\/saude.ufpr.br\/ortodontia\/wp-json\/wp\/v2\/pages\/81","targetHints":{"allow":["GET"]}}],"collection":[{"href":"https:\/\/saude.ufpr.br\/ortodontia\/wp-json\/wp\/v2\/pages"}],"about":[{"href":"https:\/\/saude.ufpr.br\/ortodontia\/wp-json\/wp\/v2\/types\/page"}],"author":[{"embeddable":true,"href":"https:\/\/saude.ufpr.br\/ortodontia\/wp-json\/wp\/v2\/users\/1615"}],"replies":[{"embeddable":true,"href":"https:\/\/saude.ufpr.br\/ortodontia\/wp-json\/wp\/v2\/comments?post=81"}],"version-history":[{"count":21,"href":"https:\/\/saude.ufpr.br\/ortodontia\/wp-json\/wp\/v2\/pages\/81\/revisions"}],"predecessor-version":[{"id":468,"href":"https:\/\/saude.ufpr.br\/ortodontia\/wp-json\/wp\/v2\/pages\/81\/revisions\/468"}],"wp:attachment":[{"href":"https:\/\/saude.ufpr.br\/ortodontia\/wp-json\/wp\/v2\/media?parent=81"}],"curies":[{"name":"wp","href":"https:\/\/api.w.org\/{rel}","templated":true}]}}