{"id":167,"date":"2018-02-09T18:10:59","date_gmt":"2018-02-09T18:10:59","guid":{"rendered":"https:\/\/saude.ufpr.br\/pags\/?page_id=167"},"modified":"2018-02-16T15:41:13","modified_gmt":"2018-02-16T15:41:13","slug":"noticias","status":"publish","type":"page","link":"https:\/\/saude.ufpr.br\/pags\/noticias\/","title":{"rendered":"Not\u00edcias"},"content":{"rendered":"<p><a href=\"https:\/\/saude.ufpr.br\/pags\/wp-content\/uploads\/sites\/34\/2018\/02\/reuni\u00f5es-PAGS-2018.pdf\">Reuni\u00f5es cient\u00edficas do PAGS &#8211; 2018<\/a><\/p>\n<p>Em anexo as reuni\u00f5es do grupo<\/p>\n<p>&nbsp;<\/p>\n<p><a href=\"http:\/\/www.aen.pr.gov.br\/modules\/noticias\/article.php?storyid=96388\">Grupo de pesquisa organiza evento do VIGIFLUOR<\/a><\/p>\n<p>&nbsp;<\/p>\n<p>&nbsp;<\/p>\n<p>&nbsp;<\/p>\n","protected":false},"excerpt":{"rendered":"<p>Reuni\u00f5es cient\u00edficas do PAGS &#8211; 2018 Em anexo as reuni\u00f5es do grupo &nbsp; Grupo de pesquisa organiza evento do VIGIFLUOR &nbsp; &nbsp; &nbsp;<\/p>\n","protected":false},"author":1615,"featured_media":0,"parent":0,"menu_order":0,"comment_status":"closed","ping_status":"closed","template":"noticias.php","meta":{"_acf_changed":false,"_uag_custom_page_level_css":"","footnotes":""},"class_list":["post-167","page","type-page","status-publish","hentry"],"acf":[],"featured_image_src":null,"uagb_featured_image_src":{"full":false,"thumbnail":false,"medium":false,"medium_large":false,"large":false,"1536x1536":false,"2048x2048":false},"uagb_author_info":{"display_name":"Guilherme","author_link":"https:\/\/saude.ufpr.br\/pags\/author\/guilhermematos\/"},"uagb_comment_info":0,"uagb_excerpt":"Reuni\u00f5es cient\u00edficas do PAGS &#8211; 2018 Em anexo as reuni\u00f5es do grupo &nbsp; Grupo de pesquisa organiza evento do VIGIFLUOR &nbsp; &nbsp; &nbsp;","publishpress_future_action":{"enabled":false,"date":"2026-05-10 15:44:26","action":"change-status","newStatus":"draft","terms":[],"taxonomy":"","extraData":[]},"publishpress_future_workflow_manual_trigger":{"enabledWorkflows":[]},"_links":{"self":[{"href":"https:\/\/saude.ufpr.br\/pags\/wp-json\/wp\/v2\/pages\/167","targetHints":{"allow":["GET"]}}],"collection":[{"href":"https:\/\/saude.ufpr.br\/pags\/wp-json\/wp\/v2\/pages"}],"about":[{"href":"https:\/\/saude.ufpr.br\/pags\/wp-json\/wp\/v2\/types\/page"}],"author":[{"embeddable":true,"href":"https:\/\/saude.ufpr.br\/pags\/wp-json\/wp\/v2\/users\/1615"}],"replies":[{"embeddable":true,"href":"https:\/\/saude.ufpr.br\/pags\/wp-json\/wp\/v2\/comments?post=167"}],"version-history":[{"count":4,"href":"https:\/\/saude.ufpr.br\/pags\/wp-json\/wp\/v2\/pages\/167\/revisions"}],"predecessor-version":[{"id":176,"href":"https:\/\/saude.ufpr.br\/pags\/wp-json\/wp\/v2\/pages\/167\/revisions\/176"}],"wp:attachment":[{"href":"https:\/\/saude.ufpr.br\/pags\/wp-json\/wp\/v2\/media?parent=167"}],"curies":[{"name":"wp","href":"https:\/\/api.w.org\/{rel}","templated":true}]}}