{"id":254,"date":"2020-08-19T15:42:58","date_gmt":"2020-08-19T18:42:58","guid":{"rendered":"https:\/\/saude.ufpr.br\/pediatria\/?page_id=254"},"modified":"2024-03-12T08:15:53","modified_gmt":"2024-03-12T11:15:53","slug":"disciplinas","status":"publish","type":"page","link":"https:\/\/saude.ufpr.br\/pediatria\/disciplinas\/","title":{"rendered":"Disciplinas"},"content":{"rendered":"<p>PEDIATRIA CL\u00cdNICA 1 &#8211; MD335 &#8211; 40 HORAS<\/p>\n<p>PEDIATRIA CL\u00cdNICA 1 &#8211; MD008 &#8211; 40HORAS<\/p>\n<p>PEDIATRIA CL\u00cdNICA 2 &#8211; MD336 &#8211; 40 HORAS<\/p>\n<p>PEDIATRIA CL\u00cdNICA 2 &#8211; MD009 &#8211; 40 HORAS<\/p>\n<p>SEMIOLOGIA PEDI\u00c1TRICA &#8211; MD334 &#8211; 20 HORAS<\/p>\n<p>SEMIOLOGIA PEDI\u00c1TRICA &#8211; MD010 &#8211; 20 HORAS<\/p>\n<p>PEDIATRA CL\u00cdNICA AMBULATORIAL &#8211; MD332 &#8211; 60 HORAS<\/p>\n<p>PEDIATRIA CL\u00cdNICA AMBULATORIAL &#8211; MD333 &#8211; 60 HORAS<\/p>\n<p>PEDIATRIA CL\u00cdNICA AMBULATORIAL &#8211; MD011 &#8211; 60 HORAS<\/p>\n<p>TRABALHO DE CURSO 2 &#8211; MD 363 &#8211; 20 HORAS<\/p>\n<p>TRABALHO DE CURSO 3 &#8211; MD364 &#8211; 40 HORAS<\/p>\n<p>TRABALHO DE CURSO 4 &#8211; MD365 &#8211; 20 HORAS<\/p>\n<p>URG\u00caNCIAS E EMERG\u00caNCIAS EM PEDIATRIA &#8211; MD007 &#8211; 40 HORAS<\/p>\n<p>URG\u00caNCIAS E EMERG\u00caNCIAS EM PEDIATRIA &#8211; MD012 &#8211; 40 HORAS<\/p>\n<p>As fichas das Disciplinas com os Planos de Ensino est\u00e3o dispon\u00edveis no Sistema SIGA<\/p>\n<div class=\"NJo7tc Z26q7c jGGQ5e\" data-header-feature=\"0\">\n<div class=\"yuRUbf\">\n<p>SIGAUFPR \u2013 Sistema Integrado de Gest\u00e3o Acad\u00eamica<\/p>\n<div class=\"TbwUpd NJjxre\"><cite class=\"iUh30 qLRx3b tjvcx\" role=\"text\">https:\/\/siga.ufpr.br<span class=\"dyjrff qzEoUe\" role=\"text\">\u00a0\u203a portal<\/span><\/cite><\/div>\n<div class=\"B6fmyf\">\n<div class=\"TbwUpd\"><\/div>\n<div class=\"eFM0qc\">\n<div class=\"action-menu\">\n<p>&nbsp;<\/p>\n<\/div>\n<\/div>\n<\/div>\n<\/div>\n<\/div>\n<div class=\"NJo7tc Z26q7c uUuwM\" data-content-feature=\"1\"><\/div>\n<p>&nbsp;<\/p>\n<p>&nbsp;<\/p>\n<p>&nbsp;<\/p>\n<p>&nbsp;<\/p>\n<p><strong>\u00a0<\/strong><\/p>\n<p>&nbsp;<\/p>\n","protected":false},"excerpt":{"rendered":"<p>PEDIATRIA CL\u00cdNICA 1 &#8211; MD335 &#8211; 40 HORAS PEDIATRIA CL\u00cdNICA 1 &#8211; MD008 &#8211; 40HORAS PEDIATRIA CL\u00cdNICA 2 &#8211; MD336 &#8211; 40 HORAS PEDIATRIA CL\u00cdNICA 2 &#8211; MD009 &#8211; 40 HORAS SEMIOLOGIA PEDI\u00c1TRICA &#8211; MD334 &#8211; 20 HORAS SEMIOLOGIA PEDI\u00c1TRICA &#8211; MD010 &#8211; 20 HORAS PEDIATRA CL\u00cdNICA AMBULATORIAL &#8211; MD332 &#8211; 60 HORAS PEDIATRIA CL\u00cdNICA<br \/> <a href=\"https:\/\/saude.ufpr.br\/pediatria\/disciplinas\/\" class=\"button success small readmore\">Leia mais<\/a><\/p>\n","protected":false},"author":1679,"featured_media":0,"parent":0,"menu_order":0,"comment_status":"closed","ping_status":"closed","template":"","meta":{"_acf_changed":false,"_uag_custom_page_level_css":"","footnotes":""},"class_list":["post-254","page","type-page","status-publish","hentry"],"acf":[],"featured_image_src":null,"uagb_featured_image_src":{"full":false,"thumbnail":false,"medium":false,"medium_large":false,"large":false,"1536x1536":false,"2048x2048":false,"noticias-thumb":false,"banners-thumb":false,"maisnoticias-thumb":false,"post-thumbnail":false},"uagb_author_info":{"display_name":"claudia","author_link":"https:\/\/saude.ufpr.br\/pediatria\/author\/claudia\/"},"uagb_comment_info":0,"uagb_excerpt":"PEDIATRIA CL\u00cdNICA 1 &#8211; MD335 &#8211; 40 HORAS PEDIATRIA CL\u00cdNICA 1 &#8211; MD008 &#8211; 40HORAS PEDIATRIA CL\u00cdNICA 2 &#8211; MD336 &#8211; 40 HORAS PEDIATRIA CL\u00cdNICA 2 &#8211; MD009 &#8211; 40 HORAS SEMIOLOGIA PEDI\u00c1TRICA &#8211; MD334 &#8211; 20 HORAS SEMIOLOGIA PEDI\u00c1TRICA &#8211; MD010 &#8211; 20 HORAS PEDIATRA CL\u00cdNICA AMBULATORIAL &#8211; MD332 &#8211; 60 HORAS PEDIATRIA CL\u00cdNICA&hellip;","publishpress_future_action":{"enabled":false,"date":"2026-05-02 19:14:20","action":"change-status","newStatus":"draft","terms":[],"taxonomy":"","extraData":[]},"publishpress_future_workflow_manual_trigger":{"enabledWorkflows":[]},"_links":{"self":[{"href":"https:\/\/saude.ufpr.br\/pediatria\/wp-json\/wp\/v2\/pages\/254","targetHints":{"allow":["GET"]}}],"collection":[{"href":"https:\/\/saude.ufpr.br\/pediatria\/wp-json\/wp\/v2\/pages"}],"about":[{"href":"https:\/\/saude.ufpr.br\/pediatria\/wp-json\/wp\/v2\/types\/page"}],"author":[{"embeddable":true,"href":"https:\/\/saude.ufpr.br\/pediatria\/wp-json\/wp\/v2\/users\/1679"}],"replies":[{"embeddable":true,"href":"https:\/\/saude.ufpr.br\/pediatria\/wp-json\/wp\/v2\/comments?post=254"}],"version-history":[{"count":17,"href":"https:\/\/saude.ufpr.br\/pediatria\/wp-json\/wp\/v2\/pages\/254\/revisions"}],"predecessor-version":[{"id":721,"href":"https:\/\/saude.ufpr.br\/pediatria\/wp-json\/wp\/v2\/pages\/254\/revisions\/721"}],"wp:attachment":[{"href":"https:\/\/saude.ufpr.br\/pediatria\/wp-json\/wp\/v2\/media?parent=254"}],"curies":[{"name":"wp","href":"https:\/\/api.w.org\/{rel}","templated":true}]}}