{"id":26,"date":"2020-08-07T14:53:47","date_gmt":"2020-08-07T17:53:47","guid":{"rendered":"https:\/\/saude.ufpr.br\/pediatria\/?page_id=26"},"modified":"2025-12-09T08:23:43","modified_gmt":"2025-12-09T11:23:43","slug":"estagios","status":"publish","type":"page","link":"https:\/\/saude.ufpr.br\/pediatria\/estagios\/","title":{"rendered":"Est\u00e1gios"},"content":{"rendered":"<p>Resolu\u00e7\u00e3o N\u00ba 03\/2019 do Colegiado de Curso de Medicina UFPR<br \/>\nEstabelece o regulamento para o Est\u00e1gio Curricular Obrigat\u00f3rio do Curso de Medicina<\/p>\n<p><a href=\"https:\/\/saude.ufpr.br\/pediatria\/wp-content\/uploads\/sites\/55\/2020\/08\/Res03_Estagio_Curricular_03dez2019.pdf\">Res03_Estagio_Curricular_03dez2019<\/a><\/p>\n<p><strong>Est\u00e1gio Curricular Obrigat\u00f3rio em Pediatria<\/strong><\/p>\n<p>C\u00f3digo da Disciplina\u00a0 MD013<\/p>\n<p>Ficha 2 &#8211; <a href=\"https:\/\/saude.ufpr.br\/pediatria\/wp-content\/uploads\/sites\/55\/2025\/07\/ESTAGIO-OBRIGATORIO-FORMULARIO_FICHA_2-1.pdf\" target=\"_blank\" rel=\"noopener\">EST\u00c1GIO OBRIGAT\u00d3RIO FORMULARIO_FICHA_2<\/a><\/p>\n<p><strong>Est\u00e1gio Curricular Optativo em Pediatria<\/strong><\/p>\n<p>C\u00f3digo da Disciplina MD019<\/p>\n<p>Ficha 2 &#8211; <a href=\"https:\/\/saude.ufpr.br\/pediatria\/wp-content\/uploads\/sites\/55\/2025\/07\/ESTAGIO-OPTATIVO__FORMULARIO_FICHA_2-1.pdf\">EST\u00c1GIO OPTATIVO__FORMULARIO_FICHA_2<\/a><\/p>\n<p><strong>Supervisor do Est\u00e1gio: Professor Carlos Alberto Fernandes Baltar<\/strong><\/p>\n<p>Cargo: Professor<\/p>\n<p>Forma\u00e7\u00e3o: M\u00e9dico<\/p>\n<p><strong>Orientadora: Profa. Daniela Hespanha Marinho<\/strong><\/p>\n<p>Cargo: Professora<\/p>\n<p>Forma\u00e7\u00e3o: M\u00e9dica<\/p>\n<p>Contato Departamento: (41) 3360-7994<\/p>\n<p>Atividades do Est\u00e1gio: Acompanhamento ambulatorial, acompanhamento nas enfermarias e reuni\u00f5es cl\u00ednicas.<\/p>\n<p><span data-olk-copy-source=\"MessageBody\">Os est\u00e1gios eletivos funcionam, habitualmente, em 05 semanas &#8211; 200h (poder\u00e1 ser diferente a depender do tempo da institui\u00e7\u00e3o de origem). \u00c9 poss\u00edvel faz\u00ea-lo nas seguintes especialidades: Endocrinologia, Infectologia (m\u00ednimo 02 semanas), Pneumo-alergo, Neurologia, Hematologia que s\u00e3o em ambulat\u00f3rios, com exce\u00e7\u00e3o da Hematologia que tem enfermaria tamb\u00e9m. Tamb\u00e9m \u00e9 poss\u00edvel, o PA, UTI-Neonatal (m\u00e9dio risco), CCO\/Sala de Parto, Alojamento Conjunto e UTI-Pedi\u00e1trica. Pode ser feito todo em um servi\u00e7o ou divididos, por semana, em mais de 01 servi\u00e7o.<\/span><\/p>\n<p>Formas de ingresso<\/p>\n<p><strong>Alunos UFPR\/Campus Curitiba<\/strong><\/p>\n<ul>\n<li>Preencher termo de compromisso e assinar &#8211;\u00a0 o formul\u00e1rio poder\u00e1 ser acessado no site <a href=\"http:\/\/www.prograd.ufpr.br\/\">www.prograp.ufpr.br<\/a>, no link:<a href=\"https:\/\/prograp.ufpr.br\/coafe\/ue\/formularios\/\">https:\/\/prograp.ufpr.br\/coafe\/ue\/formularios\/<\/a><\/li>\n<\/ul>\n<ul>\n<li>Enviar para o aceite do departamento que abrir\u00e1 processo SEI e encaminhar\u00e1 \u00e0 Coordena\u00e7\u00e3o do Curso, \u00e0 Unidade Concedente Complexo Hospital de Cl\u00ednicas e posteriormente \u00e0 PROGRAP\/UFPR.<\/li>\n<\/ul>\n<p><strong>Alunos UFPR\/Campus Toledo<\/strong><\/p>\n<ul>\n<li>Ap\u00f3s o primeiro contato via e-mail e o aceite do Departamento para receb\u00ea-los na data pretendida:<\/li>\n<\/ul>\n<ul>\n<li>Preencher termo de compromisso e assinar &#8211;\u00a0 o formul\u00e1rio poder\u00e1 ser acessado no site www.prograp.ufpr.br, no link:\u00a0<a href=\"https:\/\/prograp.ufpr.br\/coafe\/ue\/formularios\/\">https:\/\/prograp.ufpr.br\/coafe\/ue\/formularios\/<\/a><\/li>\n<li>Encaminhar\u00a0 \u00e0 Coordena\u00e7\u00e3o do Curso de Toledo para assinatura; abrir o processo na secretaria acad\u00eamica , e,\u00a0 enviar o processo via sistema SEI para o Departamento de Pediatria &#8211; SD para assinaturas do Supervisor de est\u00e1gio e orientador e Unidade Concedente Complexo Hospital de Cl\u00ednicas e posteriormente \u00e0 PROGRAP\/UFPR.<\/li>\n<\/ul>\n<p><strong>Alunos externos de Institui\u00e7\u00e3o P\u00fablica Federal:<\/strong><\/p>\n<ol>\n<li style=\"list-style-type: none\">\n<ol>\n<li><span data-contrast=\"none\">O primeiro passo para pleitear o est\u00e1gio \u00e9 enviar e-mail para <strong>dpedsd@ufpr.br<\/strong>, informando o per\u00edodo desejado para a realiza\u00e7\u00e3o. O e-mail ser\u00e1 encaminhado para o supervisor do est\u00e1gio, <\/span><b><span data-contrast=\"none\">Prof. Carlos Alberto Fernandes Baltar para o aceite, conforme vagas dispon\u00edveis.<\/span><\/b><span data-ccp-props=\"{&quot;201341983&quot;:0,&quot;335557856&quot;:16777215,&quot;335559739&quot;:0,&quot;335559740&quot;:240}\">\u00a0<\/span><span data-ccp-props=\"{&quot;201341983&quot;:0,&quot;335557856&quot;:16777215,&quot;335559739&quot;:0,&quot;335559740&quot;:240}\">\u00a0<\/span><span data-contrast=\"none\">Ap\u00f3s o aceite, o interessado dever\u00e1 providenciar os seguintes documentos:<\/span><span data-ccp-props=\"{&quot;201341983&quot;:0,&quot;335557856&quot;:16777215,&quot;335559739&quot;:0,&quot;335559740&quot;:240}\">\u00a0<\/span>\n<ul>\n<li data-leveltext=\"\uf0b7\" data-font=\"Symbol\" data-listid=\"1\" data-list-defn-props=\"{&quot;335552541&quot;:1,&quot;335559685&quot;:720,&quot;335559991&quot;:360,&quot;469769226&quot;:&quot;Symbol&quot;,&quot;469769242&quot;:[8226],&quot;469777803&quot;:&quot;left&quot;,&quot;469777804&quot;:&quot;\uf0b7&quot;,&quot;469777815&quot;:&quot;multilevel&quot;}\" data-aria-posinset=\"1\" data-aria-level=\"1\"><span data-contrast=\"none\">declara\u00e7\u00e3o de matr\u00edcula da sua Institui\u00e7\u00e3o;<\/span><span data-ccp-props=\"{&quot;134233117&quot;:true,&quot;134233118&quot;:true,&quot;201341983&quot;:0,&quot;335557856&quot;:16777215,&quot;335559739&quot;:160,&quot;335559740&quot;:240}\">\u00a0<\/span><\/li>\n<li data-leveltext=\"\uf0b7\" data-font=\"Symbol\" data-listid=\"1\" data-list-defn-props=\"{&quot;335552541&quot;:1,&quot;335559685&quot;:720,&quot;335559991&quot;:360,&quot;469769226&quot;:&quot;Symbol&quot;,&quot;469769242&quot;:[8226],&quot;469777803&quot;:&quot;left&quot;,&quot;469777804&quot;:&quot;\uf0b7&quot;,&quot;469777815&quot;:&quot;multilevel&quot;}\" data-aria-posinset=\"2\" data-aria-level=\"1\"><span data-contrast=\"none\">c\u00f3pia do hist\u00f3rico acad\u00eamico;<\/span><\/li>\n<\/ul>\n<ul>\n<li data-leveltext=\"\uf0b7\" data-font=\"Symbol\" data-listid=\"1\" data-list-defn-props=\"{&quot;335552541&quot;:1,&quot;335559685&quot;:720,&quot;335559991&quot;:360,&quot;469769226&quot;:&quot;Symbol&quot;,&quot;469769242&quot;:[8226],&quot;469777803&quot;:&quot;left&quot;,&quot;469777804&quot;:&quot;\uf0b7&quot;,&quot;469777815&quot;:&quot;multilevel&quot;}\" data-aria-posinset=\"3\" data-aria-level=\"1\"><span data-contrast=\"none\">termo de seguro da sua Institui\u00e7\u00e3o;<\/span><span data-ccp-props=\"{&quot;134233117&quot;:true,&quot;134233118&quot;:true,&quot;201341983&quot;:0,&quot;335557856&quot;:16777215,&quot;335559739&quot;:160,&quot;335559740&quot;:240}\">\u00a0<\/span><\/li>\n<li data-leveltext=\"\uf0b7\" data-font=\"Symbol\" data-listid=\"1\" data-list-defn-props=\"{&quot;335552541&quot;:1,&quot;335559685&quot;:720,&quot;335559991&quot;:360,&quot;469769226&quot;:&quot;Symbol&quot;,&quot;469769242&quot;:[8226],&quot;469777803&quot;:&quot;left&quot;,&quot;469777804&quot;:&quot;\uf0b7&quot;,&quot;469777815&quot;:&quot;multilevel&quot;}\" data-aria-posinset=\"4\" data-aria-level=\"1\"><span data-contrast=\"none\">termo de compromisso de est\u00e1gio da UFPR\u202f preenchido e assinado (dispon\u00edvel na p\u00e1gina da PROGRAP-UFPR no link:\u202f<\/span><a href=\"https:\/\/prograp.ufpr.br\/coafe\/ue\/formularios\/\">https:\/\/prograp.ufpr.br\/coafe\/ue\/formularios\/<\/a><\/li>\n<li data-leveltext=\"\uf0b7\" data-font=\"Symbol\" data-listid=\"1\" data-list-defn-props=\"{&quot;335552541&quot;:1,&quot;335559685&quot;:720,&quot;335559991&quot;:360,&quot;469769226&quot;:&quot;Symbol&quot;,&quot;469769242&quot;:[8226],&quot;469777803&quot;:&quot;left&quot;,&quot;469777804&quot;:&quot;\uf0b7&quot;,&quot;469777815&quot;:&quot;multilevel&quot;}\" data-aria-posinset=\"5\" data-aria-level=\"1\"><span data-contrast=\"none\">(copie e cole no seu navegador)<\/span><span data-ccp-props=\"{&quot;134233117&quot;:true,&quot;134233118&quot;:true,&quot;201341983&quot;:0,&quot;335557856&quot;:16777215,&quot;335559739&quot;:160,&quot;335559740&quot;:240}\">\u00a0<\/span><\/li>\n<\/ul>\n<\/li>\n<\/ol>\n<\/li>\n<\/ol>\n<p><span data-ccp-props=\"{&quot;201341983&quot;:0,&quot;335557856&quot;:16777215,&quot;335559739&quot;:0,&quot;335559740&quot;:240}\">\u00a0 \u00a0 \u00a0 \u00a0 \u00a0 \u00a0 \u00a0 \u00a0 \u00a0 \u00a0<\/span><span data-contrast=\"none\">Os documentos dever\u00e3o ser encaminhados em pdf para o e-mail <\/span><span data-contrast=\"none\">dpedsd@ufpr.br<\/span><span data-contrast=\"none\"> para abertura e tr\u00e2mite do processo de est\u00e1gio.<\/span><span data-ccp-props=\"{&quot;201341983&quot;:0,&quot;335557856&quot;:16777215,&quot;335559739&quot;:0,&quot;335559740&quot;:240}\">\u00a0<\/span><\/p>\n<p><span data-contrast=\"none\">Obs: Ao final do est\u00e1gio precisa ser preenchido o Relat\u00f3rio Final , dispon\u00edvel na p\u00e1gina da Prograp\/UFPR, encaminhado tamb\u00e9m para e-mail: dpedsd@ufpr.br para finaliza\u00e7\u00e3o do processo e obten\u00e7\u00e3o do certificado.<\/span><span data-ccp-props=\"{&quot;201341983&quot;:0,&quot;335557856&quot;:16777215,&quot;335559739&quot;:0,&quot;335559740&quot;:240}\">\u00a0<\/span><\/p>\n<p><strong>Alunos externos de Universidades P\u00fablicas Estaduais:<\/strong><\/p>\n<p>Os alunos que n\u00e3o s\u00e3o de institui\u00e7\u00f5es federais, precisam fazer esta solicita\u00e7\u00e3o diretamente no site do CHC ENSERH\/UFPR ( <a id=\"OWA856230fb-0443-f506-ba40-f631b3270dd1\" title=\"https:\/\/www.gov.br\/ebserh\/pt-br\/hospitais-universitarios\/regiao-sul\/chc-ufpr\" href=\"https:\/\/www.gov.br\/ebserh\/pt-br\/hospitais-universitarios\/regiao-sul\/chc-ufpr\" target=\"_blank\" rel=\"noopener noreferrer\" data-auth=\"NotApplicable\" data-linkindex=\"0\">https:\/\/www.gov.br\/ebserh\/pt-br\/hospitais-universitarios\/regiao-sul\/chc-ufpr<\/a> ). Ver o passo a passo no site.<\/p>\n<p>No termo de compromisso \u00e9 obrigat\u00f3rio a assinatura do professor da universidade de origem e precisa ter a assinatura de um professor ou preceptor que ir\u00e1 se responsabilizar pelo aluno aqui no CHC EBSERH\/UFPR. No caso do nosso est\u00e1gio em pediatria o respons\u00e1vel (Prof\u00ba Carlos Alberto Fernandes Baltar). Depois de preenchido este formul\u00e1rio precisa ser encaminhado a UGETE e ser\u00e1 submetido para aprova\u00e7\u00e3o no COAFE.<\/p>\n<p><strong>Alunos de Universidades particulares:<\/strong><\/p>\n<ol>\n<li style=\"list-style-type: none\">\n<ol>\n<li>O processo seletivo \u00e9 orientado e divulgado diretamente pela administra\u00e7\u00e3o do Complexo Hospital de Cl\u00ednicas desde o 1\u00ba semestre de 2018.<\/li>\n<li>Para maiores informa\u00e7\u00f5es, acessar o site\u00a0<a href=\"http:\/\/www2.ebserh.gov.br\/web\/chc-ufpr\" target=\"_blank\" rel=\"noopener noreferrer\">http:\/\/www2.ebserh.gov.br\/web\/chc-ufpr<\/a> ou enviar e-mail para unigrad@hc.ufpr.br , gep@hc.ufpr.br, ou ligar para (041) <span id=\"OBJ_PREFIX_DWT602_com_zimbra_date\" class=\"Object\"><span id=\"OBJ_PREFIX_DWT603_com_zimbra_date\" class=\"Object\"><span id=\"OBJ_PREFIX_DWT613_com_zimbra_date\" class=\"Object\">3360-1023.<\/span><\/span><\/span><\/li>\n<\/ol>\n<\/li>\n<\/ol>\n<p>&nbsp;<\/p>\n<p>&nbsp;<\/p>\n","protected":false},"excerpt":{"rendered":"<p>Resolu\u00e7\u00e3o N\u00ba 03\/2019 do Colegiado de Curso de Medicina UFPR Estabelece o regulamento para o Est\u00e1gio Curricular Obrigat\u00f3rio do Curso de Medicina Res03_Estagio_Curricular_03dez2019 Est\u00e1gio Curricular Obrigat\u00f3rio em Pediatria C\u00f3digo da Disciplina\u00a0 MD013 Ficha 2 &#8211; EST\u00c1GIO OBRIGAT\u00d3RIO FORMULARIO_FICHA_2 Est\u00e1gio Curricular Optativo em Pediatria C\u00f3digo da Disciplina MD019 Ficha 2 &#8211; EST\u00c1GIO OPTATIVO__FORMULARIO_FICHA_2 Supervisor do Est\u00e1gio:<br \/> <a href=\"https:\/\/saude.ufpr.br\/pediatria\/estagios\/\" class=\"button success small readmore\">Leia mais<\/a><\/p>\n","protected":false},"author":15,"featured_media":0,"parent":0,"menu_order":0,"comment_status":"closed","ping_status":"closed","template":"","meta":{"_acf_changed":false,"_uag_custom_page_level_css":"","footnotes":""},"class_list":["post-26","page","type-page","status-publish","hentry"],"acf":[],"featured_image_src":null,"uagb_featured_image_src":{"full":false,"thumbnail":false,"medium":false,"medium_large":false,"large":false,"1536x1536":false,"2048x2048":false,"noticias-thumb":false,"banners-thumb":false,"maisnoticias-thumb":false,"post-thumbnail":false},"uagb_author_info":{"display_name":"Andrea Jankoski","author_link":"https:\/\/saude.ufpr.br\/pediatria\/author\/andrea\/"},"uagb_comment_info":0,"uagb_excerpt":"Resolu\u00e7\u00e3o N\u00ba 03\/2019 do Colegiado de Curso de Medicina UFPR Estabelece o regulamento para o Est\u00e1gio Curricular Obrigat\u00f3rio do Curso de Medicina Res03_Estagio_Curricular_03dez2019 Est\u00e1gio Curricular Obrigat\u00f3rio em Pediatria C\u00f3digo da Disciplina\u00a0 MD013 Ficha 2 &#8211; EST\u00c1GIO OBRIGAT\u00d3RIO FORMULARIO_FICHA_2 Est\u00e1gio Curricular Optativo em Pediatria C\u00f3digo da Disciplina MD019 Ficha 2 &#8211; EST\u00c1GIO OPTATIVO__FORMULARIO_FICHA_2 Supervisor do Est\u00e1gio:&hellip;","publishpress_future_action":{"enabled":false,"date":"2026-05-02 19:14:21","action":"change-status","newStatus":"draft","terms":[],"taxonomy":"","extraData":[]},"publishpress_future_workflow_manual_trigger":{"enabledWorkflows":[]},"_links":{"self":[{"href":"https:\/\/saude.ufpr.br\/pediatria\/wp-json\/wp\/v2\/pages\/26","targetHints":{"allow":["GET"]}}],"collection":[{"href":"https:\/\/saude.ufpr.br\/pediatria\/wp-json\/wp\/v2\/pages"}],"about":[{"href":"https:\/\/saude.ufpr.br\/pediatria\/wp-json\/wp\/v2\/types\/page"}],"author":[{"embeddable":true,"href":"https:\/\/saude.ufpr.br\/pediatria\/wp-json\/wp\/v2\/users\/15"}],"replies":[{"embeddable":true,"href":"https:\/\/saude.ufpr.br\/pediatria\/wp-json\/wp\/v2\/comments?post=26"}],"version-history":[{"count":25,"href":"https:\/\/saude.ufpr.br\/pediatria\/wp-json\/wp\/v2\/pages\/26\/revisions"}],"predecessor-version":[{"id":1047,"href":"https:\/\/saude.ufpr.br\/pediatria\/wp-json\/wp\/v2\/pages\/26\/revisions\/1047"}],"wp:attachment":[{"href":"https:\/\/saude.ufpr.br\/pediatria\/wp-json\/wp\/v2\/media?parent=26"}],"curies":[{"name":"wp","href":"https:\/\/api.w.org\/{rel}","templated":true}]}}