{"id":387,"date":"2022-02-24T08:42:11","date_gmt":"2022-02-24T11:42:11","guid":{"rendered":"https:\/\/saude.ufpr.br\/pediatria\/?page_id=387"},"modified":"2022-02-24T08:42:11","modified_gmt":"2022-02-24T11:42:11","slug":"requerimento-para-revisao-de-avaliacoes","status":"publish","type":"page","link":"https:\/\/saude.ufpr.br\/pediatria\/requerimento-para-revisao-de-avaliacoes\/","title":{"rendered":"REQUERIMENTO PARA REVIS\u00c3O DE AVALIA\u00c7\u00d5ES"},"content":{"rendered":"\n<div class=\"wpcf7 no-js\" id=\"wpcf7-f386-o1\" lang=\"pt-BR\" dir=\"ltr\" data-wpcf7-id=\"386\">\n<div class=\"screen-reader-response\"><p role=\"status\" aria-live=\"polite\" aria-atomic=\"true\"><\/p> <ul><\/ul><\/div>\n<form action=\"\/pediatria\/wp-json\/wp\/v2\/pages\/387#wpcf7-f386-o1\" method=\"post\" class=\"wpcf7-form init\" aria-label=\"Formul\u00e1rios de contato\" novalidate=\"novalidate\" data-status=\"init\">\n<fieldset class=\"hidden-fields-container\"><input type=\"hidden\" name=\"_wpcf7\" value=\"386\" \/><input type=\"hidden\" name=\"_wpcf7_version\" value=\"6.1.5\" \/><input type=\"hidden\" name=\"_wpcf7_locale\" value=\"pt_BR\" \/><input type=\"hidden\" name=\"_wpcf7_unit_tag\" value=\"wpcf7-f386-o1\" \/><input type=\"hidden\" name=\"_wpcf7_container_post\" value=\"0\" \/><input type=\"hidden\" name=\"_wpcf7_posted_data_hash\" value=\"\" \/>\n<\/fieldset>\n<center>\n\t<p><b>REQUERIMENTO PARA REVIS\u00c3O DE AVALIA\u00c7\u00d5ES<\/b>\n\t<\/p>\n<\/center>\n<p>Ao Departamento de Pediatria<br \/>\n<label> Disciplina (obrigat\u00f3rio)<br \/>\n<span class=\"wpcf7-form-control-wrap\" data-name=\"disciplina\"><input size=\"40\" maxlength=\"400\" class=\"wpcf7-form-control wpcf7-text wpcf7-validates-as-required\" aria-required=\"true\" aria-invalid=\"false\" value=\"\" type=\"text\" name=\"disciplina\" \/><\/span> <\/label><br \/>\n<label> Referente a prova do dia (obrigat\u00f3rio)<br \/>\n<span class=\"wpcf7-form-control-wrap\" data-name=\"date-577\"><input class=\"wpcf7-form-control wpcf7-date wpcf7-validates-as-required wpcf7-validates-as-date\" aria-required=\"true\" aria-invalid=\"false\" value=\"\" type=\"date\" name=\"date-577\" \/><\/span> <\/label><br \/>\n<label> Nome (obrigat\u00f3rio)<br \/>\n<span class=\"wpcf7-form-control-wrap\" data-name=\"nome\"><input size=\"40\" maxlength=\"400\" class=\"wpcf7-form-control wpcf7-text wpcf7-validates-as-required\" aria-required=\"true\" aria-invalid=\"false\" value=\"\" type=\"text\" name=\"nome\" \/><\/span> <\/label><br \/>\n<label>GRR(obrigat\u00f3rio)<br \/>\n<span class=\"wpcf7-form-control-wrap\" data-name=\"grr\"><input size=\"40\" maxlength=\"400\" class=\"wpcf7-form-control wpcf7-text wpcf7-validates-as-required\" aria-required=\"true\" aria-invalid=\"false\" value=\"\" type=\"text\" name=\"grr\" \/><\/span> <\/label><br \/>\n<label> Seu e-mail (obrigat\u00f3rio)<br \/>\n<span class=\"wpcf7-form-control-wrap\" data-name=\"email-486\"><input size=\"40\" maxlength=\"400\" class=\"wpcf7-form-control wpcf7-email wpcf7-validates-as-required wpcf7-text wpcf7-validates-as-email\" aria-required=\"true\" aria-invalid=\"false\" value=\"\" type=\"email\" name=\"email-486\" \/><\/span><\/label><br \/>\n<label> Telefone para contato: (obrigat\u00f3rio)<br \/>\n<span class=\"wpcf7-form-control-wrap\" data-name=\"telefone\"><input size=\"40\" maxlength=\"400\" class=\"wpcf7-form-control wpcf7-text wpcf7-validates-as-required\" aria-required=\"true\" aria-invalid=\"false\" value=\"\" type=\"text\" name=\"telefone\" \/><\/span> <\/label>\n<\/p>\n<p><label><b>Quest\u00f5es a serem revistas:<\/b><\/label><br \/>\n<span class=\"wpcf7-form-control-wrap\" data-name=\"questoes\"><textarea cols=\"40\" rows=\"10\" maxlength=\"2000\" class=\"wpcf7-form-control wpcf7-textarea wpcf7-validates-as-required\" aria-required=\"true\" aria-invalid=\"false\" name=\"questoes\"><\/textarea><\/span><br \/>\nCuritiba: <span class=\"wpcf7-form-control-wrap\" data-name=\"Curitiba\"><input class=\"wpcf7-form-control wpcf7-date wpcf7-validates-as-required wpcf7-validates-as-date\" aria-required=\"true\" aria-invalid=\"false\" value=\"\" type=\"date\" name=\"Curitiba\" \/><\/span>\n<\/p>\n<p>Art. 105 \u2013 \u00c9 assegurado ao aluno o direito \u00e0 revis\u00e3o do resultado das avalia\u00e7\u00f5es escritas nos seguintes termos:<br \/>\na) Caso o aluno ainda n\u00e3o tenha tido acesso efetivo \u00e0 sua prova escrita corrigida, conforme previsto no artigo 93, \u00a7 3\u00ba, o processo de revis\u00e3o iniciar-se-\u00e1 com a apresenta\u00e7\u00e3o de requerimento de vista da prova pelo aluno ao departamento respons\u00e1vel pela disciplina, nos tr\u00eas (03) dias \u00fateis subsequentes \u00e0 divulga\u00e7\u00e3o dos editais de notas;<br \/>\nb) A vista, que pressup\u00f5e possibilitar ao aluno ler, anotar e copiar o que julgar necess\u00e1rio, ser\u00e1 concedida no prazo m\u00e1ximo de tr\u00eas (03) dias \u00fateis a contar do recebimento do requerimento pelo departamento, podendo o aluno, ap\u00f3s a vista, apresentar, no prazo de tr\u00eas (03) dias \u00fateis, requerimento justificado de revis\u00e3o das quest\u00f5es que considere terem sido indevidamente corrigidas;<br \/>\nc) Recebido o requerimento pelo departamento, ser\u00e1 ouvido o professor da disciplina, que poder\u00e1 reconsiderar sua avalia\u00e7\u00e3o; caso contr\u00e1rio, o chefe do departamento designar\u00e1 uma comiss\u00e3o de tr\u00eas (03) professores do departamento que sejam da mesma disciplina, ou na falta destes, de \u00e1rea conexa do mesmo departamento, para efetuar a revis\u00e3o, devendo, em qualquer caso, ser dado conhecimento formal ao aluno sobre o resultado do pedido, no prazo m\u00e1ximo de dez (10) dias \u00fateis.<br \/>\n<input class=\"wpcf7-form-control wpcf7-submit has-spinner\" type=\"submit\" value=\"Enviar\" \/>\n<\/p><div class=\"wpcf7-response-output\" aria-hidden=\"true\"><\/div>\n<\/form>\n<\/div>\n\n","protected":false},"excerpt":{"rendered":"","protected":false},"author":15,"featured_media":0,"parent":0,"menu_order":0,"comment_status":"closed","ping_status":"closed","template":"","meta":{"_acf_changed":false,"_uag_custom_page_level_css":"","footnotes":""},"class_list":["post-387","page","type-page","status-publish","hentry"],"acf":[],"featured_image_src":null,"uagb_featured_image_src":{"full":false,"thumbnail":false,"medium":false,"medium_large":false,"large":false,"1536x1536":false,"2048x2048":false,"noticias-thumb":false,"banners-thumb":false,"maisnoticias-thumb":false,"post-thumbnail":false},"uagb_author_info":{"display_name":"Andrea Jankoski","author_link":"https:\/\/saude.ufpr.br\/pediatria\/author\/andrea\/"},"uagb_comment_info":0,"uagb_excerpt":null,"publishpress_future_action":{"enabled":false,"date":"2026-04-12 15:44:43","action":"change-status","newStatus":"draft","terms":[],"taxonomy":"","extraData":[]},"publishpress_future_workflow_manual_trigger":{"enabledWorkflows":[]},"_links":{"self":[{"href":"https:\/\/saude.ufpr.br\/pediatria\/wp-json\/wp\/v2\/pages\/387","targetHints":{"allow":["GET"]}}],"collection":[{"href":"https:\/\/saude.ufpr.br\/pediatria\/wp-json\/wp\/v2\/pages"}],"about":[{"href":"https:\/\/saude.ufpr.br\/pediatria\/wp-json\/wp\/v2\/types\/page"}],"author":[{"embeddable":true,"href":"https:\/\/saude.ufpr.br\/pediatria\/wp-json\/wp\/v2\/users\/15"}],"replies":[{"embeddable":true,"href":"https:\/\/saude.ufpr.br\/pediatria\/wp-json\/wp\/v2\/comments?post=387"}],"version-history":[{"count":1,"href":"https:\/\/saude.ufpr.br\/pediatria\/wp-json\/wp\/v2\/pages\/387\/revisions"}],"predecessor-version":[{"id":388,"href":"https:\/\/saude.ufpr.br\/pediatria\/wp-json\/wp\/v2\/pages\/387\/revisions\/388"}],"wp:attachment":[{"href":"https:\/\/saude.ufpr.br\/pediatria\/wp-json\/wp\/v2\/media?parent=387"}],"curies":[{"name":"wp","href":"https:\/\/api.w.org\/{rel}","templated":true}]}}