{"id":446,"date":"2022-10-18T10:23:12","date_gmt":"2022-10-18T13:23:12","guid":{"rendered":"https:\/\/saude.ufpr.br\/pediatria\/?page_id=446"},"modified":"2022-10-18T10:23:22","modified_gmt":"2022-10-18T13:23:22","slug":"formulario-de-validacao-de-reposicao-de-atividade-de-estagio-curricular-obrigatorio-internato-em-pediatria","status":"publish","type":"page","link":"https:\/\/saude.ufpr.br\/pediatria\/formulario-de-validacao-de-reposicao-de-atividade-de-estagio-curricular-obrigatorio-internato-em-pediatria\/","title":{"rendered":"Formul\u00e1rio de valida\u00e7\u00e3o de reposi\u00e7\u00e3o de atividade de Est\u00e1gio Curricular Obrigat\u00f3rio (Internato) em Pediatria"},"content":{"rendered":"\n<div class=\"wpcf7 no-js\" id=\"wpcf7-f442-o1\" lang=\"pt-BR\" dir=\"ltr\" data-wpcf7-id=\"442\">\n<div class=\"screen-reader-response\"><p role=\"status\" aria-live=\"polite\" aria-atomic=\"true\"><\/p> <ul><\/ul><\/div>\n<form action=\"\/pediatria\/wp-json\/wp\/v2\/pages\/446#wpcf7-f442-o1\" method=\"post\" class=\"wpcf7-form init\" aria-label=\"Formul\u00e1rios de contato\" enctype=\"multipart\/form-data\" novalidate=\"novalidate\" data-status=\"init\">\n<fieldset class=\"hidden-fields-container\"><input type=\"hidden\" name=\"_wpcf7\" value=\"442\" \/><input type=\"hidden\" name=\"_wpcf7_version\" value=\"6.1.5\" \/><input type=\"hidden\" name=\"_wpcf7_locale\" value=\"pt_BR\" \/><input type=\"hidden\" name=\"_wpcf7_unit_tag\" value=\"wpcf7-f442-o1\" \/><input type=\"hidden\" name=\"_wpcf7_container_post\" value=\"0\" \/><input type=\"hidden\" name=\"_wpcf7_posted_data_hash\" value=\"\" \/>\n<\/fieldset>\n<center>\n\t<p><b>FORMUL\u00c1RIO DE VALIDA\u00c7\u00c3O DE REPOSI\u00c7\u00c3O DE ATIVIDADE DE EST\u00c1GIO CURRICULAR OBRIGAT\u00d3RIO(INTERNATO) EM PEDIATRIA<\/b>\n\t<\/p>\n<\/center>\n<p>Ao Departamento de Pediatria<br \/>\n<label> Nome completo (obrigat\u00f3rio)<br \/>\n<span class=\"wpcf7-form-control-wrap\" data-name=\"nome\"><input size=\"40\" maxlength=\"400\" class=\"wpcf7-form-control wpcf7-text wpcf7-validates-as-required\" aria-required=\"true\" aria-invalid=\"false\" value=\"\" type=\"text\" name=\"nome\" \/><\/span> <\/label>\n<\/p>\n<p><label> Seu e-mail (obrigat\u00f3rio)<br \/>\n<span class=\"wpcf7-form-control-wrap\" data-name=\"email-933\"><input size=\"40\" maxlength=\"400\" class=\"wpcf7-form-control wpcf7-email wpcf7-validates-as-required wpcf7-text wpcf7-validates-as-email\" aria-required=\"true\" aria-invalid=\"false\" value=\"\" type=\"email\" name=\"email-933\" \/><\/span><\/label>\n<\/p>\n<p><label> Telefone para contato: (obrigat\u00f3rio)<br \/>\n<span class=\"wpcf7-form-control-wrap\" data-name=\"telefone\"><input size=\"40\" maxlength=\"400\" class=\"wpcf7-form-control wpcf7-text wpcf7-validates-as-required\" aria-required=\"true\" aria-invalid=\"false\" value=\"\" type=\"text\" name=\"telefone\" \/><\/span> <\/label>\n<\/p>\n<p><label> Especificar dia, per\u00edodo, local e professor respons\u00e1vel pela <b>ATIVIDADE N\u00c3O REALIZADA<\/b>: (obrigat\u00f3rio)<br \/>\n<span class=\"wpcf7-form-control-wrap\" data-name=\"date-577\"><input class=\"wpcf7-form-control wpcf7-date wpcf7-validates-as-required wpcf7-validates-as-date\" aria-required=\"true\" aria-invalid=\"false\" value=\"\" type=\"date\" name=\"date-577\" \/><\/span> <\/label>\n<\/p>\n<p><label> Hor\u00e1rio: (obrigat\u00f3rio)<br \/>\n<span class=\"wpcf7-form-control-wrap\" data-name=\"horario\"><input size=\"40\" maxlength=\"400\" class=\"wpcf7-form-control wpcf7-text wpcf7-validates-as-required\" aria-required=\"true\" aria-invalid=\"false\" value=\"\" type=\"text\" name=\"horario\" \/><\/span> <\/label>\n<\/p>\n<p><label> Local: (obrigat\u00f3rio)<br \/>\n<span class=\"wpcf7-form-control-wrap\" data-name=\"local\"><input size=\"40\" maxlength=\"400\" class=\"wpcf7-form-control wpcf7-text wpcf7-validates-as-required\" aria-required=\"true\" aria-invalid=\"false\" value=\"\" type=\"text\" name=\"local\" \/><\/span> <\/label>\n<\/p>\n<p><label>Professor: (obrigat\u00f3rio)<br \/>\n<span class=\"wpcf7-form-control-wrap\" data-name=\"professor\"><input size=\"40\" maxlength=\"400\" class=\"wpcf7-form-control wpcf7-text wpcf7-validates-as-required\" aria-required=\"true\" aria-invalid=\"false\" value=\"\" type=\"text\" name=\"professor\" \/><\/span> <\/label>\n<\/p>\n<p><label>Justificativa (obrigat\u00f3rio):<br \/>\n<span class=\"wpcf7-form-control-wrap\" data-name=\"justificativa\"><textarea cols=\"40\" rows=\"10\" maxlength=\"2000\" class=\"wpcf7-form-control wpcf7-textarea wpcf7-validates-as-required\" aria-required=\"true\" aria-invalid=\"false\" name=\"justificativa\"><\/textarea><\/span><\/label>\n<\/p>\n<p><label>Documentos para justificativa (obrigat\u00f3rio):<br \/>\n<span class=\"wpcf7-form-control-wrap\" data-name=\"file-235\"><input size=\"40\" class=\"wpcf7-form-control wpcf7-file wpcf7-validates-as-required\" accept=\".pdf,image\/*\" aria-required=\"true\" aria-invalid=\"false\" type=\"file\" name=\"file-235\" \/><\/span> <\/label>\n<\/p>\n<p><label>Especificar dia, per\u00edodo, local e professor respons\u00e1vel pela <b>ATIVIDADE DE REPOSI\u00c7\u00c3O:<\/b><br \/>\n<span class=\"wpcf7-form-control-wrap\" data-name=\"date-746\"><input class=\"wpcf7-form-control wpcf7-date wpcf7-validates-as-required wpcf7-validates-as-date\" aria-required=\"true\" aria-invalid=\"false\" value=\"\" type=\"date\" name=\"date-746\" \/><\/span> <\/label>\n<\/p>\n<p><label> Hor\u00e1rio: (obrigat\u00f3rio)<br \/>\n<span class=\"wpcf7-form-control-wrap\" data-name=\"horario2\"><input size=\"40\" maxlength=\"400\" class=\"wpcf7-form-control wpcf7-text wpcf7-validates-as-required\" aria-required=\"true\" aria-invalid=\"false\" value=\"\" type=\"text\" name=\"horario2\" \/><\/span> <\/label>\n<\/p>\n<p><label> Local: (obrigat\u00f3rio)<br \/>\n<span class=\"wpcf7-form-control-wrap\" data-name=\"local2\"><input size=\"40\" maxlength=\"400\" class=\"wpcf7-form-control wpcf7-text wpcf7-validates-as-required\" aria-required=\"true\" aria-invalid=\"false\" value=\"\" type=\"text\" name=\"local2\" \/><\/span> <\/label>\n<\/p>\n<p><label> Professor: (obrigat\u00f3rio)<br \/>\n<span class=\"wpcf7-form-control-wrap\" data-name=\"professor2\"><input size=\"40\" maxlength=\"400\" class=\"wpcf7-form-control wpcf7-text wpcf7-validates-as-required\" aria-required=\"true\" aria-invalid=\"false\" value=\"\" type=\"text\" name=\"professor2\" \/><\/span> <\/label>\n<\/p>\n<p><label>Curitiba: <span class=\"wpcf7-form-control-wrap\" data-name=\"Curitiba\"><input class=\"wpcf7-form-control wpcf7-date wpcf7-validates-as-required wpcf7-validates-as-date\" aria-required=\"true\" aria-invalid=\"false\" value=\"\" type=\"date\" name=\"Curitiba\" \/><\/span><\/label>\n<\/p>\n<p><input class=\"wpcf7-form-control wpcf7-submit has-spinner\" type=\"submit\" value=\"Enviar\" \/>\n<\/p><div class=\"wpcf7-response-output\" aria-hidden=\"true\"><\/div>\n<\/form>\n<\/div>\n\n","protected":false},"excerpt":{"rendered":"","protected":false},"author":15,"featured_media":0,"parent":0,"menu_order":0,"comment_status":"closed","ping_status":"closed","template":"","meta":{"_acf_changed":false,"_uag_custom_page_level_css":"","footnotes":""},"class_list":["post-446","page","type-page","status-publish","hentry"],"acf":[],"featured_image_src":null,"uagb_featured_image_src":{"full":false,"thumbnail":false,"medium":false,"medium_large":false,"large":false,"1536x1536":false,"2048x2048":false,"noticias-thumb":false,"banners-thumb":false,"maisnoticias-thumb":false,"post-thumbnail":false},"uagb_author_info":{"display_name":"Andrea Jankoski","author_link":"https:\/\/saude.ufpr.br\/pediatria\/author\/andrea\/"},"uagb_comment_info":0,"uagb_excerpt":null,"publishpress_future_action":{"enabled":false,"date":"2026-05-06 03:59:17","action":"change-status","newStatus":"draft","terms":[],"taxonomy":"","extraData":[]},"publishpress_future_workflow_manual_trigger":{"enabledWorkflows":[]},"_links":{"self":[{"href":"https:\/\/saude.ufpr.br\/pediatria\/wp-json\/wp\/v2\/pages\/446","targetHints":{"allow":["GET"]}}],"collection":[{"href":"https:\/\/saude.ufpr.br\/pediatria\/wp-json\/wp\/v2\/pages"}],"about":[{"href":"https:\/\/saude.ufpr.br\/pediatria\/wp-json\/wp\/v2\/types\/page"}],"author":[{"embeddable":true,"href":"https:\/\/saude.ufpr.br\/pediatria\/wp-json\/wp\/v2\/users\/15"}],"replies":[{"embeddable":true,"href":"https:\/\/saude.ufpr.br\/pediatria\/wp-json\/wp\/v2\/comments?post=446"}],"version-history":[{"count":2,"href":"https:\/\/saude.ufpr.br\/pediatria\/wp-json\/wp\/v2\/pages\/446\/revisions"}],"predecessor-version":[{"id":448,"href":"https:\/\/saude.ufpr.br\/pediatria\/wp-json\/wp\/v2\/pages\/446\/revisions\/448"}],"wp:attachment":[{"href":"https:\/\/saude.ufpr.br\/pediatria\/wp-json\/wp\/v2\/media?parent=446"}],"curies":[{"name":"wp","href":"https:\/\/api.w.org\/{rel}","templated":true}]}}