{"id":102,"date":"2016-09-28T19:55:26","date_gmt":"2016-09-28T19:55:26","guid":{"rendered":"https:\/\/saude.ufpr.br\/saudecomunitaria\/?page_id=102"},"modified":"2021-11-08T14:43:45","modified_gmt":"2021-11-08T17:43:45","slug":"terapia-ocupacional","status":"publish","type":"page","link":"https:\/\/saude.ufpr.br\/saudecoletiva\/terapia-ocupacional\/","title":{"rendered":"Terapia Ocupacional"},"content":{"rendered":"<table style=\"height: 173px\" width=\"1281\">\n<tbody>\n<tr>\n<td width=\"364\"><span style=\"color: #003300\"><strong>C\u00d3DIGO\/ DISCIPLINA<\/strong><\/span><\/td>\n<td width=\"378\"><span style=\"color: #003300\"><strong>DOCENTE<\/strong><\/span><\/td>\n<\/tr>\n<tr>\n<td width=\"364\">MS107 &#8211; Epidemiologia<\/td>\n<td width=\"378\">Solena Ziemer Kusma Fidalski<\/td>\n<\/tr>\n<tr>\n<td width=\"364\">MS108 \u2013 Sa\u00fade e Sociedade<\/td>\n<td width=\"378\">Rog\u00e9rio Miranda Gomes<\/td>\n<\/tr>\n<tr>\n<td width=\"364\">MS109 &#8211; Ergonomia<\/td>\n<td width=\"378\">Jo\u00e3o Carlos Lozovey<br \/>\nEliana Remor Teixeira<br \/>\nPaulo Roberto Zetola<\/td>\n<\/tr>\n<tr>\n<td width=\"364\">MS110 &#8211; An\u00e1lise Ergon\u00f4mica do Trabalho<\/td>\n<td width=\"378\">Jo\u00e3o Carlos Lozovey<br \/>\nEliana Remor Teixeira<br \/>\nPaulo Roberto Zetola<\/td>\n<\/tr>\n<\/tbody>\n<\/table>\n","protected":false},"excerpt":{"rendered":"<p>C\u00d3DIGO\/ DISCIPLINA DOCENTE MS107 &#8211; Epidemiologia Solena Ziemer Kusma Fidalski MS108 \u2013 Sa\u00fade e Sociedade Rog\u00e9rio Miranda Gomes MS109 &#8211; Ergonomia Jo\u00e3o Carlos Lozovey Eliana Remor Teixeira Paulo Roberto Zetola MS110 &#8211; An\u00e1lise Ergon\u00f4mica do Trabalho Jo\u00e3o Carlos Lozovey Eliana Remor Teixeira Paulo Roberto Zetola<\/p>\n","protected":false},"author":15,"featured_media":0,"parent":0,"menu_order":0,"comment_status":"closed","ping_status":"closed","template":"","meta":{"_acf_changed":false,"_uag_custom_page_level_css":"","footnotes":""},"class_list":["post-102","page","type-page","status-publish","hentry"],"acf":[],"featured_image_src":null,"uagb_featured_image_src":{"full":false,"thumbnail":false,"medium":false,"medium_large":false,"large":false,"1536x1536":false,"2048x2048":false,"noticias-thumb":false,"banners-thumb":false,"maisnoticias-thumb":false,"post-thumbnail":false},"uagb_author_info":{"display_name":"Andrea Jankoski","author_link":"https:\/\/saude.ufpr.br\/saudecoletiva\/author\/andrea\/"},"uagb_comment_info":0,"uagb_excerpt":"C\u00d3DIGO\/ DISCIPLINA DOCENTE MS107 &#8211; Epidemiologia Solena Ziemer Kusma Fidalski MS108 \u2013 Sa\u00fade e Sociedade Rog\u00e9rio Miranda Gomes MS109 &#8211; Ergonomia Jo\u00e3o Carlos Lozovey Eliana Remor Teixeira Paulo Roberto Zetola MS110 &#8211; An\u00e1lise Ergon\u00f4mica do Trabalho Jo\u00e3o Carlos Lozovey Eliana Remor Teixeira Paulo Roberto Zetola","publishpress_future_action":{"enabled":false,"date":"2026-04-25 05:31:57","action":"change-status","newStatus":"draft","terms":[],"taxonomy":"","extraData":[]},"publishpress_future_workflow_manual_trigger":{"enabledWorkflows":[]},"_links":{"self":[{"href":"https:\/\/saude.ufpr.br\/saudecoletiva\/wp-json\/wp\/v2\/pages\/102","targetHints":{"allow":["GET"]}}],"collection":[{"href":"https:\/\/saude.ufpr.br\/saudecoletiva\/wp-json\/wp\/v2\/pages"}],"about":[{"href":"https:\/\/saude.ufpr.br\/saudecoletiva\/wp-json\/wp\/v2\/types\/page"}],"author":[{"embeddable":true,"href":"https:\/\/saude.ufpr.br\/saudecoletiva\/wp-json\/wp\/v2\/users\/15"}],"replies":[{"embeddable":true,"href":"https:\/\/saude.ufpr.br\/saudecoletiva\/wp-json\/wp\/v2\/comments?post=102"}],"version-history":[{"count":12,"href":"https:\/\/saude.ufpr.br\/saudecoletiva\/wp-json\/wp\/v2\/pages\/102\/revisions"}],"predecessor-version":[{"id":1575,"href":"https:\/\/saude.ufpr.br\/saudecoletiva\/wp-json\/wp\/v2\/pages\/102\/revisions\/1575"}],"wp:attachment":[{"href":"https:\/\/saude.ufpr.br\/saudecoletiva\/wp-json\/wp\/v2\/media?parent=102"}],"curies":[{"name":"wp","href":"https:\/\/api.w.org\/{rel}","templated":true}]}}