{"id":1206,"date":"2019-11-14T14:20:33","date_gmt":"2019-11-14T17:20:33","guid":{"rendered":"https:\/\/saude.ufpr.br\/saudecoletiva\/?page_id=1206"},"modified":"2023-05-31T17:00:06","modified_gmt":"2023-05-31T20:00:06","slug":"1206-2","status":"publish","type":"page","link":"https:\/\/saude.ufpr.br\/saudecoletiva\/1206-2\/","title":{"rendered":"Laborat\u00f3rio de Sa\u00fade P\u00fablica e Ambiental"},"content":{"rendered":"<p style=\"text-align: center\"><strong>LABORAT\u00d3RIO DE SA\u00daDE P\u00daBLICA E AMBIENTAL<\/strong><\/p>\n<p style=\"text-align: center\">Unidade vinculada ao Departamento de Sa\u00fade Coletiva, Setor de Ci\u00eancias da Sa\u00fade \u2013 UFPR<\/p>\n<p style=\"text-align: center\">\n<p><strong>QUEM SOMOS<\/strong><\/p>\n<p>&nbsp;<\/p>\n<p>A Sa\u00fade Coletiva \u00e9 um campo cient\u00edfico de natureza interdisciplinar cujos conhecimentos e a\u00e7\u00f5es integram as \u00e1reas de epidemiologia, de ci\u00eancias sociais e humanas em sa\u00fade, al\u00e9m de pol\u00edticas, planejamento e gest\u00e3o de sistemas e servi\u00e7os de sa\u00fade.<\/p>\n<p>Proporciona a identifica\u00e7\u00e3o e distribui\u00e7\u00e3o de eventos relacionados ao adoecimento em popula\u00e7\u00f5es definidas, os quais devem resultar na formula\u00e7\u00e3o de pol\u00edticas p\u00fablicas de sa\u00fade voltadas para a resolu\u00e7\u00e3o dos problemas ambientais, sociais e econ\u00f4micos que determinam e\/ou condicionam o adoecimento.<\/p>\n<p>Neste contexto, o Laborat\u00f3rio de Sa\u00fade P\u00fablica e Ambiental tem como prop\u00f3sito realizar atividades de Sa\u00fade Coletiva destinadas prioritariamente \u00e0 forma\u00e7\u00e3o acad\u00eamica dos estudantes do curso de Farm\u00e1cia da UFPR. Aborda em suas disciplinas e projetos assuntos relacionados ao sistema de sa\u00fade e ao car\u00e1ter ambiental, sanit\u00e1rio e epidemiol\u00f3gico das popula\u00e7\u00f5es.<\/p>\n<p>Possui parcerias estabelecidas com servi\u00e7os p\u00fablicos de sa\u00fade municipais e estadual com os quais desenvolve projetos de extens\u00e3o e pesquisas de gradua\u00e7\u00e3o (curso de Farm\u00e1cia) e de p\u00f3s-gradua\u00e7\u00e3o (resid\u00eancia multiprofissional, mestrado e doutorado).<\/p>\n<p>&nbsp;<\/p>\n<p><strong>ATIVIDADES<\/strong><\/p>\n<p style=\"text-align: center\"><strong>ENSINO<\/strong><\/p>\n<p>&nbsp;<\/p>\n<p>As atividades de Ensino s\u00e3o desenvolvidas de forma integrada \u00e0s atividades de pesquisa e extens\u00e3o.<\/p>\n<p>No laborat\u00f3rio de Sa\u00fade P\u00fablica e Ambiental os alunos do curso de Farm\u00e1cia realizam aulas pr\u00e1ticas de an\u00e1lise da \u00e1gua para consumo humano com verifica\u00e7\u00e3o dos padr\u00f5es de potabilidade, al\u00e9m de discuss\u00f5es e simula\u00e7\u00f5es de temas relacionados \u00e0s disciplinas ministradas no local.<\/p>\n<p>&nbsp;<\/p>\n<p>F1 &#8211; Aula Pr\u00e1tica da disciplina Vigil\u00e2ncia em Sa\u00fade<\/p>\n<p>&nbsp;<\/p>\n<p>As disciplinas do departamento de Sa\u00fade Coletiva ministradas atualmente para o Curso de Farm\u00e1cia e sediadas no Laborat\u00f3rio de Sa\u00fade P\u00fablica e Ambiental s\u00e3o:<\/p>\n<p>\u00b7 Epidemiologia (4\u00ba per\u00edodo)<\/p>\n<p>\u00b7 Pol\u00edticas P\u00fablicas de Sa\u00fade (6\u00ba per\u00edodo)<\/p>\n<p>\u00b7 Est\u00e1gio no SUS (7\u00ba per\u00edodo)<\/p>\n<p>\u00b7 Vigil\u00e2ncia em Sa\u00fade (8\u00ba per\u00edodo)<\/p>\n<p>\u00b7 Est\u00e1gios profissionalizantes no SUS (10\u00ba per\u00edodo)<\/p>\n<p>\u00b7 Sa\u00fade Coletiva (disciplina com extens\u00e3o)<\/p>\n<p>&nbsp;<\/p>\n<p>&nbsp;<\/p>\n<p>&nbsp;<\/p>\n<p style=\"text-align: center\"><strong>PESQUISA<\/strong><\/p>\n<p><strong>LINHAS DE PESQUISA<\/strong><\/p>\n<p>\u00b7 Sa\u00fade e Ambiente<\/p>\n<p>\u00b7 Vigil\u00e2ncia da Qualidade da \u00c1gua para consumo humano<\/p>\n<p>\u00b7 Farmacoepidemiologia<\/p>\n<p>\u00b7 Farmacovigil\u00e2ncia<\/p>\n<p>\u00b7 Avalia\u00e7\u00e3o do acesso, seguran\u00e7a e utiliza\u00e7\u00e3o de medicamentos<\/p>\n<p>\u00b7 Desenvolvimento de t\u00e9cnicas de an\u00e1lise estrutural e ensaios com produtos naturais obtidos de plantas medicinais utilizadas no Brasil e de interesse para o SUS<\/p>\n<p>&nbsp;<\/p>\n<p>&nbsp;<\/p>\n<p><strong>PROJETOS DE PESQUISA<\/strong><\/p>\n<p>&nbsp;<\/p>\n<p>O Laborat\u00f3rio de Sa\u00fade P\u00fablica e Ambiental desenvolve diversos projetos de pesquisa. A seguir, alguns exemplos:<\/p>\n<p>&nbsp;<\/p>\n<p>&nbsp;<\/p>\n<p><strong>1) Investiga\u00e7\u00e3o farmacoepidemiol\u00f3gica do tratamento antirretroviral no estado do Paran\u00e1.<\/strong><\/p>\n<p>Realiza estudos com dados prim\u00e1rios e secund\u00e1rios sobre o uso, sucesso terap\u00eautico e seguran\u00e7a dos medicamentos para o controle da infec\u00e7\u00e3o pelo HIV na popula\u00e7\u00e3o do estado do Paran\u00e1. Avalia os servi\u00e7os e os Farmac\u00eauticos envolvidos na dispensa\u00e7\u00e3o e orienta\u00e7\u00f5es sobre estes medicamentos<\/p>\n<p>Coordenadora: Profa. Dra. Yanna Dantas Rattmann<\/p>\n<p>Equipe: estudantes de Inicia\u00e7\u00e3o Cient\u00edfica, Resid\u00eancia e Mestrado.<\/p>\n<p>&nbsp;<\/p>\n<p>F2 &#8211; Discuss\u00e3o dos projetos em andamento e avalia\u00e7\u00e3o dos resultados sobre a terapia antirretroviral.<\/p>\n<p>&nbsp;<\/p>\n<p><strong>2) Avalia\u00e7\u00e3o de par\u00e2metros de potabilidade da \u00e1gua para consumo humano<\/strong><\/p>\n<p>&nbsp;<\/p>\n<p>Tem a finalidade de verificar os par\u00e2metros de potabilidade da \u00e1gua para consumo humano provenientes de diversos pontos da cidade e comparar com valores estabelecidos na legisla\u00e7\u00e3o vigente, como forma de a\u00e7\u00e3o de Vigil\u00e2ncia da Qualidade da \u00c1gua.<\/p>\n<p>Coordenadora: Profa. Dra. Cristiane da Silva Paula de Oliveira<\/p>\n<p>&nbsp;<\/p>\n<p>F3<\/p>\n<p>&nbsp;<\/p>\n<p><strong>3) A\u00e7\u00f5es de vigil\u00e2ncia e monitoramento dos trihalometanos na \u00e1gua de abastecimento p\u00fablico.<\/strong><\/p>\n<p>A rea\u00e7\u00e3o do cloro com componentes org\u00e2nicos encontrados na \u00e1gua bruta resulta na forma\u00e7\u00e3o de compostos conhecidos como Trihalometanos (THM), os quais<\/p>\n<p>t\u00eam sido positivamente correlacionados \u00e0 carcinog\u00eanese em animais e humanos. O projeto investiga se as concentra\u00e7\u00f5es encontradas na \u00e1gua de abastecimento atendem ao disposto na portaria vigente de potabilidade da \u00e1gua.<\/p>\n<p>Coordenadora: Profa. Dra. Yanna Dantas Rattmann<\/p>\n<p>&nbsp;<\/p>\n<p>F4 &#8211; Determina\u00e7\u00e3o das concentra\u00e7\u00f5es de trihalometanos na \u00e1gua de abastecimento p\u00fablico.<\/p>\n<p>&nbsp;<\/p>\n<p style=\"text-align: center\"><strong>EXTENS\u00c3O<\/strong><\/p>\n<p>&nbsp;<\/p>\n<p><strong>PROJETOS DE EXTENS\u00c3O<\/strong><\/p>\n<p>&nbsp;<\/p>\n<p><strong>1) Educa\u00e7\u00e3o em Sa\u00fade Ambiental<\/strong><\/p>\n<p>Coordenadora: Profa. Dra. Cristiane da Silva Paula de Oliveira<\/p>\n<p>O Projeto tem foco nos alunos do ensino fundamental nas escolas municipais de Curitiba, em que s\u00e3o realizadas palestras e atividade l\u00fadica, utilizando o jogo de tabuleiro denominado \u201cTrilha da Sa\u00fade\u201d. Trata-se de a\u00e7\u00e3o de educa\u00e7\u00e3o sobre a<\/p>\n<p>import\u00e2ncia da destina\u00e7\u00e3o adequada de medicamentos vencidos ou sem uso, com objetivo de minimizar polui\u00e7\u00e3o ambiental.<\/p>\n<p>&nbsp;<\/p>\n<p>F5 &#8211; Desenvolvimento de atividades nas Escolas Municipais de Curitiba<\/p>\n<p>&nbsp;<\/p>\n<p>F6 &#8211; Participa\u00e7\u00e3o na semana Pedag\u00f3gica da Secretaria Municipal de Educa\u00e7\u00e3o de Curitiba &#8211; ExpoEduca\u00e7\u00e3o 2019 \u2013 Parque Barigui Expo Renault<\/p>\n<p>&nbsp;<\/p>\n<p>F7 &#8211; Apresenta\u00e7\u00e3o do Projeto de Extens\u00e3o na Semana Integrada de Ensino, Pesquisa e Extens\u00e3o &#8211; SIEPE 2019 &#8211; 18\u00ba ENEC &#8211; Encontro de Extens\u00e3o e Cultura da UFPR.<\/p>\n<p>&nbsp;<\/p>\n<p><strong>2) Avalia\u00e7\u00e3o da situa\u00e7\u00e3o vacinal de estudantes do curso de Farm\u00e1cia da UFPR.<\/strong> Orientadora do projeto no Curso de Farm\u00e1cia: Profa. Dra. Yanna Dantas Rattmann. Este projeto comp\u00f5e um programa de extens\u00e3o que inclui todos os cursos de gradua\u00e7\u00e3o do Setor de Ci\u00eancias da Sa\u00fade da UFPR, intitulado \u201cPreven\u00e7\u00e3o de doen\u00e7as imunopreven\u00edveis em discentes dos cursos de gradua\u00e7\u00e3o da \u00e1rea de sa\u00fade da UFPR\u201d, sob coordena\u00e7\u00e3o geral da Profa. Dra. Karin Regina Luhm. As carteiras de vacina\u00e7\u00e3o dos estudantes s\u00e3o avaliadas e \u00e9 dado um retorno sobre as pend\u00eancias, al\u00e9m de orienta\u00e7\u00f5es de como proceder para se imunizar adequadamente. No laborat\u00f3rio, os alunos s\u00e3o informados sobre as doen\u00e7as imunopreven\u00edveis, suas respectivas vacinas, calend\u00e1rio nacional de vacina\u00e7\u00e3o e identifica\u00e7\u00e3o das vacinas nas carteiras.<\/p>\n<p>&nbsp;<\/p>\n<p>F8 &#8211; Treinamento e avalia\u00e7\u00e3o das carteiras de vacina\u00e7\u00e3o dos alunos da turma do 7\u00ba per\u00edodo do Curso de Farm\u00e1cia &#8211; UFPR<\/p>\n<p>&nbsp;<\/p>\n<p>F9 &#8211; Equipe envolvida do programa de extens\u00e3o<\/p>\n<p>&nbsp;<\/p>\n<p><strong>GRUPO DE PESQUISA NO CNPq<\/strong><\/p>\n<p>\u00b7 Vigil\u00e2ncia em Sa\u00fade e Promo\u00e7\u00e3o da Sa\u00fade &#8211; L\u00edder e vice l\u00edder: Yanna Dantas Rattmann e Cristiane da Silva Paula de Oliveira. Espelho do grupo: dgp.cnpq.br\/dgp\/espelhogrupo\/9581908344534652<\/p>\n<p>&nbsp;<\/p>\n<p>&nbsp;<\/p>\n<p><strong>ENDERE\u00c7O E RAMAIS<\/strong><\/p>\n<p>Laborat\u00f3rio de Sa\u00fade P\u00fablica e Ambiental.<br \/>\nPr\u00e9dio do Curso de Farm\u00e1cia, UFPR- Campus Bot\u00e2nico<br \/>\nAv. Loth\u00e1rio Meissner, 632, CEP:80210-170 &#8211; Jardim Bot\u00e2nico- Curitiba (PR) \u2013 Brasil<br \/>\nTelefone: (41) 3360 4166<\/p>\n","protected":false},"excerpt":{"rendered":"<p>LABORAT\u00d3RIO DE SA\u00daDE P\u00daBLICA E AMBIENTAL Unidade vinculada ao Departamento de Sa\u00fade Coletiva, Setor de Ci\u00eancias da Sa\u00fade \u2013 UFPR QUEM SOMOS &nbsp; A Sa\u00fade Coletiva \u00e9 um campo cient\u00edfico de natureza interdisciplinar cujos conhecimentos e a\u00e7\u00f5es integram as \u00e1reas de epidemiologia, de ci\u00eancias sociais e humanas em sa\u00fade, al\u00e9m de pol\u00edticas, planejamento e gest\u00e3o<br \/> <a href=\"https:\/\/saude.ufpr.br\/saudecoletiva\/1206-2\/\" class=\"button success small readmore\">Leia mais<\/a><\/p>\n","protected":false},"author":1616,"featured_media":0,"parent":0,"menu_order":0,"comment_status":"closed","ping_status":"closed","template":"","meta":{"_acf_changed":false,"_uag_custom_page_level_css":"","footnotes":""},"class_list":["post-1206","page","type-page","status-publish","hentry"],"acf":[],"featured_image_src":null,"uagb_featured_image_src":{"full":false,"thumbnail":false,"medium":false,"medium_large":false,"large":false,"1536x1536":false,"2048x2048":false,"noticias-thumb":false,"banners-thumb":false,"maisnoticias-thumb":false,"post-thumbnail":false},"uagb_author_info":{"display_name":"lucas","author_link":"https:\/\/saude.ufpr.br\/saudecoletiva\/author\/lucas\/"},"uagb_comment_info":0,"uagb_excerpt":"LABORAT\u00d3RIO DE SA\u00daDE P\u00daBLICA E AMBIENTAL Unidade vinculada ao Departamento de Sa\u00fade Coletiva, Setor de Ci\u00eancias da Sa\u00fade \u2013 UFPR QUEM SOMOS &nbsp; A Sa\u00fade Coletiva \u00e9 um campo cient\u00edfico de natureza interdisciplinar cujos conhecimentos e a\u00e7\u00f5es integram as \u00e1reas de epidemiologia, de ci\u00eancias sociais e humanas em sa\u00fade, al\u00e9m de pol\u00edticas, planejamento e gest\u00e3o&hellip;","publishpress_future_action":{"enabled":false,"date":"2026-05-01 19:19:08","action":"change-status","newStatus":"draft","terms":[],"taxonomy":"","extraData":[]},"publishpress_future_workflow_manual_trigger":{"enabledWorkflows":[]},"_links":{"self":[{"href":"https:\/\/saude.ufpr.br\/saudecoletiva\/wp-json\/wp\/v2\/pages\/1206","targetHints":{"allow":["GET"]}}],"collection":[{"href":"https:\/\/saude.ufpr.br\/saudecoletiva\/wp-json\/wp\/v2\/pages"}],"about":[{"href":"https:\/\/saude.ufpr.br\/saudecoletiva\/wp-json\/wp\/v2\/types\/page"}],"author":[{"embeddable":true,"href":"https:\/\/saude.ufpr.br\/saudecoletiva\/wp-json\/wp\/v2\/users\/1616"}],"replies":[{"embeddable":true,"href":"https:\/\/saude.ufpr.br\/saudecoletiva\/wp-json\/wp\/v2\/comments?post=1206"}],"version-history":[{"count":13,"href":"https:\/\/saude.ufpr.br\/saudecoletiva\/wp-json\/wp\/v2\/pages\/1206\/revisions"}],"predecessor-version":[{"id":2063,"href":"https:\/\/saude.ufpr.br\/saudecoletiva\/wp-json\/wp\/v2\/pages\/1206\/revisions\/2063"}],"wp:attachment":[{"href":"https:\/\/saude.ufpr.br\/saudecoletiva\/wp-json\/wp\/v2\/media?parent=1206"}],"curies":[{"name":"wp","href":"https:\/\/api.w.org\/{rel}","templated":true}]}}