{"id":1644,"date":"2021-12-16T11:32:21","date_gmt":"2021-12-16T14:32:21","guid":{"rendered":"https:\/\/saude.ufpr.br\/saudecoletiva\/?page_id=1644"},"modified":"2021-12-16T11:32:21","modified_gmt":"2021-12-16T14:32:21","slug":"strictosensu","status":"publish","type":"page","link":"https:\/\/saude.ufpr.br\/saudecoletiva\/strictosensu\/","title":{"rendered":"Stricto sensu"},"content":{"rendered":"<p>O Departamento de Sa\u00fade Coletiva, por meio de seus professores, participa dos seguintes cursos de p\u00f3s-gradua\u00e7\u00e3o\u00a0<em>Stricto sensu<\/em>:<\/p>\n<p>&nbsp;<\/p>\n<p><a href=\"http:\/\/www.prppg.ufpr.br\/site\/ppgsaudecoletiva\/pb\/\" target=\"_blank\" rel=\"noopener\">Programa de P\u00f3s-Gradua\u00e7\u00e3o em Sa\u00fade Coletiva<\/a><\/p>\n<p><a href=\"http:\/\/www.prppg.ufpr.br\/site\/profsaude\/pb\/\" target=\"_blank\" rel=\"noopener\">Programa de P\u00f3s-Gradua\u00e7\u00e3o em Sa\u00fade da Fam\u00edlia<\/a><\/p>\n","protected":false},"excerpt":{"rendered":"<p>O Departamento de Sa\u00fade Coletiva, por meio de seus professores, participa dos seguintes cursos de p\u00f3s-gradua\u00e7\u00e3o\u00a0Stricto sensu: &nbsp; Programa de P\u00f3s-Gradua\u00e7\u00e3o em Sa\u00fade Coletiva Programa de P\u00f3s-Gradua\u00e7\u00e3o em Sa\u00fade da Fam\u00edlia<\/p>\n","protected":false},"author":1690,"featured_media":0,"parent":0,"menu_order":0,"comment_status":"closed","ping_status":"closed","template":"","meta":{"_acf_changed":false,"_uag_custom_page_level_css":"","footnotes":""},"class_list":["post-1644","page","type-page","status-publish","hentry"],"acf":[],"featured_image_src":null,"uagb_featured_image_src":{"full":false,"thumbnail":false,"medium":false,"medium_large":false,"large":false,"1536x1536":false,"2048x2048":false,"noticias-thumb":false,"banners-thumb":false,"maisnoticias-thumb":false,"post-thumbnail":false},"uagb_author_info":{"display_name":"saudecoletiva","author_link":"https:\/\/saude.ufpr.br\/saudecoletiva\/author\/saudecoletiva\/"},"uagb_comment_info":0,"uagb_excerpt":"O Departamento de Sa\u00fade Coletiva, por meio de seus professores, participa dos seguintes cursos de p\u00f3s-gradua\u00e7\u00e3o\u00a0Stricto sensu: &nbsp; Programa de P\u00f3s-Gradua\u00e7\u00e3o em Sa\u00fade Coletiva Programa de P\u00f3s-Gradua\u00e7\u00e3o em Sa\u00fade da Fam\u00edlia","publishpress_future_action":{"enabled":false,"date":"2026-05-02 13:59:03","action":"change-status","newStatus":"draft","terms":[],"taxonomy":"","extraData":[]},"publishpress_future_workflow_manual_trigger":{"enabledWorkflows":[]},"_links":{"self":[{"href":"https:\/\/saude.ufpr.br\/saudecoletiva\/wp-json\/wp\/v2\/pages\/1644","targetHints":{"allow":["GET"]}}],"collection":[{"href":"https:\/\/saude.ufpr.br\/saudecoletiva\/wp-json\/wp\/v2\/pages"}],"about":[{"href":"https:\/\/saude.ufpr.br\/saudecoletiva\/wp-json\/wp\/v2\/types\/page"}],"author":[{"embeddable":true,"href":"https:\/\/saude.ufpr.br\/saudecoletiva\/wp-json\/wp\/v2\/users\/1690"}],"replies":[{"embeddable":true,"href":"https:\/\/saude.ufpr.br\/saudecoletiva\/wp-json\/wp\/v2\/comments?post=1644"}],"version-history":[{"count":1,"href":"https:\/\/saude.ufpr.br\/saudecoletiva\/wp-json\/wp\/v2\/pages\/1644\/revisions"}],"predecessor-version":[{"id":1645,"href":"https:\/\/saude.ufpr.br\/saudecoletiva\/wp-json\/wp\/v2\/pages\/1644\/revisions\/1645"}],"wp:attachment":[{"href":"https:\/\/saude.ufpr.br\/saudecoletiva\/wp-json\/wp\/v2\/media?parent=1644"}],"curies":[{"name":"wp","href":"https:\/\/api.w.org\/{rel}","templated":true}]}}