{"id":1646,"date":"2021-12-16T11:41:18","date_gmt":"2021-12-16T14:41:18","guid":{"rendered":"https:\/\/saude.ufpr.br\/saudecoletiva\/?page_id=1646"},"modified":"2025-04-24T16:45:11","modified_gmt":"2025-04-24T19:45:11","slug":"calendario","status":"publish","type":"page","link":"https:\/\/saude.ufpr.br\/saudecoletiva\/calendario\/","title":{"rendered":"Datas Importantes"},"content":{"rendered":"<p>&nbsp;<\/p>\n<hr \/>\n<p>&nbsp;<\/p>\n<table>\n<tbody>\n<tr>\n<td style=\"text-align: center\" width=\"155\"><strong>2025<\/strong><\/td>\n<td style=\"text-align: center\" width=\"155\"><strong>Plen\u00e1rias DSC<\/strong><\/td>\n<td style=\"text-align: center\" width=\"156\"><a href=\"https:\/\/saude.ufpr.br\/\" target=\"_blank\" rel=\"noopener\"><strong>Conselho Setorial<\/strong><\/a><\/td>\n<td style=\"text-align: center\" width=\"155\"><a href=\"https:\/\/saude.ufpr.br\/cometica\/\" target=\"_blank\" rel=\"noopener\"><strong>Comit\u00ea de \u00c9tica<\/strong><\/a><\/td>\n<td style=\"text-align: center\" width=\"155\"><a href=\"https:\/\/saude.ufpr.br\/comites-setoriais\/\" target=\"_blank\" rel=\"noopener\"><strong>Comit\u00ea Setorial de Pesquisa<\/strong><\/a><\/td>\n<td style=\"text-align: center\" width=\"156\"><a href=\"https:\/\/saude.ufpr.br\/comite-de-extensao\/\" target=\"_blank\" rel=\"noopener\"><strong>Comit\u00ea Setorial de Extens\u00e3o<\/strong><\/a><\/td>\n<\/tr>\n<tr>\n<td style=\"text-align: center\" width=\"155\"><strong>FEVEREIRO<\/strong><\/td>\n<td style=\"text-align: center\" width=\"155\">27\/01 (segunda)<\/td>\n<td style=\"text-align: center\" width=\"156\">10\/02<\/td>\n<td style=\"text-align: center\" width=\"155\">\n<p class=\"western\" align=\"center\">\n<\/td>\n<td style=\"text-align: center\" width=\"155\"><\/td>\n<td style=\"text-align: center\" width=\"156\">10 e 24\/02<\/td>\n<\/tr>\n<tr>\n<td style=\"text-align: center\" width=\"155\"><strong>MAR\u00c7O<\/strong><\/td>\n<td style=\"text-align: center\" width=\"155\">06\/03 (quinta)<\/td>\n<td style=\"text-align: center\" width=\"156\">24\/03<\/td>\n<td style=\"text-align: center\" width=\"155\">\n<p class=\"western\" align=\"center\">\n<\/td>\n<td style=\"text-align: center\" width=\"155\">14\/03<\/td>\n<td style=\"text-align: center\" width=\"156\">10\/03<\/td>\n<\/tr>\n<tr>\n<td style=\"text-align: center\" width=\"155\"><strong>ABRIL<\/strong><\/td>\n<td style=\"text-align: center\" width=\"155\">01\/04 (ter\u00e7a)<\/td>\n<td style=\"text-align: center\" width=\"156\">28\/04<\/td>\n<td style=\"text-align: center\" width=\"155\">\n<p class=\"western\" align=\"center\">\n<\/td>\n<td style=\"text-align: center\" width=\"155\">04\/04<\/td>\n<td style=\"text-align: center\" width=\"156\">07\/04<\/td>\n<\/tr>\n<tr>\n<td style=\"text-align: center\" width=\"155\"><strong>MAIO<\/strong><\/td>\n<td style=\"text-align: center\" width=\"155\">05\/05 (segunda)<\/td>\n<td style=\"text-align: center\" width=\"156\">26\/05<\/td>\n<td style=\"text-align: center\" width=\"155\">\n<p class=\"western\" align=\"center\">\n<\/td>\n<td style=\"text-align: center\" width=\"155\">09\/05<\/td>\n<td style=\"text-align: center\" width=\"156\">05\/05<\/td>\n<\/tr>\n<tr>\n<td style=\"text-align: center\" width=\"155\"><strong>JUNHO<\/strong><\/td>\n<td style=\"text-align: center\" width=\"155\">05\/06 (quinta)<\/td>\n<td style=\"text-align: center\" width=\"156\">23\/06<\/td>\n<td style=\"text-align: center\" width=\"155\">\n<p class=\"western\" align=\"center\">\n<\/td>\n<td style=\"text-align: center\" width=\"155\">06 e 27\/06<\/td>\n<td style=\"text-align: center\" width=\"156\">02\/06<\/td>\n<\/tr>\n<tr>\n<td style=\"text-align: center\" width=\"155\"><strong>JULHO<\/strong><\/td>\n<td style=\"text-align: center\" width=\"155\">01\/07 (ter\u00e7a)<\/td>\n<td style=\"text-align: center\" width=\"156\">05\/08<\/td>\n<td style=\"text-align: center\" width=\"155\"><\/td>\n<td style=\"text-align: center\" width=\"155\">01\/08<\/td>\n<td style=\"text-align: center\" width=\"156\"><\/td>\n<\/tr>\n<tr>\n<td style=\"text-align: center\" width=\"155\"><strong>AGOSTO<\/strong><\/td>\n<td style=\"text-align: center\" width=\"155\">04\/08 (segunda)<\/td>\n<td style=\"text-align: center\" width=\"156\">25\/08<\/td>\n<td style=\"text-align: center\" width=\"155\">\n<p class=\"western\" align=\"center\">\n<\/td>\n<td style=\"text-align: center\" width=\"155\">05\/09<\/td>\n<td style=\"text-align: center\" width=\"156\">11\/08<\/td>\n<\/tr>\n<tr>\n<td style=\"text-align: center\" width=\"155\"><strong>SETEMBRO<\/strong><\/td>\n<td style=\"text-align: center\" width=\"155\">04\/09 (quinta)<\/td>\n<td style=\"text-align: center\" width=\"156\">22\/09<\/td>\n<td style=\"text-align: center\" width=\"155\">\n<p class=\"western\" align=\"center\">\n<\/td>\n<td style=\"text-align: center\" width=\"155\">03\/10<\/td>\n<td style=\"text-align: center\" width=\"156\">01\/09<\/td>\n<\/tr>\n<tr>\n<td style=\"text-align: center\" width=\"155\"><strong>OUTUBRO<\/strong><\/td>\n<td style=\"text-align: center\" width=\"155\">07\/10 (ter\u00e7a)<\/td>\n<td style=\"text-align: center\" width=\"156\">20\/10<\/td>\n<td style=\"text-align: center\" width=\"155\">\n<p class=\"western\" align=\"center\">\n<\/td>\n<td style=\"text-align: center\" width=\"155\">24\/10<\/td>\n<td style=\"text-align: center\" width=\"156\">06\/10<\/td>\n<\/tr>\n<tr>\n<td style=\"text-align: center\" width=\"155\"><strong>NOVEMBO<\/strong><\/td>\n<td style=\"text-align: center\" width=\"155\">03\/11 (segunda)<\/td>\n<td style=\"text-align: center\" width=\"156\">24\/11<\/td>\n<td style=\"text-align: center\" width=\"155\">\n<p class=\"western\" align=\"center\">\n<\/td>\n<td style=\"text-align: center\" width=\"155\">14\/11<\/td>\n<td style=\"text-align: center\" width=\"156\">03\/11<\/td>\n<\/tr>\n<tr>\n<td style=\"text-align: center\" width=\"155\"><strong>DEZEMBRO<\/strong><\/td>\n<td style=\"text-align: center\" width=\"155\">04\/12 (quinta)<\/td>\n<td style=\"text-align: center\" width=\"156\">15\/12<\/td>\n<td style=\"text-align: center\" width=\"155\">&#8211;<\/td>\n<td style=\"text-align: center\" width=\"155\">12\/12<\/td>\n<td style=\"text-align: center\" width=\"156\">01\/12<\/td>\n<\/tr>\n<\/tbody>\n<\/table>\n<p>&nbsp;<\/p>\n<p><a href=\"https:\/\/saude.ufpr.br\/saudecoletiva\/wp-content\/uploads\/sites\/30\/2025\/04\/Feriados-de-maio-a-dezembro-de-2025.pdf\" target=\"_blank\" rel=\"noopener\">Feriados de 2025<\/a><\/p>\n","protected":false},"excerpt":{"rendered":"<p>&nbsp; &nbsp; 2025 Plen\u00e1rias DSC Conselho Setorial Comit\u00ea de \u00c9tica Comit\u00ea Setorial de Pesquisa Comit\u00ea Setorial de Extens\u00e3o FEVEREIRO 27\/01 (segunda) 10\/02 10 e 24\/02 MAR\u00c7O 06\/03 (quinta) 24\/03 14\/03 10\/03 ABRIL 01\/04 (ter\u00e7a) 28\/04 04\/04 07\/04 MAIO 05\/05 (segunda) 26\/05 09\/05 05\/05 JUNHO 05\/06 (quinta) 23\/06 06 e 27\/06 02\/06 JULHO 01\/07 (ter\u00e7a) 05\/08<br \/> <a href=\"https:\/\/saude.ufpr.br\/saudecoletiva\/calendario\/\" class=\"button success small readmore\">Leia mais<\/a><\/p>\n","protected":false},"author":1690,"featured_media":0,"parent":0,"menu_order":0,"comment_status":"closed","ping_status":"closed","template":"","meta":{"_acf_changed":false,"_uag_custom_page_level_css":"","footnotes":""},"class_list":["post-1646","page","type-page","status-publish","hentry"],"acf":[],"featured_image_src":null,"uagb_featured_image_src":{"full":false,"thumbnail":false,"medium":false,"medium_large":false,"large":false,"1536x1536":false,"2048x2048":false,"noticias-thumb":false,"banners-thumb":false,"maisnoticias-thumb":false,"post-thumbnail":false},"uagb_author_info":{"display_name":"saudecoletiva","author_link":"https:\/\/saude.ufpr.br\/saudecoletiva\/author\/saudecoletiva\/"},"uagb_comment_info":0,"uagb_excerpt":"&nbsp; &nbsp; 2025 Plen\u00e1rias DSC Conselho Setorial Comit\u00ea de \u00c9tica Comit\u00ea Setorial de Pesquisa Comit\u00ea Setorial de Extens\u00e3o FEVEREIRO 27\/01 (segunda) 10\/02 10 e 24\/02 MAR\u00c7O 06\/03 (quinta) 24\/03 14\/03 10\/03 ABRIL 01\/04 (ter\u00e7a) 28\/04 04\/04 07\/04 MAIO 05\/05 (segunda) 26\/05 09\/05 05\/05 JUNHO 05\/06 (quinta) 23\/06 06 e 27\/06 02\/06 JULHO 01\/07 (ter\u00e7a) 05\/08&hellip;","publishpress_future_action":{"enabled":false,"date":"2026-04-30 05:26:43","action":"change-status","newStatus":"draft","terms":[],"taxonomy":"","extraData":[]},"publishpress_future_workflow_manual_trigger":{"enabledWorkflows":[]},"_links":{"self":[{"href":"https:\/\/saude.ufpr.br\/saudecoletiva\/wp-json\/wp\/v2\/pages\/1646","targetHints":{"allow":["GET"]}}],"collection":[{"href":"https:\/\/saude.ufpr.br\/saudecoletiva\/wp-json\/wp\/v2\/pages"}],"about":[{"href":"https:\/\/saude.ufpr.br\/saudecoletiva\/wp-json\/wp\/v2\/types\/page"}],"author":[{"embeddable":true,"href":"https:\/\/saude.ufpr.br\/saudecoletiva\/wp-json\/wp\/v2\/users\/1690"}],"replies":[{"embeddable":true,"href":"https:\/\/saude.ufpr.br\/saudecoletiva\/wp-json\/wp\/v2\/comments?post=1646"}],"version-history":[{"count":28,"href":"https:\/\/saude.ufpr.br\/saudecoletiva\/wp-json\/wp\/v2\/pages\/1646\/revisions"}],"predecessor-version":[{"id":2330,"href":"https:\/\/saude.ufpr.br\/saudecoletiva\/wp-json\/wp\/v2\/pages\/1646\/revisions\/2330"}],"wp:attachment":[{"href":"https:\/\/saude.ufpr.br\/saudecoletiva\/wp-json\/wp\/v2\/media?parent=1646"}],"curies":[{"name":"wp","href":"https:\/\/api.w.org\/{rel}","templated":true}]}}