{"id":1651,"date":"2021-12-16T11:48:25","date_gmt":"2021-12-16T14:48:25","guid":{"rendered":"https:\/\/saude.ufpr.br\/saudecoletiva\/?page_id=1651"},"modified":"2022-03-23T20:22:40","modified_gmt":"2022-03-23T23:22:40","slug":"faq","status":"publish","type":"page","link":"https:\/\/saude.ufpr.br\/saudecoletiva\/faq\/","title":{"rendered":"Perguntas Frequentes"},"content":{"rendered":"<p><a href=\"#pva\">Programa de Voluntariado Acad\u00eamico<\/a><\/p>\n<p><a href=\"#monitoria\">Monitoria\/Inicia\u00e7\u00e3o \u00e0 Doc\u00eancia<\/a><\/p>\n<p><a href=\"#sigepesougov\">Agendar f\u00e9rias<\/a><\/p>\n<p><a href=\"#sigepesougov\">Atestado m\u00e9dico<\/a><\/p>\n<p>SEI &#8211; Acompanhamento Especial<\/p>\n<p>SEI &#8211; Bloco de assinaturas<\/p>\n<p>SEI &#8211; Libera\u00e7\u00e3o de assinatura externa<\/p>\n<p>Projeto de pesquisa<\/p>\n<p>Projeto de extens\u00e3o<\/p>\n<p>Curso de extens\u00e3o<\/p>\n<p>Evento de extens\u00e3o<\/p>\n<p>Relat\u00f3rios de extens\u00e3o<\/p>\n<p><a href=\"#sigepesougov\">SIGEPE e SouGov<\/a><\/p>\n<p>&nbsp;<\/p>\n<hr \/>\n<h4 id=\"pva\">Programa de Voluntariado Acad\u00eamico<\/h4>\n<p>Iniciar processo &#8216;Gradua\u00e7\u00e3o: Programa de Voluntariado Acad\u00eamico&#8217; e adicionar em Acompanhamento especial no grupo &#8216;Programa de Voluntariado Acad\u00eamico (PVA)&#8217;.<\/p>\n<p>O (a) Professor (a) Orientador (a) dever\u00e1 preencher eletronicamente o TERMO DE ADES\u00c3O, cujo formul\u00e1rio est\u00e1 dispon\u00edvel no SEI em PROGRAD: PVA \u2013 TERMO DE ADES\u00c3O.<\/p>\n<p>Dever\u00e3o necessariamente assinar este Termo de Ades\u00e3o: a) Volunt\u00e1rio Acad\u00eamico; b) Professor Orientador; c) Chefe do Departamento; depois dessas tr\u00eas assinaturas, enviar para a coordena\u00e7\u00e3o do curso ao qual pertence o estudante para que seja assinado pelo d) Coordenador do Curso no qual o aluno volunt\u00e1rio acad\u00eamico est\u00e1 matriculado.<\/p>\n<p><em>Observa\u00e7\u00f5es<\/em>: N\u00e3o \u00e9 necess\u00e1rio fazer despacho ou of\u00edcio solicitando as assinaturas, sendo suficiente comunicar por e-mail no \u00e2mbito do departamento. Quem tramita para a COAFE \u00e9 a coordena\u00e7\u00e3o do curso ap\u00f3s a assinatura da coordena\u00e7\u00e3o. N\u00e3o precisa ser mantido aberto na unidade ao enviar para a coordena\u00e7\u00e3o do curso. N\u00e3o \u00e9 preciso aprova\u00e7\u00e3o em plen\u00e1ria departamental.<\/p>\n<p>Se houver desligamento antecipado do programa, portanto antes do t\u00e9rmino do per\u00edodo de vig\u00eancia contemplado no Termo de Ades\u00e3o, dever\u00e1 ser preenchido, assinado e tramitado \u00e0 COAFE\/PROGRAD (UFPR\/R\/PROGRAD\/COAFE) o TERMO DE RESCIS\u00c3O.<\/p>\n<p><em>Observa\u00e7\u00e3o<\/em>: caso ao procurar o documento ele n\u00e3o apare\u00e7a, \u00e9 necess\u00e1rio clicar no + em verde ao lado de &#8216;Escolha o Tipo do Documento&#8217;.<\/p>\n<p>Ao final das atividades, docente e discente ter\u00e3o direito \u00e0 certifica\u00e7\u00e3o, mediante o preenchimento, assinatura e tramita\u00e7\u00e3o do RELAT\u00d3RIO FINAL de atividades \u00e0 COAFE\/PROGRAD (UFPR\/R\/PROGRAD\/COAFE).<\/p>\n<p><em>Observa\u00e7\u00e3o<\/em>: Utilizem preferencialmente o mesmo processo no qual foi feito o termo de ades\u00e3o.<\/p>\n<p><a href=\"http:\/\/www.prograd.ufpr.br\/coafe\/uaf\/pva\/\" target=\"_blank\" rel=\"noopener\">http:\/\/www.prograd.ufpr.br\/coafe\/uaf\/pva\/<\/a><\/p>\n<hr \/>\n<h4 id=\"monitoria\">Monitoria\/Inicia\u00e7\u00e3o \u00e0 Doc\u00eancia<\/h4>\n<p><a href=\"http:\/\/www.prograd.ufpr.br\/coafe\/uaf\/monitoria\/\" target=\"_blank\" rel=\"noopener\">http:\/\/www.prograd.ufpr.br\/coafe\/uaf\/monitoria\/<\/a><\/p>\n<hr \/>\n<p>SEI &#8211; Acompanhamento Especial<\/p>\n<p>SEI- Bloco de assinaturas<\/p>\n<p>SEI &#8211; Libera\u00e7\u00e3o de assinatura externa<\/p>\n<p>Projeto de pesquisa<\/p>\n<p>Projeto de extens\u00e3o<\/p>\n<p>Curso de extens\u00e3o<\/p>\n<p>Evento de extens\u00e3o<\/p>\n<p>Relat\u00f3rios de extens\u00e3o<\/p>\n<hr \/>\n<h4 id=\"sigepesougov\">SIGEPE e SouGov<\/h4>\n<p class=\"Texto_Justificado_Recuo_Primeira_Linha\">No caso do SIGEPE\/SIGAC (<a href=\"https:\/\/sso.gestaodeacesso.planejamento.gov.br\/\" target=\"_blank\" rel=\"noopener\">https:\/\/sso.gestaodeacesso.planejamento.gov.br\/<\/a>), \u00e9 poss\u00edvel fazer as seguintes solicita\u00e7\u00f5es:<\/p>\n<ul>\n<li>\n<p class=\"Texto_Justificado\">Altera\u00e7\u00e3o de dados banc\u00e1rios<\/p>\n<\/li>\n<li>\n<p class=\"Texto_Justificado\">Assist\u00eancia \u00e0 sa\u00fade suplementar (Per Capita) &#8211; Envio de comprovantes<\/p>\n<\/li>\n<li>\n<p class=\"Texto_Justificado\">Assist\u00eancia \u00e0 sa\u00fade suplementar (Per Capita) &#8211; Solicita\u00e7\u00f5es<\/p>\n<\/li>\n<li>\n<p class=\"Texto_Justificado\">Atualiza\u00e7\u00e3o de dados pessoais<\/p>\n<\/li>\n<li>\n<p class=\"Texto_Justificado\">Aux\u00edlio alimenta\u00e7\u00e3o<\/p>\n<\/li>\n<li>\n<p class=\"Texto_Justificado\">Aux\u00edlio natalidade<\/p>\n<\/li>\n<li>\n<p class=\"Texto_Justificado\">Aux\u00edlio pr\u00e9-escolar<\/p>\n<\/li>\n<li>\n<p class=\"Texto_Justificado\">Aux\u00edlio transporte<\/p>\n<\/li>\n<li>\n<p class=\"Texto_Justificado\">Averba\u00e7\u00e3o de tempo de contribui\u00e7\u00e3o<\/p>\n<\/li>\n<li>\n<p class=\"Texto_Justificado\">Cadastro\/altera\u00e7\u00e3o de dependentes &#8211; Acompanhamento de pessoa da fam\u00edlia<\/p>\n<\/li>\n<li>\n<p class=\"Texto_Justificado\">Cadastro\/altera\u00e7\u00e3o de dependentes \u2013 Imposto de Renda<\/p>\n<\/li>\n<li>\n<p class=\"Texto_Justificado\">Contagem de tempo de servi\u00e7o<\/p>\n<\/li>\n<li>\n<p class=\"Texto_Justificado\">Declara\u00e7\u00f5es e certid\u00f5es diversas<\/p>\n<\/li>\n<li>\n<p class=\"Texto_Justificado\">Licen\u00e7a adotante e prorroga\u00e7\u00e3o<\/p>\n<\/li>\n<li>\n<p class=\"Texto_Justificado\">Licen\u00e7a gala (Casamento)<\/p>\n<\/li>\n<li>\n<p class=\"Texto_Justificado\">Licen\u00e7a gestante e prorroga\u00e7\u00e3o \u2013 Ap\u00f3s o nascimento\/Concess\u00e3o administrativa<\/p>\n<\/li>\n<li>\n<p class=\"Texto_Justificado\">Licen\u00e7a gestante \u2013 Natimorto<\/p>\n<\/li>\n<li>\n<p class=\"Texto_Justificado\">Licen\u00e7a gestante \u2013 Suspens\u00e3o por falecimento do(a)\u00a0filho(a)<\/p>\n<\/li>\n<li>\n<p class=\"Texto_Justificado\">Licen\u00e7a nojo (Falecimento)<\/p>\n<\/li>\n<li>\n<p class=\"Texto_Justificado\">Licen\u00e7a paternidade e prorroga\u00e7\u00e3o<\/p>\n<\/li>\n<li>\n<p class=\"Texto_Justificado\">Pagamento de substitui\u00e7\u00e3o de fun\u00e7\u00e3o<\/p>\n<\/li>\n<\/ul>\n<p>&nbsp;<\/p>\n<p class=\"Texto_Justificado_Recuo_Primeira_Linha\">J\u00e1 no SouGov, aplicativo e vers\u00e3o web (<a href=\"https:\/\/sougov.economia.gov.br\/sougov\/\" target=\"_blank\" rel=\"noopener\">https:\/\/sougov.economia.gov.br\/sougov\/<\/a>), est\u00e3o dispon\u00edveis as seguintes solicita\u00e7\u00f5es:<\/p>\n<ul>\n<li>\n<p class=\"Texto_Justificado\">Altera\u00e7\u00e3o de dados banc\u00e1rios<\/p>\n<\/li>\n<li>\n<p class=\"Texto_Justificado\">Atestado Web:\u00a0permite o envio dos atestados m\u00e9dicos ou odontol\u00f3gicos.<\/p>\n<\/li>\n<li>\n<p class=\"Texto_Justificado\">Atualiza\u00e7\u00e3o de dados pessoais:\u00a0e-mail, telefone e endere\u00e7o residencial.<\/p>\n<\/li>\n<li>\n<p class=\"Texto_Justificado\">Aux\u00edlio transporte<\/p>\n<\/li>\n<li>\n<p class=\"Texto_Justificado\">Licen\u00e7a gestante e prorroga\u00e7\u00e3o: com a possibilidade de solicitar no mesmo requerimento o cadastro de dependentes para fins de Aux\u00edlio Natalidade, Benef\u00edcio de acompanhamento de pessoa da fam\u00edlia e Dedu\u00e7\u00e3o de IR por dependente.<\/p>\n<\/li>\n<li>\n<p class=\"Texto_Justificado\">Licen\u00e7a paternidade e prorroga\u00e7\u00e3o: com a possibilidade de solicitar no mesmo requerimento o cadastro de dependentes para fins de Aux\u00edlio Natalidade, Benef\u00edcio de acompanhamento de pessoa da fam\u00edlia e Dedu\u00e7\u00e3o de IR por dependente.<\/p>\n<\/li>\n<\/ul>\n","protected":false},"excerpt":{"rendered":"<p>Programa de Voluntariado Acad\u00eamico Monitoria\/Inicia\u00e7\u00e3o \u00e0 Doc\u00eancia Agendar f\u00e9rias Atestado m\u00e9dico SEI &#8211; Acompanhamento Especial SEI &#8211; Bloco de assinaturas SEI &#8211; Libera\u00e7\u00e3o de assinatura externa Projeto de pesquisa Projeto de extens\u00e3o Curso de extens\u00e3o Evento de extens\u00e3o Relat\u00f3rios de extens\u00e3o SIGEPE e SouGov &nbsp; Programa de Voluntariado Acad\u00eamico Iniciar processo &#8216;Gradua\u00e7\u00e3o: Programa de Voluntariado<br \/> <a href=\"https:\/\/saude.ufpr.br\/saudecoletiva\/faq\/\" class=\"button success small readmore\">Leia mais<\/a><\/p>\n","protected":false},"author":1690,"featured_media":0,"parent":0,"menu_order":0,"comment_status":"closed","ping_status":"closed","template":"","meta":{"_acf_changed":false,"_uag_custom_page_level_css":"","footnotes":""},"class_list":["post-1651","page","type-page","status-publish","hentry"],"acf":[],"featured_image_src":null,"uagb_featured_image_src":{"full":false,"thumbnail":false,"medium":false,"medium_large":false,"large":false,"1536x1536":false,"2048x2048":false,"noticias-thumb":false,"banners-thumb":false,"maisnoticias-thumb":false,"post-thumbnail":false},"uagb_author_info":{"display_name":"saudecoletiva","author_link":"https:\/\/saude.ufpr.br\/saudecoletiva\/author\/saudecoletiva\/"},"uagb_comment_info":0,"uagb_excerpt":"Programa de Voluntariado Acad\u00eamico Monitoria\/Inicia\u00e7\u00e3o \u00e0 Doc\u00eancia Agendar f\u00e9rias Atestado m\u00e9dico SEI &#8211; Acompanhamento Especial SEI &#8211; Bloco de assinaturas SEI &#8211; Libera\u00e7\u00e3o de assinatura externa Projeto de pesquisa Projeto de extens\u00e3o Curso de extens\u00e3o Evento de extens\u00e3o Relat\u00f3rios de extens\u00e3o SIGEPE e SouGov &nbsp; Programa de Voluntariado Acad\u00eamico Iniciar processo &#8216;Gradua\u00e7\u00e3o: Programa de Voluntariado&hellip;","publishpress_future_action":{"enabled":false,"date":"2026-04-10 22:41:13","action":"change-status","newStatus":"draft","terms":[],"taxonomy":"","extraData":[]},"publishpress_future_workflow_manual_trigger":{"enabledWorkflows":[]},"_links":{"self":[{"href":"https:\/\/saude.ufpr.br\/saudecoletiva\/wp-json\/wp\/v2\/pages\/1651","targetHints":{"allow":["GET"]}}],"collection":[{"href":"https:\/\/saude.ufpr.br\/saudecoletiva\/wp-json\/wp\/v2\/pages"}],"about":[{"href":"https:\/\/saude.ufpr.br\/saudecoletiva\/wp-json\/wp\/v2\/types\/page"}],"author":[{"embeddable":true,"href":"https:\/\/saude.ufpr.br\/saudecoletiva\/wp-json\/wp\/v2\/users\/1690"}],"replies":[{"embeddable":true,"href":"https:\/\/saude.ufpr.br\/saudecoletiva\/wp-json\/wp\/v2\/comments?post=1651"}],"version-history":[{"count":17,"href":"https:\/\/saude.ufpr.br\/saudecoletiva\/wp-json\/wp\/v2\/pages\/1651\/revisions"}],"predecessor-version":[{"id":1828,"href":"https:\/\/saude.ufpr.br\/saudecoletiva\/wp-json\/wp\/v2\/pages\/1651\/revisions\/1828"}],"wp:attachment":[{"href":"https:\/\/saude.ufpr.br\/saudecoletiva\/wp-json\/wp\/v2\/media?parent=1651"}],"curies":[{"name":"wp","href":"https:\/\/api.w.org\/{rel}","templated":true}]}}