{"id":45,"date":"2016-09-28T19:30:31","date_gmt":"2016-09-28T19:30:31","guid":{"rendered":"https:\/\/saude.ufpr.br\/saudecomunitaria\/?page_id=45"},"modified":"2021-03-08T15:02:11","modified_gmt":"2021-03-08T18:02:11","slug":"historico","status":"publish","type":"page","link":"https:\/\/saude.ufpr.br\/saudecoletiva\/historico\/","title":{"rendered":"Hist\u00f3rico"},"content":{"rendered":"<p>O Departamento de Sa\u00fade Coletiva do Setor de Ci\u00eancias da Sa\u00fade da UFPR abrange profissionais de diversas \u00e1reas de sa\u00fade ofertando disciplinas de gradua\u00e7\u00e3o aos Cursos de Biomedicina, Enfermagem, Farm\u00e1cia, Medicina, Medicina Veterin\u00e1ria, Nutri\u00e7\u00e3o, Odontologia, Terapia Ocupacional e Zootecnia. Desenvolve a P\u00f3s-Gradua\u00e7\u00e3o Lato Sensu no formato de Resid\u00eancia em Infectologia, Medicina do Trabalho, Multiprofissional em Sa\u00fade da Fam\u00edlia e Medicina de Fam\u00edlia e Comunidade, Especializa\u00e7\u00e3o em Medicina do Trabalho, no Stricto Sensu com o Mestrado Acad\u00eamico em Sa\u00fade Coletiva e Mestrado Profissional em Sa\u00fade da Fam\u00edlia.<\/p>\n<p>O Departamento de Sa\u00fade Comunit\u00e1ria do Setor de Ci\u00eancias da Sa\u00fade da Universidade Federal do Paran\u00e1 foi criado em 14 de novembro de 1974, pela portaria 676 do Ministro de Estado da Educa\u00e7\u00e3o e Cultura.<\/p>\n<p>Criado para atender \u00e0 Reforma Universit\u00e1ria imposta pela Lei n\u00ba 5.540 de 1968 os departamentos se constitu\u00edram como subunidades da estrutura universit\u00e1ria, para efeito de organiza\u00e7\u00e3o administrativa, did\u00e1tica, cient\u00edfica e de distribui\u00e7\u00e3o de pessoal, e \u00f3rg\u00e3o de programa\u00e7\u00e3o e execu\u00e7\u00e3o das atividades de ensino, pesquisa e extens\u00e3o.<\/p>\n<p>No seu in\u00edcio o Departamento de Sa\u00fade Comunit\u00e1ria ofertou as disciplinas a) Medicina Preventiva, Epidemiologia e Profilaxia Geral; b) Epidemiologia e Profilaxia M\u00e9dica; c) Sa\u00fade Ocupacional; d) Doen\u00e7as Infectuosas e Parasit\u00e1rias; e) Higiene Social; f) Higiene Veterin\u00e1ria e Sa\u00fade P\u00fablica; g) Odontologia Preventiva e Social; h) Nutri\u00e7\u00e3o em Sa\u00fade P\u00fablica; i) Saneamento e Sa\u00fade da Comunidade; j) Higiene Escolar e k) Introdu\u00e7\u00e3o \u00e0 Sa\u00fade P\u00fablica.\u00a0 Essas disciplinas eram ofertadas aos cursos de Medicina, Medicina Veterin\u00e1ria, Odontologia, Farm\u00e1cia, Enfermagem e Educa\u00e7\u00e3o.<\/p>\n<p>A Reforma citada extinguiu as c\u00e1tedras dando lugar aos departamentos. Da mesma maneira desapareceram as faculdades tendo sido substitu\u00eddas pelos setores como unidades da estrutura universit\u00e1ria. O Departamento de Sa\u00fade Comunit\u00e1ria ficou ligado ao tamb\u00e9m rec\u00e9m-criado Setor de Ci\u00eancias da Sa\u00fade.<\/p>\n<p>Portanto as c\u00e1tedras \u00e9 que deram origem aos departamentos e deve-se considerar que, como \u00e1rea de conhecimento, o Departamento de Sa\u00fade Comunit\u00e1ria remonta a cria\u00e7\u00e3o da Universidade do Paran\u00e1, em 1912.<\/p>\n","protected":false},"excerpt":{"rendered":"<p>O Departamento de Sa\u00fade Coletiva do Setor de Ci\u00eancias da Sa\u00fade da UFPR abrange profissionais de diversas \u00e1reas de sa\u00fade ofertando disciplinas de gradua\u00e7\u00e3o aos Cursos de Biomedicina, Enfermagem, Farm\u00e1cia, Medicina, Medicina Veterin\u00e1ria, Nutri\u00e7\u00e3o, Odontologia, Terapia Ocupacional e Zootecnia. Desenvolve a P\u00f3s-Gradua\u00e7\u00e3o Lato Sensu no formato de Resid\u00eancia em Infectologia, Medicina do Trabalho, Multiprofissional em<br \/> <a href=\"https:\/\/saude.ufpr.br\/saudecoletiva\/historico\/\" class=\"button success small readmore\">Leia mais<\/a><\/p>\n","protected":false},"author":15,"featured_media":0,"parent":0,"menu_order":0,"comment_status":"closed","ping_status":"closed","template":"","meta":{"_acf_changed":false,"_uag_custom_page_level_css":"","footnotes":""},"class_list":["post-45","page","type-page","status-publish","hentry"],"acf":[],"featured_image_src":null,"uagb_featured_image_src":{"full":false,"thumbnail":false,"medium":false,"medium_large":false,"large":false,"1536x1536":false,"2048x2048":false,"noticias-thumb":false,"banners-thumb":false,"maisnoticias-thumb":false,"post-thumbnail":false},"uagb_author_info":{"display_name":"Andrea Jankoski","author_link":"https:\/\/saude.ufpr.br\/saudecoletiva\/author\/andrea\/"},"uagb_comment_info":0,"uagb_excerpt":"O Departamento de Sa\u00fade Coletiva do Setor de Ci\u00eancias da Sa\u00fade da UFPR abrange profissionais de diversas \u00e1reas de sa\u00fade ofertando disciplinas de gradua\u00e7\u00e3o aos Cursos de Biomedicina, Enfermagem, Farm\u00e1cia, Medicina, Medicina Veterin\u00e1ria, Nutri\u00e7\u00e3o, Odontologia, Terapia Ocupacional e Zootecnia. Desenvolve a P\u00f3s-Gradua\u00e7\u00e3o Lato Sensu no formato de Resid\u00eancia em Infectologia, Medicina do Trabalho, Multiprofissional em&hellip;","publishpress_future_action":{"enabled":false,"date":"2026-05-02 21:53:49","action":"change-status","newStatus":"draft","terms":[],"taxonomy":"","extraData":[]},"publishpress_future_workflow_manual_trigger":{"enabledWorkflows":[]},"_links":{"self":[{"href":"https:\/\/saude.ufpr.br\/saudecoletiva\/wp-json\/wp\/v2\/pages\/45","targetHints":{"allow":["GET"]}}],"collection":[{"href":"https:\/\/saude.ufpr.br\/saudecoletiva\/wp-json\/wp\/v2\/pages"}],"about":[{"href":"https:\/\/saude.ufpr.br\/saudecoletiva\/wp-json\/wp\/v2\/types\/page"}],"author":[{"embeddable":true,"href":"https:\/\/saude.ufpr.br\/saudecoletiva\/wp-json\/wp\/v2\/users\/15"}],"replies":[{"embeddable":true,"href":"https:\/\/saude.ufpr.br\/saudecoletiva\/wp-json\/wp\/v2\/comments?post=45"}],"version-history":[{"count":5,"href":"https:\/\/saude.ufpr.br\/saudecoletiva\/wp-json\/wp\/v2\/pages\/45\/revisions"}],"predecessor-version":[{"id":1269,"href":"https:\/\/saude.ufpr.br\/saudecoletiva\/wp-json\/wp\/v2\/pages\/45\/revisions\/1269"}],"wp:attachment":[{"href":"https:\/\/saude.ufpr.br\/saudecoletiva\/wp-json\/wp\/v2\/media?parent=45"}],"curies":[{"name":"wp","href":"https:\/\/api.w.org\/{rel}","templated":true}]}}