{"id":464,"date":"2017-02-24T16:17:49","date_gmt":"2017-02-24T16:17:49","guid":{"rendered":"https:\/\/saude.ufpr.br\/saudecomunitaria\/?page_id=464"},"modified":"2024-07-26T17:43:35","modified_gmt":"2024-07-26T20:43:35","slug":"residencia-multiprofissional-em-saude-da-familia","status":"publish","type":"page","link":"https:\/\/saude.ufpr.br\/saudecoletiva\/residencia-multiprofissional-em-saude-da-familia\/","title":{"rendered":"Resid\u00eancia Multiprofissional em Sa\u00fade da Fam\u00edlia"},"content":{"rendered":"<p class=\"x_MsoNormal\"><b>Coordenadora:<\/b> Profa. Dra. Marilene da Cruz Magalh\u00e3es Buffon \/ e-mail: marilenebuffon@ufpr.br<\/p>\n<p class=\"x_x_MsoNormal\"><b>Vice coordenador<\/b>\u00a0: Prof. Dr. Eduardo Pizzatto \/ e-mail: eduardo.pizzatto@ufpr.br<\/p>\n<div class=\"x_x_MsoNormal\">\n<p>&nbsp;<\/p>\n<\/div>\n<hr \/>\n<p><a href=\"https:\/\/saude.ufpr.br\/saudecoletiva\/wp-content\/uploads\/sites\/30\/2024\/07\/PRMSF-PROCESSO-SELETIVO-ENARE-2024-2025.pdf\" target=\"_blank\" rel=\"noopener\">Processo seletivo PRMSF ENARE 2024-2025<\/a><\/p>\n<p><a href=\"https:\/\/saude.ufpr.br\/saudecoletiva\/wp-content\/uploads\/sites\/30\/2022\/02\/GUIA-RAPIDO-editado-28.02.22-FINAL.pdf\" target=\"_blank\" rel=\"noopener\">Guia R\u00e1pido<\/a><\/p>\n<p><a href=\"https:\/\/saude.ufpr.br\/saudecoletiva\/wp-content\/uploads\/sites\/30\/2021\/12\/Regimento_PRMSF_05dez20-FINAL-22-02.pdf\" target=\"_blank\" rel=\"noopener\">Regimento<\/a><\/p>\n<p><a href=\"https:\/\/saude.ufpr.br\/saudecoletiva\/wp-content\/uploads\/sites\/30\/2021\/12\/TCR-termo-de-compromisso-e-ficha-de-acompanhamento-2021.doc\" target=\"_blank\" rel=\"noopener\">TCR &#8211; termo de compromisso e ficha de acompanhamento 2021<\/a><\/p>\n<p><a href=\"https:\/\/saude.ufpr.br\/saudecoletiva\/wp-content\/uploads\/sites\/30\/2022\/02\/FOLHA-FREQUENCIA-RESIDENCIA-MARCO-A-DEZEMBRO-DE-2022.pdf\" target=\"_blank\" rel=\"noopener\">Folha de Frequ\u00eancia 2022<\/a><\/p>\n<p><a href=\"https:\/\/saude.ufpr.br\/saudecoletiva\/wp-content\/uploads\/sites\/30\/2021\/12\/FORMULARIO-DE-SOLICITACAO-PARA-PARTICIPACAO-EM-EVENTOS-EXTRA-CURRICULARES-2021.doc\" target=\"_blank\" rel=\"noopener\">Formul\u00e1rio de solicita\u00e7\u00e3o para participa\u00e7\u00e3o em eventos extra curriculares 2021<\/a><\/p>\n<p><a href=\"https:\/\/saude.ufpr.br\/saudecoletiva\/wp-content\/uploads\/sites\/30\/2021\/12\/FORMULARIO-DE-AFASTAMENTO-2021-ATUALIZADO.doc\" target=\"_blank\" rel=\"noopener\">Formul\u00e1rio de afastamento 2021<\/a><\/p>\n<p><a href=\"https:\/\/saude.ufpr.br\/saudecoletiva\/wp-content\/uploads\/sites\/30\/2021\/12\/FICHA_AVALIACAO_FINAL_DO-TCR-2021.doc\" target=\"_blank\" rel=\"noopener\">Ficha de avalia\u00e7\u00e3o final de TCR 2021<\/a><\/p>\n<p><a href=\"https:\/\/saude.ufpr.br\/saudecoletiva\/wp-content\/uploads\/sites\/30\/2021\/12\/Projeto-Residencia.pdf\" target=\"_blank\" rel=\"noopener\">Projeto<\/a><\/p>\n","protected":false},"excerpt":{"rendered":"<p>Coordenadora: Profa. Dra. Marilene da Cruz Magalh\u00e3es Buffon \/ e-mail: marilenebuffon@ufpr.br Vice coordenador\u00a0: Prof. Dr. Eduardo Pizzatto \/ e-mail: eduardo.pizzatto@ufpr.br &nbsp; Processo seletivo PRMSF ENARE 2024-2025 Guia R\u00e1pido Regimento TCR &#8211; termo de compromisso e ficha de acompanhamento 2021 Folha de Frequ\u00eancia 2022 Formul\u00e1rio de solicita\u00e7\u00e3o para participa\u00e7\u00e3o em eventos extra curriculares 2021 Formul\u00e1rio de<br \/> <a href=\"https:\/\/saude.ufpr.br\/saudecoletiva\/residencia-multiprofissional-em-saude-da-familia\/\" class=\"button success small readmore\">Leia mais<\/a><\/p>\n","protected":false},"author":15,"featured_media":0,"parent":0,"menu_order":0,"comment_status":"closed","ping_status":"closed","template":"","meta":{"_acf_changed":false,"_uag_custom_page_level_css":"","footnotes":""},"class_list":["post-464","page","type-page","status-publish","hentry"],"acf":[],"featured_image_src":null,"uagb_featured_image_src":{"full":false,"thumbnail":false,"medium":false,"medium_large":false,"large":false,"1536x1536":false,"2048x2048":false,"noticias-thumb":false,"banners-thumb":false,"maisnoticias-thumb":false,"post-thumbnail":false},"uagb_author_info":{"display_name":"Andrea Jankoski","author_link":"https:\/\/saude.ufpr.br\/saudecoletiva\/author\/andrea\/"},"uagb_comment_info":0,"uagb_excerpt":"Coordenadora: Profa. Dra. Marilene da Cruz Magalh\u00e3es Buffon \/ e-mail: marilenebuffon@ufpr.br Vice coordenador\u00a0: Prof. Dr. Eduardo Pizzatto \/ e-mail: eduardo.pizzatto@ufpr.br &nbsp; Processo seletivo PRMSF ENARE 2024-2025 Guia R\u00e1pido Regimento TCR &#8211; termo de compromisso e ficha de acompanhamento 2021 Folha de Frequ\u00eancia 2022 Formul\u00e1rio de solicita\u00e7\u00e3o para participa\u00e7\u00e3o em eventos extra curriculares 2021 Formul\u00e1rio de&hellip;","publishpress_future_action":{"enabled":false,"date":"2026-04-25 09:53:09","action":"change-status","newStatus":"draft","terms":[],"taxonomy":"","extraData":[]},"publishpress_future_workflow_manual_trigger":{"enabledWorkflows":[]},"_links":{"self":[{"href":"https:\/\/saude.ufpr.br\/saudecoletiva\/wp-json\/wp\/v2\/pages\/464","targetHints":{"allow":["GET"]}}],"collection":[{"href":"https:\/\/saude.ufpr.br\/saudecoletiva\/wp-json\/wp\/v2\/pages"}],"about":[{"href":"https:\/\/saude.ufpr.br\/saudecoletiva\/wp-json\/wp\/v2\/types\/page"}],"author":[{"embeddable":true,"href":"https:\/\/saude.ufpr.br\/saudecoletiva\/wp-json\/wp\/v2\/users\/15"}],"replies":[{"embeddable":true,"href":"https:\/\/saude.ufpr.br\/saudecoletiva\/wp-json\/wp\/v2\/comments?post=464"}],"version-history":[{"count":47,"href":"https:\/\/saude.ufpr.br\/saudecoletiva\/wp-json\/wp\/v2\/pages\/464\/revisions"}],"predecessor-version":[{"id":2186,"href":"https:\/\/saude.ufpr.br\/saudecoletiva\/wp-json\/wp\/v2\/pages\/464\/revisions\/2186"}],"wp:attachment":[{"href":"https:\/\/saude.ufpr.br\/saudecoletiva\/wp-json\/wp\/v2\/media?parent=464"}],"curies":[{"name":"wp","href":"https:\/\/api.w.org\/{rel}","templated":true}]}}