{"id":47,"date":"2016-09-28T19:31:14","date_gmt":"2016-09-28T19:31:14","guid":{"rendered":"https:\/\/saude.ufpr.br\/saudecomunitaria\/?page_id=47"},"modified":"2021-12-16T11:29:26","modified_gmt":"2021-12-16T14:29:26","slug":"latosensu","status":"publish","type":"page","link":"https:\/\/saude.ufpr.br\/saudecoletiva\/latosensu\/","title":{"rendered":"Lato sensu"},"content":{"rendered":"<p>O Departamento de Sa\u00fade Coletiva, por meio de seus professores, participa dos seguintes cursos de p\u00f3s-gradua\u00e7\u00e3o <em>Lato sensu<\/em>:<\/p>\n<p>&nbsp;<\/p>\n<p><a href=\"https:\/\/www.ufpr.brufpr\/residencia-medica\/\" target=\"_blank\" rel=\"noopener\">Resid\u00eancia M\u00e9dica em Medicina da Fam\u00edlia e Comunidade<\/a><\/p>\n<p><a href=\"https:\/\/www.ufpr.brufpr\/residencia-medica\/\" target=\"_blank\" rel=\"noopener\">Resid\u00eancia M\u00e9dica em Infectologia<\/a><\/p>\n<p><a href=\"https:\/\/saude.ufpr.br\/saudecoletiva\/residencia-multiprofissional-em-saude-da-familia\/\" target=\"_blank\" rel=\"noopener\">Resid\u00eancia Multiprofissional em Sa\u00fade da Fam\u00edlia<\/a><\/p>\n<p><a href=\"https:\/\/saude.ufpr.br\/medtrab\/\" target=\"_blank\" rel=\"noopener\">Curso de Especializa\u00e7\u00e3o em Medicina do Trabalho<\/a><\/p>\n<p><a href=\"https:\/\/saude.ufpr.br\/epmufpr\/\" target=\"_blank\" rel=\"noopener\">Curso de Especializa\u00e7\u00e3o em Per\u00edcias M\u00e9dicas<\/a><\/p>\n","protected":false},"excerpt":{"rendered":"<p>O Departamento de Sa\u00fade Coletiva, por meio de seus professores, participa dos seguintes cursos de p\u00f3s-gradua\u00e7\u00e3o Lato sensu: &nbsp; Resid\u00eancia M\u00e9dica em Medicina da Fam\u00edlia e Comunidade Resid\u00eancia M\u00e9dica em Infectologia Resid\u00eancia Multiprofissional em Sa\u00fade da Fam\u00edlia Curso de Especializa\u00e7\u00e3o em Medicina do Trabalho Curso de Especializa\u00e7\u00e3o em Per\u00edcias M\u00e9dicas<\/p>\n","protected":false},"author":15,"featured_media":0,"parent":0,"menu_order":0,"comment_status":"closed","ping_status":"closed","template":"","meta":{"_acf_changed":false,"_uag_custom_page_level_css":"","footnotes":""},"class_list":["post-47","page","type-page","status-publish","hentry"],"acf":[],"featured_image_src":null,"uagb_featured_image_src":{"full":false,"thumbnail":false,"medium":false,"medium_large":false,"large":false,"1536x1536":false,"2048x2048":false,"noticias-thumb":false,"banners-thumb":false,"maisnoticias-thumb":false,"post-thumbnail":false},"uagb_author_info":{"display_name":"Andrea Jankoski","author_link":"https:\/\/saude.ufpr.br\/saudecoletiva\/author\/andrea\/"},"uagb_comment_info":0,"uagb_excerpt":"O Departamento de Sa\u00fade Coletiva, por meio de seus professores, participa dos seguintes cursos de p\u00f3s-gradua\u00e7\u00e3o Lato sensu: &nbsp; Resid\u00eancia M\u00e9dica em Medicina da Fam\u00edlia e Comunidade Resid\u00eancia M\u00e9dica em Infectologia Resid\u00eancia Multiprofissional em Sa\u00fade da Fam\u00edlia Curso de Especializa\u00e7\u00e3o em Medicina do Trabalho Curso de Especializa\u00e7\u00e3o em Per\u00edcias M\u00e9dicas","publishpress_future_action":{"enabled":false,"date":"2026-05-01 13:39:07","action":"change-status","newStatus":"draft","terms":[],"taxonomy":"","extraData":[]},"publishpress_future_workflow_manual_trigger":{"enabledWorkflows":[]},"_links":{"self":[{"href":"https:\/\/saude.ufpr.br\/saudecoletiva\/wp-json\/wp\/v2\/pages\/47","targetHints":{"allow":["GET"]}}],"collection":[{"href":"https:\/\/saude.ufpr.br\/saudecoletiva\/wp-json\/wp\/v2\/pages"}],"about":[{"href":"https:\/\/saude.ufpr.br\/saudecoletiva\/wp-json\/wp\/v2\/types\/page"}],"author":[{"embeddable":true,"href":"https:\/\/saude.ufpr.br\/saudecoletiva\/wp-json\/wp\/v2\/users\/15"}],"replies":[{"embeddable":true,"href":"https:\/\/saude.ufpr.br\/saudecoletiva\/wp-json\/wp\/v2\/comments?post=47"}],"version-history":[{"count":19,"href":"https:\/\/saude.ufpr.br\/saudecoletiva\/wp-json\/wp\/v2\/pages\/47\/revisions"}],"predecessor-version":[{"id":1643,"href":"https:\/\/saude.ufpr.br\/saudecoletiva\/wp-json\/wp\/v2\/pages\/47\/revisions\/1643"}],"wp:attachment":[{"href":"https:\/\/saude.ufpr.br\/saudecoletiva\/wp-json\/wp\/v2\/media?parent=47"}],"curies":[{"name":"wp","href":"https:\/\/api.w.org\/{rel}","templated":true}]}}