{"id":755,"date":"2018-02-07T14:30:05","date_gmt":"2018-02-07T16:30:05","guid":{"rendered":"https:\/\/saude.ufpr.br\/saudecoletiva\/?page_id=755"},"modified":"2025-04-17T16:49:15","modified_gmt":"2025-04-17T19:49:15","slug":"noticias","status":"publish","type":"page","link":"https:\/\/saude.ufpr.br\/saudecoletiva\/noticias\/","title":{"rendered":"SELE\u00c7\u00c3O DE BOLSISTA PARA PROJETO DE EXTENS\u00c3O"},"content":{"rendered":"<p>Est\u00e1 aberto o per\u00edodo de inscri\u00e7\u00f5es para candidatos(as) a bolsistas para o Projeto de Extens\u00e3o: \u201cCentro de Estudos, Pesquisa e Extens\u00e3o em Sa\u00fade Integral &#8211; CEPESI &#8211; 2025\u201d, sob orienta\u00e7\u00e3o da Professora Mar\u00edlia Pinto Ferreira Murata.<\/p>\n<p>As informa\u00e7\u00f5es detalhadas podem ser consultadas no <a href=\"https:\/\/saude.ufpr.br\/saudecoletiva\/wp-content\/uploads\/sites\/30\/2025\/04\/EDITAL-DE-SELECAO-DISCENTE-PARA-O-PROJETO-CEPESI-2025.pdf\" target=\"_blank\" rel=\"noopener\">Edital CEPESI 2025<\/a>.<\/p>\n","protected":false},"excerpt":{"rendered":"<p>Est\u00e1 aberto o per\u00edodo de inscri\u00e7\u00f5es para candidatos(as) a bolsistas para o Projeto de Extens\u00e3o: \u201cCentro de Estudos, Pesquisa e Extens\u00e3o em Sa\u00fade Integral &#8211; CEPESI &#8211; 2025\u201d, sob orienta\u00e7\u00e3o da Professora Mar\u00edlia Pinto Ferreira Murata. As informa\u00e7\u00f5es detalhadas podem ser consultadas no Edital CEPESI 2025.<\/p>\n","protected":false},"author":1615,"featured_media":0,"parent":0,"menu_order":0,"comment_status":"closed","ping_status":"closed","template":"noticias.php","meta":{"_acf_changed":false,"_uag_custom_page_level_css":"","footnotes":""},"class_list":["post-755","page","type-page","status-publish","hentry"],"acf":[],"featured_image_src":null,"uagb_featured_image_src":{"full":false,"thumbnail":false,"medium":false,"medium_large":false,"large":false,"1536x1536":false,"2048x2048":false,"noticias-thumb":false,"banners-thumb":false,"maisnoticias-thumb":false,"post-thumbnail":false},"uagb_author_info":{"display_name":"Guilherme","author_link":"https:\/\/saude.ufpr.br\/saudecoletiva\/author\/guilhermematos\/"},"uagb_comment_info":0,"uagb_excerpt":"Est\u00e1 aberto o per\u00edodo de inscri\u00e7\u00f5es para candidatos(as) a bolsistas para o Projeto de Extens\u00e3o: \u201cCentro de Estudos, Pesquisa e Extens\u00e3o em Sa\u00fade Integral &#8211; CEPESI &#8211; 2025\u201d, sob orienta\u00e7\u00e3o da Professora Mar\u00edlia Pinto Ferreira Murata. As informa\u00e7\u00f5es detalhadas podem ser consultadas no Edital CEPESI 2025.","publishpress_future_action":{"enabled":false,"date":"2026-04-22 01:47:22","action":"change-status","newStatus":"draft","terms":[],"taxonomy":"","extraData":[]},"publishpress_future_workflow_manual_trigger":{"enabledWorkflows":[]},"_links":{"self":[{"href":"https:\/\/saude.ufpr.br\/saudecoletiva\/wp-json\/wp\/v2\/pages\/755","targetHints":{"allow":["GET"]}}],"collection":[{"href":"https:\/\/saude.ufpr.br\/saudecoletiva\/wp-json\/wp\/v2\/pages"}],"about":[{"href":"https:\/\/saude.ufpr.br\/saudecoletiva\/wp-json\/wp\/v2\/types\/page"}],"author":[{"embeddable":true,"href":"https:\/\/saude.ufpr.br\/saudecoletiva\/wp-json\/wp\/v2\/users\/1615"}],"replies":[{"embeddable":true,"href":"https:\/\/saude.ufpr.br\/saudecoletiva\/wp-json\/wp\/v2\/comments?post=755"}],"version-history":[{"count":3,"href":"https:\/\/saude.ufpr.br\/saudecoletiva\/wp-json\/wp\/v2\/pages\/755\/revisions"}],"predecessor-version":[{"id":2320,"href":"https:\/\/saude.ufpr.br\/saudecoletiva\/wp-json\/wp\/v2\/pages\/755\/revisions\/2320"}],"wp:attachment":[{"href":"https:\/\/saude.ufpr.br\/saudecoletiva\/wp-json\/wp\/v2\/media?parent=755"}],"curies":[{"name":"wp","href":"https:\/\/api.w.org\/{rel}","templated":true}]}}