{"id":86,"date":"2016-09-28T19:52:35","date_gmt":"2016-09-28T19:52:35","guid":{"rendered":"https:\/\/saude.ufpr.br\/saudecomunitaria\/?page_id=86"},"modified":"2025-02-13T15:17:19","modified_gmt":"2025-02-13T18:17:19","slug":"secretaria","status":"publish","type":"page","link":"https:\/\/saude.ufpr.br\/saudecoletiva\/secretaria\/","title":{"rendered":"Secretaria"},"content":{"rendered":"<h5><strong><a href=\"https:\/\/saude.ufpr.br\/wp-content\/uploads\/2015\/03\/bul_red.gif\"><img decoding=\"async\" class=\"alignnone size-medium wp-image-615\" src=\"https:\/\/saude.ufpr.br\/wp-content\/uploads\/2015\/03\/bul_red.gif\" alt=\"bul_red\" width=\"15\" height=\"10\" \/><\/a><\/strong>Secret\u00e1rio: Vagner Blenski<\/h5>\n<hr \/>\n<h5 style=\"text-align: center\"><span style=\"color: #003300\"><strong>Hor\u00e1rio de atendimento ao p\u00fablicio: <\/strong>09h00 \u00e0s 11h30 e das 13h30 \u00e0s 17h00<\/span><\/h5>\n<h5 style=\"text-align: center\">Atendimento via <em>Teams<\/em>: saudecom@ufpr.br<\/h5>\n<h5 style=\"text-align: center\">E-mail: saudecom@ufpr.br<\/h5>\n<h5 style=\"text-align: center\">Telefone: (41) 3360-7241<\/h5>\n","protected":false},"excerpt":{"rendered":"<p>Secret\u00e1rio: Vagner Blenski Hor\u00e1rio de atendimento ao p\u00fablicio: 09h00 \u00e0s 11h30 e das 13h30 \u00e0s 17h00 Atendimento via Teams: saudecom@ufpr.br E-mail: saudecom@ufpr.br Telefone: (41) 3360-7241<\/p>\n","protected":false},"author":15,"featured_media":0,"parent":0,"menu_order":0,"comment_status":"closed","ping_status":"closed","template":"","meta":{"_acf_changed":false,"_uag_custom_page_level_css":"","footnotes":""},"class_list":["post-86","page","type-page","status-publish","hentry"],"acf":[],"featured_image_src":null,"uagb_featured_image_src":{"full":false,"thumbnail":false,"medium":false,"medium_large":false,"large":false,"1536x1536":false,"2048x2048":false,"noticias-thumb":false,"banners-thumb":false,"maisnoticias-thumb":false,"post-thumbnail":false},"uagb_author_info":{"display_name":"Andrea Jankoski","author_link":"https:\/\/saude.ufpr.br\/saudecoletiva\/author\/andrea\/"},"uagb_comment_info":0,"uagb_excerpt":"Secret\u00e1rio: Vagner Blenski Hor\u00e1rio de atendimento ao p\u00fablicio: 09h00 \u00e0s 11h30 e das 13h30 \u00e0s 17h00 Atendimento via Teams: saudecom@ufpr.br E-mail: saudecom@ufpr.br Telefone: (41) 3360-7241","publishpress_future_action":{"enabled":false,"date":"2026-04-10 23:47:04","action":"change-status","newStatus":"draft","terms":[],"taxonomy":"","extraData":[]},"publishpress_future_workflow_manual_trigger":{"enabledWorkflows":[]},"_links":{"self":[{"href":"https:\/\/saude.ufpr.br\/saudecoletiva\/wp-json\/wp\/v2\/pages\/86","targetHints":{"allow":["GET"]}}],"collection":[{"href":"https:\/\/saude.ufpr.br\/saudecoletiva\/wp-json\/wp\/v2\/pages"}],"about":[{"href":"https:\/\/saude.ufpr.br\/saudecoletiva\/wp-json\/wp\/v2\/types\/page"}],"author":[{"embeddable":true,"href":"https:\/\/saude.ufpr.br\/saudecoletiva\/wp-json\/wp\/v2\/users\/15"}],"replies":[{"embeddable":true,"href":"https:\/\/saude.ufpr.br\/saudecoletiva\/wp-json\/wp\/v2\/comments?post=86"}],"version-history":[{"count":24,"href":"https:\/\/saude.ufpr.br\/saudecoletiva\/wp-json\/wp\/v2\/pages\/86\/revisions"}],"predecessor-version":[{"id":2265,"href":"https:\/\/saude.ufpr.br\/saudecoletiva\/wp-json\/wp\/v2\/pages\/86\/revisions\/2265"}],"wp:attachment":[{"href":"https:\/\/saude.ufpr.br\/saudecoletiva\/wp-json\/wp\/v2\/media?parent=86"}],"curies":[{"name":"wp","href":"https:\/\/api.w.org\/{rel}","templated":true}]}}