{"id":90,"date":"2016-09-28T19:54:07","date_gmt":"2016-09-28T19:54:07","guid":{"rendered":"https:\/\/saude.ufpr.br\/saudecomunitaria\/?page_id=90"},"modified":"2021-11-08T14:43:31","modified_gmt":"2021-11-08T17:43:31","slug":"odontologia","status":"publish","type":"page","link":"https:\/\/saude.ufpr.br\/saudecoletiva\/odontologia\/","title":{"rendered":"Odontologia"},"content":{"rendered":"<table style=\"height: 329px\" width=\"1280\">\n<tbody>\n<tr>\n<td width=\"291\"><strong>C\u00d3DIGO\/ DISCIPLINA<\/strong><\/td>\n<td width=\"284\"><strong>DOCENTE<\/strong><\/td>\n<\/tr>\n<tr>\n<td width=\"291\">MS055 \u2013 Introdu\u00e7\u00e3o \u00e0 Sa\u00fade Coletiva<\/td>\n<td width=\"284\">Giovana\u00a0\u00a0 Pecharki<br \/>\nSamuel Moys\u00e9s<\/td>\n<\/tr>\n<tr>\n<td width=\"291\">MS056 \u2013 Odontologia em Sa\u00fade Coletiva I<\/td>\n<td width=\"284\">Eduardo Pizzatto<br \/>\nMarilene da Cruz Magalh\u00e3es Buffon<br \/>\nRafael Gomes Ditterich<br \/>\nSamuel Moys\u00e9s<\/td>\n<\/tr>\n<tr>\n<td width=\"291\">MS094 \u2013 Odontologia em Sa\u00fade Coletiva II<\/td>\n<td width=\"284\">Marilene da Cruz Magalh\u00e3es Buffon<br \/>\nRafael Gomes Ditterich<\/td>\n<\/tr>\n<tr>\n<td width=\"291\">MS095 \u2013 Odontologia em Sa\u00fade Coletiva III<\/td>\n<td width=\"284\">Eduardo Pizzatto<br \/>\nMarilene da Cruz Magalh\u00e3es Buffon<br \/>\nRafael Gomes Ditterich<\/td>\n<\/tr>\n<tr>\n<td width=\"291\">MS126 \u2013 Vigil\u00e2ncia em Sa\u00fade Bucal<\/td>\n<td width=\"284\">Eduardo Pizzatto<br \/>\nMarilene da Cruz Magalh\u00e3es Buffon<br \/>\nRafael Gomes Ditterich<br \/>\nSolena Ziemer Kusma Fidalski<\/td>\n<\/tr>\n<\/tbody>\n<\/table>\n","protected":false},"excerpt":{"rendered":"<p>C\u00d3DIGO\/ DISCIPLINA DOCENTE MS055 \u2013 Introdu\u00e7\u00e3o \u00e0 Sa\u00fade Coletiva Giovana\u00a0\u00a0 Pecharki Samuel Moys\u00e9s MS056 \u2013 Odontologia em Sa\u00fade Coletiva I Eduardo Pizzatto Marilene da Cruz Magalh\u00e3es Buffon Rafael Gomes Ditterich Samuel Moys\u00e9s MS094 \u2013 Odontologia em Sa\u00fade Coletiva II Marilene da Cruz Magalh\u00e3es Buffon Rafael Gomes Ditterich MS095 \u2013 Odontologia em Sa\u00fade Coletiva III Eduardo<br \/> <a href=\"https:\/\/saude.ufpr.br\/saudecoletiva\/odontologia\/\" class=\"button success small readmore\">Leia mais<\/a><\/p>\n","protected":false},"author":15,"featured_media":0,"parent":0,"menu_order":0,"comment_status":"closed","ping_status":"closed","template":"","meta":{"_acf_changed":false,"_uag_custom_page_level_css":"","footnotes":""},"class_list":["post-90","page","type-page","status-publish","hentry"],"acf":[],"featured_image_src":null,"uagb_featured_image_src":{"full":false,"thumbnail":false,"medium":false,"medium_large":false,"large":false,"1536x1536":false,"2048x2048":false,"noticias-thumb":false,"banners-thumb":false,"maisnoticias-thumb":false,"post-thumbnail":false},"uagb_author_info":{"display_name":"Andrea Jankoski","author_link":"https:\/\/saude.ufpr.br\/saudecoletiva\/author\/andrea\/"},"uagb_comment_info":0,"uagb_excerpt":"C\u00d3DIGO\/ DISCIPLINA DOCENTE MS055 \u2013 Introdu\u00e7\u00e3o \u00e0 Sa\u00fade Coletiva Giovana\u00a0\u00a0 Pecharki Samuel Moys\u00e9s MS056 \u2013 Odontologia em Sa\u00fade Coletiva I Eduardo Pizzatto Marilene da Cruz Magalh\u00e3es Buffon Rafael Gomes Ditterich Samuel Moys\u00e9s MS094 \u2013 Odontologia em Sa\u00fade Coletiva II Marilene da Cruz Magalh\u00e3es Buffon Rafael Gomes Ditterich MS095 \u2013 Odontologia em Sa\u00fade Coletiva III Eduardo&hellip;","publishpress_future_action":{"enabled":false,"date":"2026-04-10 19:49:01","action":"change-status","newStatus":"draft","terms":[],"taxonomy":"","extraData":[]},"publishpress_future_workflow_manual_trigger":{"enabledWorkflows":[]},"_links":{"self":[{"href":"https:\/\/saude.ufpr.br\/saudecoletiva\/wp-json\/wp\/v2\/pages\/90","targetHints":{"allow":["GET"]}}],"collection":[{"href":"https:\/\/saude.ufpr.br\/saudecoletiva\/wp-json\/wp\/v2\/pages"}],"about":[{"href":"https:\/\/saude.ufpr.br\/saudecoletiva\/wp-json\/wp\/v2\/types\/page"}],"author":[{"embeddable":true,"href":"https:\/\/saude.ufpr.br\/saudecoletiva\/wp-json\/wp\/v2\/users\/15"}],"replies":[{"embeddable":true,"href":"https:\/\/saude.ufpr.br\/saudecoletiva\/wp-json\/wp\/v2\/comments?post=90"}],"version-history":[{"count":21,"href":"https:\/\/saude.ufpr.br\/saudecoletiva\/wp-json\/wp\/v2\/pages\/90\/revisions"}],"predecessor-version":[{"id":1574,"href":"https:\/\/saude.ufpr.br\/saudecoletiva\/wp-json\/wp\/v2\/pages\/90\/revisions\/1574"}],"wp:attachment":[{"href":"https:\/\/saude.ufpr.br\/saudecoletiva\/wp-json\/wp\/v2\/media?parent=90"}],"curies":[{"name":"wp","href":"https:\/\/api.w.org\/{rel}","templated":true}]}}