{"id":21,"date":"2014-07-23T14:04:59","date_gmt":"2014-07-23T14:04:59","guid":{"rendered":"https:\/\/saude.ufpr.br\/terapiaocupacional\/?page_id=21"},"modified":"2015-01-27T13:50:45","modified_gmt":"2015-01-27T13:50:45","slug":"o-curso","status":"publish","type":"page","link":"https:\/\/saude.ufpr.br\/terapiaocupacional\/o-curso\/","title":{"rendered":"O Curso"},"content":{"rendered":"<hr \/>\n<p style=\"text-align: justify\">A Terapia Ocupacional dedica-se aos processos de reabilita\u00e7\u00e3o f\u00edsica e mental daqueles que possam estar acometidos de alguma mol\u00e9stia ou limita\u00e7\u00e3o que possam incapacit\u00e1-los em suas atividades laborais, relativas \u00e0s rotinas da vida di\u00e1ria ou mesmo de lazer. Portanto, o processo de tratamento da Terapia Ocupacional passa pelo desenvolvimento de atividades que possam minorar as sequelas provenientes dos acometimentos relatados acima. O terapeuta ocupacional \u00e9 o profissional que elabora diferentes tipos de atividades para a melhoria da vida das pessoas, buscando reabilitar as compet\u00eancias e habilidades perdidas por seus pacientes, sejam de ordem mental, cognitiva ou motora.<\/p>\n<p>&nbsp;<\/p>\n<p style=\"text-align: justify\">No Brasil, a profiss\u00e3o foi criada em em 13 de outubro de 1969, pelo Decreto-Lei N\u00b0 938, em conjunto com a profiss\u00e3o de fisioterapeuta. O referido Decreto-Lei estipulava que o terapeuta ocupacional deveria ser um profissional com forma\u00e7\u00e3o superior e, a partir da cria\u00e7\u00e3o da profiss\u00e3o, iniciou-se a cria\u00e7\u00e3o de diferentes cursos superiores de Terapia Ocupacional, sendo o primeiro deles o da USP, nesse mesmo ano. No Paran\u00e1, o primeiro curso na \u00e1rea foi criado em\u00a0 1981, pela Faculdade de Reabilita\u00e7\u00e3o Tuiuti. Em 15 de agosto de 2000, foi criado o curso da Universidade Federal do Paran\u00e1, o quarto curso criado de Terapia Ocupacional no sul do\u00a0 Brasil e o primeiro da regi\u00e3o em uma Universidade p\u00fablica.<\/p>\n","protected":false},"excerpt":{"rendered":"<p>A Terapia Ocupacional dedica-se aos processos de reabilita\u00e7\u00e3o f\u00edsica e mental daqueles que possam estar acometidos de alguma mol\u00e9stia ou limita\u00e7\u00e3o que possam incapacit\u00e1-los em suas atividades laborais, relativas \u00e0s rotinas da vida di\u00e1ria ou mesmo de lazer. Portanto, o [&hellip;]<\/p>\n","protected":false},"author":8,"featured_media":0,"parent":0,"menu_order":0,"comment_status":"open","ping_status":"open","template":"","meta":{"_acf_changed":false,"_uag_custom_page_level_css":"","footnotes":""},"class_list":["post-21","page","type-page","status-publish","hentry"],"acf":[],"featured_image_src":null,"uagb_featured_image_src":{"full":false,"thumbnail":false,"medium":false,"medium_large":false,"large":false,"1536x1536":false,"2048x2048":false},"uagb_author_info":{"display_name":"caiubidysarz","author_link":"https:\/\/saude.ufpr.br\/terapiaocupacional\/author\/caiubidysarz\/"},"uagb_comment_info":0,"uagb_excerpt":"A Terapia Ocupacional dedica-se aos processos de reabilita\u00e7\u00e3o f\u00edsica e mental daqueles que possam estar acometidos de alguma mol\u00e9stia ou limita\u00e7\u00e3o que possam incapacit\u00e1-los em suas atividades laborais, relativas \u00e0s rotinas da vida di\u00e1ria ou mesmo de lazer. Portanto, o [&hellip;]","publishpress_future_action":{"enabled":false,"date":"2026-04-11 00:53:44","action":"change-status","newStatus":"draft","terms":[],"taxonomy":"","extraData":[]},"publishpress_future_workflow_manual_trigger":{"enabledWorkflows":[]},"_links":{"self":[{"href":"https:\/\/saude.ufpr.br\/terapiaocupacional\/wp-json\/wp\/v2\/pages\/21","targetHints":{"allow":["GET"]}}],"collection":[{"href":"https:\/\/saude.ufpr.br\/terapiaocupacional\/wp-json\/wp\/v2\/pages"}],"about":[{"href":"https:\/\/saude.ufpr.br\/terapiaocupacional\/wp-json\/wp\/v2\/types\/page"}],"author":[{"embeddable":true,"href":"https:\/\/saude.ufpr.br\/terapiaocupacional\/wp-json\/wp\/v2\/users\/8"}],"replies":[{"embeddable":true,"href":"https:\/\/saude.ufpr.br\/terapiaocupacional\/wp-json\/wp\/v2\/comments?post=21"}],"version-history":[{"count":8,"href":"https:\/\/saude.ufpr.br\/terapiaocupacional\/wp-json\/wp\/v2\/pages\/21\/revisions"}],"predecessor-version":[{"id":230,"href":"https:\/\/saude.ufpr.br\/terapiaocupacional\/wp-json\/wp\/v2\/pages\/21\/revisions\/230"}],"wp:attachment":[{"href":"https:\/\/saude.ufpr.br\/terapiaocupacional\/wp-json\/wp\/v2\/media?parent=21"}],"curies":[{"name":"wp","href":"https:\/\/api.w.org\/{rel}","templated":true}]}}