{"id":2396,"date":"2019-03-12T13:26:23","date_gmt":"2019-03-12T16:26:23","guid":{"rendered":"https:\/\/saude.ufpr.br\/terapiaocupacional\/?page_id=2396"},"modified":"2025-07-04T11:48:34","modified_gmt":"2025-07-04T14:48:34","slug":"estagios","status":"publish","type":"page","link":"https:\/\/saude.ufpr.br\/terapiaocupacional\/estagios\/","title":{"rendered":"Est\u00e1gio &#8211; Informa\u00e7\u00f5es e Orienta\u00e7\u00f5es"},"content":{"rendered":"<p>P\u00c1GINA EM DESENVOLVIMENTO<\/p>\n","protected":false},"excerpt":{"rendered":"<p>P\u00c1GINA EM DESENVOLVIMENTO<\/p>\n","protected":false},"author":1636,"featured_media":0,"parent":0,"menu_order":0,"comment_status":"closed","ping_status":"closed","template":"","meta":{"_acf_changed":false,"_uag_custom_page_level_css":"","footnotes":""},"class_list":["post-2396","page","type-page","status-publish","hentry"],"acf":[],"featured_image_src":null,"uagb_featured_image_src":{"full":false,"thumbnail":false,"medium":false,"medium_large":false,"large":false,"1536x1536":false,"2048x2048":false},"uagb_author_info":{"display_name":"Matheus Oliveira K\u00fchn","author_link":"https:\/\/saude.ufpr.br\/terapiaocupacional\/author\/matheus\/"},"uagb_comment_info":0,"uagb_excerpt":"P\u00c1GINA EM DESENVOLVIMENTO","publishpress_future_action":{"enabled":false,"date":"2026-04-22 09:51:14","action":"change-status","newStatus":"draft","terms":[],"taxonomy":"","extraData":[]},"publishpress_future_workflow_manual_trigger":{"enabledWorkflows":[]},"_links":{"self":[{"href":"https:\/\/saude.ufpr.br\/terapiaocupacional\/wp-json\/wp\/v2\/pages\/2396","targetHints":{"allow":["GET"]}}],"collection":[{"href":"https:\/\/saude.ufpr.br\/terapiaocupacional\/wp-json\/wp\/v2\/pages"}],"about":[{"href":"https:\/\/saude.ufpr.br\/terapiaocupacional\/wp-json\/wp\/v2\/types\/page"}],"author":[{"embeddable":true,"href":"https:\/\/saude.ufpr.br\/terapiaocupacional\/wp-json\/wp\/v2\/users\/1636"}],"replies":[{"embeddable":true,"href":"https:\/\/saude.ufpr.br\/terapiaocupacional\/wp-json\/wp\/v2\/comments?post=2396"}],"version-history":[{"count":14,"href":"https:\/\/saude.ufpr.br\/terapiaocupacional\/wp-json\/wp\/v2\/pages\/2396\/revisions"}],"predecessor-version":[{"id":5186,"href":"https:\/\/saude.ufpr.br\/terapiaocupacional\/wp-json\/wp\/v2\/pages\/2396\/revisions\/5186"}],"wp:attachment":[{"href":"https:\/\/saude.ufpr.br\/terapiaocupacional\/wp-json\/wp\/v2\/media?parent=2396"}],"curies":[{"name":"wp","href":"https:\/\/api.w.org\/{rel}","templated":true}]}}